{"id":8921,"date":"2024-02-09T22:14:13","date_gmt":"2024-02-09T21:14:13","guid":{"rendered":"https:\/\/dropandgo.nl\/booking-mislykkedes\/"},"modified":"2025-08-05T22:42:02","modified_gmt":"2025-08-05T20:42:02","slug":"booking-mislykkedes","status":"publish","type":"page","link":"https:\/\/dropandgo.nl\/da\/bestil-bagageopbevaring\/booking-mislykkedes\/","title":{"rendered":"Booking mislykkedes"},"content":{"rendered":"<p>[et_pb_section fb_built=&#8221;1&#8243; custom_padding_last_edited=&#8221;on|phone&#8221; _builder_version=&#8221;4.23&#8243; _module_preset=&#8221;default&#8221; background_enable_color=&#8221;off&#8221; use_background_color_gradient=&#8221;on&#8221; background_color_gradient_direction=&#8221;90deg&#8221; background_color_gradient_stops=&#8221;rgba(0,0,0,0.46) 0%|rgba(0,0,0,0.31) 100%&#8221; background_color_gradient_overlays_image=&#8221;on&#8221; background_image=&#8221;https:\/\/dropandgo.nl\/wp-content\/uploads\/2023\/11\/78bae0af-d9d4-4015-ae11-458f0c9dd6f3_out-1920&#215;1200.jpg&#8221; background_enable_pattern_style=&#8221;on&#8221; background_pattern_style=&#8221;diagonal-stripes&#8221; background_pattern_color=&#8221;rgba(0,0,0,0.04)&#8221; background_pattern_size=&#8221;contain&#8221; custom_margin=&#8221;||-120px||false|false&#8221; custom_padding=&#8221;120px||0px||false|false&#8221; custom_padding_tablet=&#8221;120px||0px||false|false&#8221; custom_padding_phone=&#8221;60px||||false|false&#8221; locked=&#8221;off&#8221; global_colors_info=&#8221;{}&#8221;][et_pb_row _builder_version=&#8221;4.23&#8243; _module_preset=&#8221;default&#8221; background_enable_color=&#8221;off&#8221; width_tablet=&#8221;&#8221; width_phone=&#8221;100%&#8221; width_last_edited=&#8221;on|phone&#8221; custom_padding=&#8221;||0px||false|false&#8221; global_colors_info=&#8221;{}&#8221;][et_pb_column type=&#8221;4_4&#8243; _builder_version=&#8221;4.23&#8243; _module_preset=&#8221;default&#8221; background_color=&#8221;#FFFFFF&#8221; custom_padding=&#8221;5%|10%|5%|10%|true|true&#8221; border_radii=&#8221;on|75px|75px|75px|75px&#8221; global_colors_info=&#8221;{}&#8221;][et_pb_text _builder_version=&#8221;4.23.4&#8243; _module_preset=&#8221;default&#8221; header_2_text_align=&#8221;center&#8221; custom_margin=&#8221;||40px||false|false&#8221; custom_margin_tablet=&#8221;||40px||false|false&#8221; custom_margin_phone=&#8221;40px||||false|false&#8221; custom_margin_last_edited=&#8221;on|phone&#8221; hover_enabled=&#8221;0&#8243; global_colors_info=&#8221;{}&#8221; sticky_enabled=&#8221;0&#8243;]<\/p>\n<h2>Betaling mislykkedes \ud83d\ude41<\/h2>\n<p>[\/et_pb_text][et_pb_text _builder_version=&#8221;4.23.4&#8243; _module_preset=&#8221;default&#8221; text_orientation=&#8221;center&#8221; global_colors_info=&#8221;{}&#8221;]<\/p>\n<p>Det ser ud til, at der gik noget galt med din betaling. Vi har sendt dig en e-mail med flere oplysninger.<br \/>Pr\u00f8v venligst igen via vores <a href=\"https:\/\/dropandgo.nl\/book-luggage-storage\/\">bookingside<\/a> eller kontakt os p\u00e5 <a href=\"mailto:info@dropandgo.nl\">info@dropandgo.nl<\/a>.  <\/p>\n<p>[\/et_pb_text][\/et_pb_column][\/et_pb_row][\/et_pb_section][et_pb_section fb_built=&#8221;1&#8243; _builder_version=&#8221;4.23&#8243; _module_preset=&#8221;default&#8221; background_enable_color=&#8221;off&#8221; use_background_color_gradient=&#8221;on&#8221; background_color_gradient_stops=&#8221;#f2f9fc 0%|#ffffff 100%&#8221; min_height_last_edited=&#8221;off|desktop&#8221; custom_margin=&#8221;||||false|false&#8221; custom_padding=&#8221;||40px||false|false&#8221; locked=&#8221;off&#8221; global_colors_info=&#8221;{}&#8221;][et_pb_row admin_label=&#8221;R\u00e6kke&#8221; _builder_version=&#8221;4.23&#8243; _module_preset=&#8221;default&#8221; global_colors_info=&#8221;{}&#8221;][et_pb_column type=&#8221;4_4&#8243; _builder_version=&#8221;4.23&#8243; _module_preset=&#8221;default&#8221; global_colors_info=&#8221;{}&#8221;][et_pb_text _builder_version=&#8221;4.23&#8243; _module_preset=&#8221;default&#8221; text_orientation=&#8221;center&#8221; custom_padding=&#8221;30px||||false|false&#8221; global_colors_info=&#8221;{}&#8221;]<\/p>\n<p><strong>Brug for hj\u00e6lp?<\/strong> <br \/>Du kan altid ringe til <a href=\"tel:+31202233648\">+31 20 22 33 648<\/a><\/p>\n<p>[\/et_pb_text][\/et_pb_column][\/et_pb_row][\/et_pb_section]<\/p>\n","protected":false},"excerpt":{"rendered":"<p>Betaling mislykkedes :-(Det ser ud til, at der gik noget galt med din betaling. Vi har sendt dig en e-mail med flere oplysninger.Pr\u00f8v venligst igen via vores bookingside eller kontakt os p\u00e5 info@dropandgo.nl. Brug for hj\u00e6lp? Du kan altid ringe til +31 20 22 33 648<\/p>\n","protected":false},"author":1,"featured_media":0,"parent":9287,"menu_order":0,"comment_status":"closed","ping_status":"closed","template":"","meta":{"_seopress_robots_primary_cat":"","_seopress_titles_title":"","_seopress_titles_desc":"","_seopress_robots_index":"ja","_et_pb_use_builder":"on","_et_pb_old_content":"","_et_gb_content_width":"","footnotes":""},"class_list":["post-8921","page","type-page","status-publish","hentry"],"_links":{"self":[{"href":"https:\/\/dropandgo.nl\/da\/wp-json\/wp\/v2\/pages\/8921","targetHints":{"allow":["GET"]}}],"collection":[{"href":"https:\/\/dropandgo.nl\/da\/wp-json\/wp\/v2\/pages"}],"about":[{"href":"https:\/\/dropandgo.nl\/da\/wp-json\/wp\/v2\/types\/page"}],"author":[{"embeddable":true,"href":"https:\/\/dropandgo.nl\/da\/wp-json\/wp\/v2\/users\/1"}],"replies":[{"embeddable":true,"href":"https:\/\/dropandgo.nl\/da\/wp-json\/wp\/v2\/comments?post=8921"}],"version-history":[{"count":0,"href":"https:\/\/dropandgo.nl\/da\/wp-json\/wp\/v2\/pages\/8921\/revisions"}],"up":[{"embeddable":true,"href":"https:\/\/dropandgo.nl\/da\/wp-json\/wp\/v2\/pages\/9287"}],"wp:attachment":[{"href":"https:\/\/dropandgo.nl\/da\/wp-json\/wp\/v2\/media?parent=8921"}],"curies":[{"name":"wp","href":"https:\/\/api.w.org\/{rel}","templated":true}]}}