{"id":9017,"date":"2023-12-15T22:40:22","date_gmt":"2023-12-15T21:40:22","guid":{"rendered":"https:\/\/dropandgo.nl\/om-drop-amsterdam\/"},"modified":"2025-08-05T22:40:04","modified_gmt":"2025-08-05T20:40:04","slug":"om-drop-amsterdam","status":"publish","type":"page","link":"https:\/\/dropandgo.nl\/da\/om-drop-amsterdam\/","title":{"rendered":"Om drop Amsterdam"},"content":{"rendered":"<p>[et_pb_section fb_built=&#8221;1&#8243; admin_label=&#8221;Call to Action&#8221; _builder_version=&#8221;4.23&#8243; _module_preset=&#8221;default&#8221; background_image=&#8221;https:\/\/dropandgo.nl\/wp-content\/uploads\/2023\/12\/dg-team-kimmy.jpeg&#8221; background_size=&#8221;custom&#8221; background_image_width=&#8221;50%&#8221; background_position=&#8221;center_right&#8221; custom_padding=&#8221;0px||0px||true|false&#8221; background_color_tablet=&#8221;#0099BE&#8221; background_last_edited=&#8221;on|desktop&#8221; background_enable_color_tablet=&#8221;on&#8221; background_enable_image_tablet=&#8221;off&#8221; collapsed=&#8221;on&#8221; global_colors_info=&#8221;{}&#8221;][et_pb_row column_structure=&#8221;1_2,1_2&#8243; use_custom_gutter=&#8221;on&#8221; gutter_width=&#8221;1&#8243; make_equal=&#8221;on&#8221; _builder_version=&#8221;4.23&#8243; _module_preset=&#8221;default&#8221; custom_padding=&#8221;0px||0px||true|false&#8221; box_shadow_style=&#8221;preset4&#8243; box_shadow_horizontal=&#8221;-30vw&#8221; box_shadow_vertical=&#8221;0px&#8221; box_shadow_color=&#8221;#0099BE&#8221; global_colors_info=&#8221;{}&#8221;][et_pb_column type=&#8221;1_2&#8243; _builder_version=&#8221;4.23&#8243; _module_preset=&#8221;default&#8221; background_color=&#8221;#0099BE&#8221; z_index=&#8221;10&#8243; custom_padding=&#8221;6vw|40px|6vw||true|false&#8221; custom_padding_tablet=&#8221;|0px|||true|false&#8221; custom_padding_phone=&#8221;40px|0px|40px||true|false&#8221; custom_padding_last_edited=&#8221;on|desktop&#8221; global_colors_info=&#8221;{%22gcid-34807b40-f97e-428a-90f8-6d5ad2ecd8cd%22:%91%22background_color%22%93}&#8221;][et_pb_text _builder_version=&#8221;4.23&#8243; _module_preset=&#8221;default&#8221; header_2_text_color=&#8221;#FFFFFF&#8221; background_layout=&#8221;dark&#8221; custom_margin=&#8221;||10px||false|false&#8221; global_colors_info=&#8221;{}&#8221;]<\/p>\n<h2><strong>Om drop<\/strong><\/h2>\n<h3>Hvis du vil vide, hvem du overlader dine v\u00e6rdigenstande til.<\/h3>\n<p>[\/et_pb_text][et_pb_text _builder_version=&#8221;4.23&#8243; _module_preset=&#8221;default&#8221; background_layout=&#8221;dark&#8221; custom_margin=&#8221;||30px||false|false&#8221; global_colors_info=&#8221;{}&#8221;]<\/p>\n<p>M\u00f8d Drop \u2013 dine venlige lokale eksperter i Amsterdam! Vi er dedikerede til at give din bagage et sikkert sted, mens vi tilf\u00f8jer et personligt pr\u00e6g til din dag. Kig forbi, og lad os tage byrden fra dine skuldre med et smil og nogle insider-tips om Amsterdams skjulte perler!  <\/p>\n<p>[\/et_pb_text][et_pb_button button_url=&#8221;#team&#8221; button_text=&#8221;M\u00f8d teamet&#8221; _builder_version=&#8221;4.23&#8243; _module_preset=&#8221;default&#8221; global_colors_info=&#8221;{}&#8221;][\/et_pb_button][\/et_pb_column][et_pb_column type=&#8221;1_2&#8243; _builder_version=&#8221;4.23&#8243; _module_preset=&#8221;default&#8221; background_image=&#8221;https:\/\/dropandgo.nl\/wp-content\/uploads\/2023\/12\/bg-sep-dblue.png&#8221; background_size=&#8221;contain&#8221; background_position=&#8221;center_left&#8221; background_last_edited=&#8221;off|tablet&#8221; global_colors_info=&#8221;{%22gcid-34807b40-f97e-428a-90f8-6d5ad2ecd8cd%22:%91%22background_color_gradient_stops%22%93}&#8221;][\/et_pb_column][\/et_pb_row][\/et_pb_section][et_pb_section fb_built=&#8221;1&#8243; _builder_version=&#8221;4.23&#8243; _module_preset=&#8221;default&#8221; custom_padding=&#8221;80px||80px||true|false&#8221; locked=&#8221;off&#8221; global_colors_info=&#8221;{}&#8221;][et_pb_row column_structure=&#8221;1_5,3_5,1_5&#8243; _builder_version=&#8221;4.23&#8243; _module_preset=&#8221;default&#8221; custom_padding=&#8221;60px||||false|false&#8221; global_colors_info=&#8221;{}&#8221;][et_pb_column type=&#8221;1_5&#8243; _builder_version=&#8221;4.23&#8243; _module_preset=&#8221;default&#8221; global_colors_info=&#8221;{}&#8221;][\/et_pb_column][et_pb_column type=&#8221;3_5&#8243; admin_label=&#8221;Kolonne&#8221; _builder_version=&#8221;4.23&#8243; _module_preset=&#8221;default&#8221; global_colors_info=&#8221;{}&#8221;][et_pb_text _builder_version=&#8221;4.23&#8243; _module_preset=&#8221;default&#8221; header_2_text_align=&#8221;left&#8221; global_colors_info=&#8221;{}&#8221;]<\/p>\n<h2>Den eneste opbevaringsfacilitet med et <strong>personligt pr\u00e6g<\/strong>.<\/h2>\n<p>[\/et_pb_text][et_pb_text _builder_version=&#8221;4.23&#8243; _module_preset=&#8221;default&#8221; global_colors_info=&#8221;{}&#8221;]<\/p>\n<p>Hos Dropgo er vi stolte af vores rejse, der begyndte i 2014. Vi grundlagde dette firma med en vision om at <strong>revolutionere bagageopbevaring i Amsterdam<\/strong> og sikre, at hver rejsendes oplevelse er problemfri og mindev\u00e6rdig. Gennem \u00e5rene har vi haft det privilegium at opbevare mere end 350.000 stykker bagage for bes\u00f8gende fra hele verden.  <\/p>\n<p>Vores historie begyndte med en enkel, men betydningsfuld id\u00e9 \u2013 at tilbyde bagageopbevaring n\u00e6r Hovedbaneg\u00e5rden, som ikke kun giver et sikkert sted til dine ejendele, men ogs\u00e5 tilbyder et <strong>personligt pr\u00e6g til din Amsterdam-oplevelse<\/strong>. Vi forst\u00e5r, at det kan v\u00e6re b\u00e5de sp\u00e6ndende og overv\u00e6ldende at ankomme til en ny by, is\u00e6r for f\u00f8rstegangsbes\u00f8gende. Derfor har vi altid troet p\u00e5 at g\u00f8re mere end bare at opbevare bagage. Vi er her for at dele vores lokale indsigt, give anbefalinger og g\u00f8re dit ophold i Amsterdam uforglemmelig.   <\/p>\n<p>Fra vores grundl\u00e6ggere til hvert medlem af vores dedikerede team er vi forpligtet til at sikre, at din oplevelse hos os er exceptionel. S\u00e5 uanset om du udforsker Amsterdams livlige gader for f\u00f8rste gang eller vender tilbage til denne smukke by, er vi her for at forenkle din rejse, \u00e9t stykke bagage ad gangen.  <br \/><strong>Velkommen til Drop, hvor din rejse er vores prioritet.<\/strong><\/p>\n<p>[\/et_pb_text][\/et_pb_column][et_pb_column type=&#8221;1_5&#8243; admin_label=&#8221;Kolonne&#8221; _builder_version=&#8221;4.23&#8243; _module_preset=&#8221;default&#8221; global_colors_info=&#8221;{}&#8221;][\/et_pb_column][\/et_pb_row][\/et_pb_section][et_pb_section fb_built=&#8221;1&#8243; admin_label=&#8221;Team&#8221; module_id=&#8221;team&#8221; _builder_version=&#8221;4.23&#8243; _module_preset=&#8221;default&#8221; background_color=&#8221;#0099BE&#8221; global_colors_info=&#8221;{}&#8221;][et_pb_row _builder_version=&#8221;4.23&#8243; _module_preset=&#8221;default&#8221; global_colors_info=&#8221;{}&#8221;][et_pb_column type=&#8221;4_4&#8243; _builder_version=&#8221;4.23&#8243; _module_preset=&#8221;default&#8221; global_colors_info=&#8221;{}&#8221;][et_pb_text _builder_version=&#8221;4.23&#8243; _module_preset=&#8221;default&#8221; header_2_text_align=&#8221;center&#8221; header_2_text_color=&#8221;#FFFFFF&#8221; text_orientation=&#8221;center&#8221; global_colors_info=&#8221;{}&#8221;]<\/p>\n<h2>Vores <strong>dedikerede team<\/strong> af lokale.<\/h2>\n<p>[\/et_pb_text][\/et_pb_column][\/et_pb_row][et_pb_row column_structure=&#8221;1_4,1_4,1_4,1_4&#8243; _builder_version=&#8221;4.23&#8243; _module_preset=&#8221;default&#8221; global_colors_info=&#8221;{}&#8221;][et_pb_column type=&#8221;1_4&#8243; _builder_version=&#8221;4.23&#8243; _module_preset=&#8221;default&#8221; global_colors_info=&#8221;{}&#8221;][et_pb_team_member name=&#8221;Oscar&#8221; position=&#8221;Ejer&#8221; image_url=&#8221;https:\/\/dropandgo.nl\/wp-content\/uploads\/2024\/02\/dg-team-oscar2.jpg&#8221; _builder_version=&#8221;4.24.2&#8243; _module_preset=&#8221;default&#8221; body_text_align=&#8221;center&#8221; body_text_color=&#8221;#F2F9FC&#8221; position_font=&#8221;|700|||||||&#8221; position_text_align=&#8221;center&#8221; position_text_color=&#8221;#F2F9FC&#8221; text_orientation=&#8221;center&#8221; background_layout=&#8221;dark&#8221; custom_padding=&#8221;|40px||40px|false|true&#8221; custom_css_member_image=&#8221;margin: 0 auto 40px;&#8221; custom_css_member_description=&#8221;min-height:240px&#8221; custom_css_member_position=&#8221;margin-bottom:20px;&#8221; border_radii_image=&#8221;on|25px|25px|25px|25px&#8221; global_colors_info=&#8221;{}&#8221; min_height=&#8221;526.2px&#8221;]<\/p>\n<p>Hej! Jeg hedder Oscar, og jeg er ejeren af Drop Jeg har v\u00e6ret tilknyttet Drop i 5 \u00e5r nu.   <span>Det er altid en stor forn\u00f8jelse og meget sjovt at se g\u00e6ster fra forskellige kulturer verden over tr\u00e6de ind i en ny verden og lade dem f\u00f8le sig velkomne.<\/span><\/p>\n<p>[\/et_pb_team_member][et_pb_button button_url=&#8221;https:\/\/dropandgo.nl\/author\/oscar\/&#8221; button_text=&#8221;Mere om Oscar&#8221; button_alignment=&#8221;center&#8221; _builder_version=&#8221;4.24.2&#8243; _module_preset=&#8221;default&#8221; custom_margin=&#8221;30px||||false|false&#8221; global_colors_info=&#8221;{}&#8221;][\/et_pb_button][\/et_pb_column][et_pb_column type=&#8221;1_4&#8243; _builder_version=&#8221;4.27.4&#8243; _module_preset=&#8221;default&#8221; global_colors_info=&#8221;{}&#8221;][et_pb_team_member name=&#8221;Kimberley&#8221; position=&#8221;Manager&#8221; image_url=&#8221;https:\/\/dropandgo.nl\/wp-content\/uploads\/2024\/01\/dg-team-kimberley.jpg&#8221; _builder_version=&#8221;4.24.2&#8243; _module_preset=&#8221;default&#8221; body_text_align=&#8221;center&#8221; body_text_color=&#8221;#F2F9FC&#8221; position_font=&#8221;|700|||||||&#8221; position_text_align=&#8221;center&#8221; position_text_color=&#8221;#F2F9FC&#8221; text_orientation=&#8221;center&#8221; background_layout=&#8221;dark&#8221; custom_padding=&#8221;|40px||40px|false|true&#8221; custom_css_member_image=&#8221;margin: 0 auto 40px;&#8221; custom_css_member_description=&#8221;min-height:240px&#8221; custom_css_member_position=&#8221;margin-bottom:20px;&#8221; border_radii_image=&#8221;on|25px|25px|25px|25px&#8221; global_colors_info=&#8221;{}&#8221; min_height=&#8221;543.4px&#8221; custom_margin=&#8221;||39px|||&#8221;]<\/p>\n<p>Hej! Jeg er Kimberley, men Kim er ogs\u00e5 fint \ud83d\ude09 Amsterdam er ikke bare min f\u00f8deby \u2013 det har v\u00e6ret mit hjem, s\u00e5 l\u00e6nge jeg kan huske. Min rejse med Drop begyndte i 2018, og det har v\u00e6ret en rutsjebane af oplevelser siden da.   <\/p>\n<p>[\/et_pb_team_member][et_pb_button button_url=&#8221;https:\/\/dropandgo.nl\/author\/kimberley\/&#8221; button_text=&#8221;Mere om Kimberley&#8221; button_alignment=&#8221;center&#8221; _builder_version=&#8221;4.24.2&#8243; _module_preset=&#8221;default&#8221; custom_margin=&#8221;30px||||false|false&#8221; global_colors_info=&#8221;{}&#8221;][\/et_pb_button][\/et_pb_column][et_pb_column type=&#8221;1_4&#8243; _builder_version=&#8221;4.23&#8243; _module_preset=&#8221;default&#8221; global_colors_info=&#8221;{}&#8221;][et_pb_team_member name=&#8221;Khaddisha&#8221; position=&#8221;Assisterende Manager&#8221; image_url=&#8221;https:\/\/dropandgo.nl\/wp-content\/uploads\/2024\/01\/dg-team-khaddisha.jpg&#8221; _builder_version=&#8221;4.24.2&#8243; _module_preset=&#8221;default&#8221; body_text_align=&#8221;center&#8221; body_text_color=&#8221;#F2F9FC&#8221; position_font=&#8221;|700|||||||&#8221; position_text_align=&#8221;center&#8221; position_text_color=&#8221;#F2F9FC&#8221; text_orientation=&#8221;center&#8221; background_layout=&#8221;dark&#8221; custom_padding=&#8221;|40px||40px|false|true&#8221; custom_css_member_image=&#8221;margin: 0 auto 40px;&#8221; custom_css_member_description=&#8221;min-height:240px&#8221; custom_css_member_position=&#8221;margin-bottom:20px;&#8221; border_radii_image=&#8221;on|25px|25px|25px|25px&#8221; global_colors_info=&#8221;{}&#8221; min_height=&#8221;555.4px&#8221;]<\/p>\n<p>Hej! Jeg er Khaddisha, og jeg begyndte at arbejde hos Drop i april 2023. Hvad kan jeg bedst lide ved at arbejde her? Alle de dejlige samtaler, jeg har med mennesker fra hele verden.    <\/p>\n<p>&nbsp;<\/p>\n<p>[\/et_pb_team_member][et_pb_button button_url=&#8221;https:\/\/dropandgo.nl\/author\/khaddisha\/&#8221; button_text=&#8221;Mere om Khaddisha&#8221; button_alignment=&#8221;center&#8221; _builder_version=&#8221;4.24.2&#8243; _module_preset=&#8221;default&#8221; custom_margin=&#8221;30px||||false|false&#8221; global_colors_info=&#8221;{}&#8221;][\/et_pb_button][\/et_pb_column][et_pb_column type=&#8221;1_4&#8243; _builder_version=&#8221;4.23&#8243; _module_preset=&#8221;default&#8221; global_colors_info=&#8221;{}&#8221;][et_pb_team_member name=&#8221;Davey&#8221; position=&#8221;Online Marketing Manager&#8221; image_url=&#8221;https:\/\/dropandgo.nl\/wp-content\/uploads\/2024\/02\/dg-team-davey.jpg&#8221; _builder_version=&#8221;4.24.2&#8243; _module_preset=&#8221;default&#8221; body_text_align=&#8221;center&#8221; body_text_color=&#8221;#F2F9FC&#8221; position_font=&#8221;|700|||||||&#8221; position_text_align=&#8221;center&#8221; position_text_color=&#8221;#F2F9FC&#8221; text_orientation=&#8221;center&#8221; background_layout=&#8221;dark&#8221; custom_padding=&#8221;|40px|21px|40px|false|true&#8221; custom_css_member_image=&#8221;margin: 0 auto 40px;&#8221; custom_css_member_description=&#8221;min-height:240px&#8221; custom_css_member_position=&#8221;margin-bottom:20px;&#8221; border_radii_image=&#8221;on|25px|25px|25px|25px&#8221; global_colors_info=&#8221;{}&#8221; min_height=&#8221;556.4px&#8221;]<\/p>\n<p>Ha! Jeg hedder Davey, og jeg er ansvarlig for at sikre, at flere mennesker kan finde Drop  Som rejsende selv er mit m\u00e5l, at Drop skal vokse til alle store byer i verden.<\/p>\n<p>[\/et_pb_team_member][et_pb_button button_url=&#8221;https:\/\/dropandgo.nl\/author\/davey\/&#8221; button_text=&#8221;Mere om Davey&#8221; button_alignment=&#8221;center&#8221; _builder_version=&#8221;4.24.2&#8243; _module_preset=&#8221;default&#8221; custom_margin=&#8221;30px||||false|false&#8221; global_colors_info=&#8221;{}&#8221;][\/et_pb_button][\/et_pb_column][\/et_pb_row][et_pb_row column_structure=&#8221;1_4,1_4,1_4,1_4&#8243; _builder_version=&#8221;4.23&#8243; _module_preset=&#8221;default&#8221; global_colors_info=&#8221;{}&#8221;][et_pb_column type=&#8221;1_4&#8243; _builder_version=&#8221;4.23&#8243; _module_preset=&#8221;default&#8221; global_colors_info=&#8221;{}&#8221;][et_pb_team_member name=&#8221;Eldo&#8221; position=&#8221;Medarbejder&#8221; image_url=&#8221;https:\/\/dropandgo.nl\/wp-content\/uploads\/2025\/01\/dg-team-eldo.jpg&#8221; _builder_version=&#8221;4.27.4&#8243; _module_preset=&#8221;default&#8221; body_text_align=&#8221;center&#8221; body_text_color=&#8221;#F2F9FC&#8221; position_font=&#8221;|700|||||||&#8221; position_text_align=&#8221;center&#8221; position_text_color=&#8221;#F2F9FC&#8221; text_orientation=&#8221;center&#8221; background_layout=&#8221;dark&#8221; min_height=&#8221;460.1px&#8221; custom_margin=&#8221;||3px|||&#8221; custom_padding=&#8221;|40px|7px|40px|false|true&#8221; custom_css_member_image=&#8221;margin: 0 auto 40px;&#8221; custom_css_member_description=&#8221;min-height:240px&#8221; custom_css_member_position=&#8221;margin-bottom:20px;&#8221; border_radii_image=&#8221;on|25px|25px|25px|25px&#8221; global_colors_info=&#8221;{}&#8221;]<\/p>\n<p><span>Hej! Jeg er Eldo, og jeg har arbejdet for Drop siden 2023. Jeg har boet i Amsterdam hele mit liv og elsker at hj\u00e6lpe folk med at se byen.  <\/span><\/p>\n<p><span><\/span><\/p>\n<p><span><\/span><\/p>\n<p><span><\/span><\/p>\n<p><span><\/span><\/p>\n<p><span><\/span><\/p>\n<p>[\/et_pb_team_member][et_pb_button button_url=&#8221;https:\/\/dropandgo.nl\/author\/eldo\/&#8221; button_text=&#8221;Mere om Eldo&#8221; button_alignment=&#8221;center&#8221; _builder_version=&#8221;4.27.4&#8243; _module_preset=&#8221;default&#8221; custom_margin=&#8221;30px||||false|false&#8221; global_colors_info=&#8221;{}&#8221;][\/et_pb_button][\/et_pb_column][et_pb_column type=&#8221;1_4&#8243; _builder_version=&#8221;4.23&#8243; _module_preset=&#8221;default&#8221; global_colors_info=&#8221;{}&#8221;][et_pb_team_member name=&#8221;Milan&#8221; position=&#8221;Medarbejder&#8221; image_url=&#8221;https:\/\/dropandgo.nl\/wp-content\/uploads\/2025\/04\/dropandgo-milan-blue.jpg&#8221; _builder_version=&#8221;4.27.4&#8243; _module_preset=&#8221;default&#8221; body_text_align=&#8221;center&#8221; body_text_color=&#8221;#F2F9FC&#8221; position_font=&#8221;|700|||||||&#8221; position_text_align=&#8221;center&#8221; position_text_color=&#8221;#F2F9FC&#8221; text_orientation=&#8221;center&#8221; background_layout=&#8221;dark&#8221; min_height=&#8221;447.1px&#8221; custom_margin=&#8221;||3px|||&#8221; custom_padding=&#8221;|40px|18px|40px|false|true&#8221; custom_css_member_image=&#8221;margin: 0 auto 40px;&#8221; custom_css_member_description=&#8221;min-height:240px&#8221; custom_css_member_position=&#8221;margin-bottom:20px;&#8221; border_radii_image=&#8221;on|25px|25px|25px|25px&#8221; locked=&#8221;off&#8221; global_colors_info=&#8221;{}&#8221;]<\/p>\n<p>Hej! Jeg er Milan, og jeg har arbejdet for Drop siden 2024. Jeg er f\u00f8dt i Amsterdam, men jeg har boet det meste af mit liv i en by f\u00e5 minutter v\u00e6k. Alligevel har byen en magisk atmosf\u00e6re, der f\u00e5r mig til at ville komme tilbage.   <\/p>\n<p>[\/et_pb_team_member][et_pb_button button_url=&#8221;https:\/\/dropandgo.nl\/author\/milan\/&#8221; button_text=&#8221;Mere om Milan&#8221; button_alignment=&#8221;center&#8221; _builder_version=&#8221;4.27.4&#8243; _module_preset=&#8221;default&#8221; custom_margin=&#8221;30px||||false|false&#8221; locked=&#8221;off&#8221; global_colors_info=&#8221;{}&#8221;][\/et_pb_button][\/et_pb_column][et_pb_column type=&#8221;1_4&#8243; _builder_version=&#8221;4.27.4&#8243; _module_preset=&#8221;default&#8221; global_colors_info=&#8221;{}&#8221;][et_pb_team_member name=&#8221;Abhinav&#8221; position=&#8221;Medarbejder&#8221; image_url=&#8221;https:\/\/dropandgo.nl\/wp-content\/uploads\/2025\/06\/dg-team-abhinav-1.jpg&#8221; _builder_version=&#8221;4.27.4&#8243; _module_preset=&#8221;default&#8221; body_text_align=&#8221;center&#8221; body_text_color=&#8221;#F2F9FC&#8221; position_font=&#8221;|700|||||||&#8221; position_text_align=&#8221;center&#8221; position_text_color=&#8221;#F2F9FC&#8221; text_orientation=&#8221;center&#8221; background_layout=&#8221;dark&#8221; min_height=&#8221;447.1px&#8221; custom_margin=&#8221;||3px|||&#8221; custom_padding=&#8221;|40px|18px|40px|false|true&#8221; hover_enabled=&#8221;0&#8243; custom_css_member_image=&#8221;margin: 0 auto 40px;&#8221; custom_css_member_description=&#8221;min-height:240px&#8221; custom_css_member_position=&#8221;margin-bottom:20px;&#8221; border_radii_image=&#8221;on|25px|25px|25px|25px&#8221; locked=&#8221;off&#8221; global_colors_info=&#8221;{}&#8221; sticky_enabled=&#8221;0&#8243; alt=&#8221;dg team abhinav&#8221; title_text=&#8221;dg team abhinav&#8221;]<\/p>\n<p><span>Hej! Jeg er Abhinav, og jeg har arbejdet for Drop siden 2024. Jeg kommer oprindeligt fra Indien og flyttede til Utrecht i 2024. Selvom jeg nu kalder Utrecht mit hjem, giver det at arbejde i Amsterdam mig mulighed for at nyde byens livlige energi.   <\/span><\/p>\n<p>[\/et_pb_team_member][et_pb_button button_url=&#8221;https:\/\/dropandgo.nl\/author\/abhinav\/&#8221; button_text=&#8221;Mere om Abhinav&#8221; button_alignment=&#8221;center&#8221; _builder_version=&#8221;4.27.4&#8243; _module_preset=&#8221;default&#8221; custom_margin=&#8221;30px||||false|false&#8221; hover_enabled=&#8221;0&#8243; locked=&#8221;off&#8221; global_colors_info=&#8221;{}&#8221; sticky_enabled=&#8221;0&#8243;][\/et_pb_button][\/et_pb_column][et_pb_column type=&#8221;1_4&#8243; _builder_version=&#8221;4.23&#8243; _module_preset=&#8221;default&#8221; global_colors_info=&#8221;{}&#8221;][\/et_pb_column][\/et_pb_row][\/et_pb_section][et_pb_section fb_built=&#8221;1&#8243; _builder_version=&#8221;4.23&#8243; _module_preset=&#8221;default&#8221; global_colors_info=&#8221;{}&#8221;][et_pb_row _builder_version=&#8221;4.23&#8243; _module_preset=&#8221;default&#8221; global_colors_info=&#8221;{}&#8221;][et_pb_column type=&#8221;4_4&#8243; _builder_version=&#8221;4.23&#8243; _module_preset=&#8221;default&#8221; global_colors_info=&#8221;{}&#8221;][et_pb_text _builder_version=&#8221;4.23&#8243; _module_preset=&#8221;default&#8221; header_2_text_align=&#8221;center&#8221; module_alignment=&#8221;center&#8221; custom_margin=&#8221;||80px||false|false&#8221; global_colors_info=&#8221;{}&#8221;]<\/p>\n<h2><strong>Anbefalinger<\/strong> <br \/>fra vores lokale team<\/h2>\n<p>[\/et_pb_text][et_pb_blog include_categories=&#8221;11&#8243; _builder_version=&#8221;4.23&#8243; _module_preset=&#8221;default&#8221; global_colors_info=&#8221;{}&#8221;][\/et_pb_blog][et_pb_button button_url=&#8221;@ET-DC@eyJkeW5hbWljIjp0cnVlLCJjb250ZW50IjoicG9zdF9saW5rX3VybF9wYWdlIiwic2V0dGluZ3MiOnsicG9zdF9pZCI6IjM0MCIsImVuYWJsZV9odG1sIjoib2ZmIn19@&#8221; button_text=&#8221;Oplev Amsterdam&#8221; button_alignment=&#8221;center&#8221; _builder_version=&#8221;4.23&#8243; _dynamic_attributes=&#8221;button_url&#8221; _module_preset=&#8221;default&#8221; global_colors_info=&#8221;{}&#8221;][\/et_pb_button][\/et_pb_column][\/et_pb_row][\/et_pb_section]<\/p>\n","protected":false},"excerpt":{"rendered":"<p>Om drop Hvis du vil vide, hvem du overlader dine v\u00e6rdigenstande til.M\u00f8d Drop \u2013 dine venlige lokale eksperter i Amsterdam! Vi er dedikerede til at give din bagage et sikkert sted, mens vi tilf\u00f8jer et personligt pr\u00e6g til din dag. Kig forbi, og lad os tage byrden fra dine skuldre med et smil og nogle [&hellip;]<\/p>\n","protected":false},"author":1,"featured_media":0,"parent":0,"menu_order":0,"comment_status":"closed","ping_status":"closed","template":"","meta":{"_seopress_robots_primary_cat":"","_seopress_titles_title":"Om drop Amsterdam bagageopbevaring","_seopress_titles_desc":"Sikker bagageopbevaring kun 100 meter fra Amsterdam Central Station. Aflever din bagage, hent din n\u00f8gle eller kom forbi for at f\u00e5 lokale tips. ","_seopress_robots_index":"","_et_pb_use_builder":"on","_et_pb_old_content":"","_et_gb_content_width":"","footnotes":""},"class_list":["post-9017","page","type-page","status-publish","hentry"],"_links":{"self":[{"href":"https:\/\/dropandgo.nl\/da\/wp-json\/wp\/v2\/pages\/9017","targetHints":{"allow":["GET"]}}],"collection":[{"href":"https:\/\/dropandgo.nl\/da\/wp-json\/wp\/v2\/pages"}],"about":[{"href":"https:\/\/dropandgo.nl\/da\/wp-json\/wp\/v2\/types\/page"}],"author":[{"embeddable":true,"href":"https:\/\/dropandgo.nl\/da\/wp-json\/wp\/v2\/users\/1"}],"replies":[{"embeddable":true,"href":"https:\/\/dropandgo.nl\/da\/wp-json\/wp\/v2\/comments?post=9017"}],"version-history":[{"count":0,"href":"https:\/\/dropandgo.nl\/da\/wp-json\/wp\/v2\/pages\/9017\/revisions"}],"wp:attachment":[{"href":"https:\/\/dropandgo.nl\/da\/wp-json\/wp\/v2\/media?parent=9017"}],"curies":[{"name":"wp","href":"https:\/\/api.w.org\/{rel}","templated":true}]}}