{"id":9275,"date":"2023-11-15T21:02:25","date_gmt":"2023-11-15T20:02:25","guid":{"rendered":"https:\/\/dropandgo.nl\/beliggenhed\/"},"modified":"2025-08-05T22:42:06","modified_gmt":"2025-08-05T20:42:06","slug":"beliggenhed","status":"publish","type":"page","link":"https:\/\/dropandgo.nl\/da\/beliggenhed\/","title":{"rendered":"Beliggenhed"},"content":{"rendered":"<p>[et_pb_section fb_built=&#8221;1&#8243; _builder_version=&#8221;4.23&#8243; _module_preset=&#8221;default&#8221; background_enable_color=&#8221;off&#8221; use_background_color_gradient=&#8221;on&#8221; background_color_gradient_direction=&#8221;90deg&#8221; background_color_gradient_stops=&#8221;rgba(0,0,0,0.46) 0%|rgba(0,0,0,0.31) 100%&#8221; background_color_gradient_overlays_image=&#8221;on&#8221; background_image=&#8221;https:\/\/dropandgo.nl\/wp-content\/uploads\/2023\/11\/78bae0af-d9d4-4015-ae11-458f0c9dd6f3_out-1920&#215;1200.jpg&#8221; background_enable_pattern_style=&#8221;on&#8221; background_pattern_style=&#8221;diagonal-stripes&#8221; background_pattern_color=&#8221;rgba(0,0,0,0.04)&#8221; background_pattern_size=&#8221;contain&#8221; custom_margin=&#8221;||||false|false&#8221; custom_padding=&#8221;40px||40px||true|false&#8221; global_colors_info=&#8221;{}&#8221;][et_pb_row _builder_version=&#8221;4.23&#8243; _module_preset=&#8221;default&#8221; background_enable_color=&#8221;off&#8221; custom_padding=&#8221;||||false|false&#8221; global_colors_info=&#8221;{}&#8221;][et_pb_column type=&#8221;4_4&#8243; _builder_version=&#8221;4.23&#8243; _module_preset=&#8221;default&#8221; global_colors_info=&#8221;{}&#8221;][et_pb_text _builder_version=&#8221;4.23&#8243; _module_preset=&#8221;default&#8221; text_text_color=&#8221;#FFFFFF&#8221; text_font_size=&#8221;23px&#8221; text_line_height=&#8221;1.5em&#8221; header_font=&#8221;|700|||||||&#8221; header_text_color=&#8221;#FFFFFF&#8221; header_font_size=&#8221;40px&#8221; header_line_height=&#8221;1.3em&#8221; header_2_text_align=&#8221;center&#8221; text_orientation=&#8221;center&#8221; global_colors_info=&#8221;{}&#8221;]<\/p>\n<h1>Beliggenhed<\/h1>\n<p>[\/et_pb_text][et_pb_text _builder_version=&#8221;4.23&#8243; _module_preset=&#8221;default&#8221; text_text_color=&#8221;#FFFFFF&#8221; text_font_size=&#8221;23px&#8221; text_line_height=&#8221;1.5em&#8221; header_font=&#8221;|700|||||||&#8221; header_text_color=&#8221;#FFFFFF&#8221; header_font_size=&#8221;40px&#8221; header_line_height=&#8221;1.3em&#8221; header_2_text_align=&#8221;center&#8221; text_orientation=&#8221;center&#8221; global_colors_info=&#8221;{}&#8221;]<\/p>\n<p>Vi er nemme at finde, kun \u00e9t minuts gang fra Amsterdam centrum.<\/p>\n<p>[\/et_pb_text][\/et_pb_column][\/et_pb_row][\/et_pb_section][et_pb_section fb_built=&#8221;1&#8243; _builder_version=&#8221;4.23&#8243; _module_preset=&#8221;default&#8221; custom_padding=&#8221;80px||80px||true|false&#8221; global_colors_info=&#8221;{}&#8221;][et_pb_row column_structure=&#8221;1_2,1_2&#8243; _builder_version=&#8221;4.23&#8243; _module_preset=&#8221;default&#8221; global_colors_info=&#8221;{}&#8221;][et_pb_column type=&#8221;1_2&#8243; _builder_version=&#8221;4.23&#8243; _module_preset=&#8221;default&#8221; global_colors_info=&#8221;{}&#8221;][et_pb_image src=&#8221;https:\/\/dropandgo.nl\/wp-content\/uploads\/2023\/11\/map-dropgo-location.jpeg&#8221; title_text=&#8221;map-dropgo-location&#8221; align=&#8221;center&#8221; force_fullwidth=&#8221;on&#8221; _builder_version=&#8221;4.23&#8243; _module_preset=&#8221;default&#8221; border_radii=&#8221;on|45px|45px|45px|45px&#8221; global_colors_info=&#8221;{}&#8221;][\/et_pb_image][\/et_pb_column][et_pb_column type=&#8221;1_2&#8243; _builder_version=&#8221;4.23&#8243; _module_preset=&#8221;default&#8221; global_colors_info=&#8221;{}&#8221;][et_pb_text _builder_version=&#8221;4.23&#8243; _module_preset=&#8221;default&#8221; header_2_text_align=&#8221;left&#8221; hover_enabled=&#8221;0&#8243; global_colors_info=&#8221;{}&#8221; sticky_enabled=&#8221;0&#8243;]<\/p>\n<h2>Beliggende lige over for Amsterdam Hovedbaneg\u00e5rd<\/h2>\n<p>[\/et_pb_text][et_pb_text _builder_version=&#8221;4.23&#8243; _module_preset=&#8221;default&#8221; global_colors_info=&#8221;{}&#8221;]<\/p>\n<p class=\"p1\">For at sikre dig den bedst mulige velkomst ligger vi praktisk placeret over for Amsterdam Hovedbaneg\u00e5rd.<span class=\"Apple-converted-space\"> <\/span><\/p>\n<p class=\"p1\">Er du lige ankommet til Amsterdam og pr\u00f8ver at finde os? Vi er kun 1 minut v\u00e6k! Forlad Amsterdam Hovedbaneg\u00e5rd p\u00e5 bycentrum-siden og drej til venstre forbi sporvognsperronen. Kryds derefter broen til h\u00f8jre mod trafiklysene. Efter trafiklysene skal du dreje til h\u00f8jre, og du vil se Drop  Go p\u00e5 din venstre side efter 10 meter, lige ved siden af Caf\u00e9 Batavia. Butikken ligger i en k\u00e6lderetage, s\u00e5 pas p\u00e5 du ikke g\u00e5r forbi den.     <\/p>\n<p class=\"p1\">\u00c5h nej, er du faret vild? Ring bare <span> <\/span><a href=\"tel:+31202233648\"><span class=\"s1\">+31 20 22 33 648<\/span><\/a><span> <\/span>s\u00e5 hj\u00e6lper vi dig.<\/p>\n<p>[\/et_pb_text][et_pb_button button_url=&#8221;https:\/\/www.google.com\/maps\/place\/Drop+%26+Go+-+Luggage+Storage\/@52.3767399,4.9017312,15z\/data=!4m2!3m1!1s0x0:0xfd2d1c169cc8b63d?sa=X&amp;ved=2ahUKEwif45vh_-zzAhVD26QKHRdxBG4Q_BJ6BAhKEAU&#8221; url_new_window=&#8221;on&#8221; button_text=&#8221;Find vej med Google Maps&#8221; _builder_version=&#8221;4.23&#8243; _module_preset=&#8221;default&#8221; global_colors_info=&#8221;{}&#8221;][\/et_pb_button][\/et_pb_column][\/et_pb_row][\/et_pb_section][et_pb_section fb_built=&#8221;1&#8243; _builder_version=&#8221;4.23&#8243; _module_preset=&#8221;default&#8221; custom_padding=&#8221;80px||80px||true|false&#8221; global_colors_info=&#8221;{}&#8221;][et_pb_row _builder_version=&#8221;4.23&#8243; _module_preset=&#8221;default&#8221; global_colors_info=&#8221;{}&#8221;][et_pb_column type=&#8221;4_4&#8243; _builder_version=&#8221;4.23&#8243; _module_preset=&#8221;default&#8221; global_colors_info=&#8221;{}&#8221;][et_pb_video src=&#8221;https:\/\/www.youtube.com\/watch?v=lCj6I7612VQ&#8221; _builder_version=&#8221;4.23&#8243; _module_preset=&#8221;default&#8221; global_colors_info=&#8221;{}&#8221;][\/et_pb_video][\/et_pb_column][\/et_pb_row][\/et_pb_section]<\/p>\n","protected":false},"excerpt":{"rendered":"<p>BeliggenhedVi er nemme at finde, kun \u00e9t minuts gang fra Amsterdam centrum.Beliggende lige over for Amsterdam Hovedbaneg\u00e5rdFor at sikre dig den bedst mulige velkomst ligger vi praktisk placeret over for Amsterdam Hovedbaneg\u00e5rd. Er du lige ankommet til Amsterdam og pr\u00f8ver at finde os? Vi er kun 1 minut v\u00e6k! Forlad Amsterdam Hovedbaneg\u00e5rd p\u00e5 bycentrum-siden og [&hellip;]<\/p>\n","protected":false},"author":1,"featured_media":0,"parent":0,"menu_order":0,"comment_status":"closed","ping_status":"closed","template":"","meta":{"_seopress_robots_primary_cat":"","_seopress_titles_title":"","_seopress_titles_desc":"For at sikre dig den bedst mulige velkomst ligger vi praktisk placeret over for Amsterdam Hovedbaneg\u00e5rd.","_seopress_robots_index":"","_et_pb_use_builder":"on","_et_pb_old_content":"","_et_gb_content_width":"","footnotes":""},"class_list":["post-9275","page","type-page","status-publish","hentry"],"_links":{"self":[{"href":"https:\/\/dropandgo.nl\/da\/wp-json\/wp\/v2\/pages\/9275","targetHints":{"allow":["GET"]}}],"collection":[{"href":"https:\/\/dropandgo.nl\/da\/wp-json\/wp\/v2\/pages"}],"about":[{"href":"https:\/\/dropandgo.nl\/da\/wp-json\/wp\/v2\/types\/page"}],"author":[{"embeddable":true,"href":"https:\/\/dropandgo.nl\/da\/wp-json\/wp\/v2\/users\/1"}],"replies":[{"embeddable":true,"href":"https:\/\/dropandgo.nl\/da\/wp-json\/wp\/v2\/comments?post=9275"}],"version-history":[{"count":0,"href":"https:\/\/dropandgo.nl\/da\/wp-json\/wp\/v2\/pages\/9275\/revisions"}],"wp:attachment":[{"href":"https:\/\/dropandgo.nl\/da\/wp-json\/wp\/v2\/media?parent=9275"}],"curies":[{"name":"wp","href":"https:\/\/api.w.org\/{rel}","templated":true}]}}