{"id":2216,"date":"2023-12-15T22:40:22","date_gmt":"2023-12-15T21:40:22","guid":{"rendered":"https:\/\/dropandgo.nl\/ueber-dropgo-amsterdam\/"},"modified":"2025-06-05T16:17:42","modified_gmt":"2025-06-05T14:17:42","slug":"ueber-dropgo-amsterdam","status":"publish","type":"page","link":"https:\/\/dropandgo.nl\/de\/ueber-dropgo-amsterdam\/","title":{"rendered":"\u00dcber Drop&amp;Go Amsterdam"},"content":{"rendered":"<p>[et_pb_section fb_built=&#8220;1&#8243; admin_label=&#8220;Call to Action&#8220; _builder_version=&#8220;4.23&#8243; _module_preset=&#8220;default&#8220; background_image=&#8220;https:\/\/dropandgo.nl\/wp-content\/uploads\/2023\/12\/dg-team-kimmy.jpeg&#8220; background_size=&#8220;custom&#8220; background_image_width=&#8220;50%&#8220; background_position=&#8220;center_right&#8220; custom_padding=&#8220;0px||0px||true|false&#8220; background_color_tablet=&#8220;#0099BE&#8220; background_last_edited=&#8220;on|desktop&#8220; background_enable_color_tablet=&#8220;on&#8220; background_enable_image_tablet=&#8220;off&#8220; collapsed=&#8220;on&#8220; global_colors_info=&#8220;{}&#8220;][et_pb_row column_structure=&#8220;1_2,1_2&#8243; use_custom_gutter=&#8220;on&#8220; gutter_width=&#8220;1&#8243; make_equal=&#8220;on&#8220; _builder_version=&#8220;4.23&#8243; _module_preset=&#8220;default&#8220; custom_padding=&#8220;0px||0px||true|false&#8220; box_shadow_style=&#8220;preset4&#8243; box_shadow_horizontal=&#8220;-30vw&#8220; box_shadow_vertical=&#8220;0px&#8220; box_shadow_color=&#8220;#0099BE&#8220; global_colors_info=&#8220;{}&#8220;][et_pb_column type=&#8220;1_2&#8243; _builder_version=&#8220;4.23&#8243; _module_preset=&#8220;default&#8220; background_color=&#8220;#0099BE&#8220; z_index=&#8220;10&#8243; custom_padding=&#8220;6vw|40px|6vw||true|false&#8220; custom_padding_tablet=&#8220;|0px|||true|false&#8220; custom_padding_phone=&#8220;40px|0px|40px||true|false&#8220; custom_padding_last_edited=&#8220;on|desktop&#8220; global_colors_info=&#8220;{%22gcid-34807b40-f97e-428a-90f8-6d5ad2ecd8cd%22:%91%22background_color%22%93}&#8220;][et_pb_text _builder_version=&#8220;4.23&#8243; _module_preset=&#8220;default&#8220; header_2_text_color=&#8220;#FFFFFF&#8220; background_layout=&#8220;dark&#8220; custom_margin=&#8220;||10px||false|false&#8220; global_colors_info=&#8220;{}&#8220;]<\/p>\n<h2><strong>\u00dcber Drop&amp;Go Amsterdam<\/strong><\/h2>\n<h3>Nat\u00fcrlich m\u00f6chtest du wissen, bei wem du deine wertvollen Sachen hinterl\u00e4sst.<\/h3>\n<p>[\/et_pb_text][et_pb_text _builder_version=&#8220;4.23&#8243; _module_preset=&#8220;default&#8220; background_layout=&#8220;dark&#8220; custom_margin=&#8220;||30px||false|false&#8220; global_colors_info=&#8220;{}&#8220;]<\/p>\n<p>Treffen Sie die Drop&amp;Go-Crew \u2013 Ihre freundlichen lokalen Experten in Amsterdam! Wir sind darauf spezialisiert, Ihrem Gep\u00e4ck einen sicheren Platz zu bieten und gleichzeitig Ihrem Tag eine pers\u00f6nliche Note zu verleihen. Schauen Sie vorbei und lassen Sie uns Ihnen die Last von den Schultern nehmen \u2013 mit einem L\u00e4cheln und einigen Insider-Tipps zu Amsterdams versteckten Sch\u00e4tzen!  <\/p>\n<p>[\/et_pb_text][et_pb_button button_url=&#8220;#team&#8220; button_text=&#8220;Lerne das Drop&amp;Go-Team kennen&#8220; _builder_version=&#8220;4.23&#8243; _module_preset=&#8220;default&#8220; global_colors_info=&#8220;{}&#8220;][\/et_pb_button][\/et_pb_column][et_pb_column type=&#8220;1_2&#8243; _builder_version=&#8220;4.23&#8243; _module_preset=&#8220;default&#8220; background_image=&#8220;https:\/\/dropandgo.nl\/wp-content\/uploads\/2023\/12\/bg-sep-dblue.png&#8220; background_size=&#8220;contain&#8220; background_position=&#8220;center_left&#8220; background_last_edited=&#8220;off|tablet&#8220; global_colors_info=&#8220;{%22gcid-34807b40-f97e-428a-90f8-6d5ad2ecd8cd%22:%91%22background_color_gradient_stops%22%93}&#8220;][\/et_pb_column][\/et_pb_row][\/et_pb_section][et_pb_section fb_built=&#8220;1&#8243; _builder_version=&#8220;4.23&#8243; _module_preset=&#8220;default&#8220; custom_padding=&#8220;80px||80px||true|false&#8220; locked=&#8220;off&#8220; global_colors_info=&#8220;{}&#8220;][et_pb_row column_structure=&#8220;1_5,3_5,1_5&#8243; _builder_version=&#8220;4.23&#8243; _module_preset=&#8220;default&#8220; custom_padding=&#8220;60px||||false|false&#8220; global_colors_info=&#8220;{}&#8220;][et_pb_column type=&#8220;1_5&#8243; _builder_version=&#8220;4.23&#8243; _module_preset=&#8220;default&#8220; global_colors_info=&#8220;{}&#8220;][\/et_pb_column][et_pb_column type=&#8220;3_5&#8243; admin_label=&#8220;Spalte&#8220; _builder_version=&#8220;4.23&#8243; _module_preset=&#8220;default&#8220; global_colors_info=&#8220;{}&#8220;][et_pb_text _builder_version=&#8220;4.23&#8243; _module_preset=&#8220;default&#8220; header_2_text_align=&#8220;left&#8220; global_colors_info=&#8220;{}&#8220;]<\/p>\n<h2>Die einzige Aufbewahrungseinrichtung mit <strong>pers\u00f6nlicher Note<\/strong>.<\/h2>\n<p>[\/et_pb_text][et_pb_text _builder_version=&#8220;4.23&#8243; _module_preset=&#8220;default&#8220; global_colors_info=&#8220;{}&#8220;]<\/p>\n<p>Bei Drop&amp;Go sind wir stolz auf unsere Reise, die 2014 begann. Wir haben dieses Unternehmen mit der Vision gegr\u00fcndet, die Gep\u00e4ckaufbewahrung in Amsterdam zu <strong>revolutionieren und sicherzustellen<\/strong>, dass die Erfahrung jedes Reisenden sorglos und unvergesslich ist. Im Laufe der Jahre hatten wir das Privileg, sicher mehr als 350.000 Gep\u00e4ckst\u00fccke von Besuchern aus der ganzen Welt aufzubewahren.  <\/p>\n<p>Unsere Geschichte begann mit einer einfachen Idee &#8211; eine Gep\u00e4ckaufbewahrung in der N\u00e4he des Hauptbahnhofs anzubieten, die nicht nur einen sicheren Hafen f\u00fcr deine Besitzt\u00fcmer bietet, sondern auch eine <strong>pers\u00f6nliche Note<\/strong>, um dein Abenteuer in Amsterdam zu bereichern. Wir verstehen, dass das Ankommen in einer neuen Stadt, besonders f\u00fcr Erstbesucher, sowohl aufregend als auch \u00fcberw\u00e4ltigend sein kann. Deshalb glauben wir immer daran, \u00fcber die blo\u00dfe Gep\u00e4ckaufbewahrung hinauszugehen. Wir sind hier, um dir bei der Erkundung von Amsterdam zu helfen, unsere lokalen Einsichten zu teilen, Empfehlungen auszusprechen und deinen Aufenthalt in Amsterdam unvergesslich zu machen.   <\/p>\n<p>Von unseren Gr\u00fcndern bis zu jedem Mitglied unseres engagierten Teams sind wir darauf bedacht, sicherzustellen, dass deine Erfahrung mit uns au\u00dfergew\u00f6hnlich ist. Also, ob du zum ersten Mal die lebhaften Stra\u00dfen von Amsterdam erkundest oder in diese wundersch\u00f6ne Stadt zur\u00fcckkehrst, wir stehen bereit, um deine Reise Schritt f\u00fcr Schritt zu vereinfachen.  <br \/><strong>Welcome to Drop&amp;Go, where your journey is our priority.Willkommen bei Drop&amp;Go, wo deine Reise unsere Priorit\u00e4t ist.<\/strong><\/p>\n<p>[\/et_pb_text][\/et_pb_column][et_pb_column type=&#8220;1_5&#8243; admin_label=&#8220;Spalte&#8220; _builder_version=&#8220;4.23&#8243; _module_preset=&#8220;default&#8220; global_colors_info=&#8220;{}&#8220;][\/et_pb_column][\/et_pb_row][\/et_pb_section][et_pb_section fb_built=&#8220;1&#8243; admin_label=&#8220;Team&#8220; module_id=&#8220;team&#8220; _builder_version=&#8220;4.23&#8243; _module_preset=&#8220;default&#8220; background_color=&#8220;#0099BE&#8220; global_colors_info=&#8220;{}&#8220;][et_pb_row _builder_version=&#8220;4.23&#8243; _module_preset=&#8220;default&#8220; global_colors_info=&#8220;{}&#8220;][et_pb_column type=&#8220;4_4&#8243; _builder_version=&#8220;4.23&#8243; _module_preset=&#8220;default&#8220; global_colors_info=&#8220;{}&#8220;][et_pb_text _builder_version=&#8220;4.23&#8243; _module_preset=&#8220;default&#8220; header_2_text_align=&#8220;center&#8220; header_2_text_color=&#8220;#FFFFFF&#8220; text_orientation=&#8220;center&#8220; global_colors_info=&#8220;{}&#8220;]<\/p>\n<h2>Unser <strong>engagiertes Team<\/strong> von lokalen Experten.<\/h2>\n<p>[\/et_pb_text][\/et_pb_column][\/et_pb_row][et_pb_row column_structure=&#8220;1_4,1_4,1_4,1_4&#8243; _builder_version=&#8220;4.23&#8243; _module_preset=&#8220;default&#8220; global_colors_info=&#8220;{}&#8220;][et_pb_column type=&#8220;1_4&#8243; _builder_version=&#8220;4.23&#8243; _module_preset=&#8220;default&#8220; global_colors_info=&#8220;{}&#8220;][et_pb_team_member name=&#8220;Oscar&#8220; position=&#8220;Owner&#8220; image_url=&#8220;https:\/\/dropandgo.nl\/wp-content\/uploads\/2024\/02\/dg-team-oscar2.jpg&#8220; _builder_version=&#8220;4.24.2&#8243; _module_preset=&#8220;default&#8220; body_text_align=&#8220;center&#8220; body_text_color=&#8220;#F2F9FC&#8220; position_font=&#8220;|700|||||||&#8220; position_text_align=&#8220;center&#8220; position_text_color=&#8220;#F2F9FC&#8220; text_orientation=&#8220;center&#8220; background_layout=&#8220;dark&#8220; custom_padding=&#8220;|40px||40px|false|true&#8220; custom_css_member_image=&#8220;margin: 0 auto 40px;&#8220; custom_css_member_description=&#8220;min-height:240px&#8220; custom_css_member_position=&#8220;margin-bottom:20px;&#8220; border_radii_image=&#8220;on|25px|25px|25px|25px&#8220; global_colors_info=&#8220;{}&#8220; min_height=&#8220;526.2px&#8220;]<\/p>\n<p>Hallo! Mein Name ist Oscar und ich bin der Besitzer von Drop&amp;Go. Ich bin seit 5 Jahren mit Drop&amp;Go verbunden.   <span>Es ist eine wahre Freude, G\u00e4ste aus aller Welt willkommen zu hei\u00dfen und zu sehen, wie sie in eine neue Welt eintauchen. Wir lieben es, Menschen aus verschiedenen Kulturen zu treffen und ihnen einen unvergesslichen Aufenthalt zu bereiten.<\/span><\/p>\n<p>[\/et_pb_team_member][et_pb_button button_url=&#8220;https:\/\/dropandgo.nl\/author\/oscar\/&#8220; button_text=&#8220;Mehr \u00fcber Oscar&#8220; button_alignment=&#8220;center&#8220; _builder_version=&#8220;4.24.2&#8243; _module_preset=&#8220;default&#8220; custom_margin=&#8220;30px||||false|false&#8220; global_colors_info=&#8220;{}&#8220;][\/et_pb_button][\/et_pb_column][et_pb_column type=&#8220;1_4&#8243; _builder_version=&#8220;4.27.4&#8243; _module_preset=&#8220;default&#8220; global_colors_info=&#8220;{}&#8220;][et_pb_team_member name=&#8220;Kimberley&#8220; position=&#8220;Manager&#8220; image_url=&#8220;https:\/\/dropandgo.nl\/wp-content\/uploads\/2024\/01\/dg-team-kimberley.jpg&#8220; _builder_version=&#8220;4.24.2&#8243; _module_preset=&#8220;default&#8220; body_text_align=&#8220;center&#8220; body_text_color=&#8220;#F2F9FC&#8220; position_font=&#8220;|700|||||||&#8220; position_text_align=&#8220;center&#8220; position_text_color=&#8220;#F2F9FC&#8220; text_orientation=&#8220;center&#8220; background_layout=&#8220;dark&#8220; custom_padding=&#8220;|40px||40px|false|true&#8220; custom_css_member_image=&#8220;margin: 0 auto 40px;&#8220; custom_css_member_description=&#8220;min-height:240px&#8220; custom_css_member_position=&#8220;margin-bottom:20px;&#8220; border_radii_image=&#8220;on|25px|25px|25px|25px&#8220; global_colors_info=&#8220;{}&#8220; min_height=&#8220;543.4px&#8220; custom_margin=&#8220;||39px|||&#8220;]<\/p>\n<p>Guten Tag! Ich bin Kimberley, wobei Kim auch v\u00f6llig ausreicht \ud83d\ude09 Amsterdam ist nicht nur mein Geburtsort \u2013 es ist seit jeher mein Zuhause. Meine Reise mit Drop&amp;Go begann im Jahre 2018, und seither war es eine Achterbahnfahrt voller Erfahrungen.   <\/p>\n<p>[\/et_pb_team_member][et_pb_button button_url=&#8220;https:\/\/dropandgo.nl\/author\/kimberley\/&#8220; button_text=&#8220;Mehr \u00fcber Kimberley&#8220; button_alignment=&#8220;center&#8220; _builder_version=&#8220;4.24.2&#8243; _module_preset=&#8220;default&#8220; custom_margin=&#8220;30px||||false|false&#8220; global_colors_info=&#8220;{}&#8220;][\/et_pb_button][\/et_pb_column][et_pb_column type=&#8220;1_4&#8243; _builder_version=&#8220;4.23&#8243; _module_preset=&#8220;default&#8220; global_colors_info=&#8220;{}&#8220;][et_pb_team_member name=&#8220;Khaddisha&#8220; position=&#8220;Stellvertretende Manager&#8220; image_url=&#8220;https:\/\/dropandgo.nl\/wp-content\/uploads\/2024\/01\/dg-team-khaddisha.jpg&#8220; _builder_version=&#8220;4.24.2&#8243; _module_preset=&#8220;default&#8220; body_text_align=&#8220;center&#8220; body_text_color=&#8220;#F2F9FC&#8220; position_font=&#8220;|700|||||||&#8220; position_text_align=&#8220;center&#8220; position_text_color=&#8220;#F2F9FC&#8220; text_orientation=&#8220;center&#8220; background_layout=&#8220;dark&#8220; custom_padding=&#8220;|40px||40px|false|true&#8220; custom_css_member_image=&#8220;margin: 0 auto 40px;&#8220; custom_css_member_description=&#8220;min-height:240px&#8220; custom_css_member_position=&#8220;margin-bottom:20px;&#8220; border_radii_image=&#8220;on|25px|25px|25px|25px&#8220; global_colors_info=&#8220;{}&#8220; min_height=&#8220;555.4px&#8220;]<\/p>\n<p>Hey! Ich bin Khaddisha und ich bin seit April 2023 bei Drop&amp;Go dabei. Das Beste an meinem Job? All die wunderbaren Gespr\u00e4che, die ich mit Menschen aus aller Welt f\u00fchre. <\/p>\n<p>&nbsp;<\/p>\n<p>[\/et_pb_team_member][et_pb_button button_url=&#8220;https:\/\/dropandgo.nl\/author\/khaddisha\/&#8220; button_text=&#8220;Mehr \u00fcber Khaddisha&#8220; button_alignment=&#8220;center&#8220; _builder_version=&#8220;4.24.2&#8243; _module_preset=&#8220;default&#8220; custom_margin=&#8220;30px||||false|false&#8220; global_colors_info=&#8220;{}&#8220;][\/et_pb_button][\/et_pb_column][et_pb_column type=&#8220;1_4&#8243; _builder_version=&#8220;4.23&#8243; _module_preset=&#8220;default&#8220; global_colors_info=&#8220;{}&#8220;][et_pb_team_member name=&#8220;Davey&#8220; position=&#8220;Online-Marketing-Manager&#8220; image_url=&#8220;https:\/\/dropandgo.nl\/wp-content\/uploads\/2024\/02\/dg-team-davey.jpg&#8220; _builder_version=&#8220;4.24.2&#8243; _module_preset=&#8220;default&#8220; body_text_align=&#8220;center&#8220; body_text_color=&#8220;#F2F9FC&#8220; position_font=&#8220;|700|||||||&#8220; position_text_align=&#8220;center&#8220; position_text_color=&#8220;#F2F9FC&#8220; text_orientation=&#8220;center&#8220; background_layout=&#8220;dark&#8220; custom_padding=&#8220;|40px|21px|40px|false|true&#8220; custom_css_member_image=&#8220;margin: 0 auto 40px;&#8220; custom_css_member_description=&#8220;min-height:240px&#8220; custom_css_member_position=&#8220;margin-bottom:20px;&#8220; border_radii_image=&#8220;on|25px|25px|25px|25px&#8220; global_colors_info=&#8220;{}&#8220; min_height=&#8220;556.4px&#8220;]<\/p>\n<p>Ha! Mein Name ist Davey und ich bin daf\u00fcr verantwortlich, dass mehr Menschen Drop&amp;Go finden k\u00f6nnen.  Als leidenschaftlicher Reisender m\u00f6chte ich, dass Drop&amp;Go in jeder gro\u00dfen Stadt der Welt vertreten ist.<\/p>\n<p>[\/et_pb_team_member][et_pb_button button_url=&#8220;https:\/\/dropandgo.nl\/author\/davey\/&#8220; button_text=&#8220;Mehr \u00fcber Davey&#8220; button_alignment=&#8220;center&#8220; _builder_version=&#8220;4.24.2&#8243; _module_preset=&#8220;default&#8220; custom_margin=&#8220;30px||||false|false&#8220; global_colors_info=&#8220;{}&#8220;][\/et_pb_button][\/et_pb_column][\/et_pb_row][et_pb_row column_structure=&#8220;1_4,1_4,1_4,1_4&#8243; _builder_version=&#8220;4.23&#8243; _module_preset=&#8220;default&#8220; global_colors_info=&#8220;{}&#8220;][et_pb_column type=&#8220;1_4&#8243; _builder_version=&#8220;4.23&#8243; _module_preset=&#8220;default&#8220; global_colors_info=&#8220;{}&#8220;][et_pb_team_member name=&#8220;Eldo&#8220; position=&#8220;Personal&#8220; image_url=&#8220;https:\/\/dropandgo.nl\/wp-content\/uploads\/2025\/01\/dg-team-eldo.jpg&#8220; _builder_version=&#8220;4.27.4&#8243; _module_preset=&#8220;default&#8220; body_text_align=&#8220;center&#8220; body_text_color=&#8220;#F2F9FC&#8220; position_font=&#8220;|700|||||||&#8220; position_text_align=&#8220;center&#8220; position_text_color=&#8220;#F2F9FC&#8220; text_orientation=&#8220;center&#8220; background_layout=&#8220;dark&#8220; min_height=&#8220;460.1px&#8220; custom_margin=&#8220;||3px|||&#8220; custom_padding=&#8220;|40px|7px|40px|false|true&#8220; custom_css_member_image=&#8220;margin: 0 auto 40px;&#8220; custom_css_member_description=&#8220;min-height:240px&#8220; custom_css_member_position=&#8220;margin-bottom:20px;&#8220; border_radii_image=&#8220;on|25px|25px|25px|25px&#8220; global_colors_info=&#8220;{}&#8220;]<\/p>\n<p><span>Hallo! Ich bin Eldo und arbeite seit 2023 bei Drop&amp;Go. Ich habe mein ganzes Leben in Amsterdam gelebt und liebe es, Menschen dabei zu helfen, die Stadt zu entdecken.  <\/span><\/p>\n<p><span><\/span><\/p>\n<p><span><\/span><\/p>\n<p><span><\/span><\/p>\n<p><span><\/span><\/p>\n<p><span><\/span><\/p>\n<p>[\/et_pb_team_member][et_pb_button button_url=&#8220;https:\/\/dropandgo.nl\/author\/eldo\/&#8220; button_text=&#8220;Mehr \u00fcber Eldo&#8220; button_alignment=&#8220;center&#8220; _builder_version=&#8220;4.27.4&#8243; _module_preset=&#8220;default&#8220; custom_margin=&#8220;30px||||false|false&#8220; global_colors_info=&#8220;{}&#8220;][\/et_pb_button][\/et_pb_column][et_pb_column type=&#8220;1_4&#8243; _builder_version=&#8220;4.23&#8243; _module_preset=&#8220;default&#8220; global_colors_info=&#8220;{}&#8220;][et_pb_team_member name=&#8220;Mailand&#8220; position=&#8220;Personal&#8220; image_url=&#8220;https:\/\/dropandgo.nl\/wp-content\/uploads\/2025\/04\/dropandgo-milan-blue.jpg&#8220; _builder_version=&#8220;4.27.4&#8243; _module_preset=&#8220;default&#8220; body_text_align=&#8220;center&#8220; body_text_color=&#8220;#F2F9FC&#8220; position_font=&#8220;|700|||||||&#8220; position_text_align=&#8220;center&#8220; position_text_color=&#8220;#F2F9FC&#8220; text_orientation=&#8220;center&#8220; background_layout=&#8220;dark&#8220; min_height=&#8220;447.1px&#8220; custom_margin=&#8220;||3px|||&#8220; custom_padding=&#8220;|40px|18px|40px|false|true&#8220; custom_css_member_image=&#8220;margin: 0 auto 40px;&#8220; custom_css_member_description=&#8220;min-height:240px&#8220; custom_css_member_position=&#8220;margin-bottom:20px;&#8220; border_radii_image=&#8220;on|25px|25px|25px|25px&#8220; locked=&#8220;off&#8220; global_colors_info=&#8220;{}&#8220;]<\/p>\n<p>Guten Tag! Ich bin Milan und arbeite seit 2024 f\u00fcr Drop&amp;Go. Ich wurde in Amsterdam geboren, habe jedoch den Gro\u00dfteil meines Lebens in einer nur wenige Minuten entfernten Stadt verbracht. Dennoch \u00fcbt die Stadt eine magische Anziehungskraft auf mich aus, die mich stets zur\u00fcckkehren l\u00e4sst.   <\/p>\n<p>[\/et_pb_team_member][et_pb_button button_url=&#8220;https:\/\/dropandgo.nl\/author\/milan\/&#8220; button_text=&#8220;Mehr \u00fcber Milan&#8220; button_alignment=&#8220;center&#8220; _builder_version=&#8220;4.27.4&#8243; _module_preset=&#8220;default&#8220; custom_margin=&#8220;30px||||false|false&#8220; locked=&#8220;off&#8220; global_colors_info=&#8220;{}&#8220;][\/et_pb_button][\/et_pb_column][et_pb_column type=&#8220;1_4&#8243; _builder_version=&#8220;4.27.4&#8243; _module_preset=&#8220;default&#8220; global_colors_info=&#8220;{}&#8220;][et_pb_team_member name=&#8220;Abhinav&#8220; position=&#8220;Personal&#8220; image_url=&#8220;https:\/\/dropandgo.nl\/wp-content\/uploads\/2025\/06\/dg-team-abhinav-1.jpg&#8220; _builder_version=&#8220;4.27.4&#8243; _module_preset=&#8220;default&#8220; body_text_align=&#8220;center&#8220; body_text_color=&#8220;#F2F9FC&#8220; position_font=&#8220;|700|||||||&#8220; position_text_align=&#8220;center&#8220; position_text_color=&#8220;#F2F9FC&#8220; text_orientation=&#8220;center&#8220; background_layout=&#8220;dark&#8220; min_height=&#8220;447.1px&#8220; custom_margin=&#8220;||3px|||&#8220; custom_padding=&#8220;|40px|18px|40px|false|true&#8220; hover_enabled=&#8220;0&#8243; custom_css_member_image=&#8220;margin: 0 auto 40px;&#8220; custom_css_member_description=&#8220;min-height:240px&#8220; custom_css_member_position=&#8220;margin-bottom:20px;&#8220; border_radii_image=&#8220;on|25px|25px|25px|25px&#8220; locked=&#8220;off&#8220; global_colors_info=&#8220;{}&#8220; sticky_enabled=&#8220;0&#8243; alt=&#8220;dg team abhinav&#8220; title_text=&#8220;dg team abhinav&#8220;]<\/p>\n<p><span>Guten Tag! Ich bin Abhinav und arbeite seit 2024 f\u00fcr Drop&amp;Go. Urspr\u00fcnglich aus Indien stammend, bin ich 2024 nach Utrecht gezogen. Obwohl ich Utrecht jetzt meine Heimat nenne, gibt mir die Arbeit in Amsterdam die M\u00f6glichkeit, die pulsierende Energie der Stadt zu genie\u00dfen.   <\/span><\/p>\n<p>[\/et_pb_team_member][et_pb_button button_url=&#8220;https:\/\/dropandgo.nl\/author\/abhinav\/&#8220; button_text=&#8220;Mehr \u00fcber Abhinav&#8220; button_alignment=&#8220;center&#8220; _builder_version=&#8220;4.27.4&#8243; _module_preset=&#8220;default&#8220; custom_margin=&#8220;30px||||false|false&#8220; hover_enabled=&#8220;0&#8243; locked=&#8220;off&#8220; global_colors_info=&#8220;{}&#8220; sticky_enabled=&#8220;0&#8243;][\/et_pb_button][\/et_pb_column][et_pb_column type=&#8220;1_4&#8243; _builder_version=&#8220;4.23&#8243; _module_preset=&#8220;default&#8220; global_colors_info=&#8220;{}&#8220;][\/et_pb_column][\/et_pb_row][\/et_pb_section][et_pb_section fb_built=&#8220;1&#8243; _builder_version=&#8220;4.23&#8243; _module_preset=&#8220;default&#8220; global_colors_info=&#8220;{}&#8220;][et_pb_row _builder_version=&#8220;4.23&#8243; _module_preset=&#8220;default&#8220; global_colors_info=&#8220;{}&#8220;][et_pb_column type=&#8220;4_4&#8243; _builder_version=&#8220;4.23&#8243; _module_preset=&#8220;default&#8220; global_colors_info=&#8220;{}&#8220;][et_pb_text _builder_version=&#8220;4.23&#8243; _module_preset=&#8220;default&#8220; header_2_text_align=&#8220;center&#8220; module_alignment=&#8220;center&#8220; custom_margin=&#8220;||80px||false|false&#8220; global_colors_info=&#8220;{}&#8220;]<\/p>\n<h2><strong>Empfehlungen<\/strong> <br \/>von unserem lokalen Team<\/h2>\n<p>[\/et_pb_text][et_pb_blog include_categories=&#8220;11&#8243; _builder_version=&#8220;4.23&#8243; _module_preset=&#8220;default&#8220; global_colors_info=&#8220;{}&#8220;][\/et_pb_blog][et_pb_button button_url=&#8220;@ET-DC@eyJkeW5hbWljIjp0cnVlLCJjb250ZW50IjoicG9zdF9saW5rX3VybF9wYWdlIiwic2V0dGluZ3MiOnsicG9zdF9pZCI6IjM0MCIsImVuYWJsZV9odG1sIjoib2ZmIn19@&#8220; button_text=&#8220;Entdecke Amsterdam&#8220; button_alignment=&#8220;center&#8220; _builder_version=&#8220;4.23&#8243; _dynamic_attributes=&#8220;button_url&#8220; _module_preset=&#8220;default&#8220; global_colors_info=&#8220;{}&#8220;][\/et_pb_button][\/et_pb_column][\/et_pb_row][\/et_pb_section]<\/p>\n","protected":false},"excerpt":{"rendered":"<p>\u00dcber Drop&amp;Go Amsterdam Nat\u00fcrlich m\u00f6chtest du wissen, bei wem du deine wertvollen Sachen hinterl\u00e4sst.Treffen Sie die Drop&amp;Go-Crew \u2013 Ihre freundlichen lokalen Experten in Amsterdam! Wir sind darauf spezialisiert, Ihrem Gep\u00e4ck einen sicheren Platz zu bieten und gleichzeitig Ihrem Tag eine pers\u00f6nliche Note zu verleihen. Schauen Sie vorbei und lassen Sie uns Ihnen die Last von [&hellip;]<\/p>\n","protected":false},"author":1,"featured_media":0,"parent":0,"menu_order":0,"comment_status":"closed","ping_status":"closed","template":"","meta":{"_seopress_robots_primary_cat":"","_seopress_titles_title":"\u00dcber Drop&Go Amsterdam","_seopress_titles_desc":"Sichere und gesch\u00fctzte Gep\u00e4ckaufbewahrung nur 100 Meter vom Amsterdamer Hauptbahnhof entfernt. Geben Sie Ihr Gep\u00e4ck ab, holen Sie Ihren Schl\u00fcssel ab oder kommen Sie vorbei, um sich Tipps zu holen. ","_seopress_robots_index":"","_et_pb_use_builder":"on","_et_pb_old_content":"","_et_gb_content_width":"","footnotes":""},"class_list":["post-2216","page","type-page","status-publish","hentry"],"_links":{"self":[{"href":"https:\/\/dropandgo.nl\/de\/wp-json\/wp\/v2\/pages\/2216","targetHints":{"allow":["GET"]}}],"collection":[{"href":"https:\/\/dropandgo.nl\/de\/wp-json\/wp\/v2\/pages"}],"about":[{"href":"https:\/\/dropandgo.nl\/de\/wp-json\/wp\/v2\/types\/page"}],"author":[{"embeddable":true,"href":"https:\/\/dropandgo.nl\/de\/wp-json\/wp\/v2\/users\/1"}],"replies":[{"embeddable":true,"href":"https:\/\/dropandgo.nl\/de\/wp-json\/wp\/v2\/comments?post=2216"}],"version-history":[{"count":0,"href":"https:\/\/dropandgo.nl\/de\/wp-json\/wp\/v2\/pages\/2216\/revisions"}],"wp:attachment":[{"href":"https:\/\/dropandgo.nl\/de\/wp-json\/wp\/v2\/media?parent=2216"}],"curies":[{"name":"wp","href":"https:\/\/api.w.org\/{rel}","templated":true}]}}