{"id":2225,"date":"2023-11-14T21:36:21","date_gmt":"2023-11-14T20:36:21","guid":{"rendered":"https:\/\/dropandgo.nl\/gepaeckaufbewahrung-buchen\/"},"modified":"2026-01-31T19:53:29","modified_gmt":"2026-01-31T18:53:29","slug":"gepaeckaufbewahrung-buchen","status":"publish","type":"page","link":"https:\/\/dropandgo.nl\/de\/gepaeckaufbewahrung-buchen\/","title":{"rendered":"Gep\u00e4ckaufbewahrung buchen"},"content":{"rendered":"<p>[et_pb_section fb_built=&#8220;1&#8243; custom_padding_last_edited=&#8220;on|phone&#8220; _builder_version=&#8220;4.23&#8243; _module_preset=&#8220;default&#8220; background_enable_color=&#8220;off&#8220; use_background_color_gradient=&#8220;on&#8220; background_color_gradient_direction=&#8220;90deg&#8220; background_color_gradient_stops=&#8220;rgba(0,0,0,0.46) 0%|rgba(0,0,0,0.31) 100%&#8220; background_color_gradient_overlays_image=&#8220;on&#8220; background_image=&#8220;https:\/\/dropandgo.nl\/wp-content\/uploads\/2023\/11\/78bae0af-d9d4-4015-ae11-458f0c9dd6f3_out-1920&#215;1200.jpg&#8220; background_enable_pattern_style=&#8220;on&#8220; background_pattern_style=&#8220;diagonal-stripes&#8220; background_pattern_color=&#8220;rgba(0,0,0,0.04)&#8220; background_pattern_size=&#8220;contain&#8220; custom_margin=&#8220;||-120px||false|false&#8220; custom_padding=&#8220;120px||0px||false|false&#8220; custom_padding_tablet=&#8220;120px||0px||false|false&#8220; custom_padding_phone=&#8220;60px||||false|false&#8220; global_colors_info=&#8220;{}&#8220;][et_pb_row _builder_version=&#8220;4.23&#8243; _module_preset=&#8220;default&#8220; background_enable_color=&#8220;off&#8220; width_tablet=&#8220;&#8220; width_phone=&#8220;100%&#8220; width_last_edited=&#8220;on|phone&#8220; custom_padding=&#8220;||0px||false|false&#8220; global_colors_info=&#8220;{}&#8220;][et_pb_column type=&#8220;4_4&#8243; _builder_version=&#8220;4.23&#8243; _module_preset=&#8220;default&#8220; background_color=&#8220;#FFFFFF&#8220; custom_padding=&#8220;5%|10%|5%|10%|true|true&#8220; border_radii=&#8220;on|75px|75px|75px|75px&#8220; global_colors_info=&#8220;{}&#8220;][et_pb_text _builder_version=&#8220;4.23&#8243; _module_preset=&#8220;default&#8220; header_2_text_align=&#8220;center&#8220; custom_margin=&#8220;||40px||false|false&#8220; custom_margin_tablet=&#8220;||40px||false|false&#8220; custom_margin_phone=&#8220;40px||||false|false&#8220; custom_margin_last_edited=&#8220;on|phone&#8220; global_colors_info=&#8220;{}&#8220;]<\/p>\n<h2>Jetzt buchen<\/h2>\n<p>[\/et_pb_text][\/et_pb_column][\/et_pb_row][\/et_pb_section][et_pb_section fb_built=&#8220;1&#8243; _builder_version=&#8220;4.23&#8243; _module_preset=&#8220;default&#8220; background_enable_color=&#8220;off&#8220; use_background_color_gradient=&#8220;on&#8220; background_color_gradient_stops=&#8220;#f2f9fc 0%|#ffffff 100%&#8220; min_height_last_edited=&#8220;off|desktop&#8220; custom_margin=&#8220;||||false|false&#8220; custom_padding=&#8220;||40px||false|false&#8220; global_colors_info=&#8220;{}&#8220;][et_pb_row admin_label=&#8220;Reihe&#8220; _builder_version=&#8220;4.23&#8243; _module_preset=&#8220;default&#8220; global_colors_info=&#8220;{}&#8220;][et_pb_column type=&#8220;4_4&#8243; _builder_version=&#8220;4.23&#8243; _module_preset=&#8220;default&#8220; global_colors_info=&#8220;{}&#8220;][et_pb_text _builder_version=&#8220;4.25.2&#8243; _module_preset=&#8220;default&#8220; text_orientation=&#8220;center&#8220; custom_padding=&#8220;30px||||false|false&#8220; global_colors_info=&#8220;{}&#8220;]<strong>Brauchen Sie Hilfe?<\/strong><br \/>\nSie k\u00f6nnen uns jederzeit anrufen unter <a href=\"tel:+31202233648\" target=\"_blank\">+31 20 22 33 648<\/a>[\/et_pb_text][\/et_pb_column][\/et_pb_row][\/et_pb_section]<\/p>\n","protected":false},"excerpt":{"rendered":"<p>Jetzt buchenBrauchen Sie Hilfe? Sie k\u00f6nnen uns jederzeit anrufen unter +31 20 22 33 648<\/p>\n","protected":false},"author":1,"featured_media":0,"parent":0,"menu_order":0,"comment_status":"closed","ping_status":"closed","template":"","meta":{"_seopress_robots_primary_cat":"","_seopress_titles_title":"Buchen Sie die Gep\u00e4ckaufbewahrung im Voraus oder kommen Sie einfach in unserem Gesch\u00e4ft vorbei.","_seopress_titles_desc":"Buchen Sie Ihre Taschenaufbewahrung im Voraus \u00fcber unsere Website oder kommen Sie ohne Reservierung in unser Gesch\u00e4ft und lassen Sie sich von unseren Mitarbeitern vor Ort helfen. Wir helfen Ihnen gerne! ","_seopress_robots_index":"","_et_pb_use_builder":"on","_et_pb_old_content":"","_et_gb_content_width":"","footnotes":""},"class_list":["post-2225","page","type-page","status-publish","hentry"],"_links":{"self":[{"href":"https:\/\/dropandgo.nl\/de\/wp-json\/wp\/v2\/pages\/2225","targetHints":{"allow":["GET"]}}],"collection":[{"href":"https:\/\/dropandgo.nl\/de\/wp-json\/wp\/v2\/pages"}],"about":[{"href":"https:\/\/dropandgo.nl\/de\/wp-json\/wp\/v2\/types\/page"}],"author":[{"embeddable":true,"href":"https:\/\/dropandgo.nl\/de\/wp-json\/wp\/v2\/users\/1"}],"replies":[{"embeddable":true,"href":"https:\/\/dropandgo.nl\/de\/wp-json\/wp\/v2\/comments?post=2225"}],"version-history":[{"count":0,"href":"https:\/\/dropandgo.nl\/de\/wp-json\/wp\/v2\/pages\/2225\/revisions"}],"wp:attachment":[{"href":"https:\/\/dropandgo.nl\/de\/wp-json\/wp\/v2\/media?parent=2225"}],"curies":[{"name":"wp","href":"https:\/\/api.w.org\/{rel}","templated":true}]}}