{"id":2259,"date":"2023-11-15T21:02:25","date_gmt":"2023-11-15T20:02:25","guid":{"rendered":"https:\/\/dropandgo.nl\/standort\/"},"modified":"2024-07-09T05:46:44","modified_gmt":"2024-07-09T03:46:44","slug":"standort","status":"publish","type":"page","link":"https:\/\/dropandgo.nl\/de\/standort\/","title":{"rendered":"Standort"},"content":{"rendered":"<p>[et_pb_section fb_built=&#8220;1&#8243; _builder_version=&#8220;4.23&#8243; _module_preset=&#8220;default&#8220; background_enable_color=&#8220;off&#8220; use_background_color_gradient=&#8220;on&#8220; background_color_gradient_direction=&#8220;90deg&#8220; background_color_gradient_stops=&#8220;rgba(0,0,0,0.46) 0%|rgba(0,0,0,0.31) 100%&#8220; background_color_gradient_overlays_image=&#8220;on&#8220; background_image=&#8220;https:\/\/dropandgo.nl\/wp-content\/uploads\/2023\/11\/78bae0af-d9d4-4015-ae11-458f0c9dd6f3_out-1920&#215;1200.jpg&#8220; background_enable_pattern_style=&#8220;on&#8220; background_pattern_style=&#8220;diagonal-stripes&#8220; background_pattern_color=&#8220;rgba(0,0,0,0.04)&#8220; background_pattern_size=&#8220;contain&#8220; custom_margin=&#8220;||||false|false&#8220; custom_padding=&#8220;40px||40px||true|false&#8220; global_colors_info=&#8220;{}&#8220;][et_pb_row _builder_version=&#8220;4.23&#8243; _module_preset=&#8220;default&#8220; background_enable_color=&#8220;off&#8220; custom_padding=&#8220;||||false|false&#8220; global_colors_info=&#8220;{}&#8220;][et_pb_column type=&#8220;4_4&#8243; _builder_version=&#8220;4.23&#8243; _module_preset=&#8220;default&#8220; global_colors_info=&#8220;{}&#8220;][et_pb_text _builder_version=&#8220;4.23&#8243; _module_preset=&#8220;default&#8220; text_text_color=&#8220;#FFFFFF&#8220; text_font_size=&#8220;23px&#8220; text_line_height=&#8220;1.5em&#8220; header_font=&#8220;|700|||||||&#8220; header_text_color=&#8220;#FFFFFF&#8220; header_font_size=&#8220;40px&#8220; header_line_height=&#8220;1.3em&#8220; header_2_text_align=&#8220;center&#8220; text_orientation=&#8220;center&#8220; global_colors_info=&#8220;{}&#8220;]<\/p>\n<h1>Standort<\/h1>\n<p>[\/et_pb_text][et_pb_text _builder_version=&#8220;4.23&#8243; _module_preset=&#8220;default&#8220; text_text_color=&#8220;#FFFFFF&#8220; text_font_size=&#8220;23px&#8220; text_line_height=&#8220;1.5em&#8220; header_font=&#8220;|700|||||||&#8220; header_text_color=&#8220;#FFFFFF&#8220; header_font_size=&#8220;40px&#8220; header_line_height=&#8220;1.3em&#8220; header_2_text_align=&#8220;center&#8220; text_orientation=&#8220;center&#8220; global_colors_info=&#8220;{}&#8220;]<\/p>\n<p>Wir sind so einfach zu finden, nur eine Minute zu Fu\u00df vom Zentrum Amsterdams entfernt.<\/p>\n<p>[\/et_pb_text][\/et_pb_column][\/et_pb_row][\/et_pb_section][et_pb_section fb_built=&#8220;1&#8243; _builder_version=&#8220;4.23&#8243; _module_preset=&#8220;default&#8220; custom_padding=&#8220;80px||80px||true|false&#8220; global_colors_info=&#8220;{}&#8220;][et_pb_row column_structure=&#8220;1_2,1_2&#8243; _builder_version=&#8220;4.23&#8243; _module_preset=&#8220;default&#8220; global_colors_info=&#8220;{}&#8220;][et_pb_column type=&#8220;1_2&#8243; _builder_version=&#8220;4.23&#8243; _module_preset=&#8220;default&#8220; global_colors_info=&#8220;{}&#8220;][et_pb_image src=&#8220;https:\/\/dropandgo.nl\/wp-content\/uploads\/2023\/11\/map-dropgo-location.jpeg&#8220; title_text=&#8220;Drop&amp;Go location&#8220; align=&#8220;center&#8220; force_fullwidth=&#8220;on&#8220; _builder_version=&#8220;4.23&#8243; _module_preset=&#8220;default&#8220; border_radii=&#8220;on|45px|45px|45px|45px&#8220; global_colors_info=&#8220;{}&#8220;][\/et_pb_image][\/et_pb_column][et_pb_column type=&#8220;1_2&#8243; _builder_version=&#8220;4.23&#8243; _module_preset=&#8220;default&#8220; global_colors_info=&#8220;{}&#8220;][et_pb_text _builder_version=&#8220;4.23&#8243; _module_preset=&#8220;default&#8220; header_2_text_align=&#8220;left&#8220; hover_enabled=&#8220;0&#8243; global_colors_info=&#8220;{}&#8220; sticky_enabled=&#8220;0&#8243;]<\/p>\n<h2>Gegen\u00fcber dem Amsterdam Centraal Station<\/h2>\n<p>[\/et_pb_text][et_pb_text _builder_version=&#8220;4.23&#8243; _module_preset=&#8220;default&#8220; global_colors_info=&#8220;{}&#8220;]<\/p>\n<p class=\"p1\">Damit wir Sie so angenehm wie m\u00f6glich empfangen k\u00f6nnen, befinden wir uns direkt gegen\u00fcber dem Amsterdamer Hauptbahnhof.<span class=\"Apple-converted-space\"> <\/span><\/p>\n<p class=\"p1\">Gerade in der Stadt angekommen und auf der Suche nach uns? Keine Sorge, wir sind nur 1 Minute entfernt! Verlasse den Amsterdam Centraal Station auf der Seite des Stadtzentrums und biege links ab, vorbei an der Stra\u00dfenbahnplattform. \u00dcberquere dann die Br\u00fccke nach rechts, in Richtung der Ampeln. Nach den Ampeln biegst du rechts ab und siehst Drop&amp;Go nach 10 Metern auf der linken Seite, direkt neben dem Caf\u00e9 Batavia. Unser Gesch\u00e4ft befindet sich im Untergeschoss, also achte darauf, dass du uns nicht verpasst.<\/p>\n<p class=\"p1\">Oh nein, bist du verloren? Ruf uns unter +31 20 22 33 648<span> <\/span><a href=\"tel:+31202233648\"><span class=\"s1\">+31 20 22 33 648<\/span><\/a><span> <\/span>an und wir helfen dir weiter!<\/p>\n<p>[\/et_pb_text][et_pb_button button_url=&#8220;https:\/\/www.google.com\/maps\/place\/Drop+%26+Go+-+Luggage+Storage\/@52.3767399,4.9017312,15z\/data=!4m2!3m1!1s0x0:0xfd2d1c169cc8b63d?sa=X&amp;ved=2ahUKEwif45vh_-zzAhVD26QKHRdxBG4Q_BJ6BAhKEAU&#8220; url_new_window=&#8220;on&#8220; button_text=&#8220;Navigiere mit Google Maps&#8220; _builder_version=&#8220;4.23&#8243; _module_preset=&#8220;default&#8220; global_colors_info=&#8220;{}&#8220;][\/et_pb_button][\/et_pb_column][\/et_pb_row][\/et_pb_section][et_pb_section fb_built=&#8220;1&#8243; _builder_version=&#8220;4.23&#8243; _module_preset=&#8220;default&#8220; custom_padding=&#8220;80px||80px||true|false&#8220; global_colors_info=&#8220;{}&#8220;][et_pb_row _builder_version=&#8220;4.23&#8243; _module_preset=&#8220;default&#8220; global_colors_info=&#8220;{}&#8220;][et_pb_column type=&#8220;4_4&#8243; _builder_version=&#8220;4.23&#8243; _module_preset=&#8220;default&#8220; global_colors_info=&#8220;{}&#8220;][et_pb_video src=&#8220;https:\/\/www.youtube.com\/watch?v=lCj6I7612VQ&#8220; _builder_version=&#8220;4.23&#8243; _module_preset=&#8220;default&#8220; global_colors_info=&#8220;{}&#8220;][\/et_pb_video][\/et_pb_column][\/et_pb_row][\/et_pb_section]<\/p>\n","protected":false},"excerpt":{"rendered":"<p>StandortWir sind so einfach zu finden, nur eine Minute zu Fu\u00df vom Zentrum Amsterdams entfernt.Gegen\u00fcber dem Amsterdam Centraal StationDamit wir Sie so angenehm wie m\u00f6glich empfangen k\u00f6nnen, befinden wir uns direkt gegen\u00fcber dem Amsterdamer Hauptbahnhof. Gerade in der Stadt angekommen und auf der Suche nach uns? Keine Sorge, wir sind nur 1 Minute entfernt! Verlasse [&hellip;]<\/p>\n","protected":false},"author":1,"featured_media":0,"parent":0,"menu_order":0,"comment_status":"closed","ping_status":"closed","template":"","meta":{"_seopress_robots_primary_cat":"","_seopress_titles_title":"","_seopress_titles_desc":"Damit wir Sie so angenehm wie m\u00f6glich empfangen k\u00f6nnen, befinden wir uns direkt gegen\u00fcber dem Amsterdamer Hauptbahnhof.","_seopress_robots_index":"","_et_pb_use_builder":"on","_et_pb_old_content":"","_et_gb_content_width":"","footnotes":""},"class_list":["post-2259","page","type-page","status-publish","hentry"],"_links":{"self":[{"href":"https:\/\/dropandgo.nl\/de\/wp-json\/wp\/v2\/pages\/2259","targetHints":{"allow":["GET"]}}],"collection":[{"href":"https:\/\/dropandgo.nl\/de\/wp-json\/wp\/v2\/pages"}],"about":[{"href":"https:\/\/dropandgo.nl\/de\/wp-json\/wp\/v2\/types\/page"}],"author":[{"embeddable":true,"href":"https:\/\/dropandgo.nl\/de\/wp-json\/wp\/v2\/users\/1"}],"replies":[{"embeddable":true,"href":"https:\/\/dropandgo.nl\/de\/wp-json\/wp\/v2\/comments?post=2259"}],"version-history":[{"count":0,"href":"https:\/\/dropandgo.nl\/de\/wp-json\/wp\/v2\/pages\/2259\/revisions"}],"wp:attachment":[{"href":"https:\/\/dropandgo.nl\/de\/wp-json\/wp\/v2\/media?parent=2259"}],"curies":[{"name":"wp","href":"https:\/\/api.w.org\/{rel}","templated":true}]}}