{"id":2603,"date":"2023-12-01T00:53:49","date_gmt":"2023-11-30T23:53:49","guid":{"rendered":"https:\/\/dropandgo.nl\/allgemeine-geschaeftsbedingungen\/"},"modified":"2024-07-09T06:00:37","modified_gmt":"2024-07-09T04:00:37","slug":"allgemeine-geschaeftsbedingungen","status":"publish","type":"page","link":"https:\/\/dropandgo.nl\/de\/allgemeine-geschaeftsbedingungen\/","title":{"rendered":"Allgemeine Gesch\u00e4ftsbedingungen"},"content":{"rendered":"<p>[et_pb_section fb_built=&#8220;1&#8243; _builder_version=&#8220;4.23&#8243; _module_preset=&#8220;default&#8220; background_enable_color=&#8220;off&#8220; use_background_color_gradient=&#8220;on&#8220; background_color_gradient_direction=&#8220;90deg&#8220; background_color_gradient_stops=&#8220;rgba(0,0,0,0.46) 0%|rgba(0,0,0,0.31) 100%&#8220; background_color_gradient_overlays_image=&#8220;on&#8220; background_image=&#8220;https:\/\/dropandgo.nl\/wp-content\/uploads\/2023\/11\/78bae0af-d9d4-4015-ae11-458f0c9dd6f3_out-1920&#215;1200.jpg&#8220; background_enable_pattern_style=&#8220;on&#8220; background_pattern_style=&#8220;diagonal-stripes&#8220; background_pattern_color=&#8220;rgba(0,0,0,0.04)&#8220; background_pattern_size=&#8220;contain&#8220; custom_margin=&#8220;||||false|false&#8220; custom_padding=&#8220;40px||40px||true|false&#8220; global_colors_info=&#8220;{}&#8220;][et_pb_row _builder_version=&#8220;4.23&#8243; _module_preset=&#8220;default&#8220; background_enable_color=&#8220;off&#8220; custom_padding=&#8220;||||false|false&#8220; global_colors_info=&#8220;{}&#8220;][et_pb_column type=&#8220;4_4&#8243; _builder_version=&#8220;4.23&#8243; _module_preset=&#8220;default&#8220; global_colors_info=&#8220;{}&#8220;][et_pb_text _builder_version=&#8220;4.23&#8243; _module_preset=&#8220;default&#8220; text_text_color=&#8220;#FFFFFF&#8220; text_font_size=&#8220;23px&#8220; text_line_height=&#8220;1.5em&#8220; header_font=&#8220;|700|||||||&#8220; header_text_color=&#8220;#FFFFFF&#8220; header_font_size=&#8220;40px&#8220; header_line_height=&#8220;1.3em&#8220; header_2_text_align=&#8220;center&#8220; text_orientation=&#8220;center&#8220; global_colors_info=&#8220;{}&#8220;]<\/p>\n<h1>Allgemeine Gesch\u00e4ftsbedingungen<\/h1>\n<p>[\/et_pb_text][\/et_pb_column][\/et_pb_row][\/et_pb_section][et_pb_section fb_built=&#8220;1&#8243; _builder_version=&#8220;4.23&#8243; _module_preset=&#8220;default&#8220; custom_padding=&#8220;80px||80px||true|false&#8220; global_colors_info=&#8220;{}&#8220;][et_pb_row column_structure=&#8220;1_2,1_2&#8243; _builder_version=&#8220;4.23&#8243; _module_preset=&#8220;default&#8220; global_colors_info=&#8220;{}&#8220;][et_pb_column type=&#8220;1_2&#8243; _builder_version=&#8220;4.23&#8243; _module_preset=&#8220;default&#8220; global_colors_info=&#8220;{}&#8220;][et_pb_text _builder_version=&#8220;4.25.1&#8243; _module_preset=&#8220;default&#8220; hover_enabled=&#8220;0&#8243; global_colors_info=&#8220;{}&#8220; sticky_enabled=&#8220;0&#8243;]1. Die Nutzung der Lagereinrichtung erfolgt auf eigenes Risiko des Nutzers. Titel 9 des Buchs 7 des niederl\u00e4ndischen B\u00fcrgerlichen Gesetzbuchs (Burgerlijk Wetboek) \u00fcber die \u201eVerwahrung\u201c (bewaarneming) ist nicht auf die Vereinbarung zwischen Drop&amp;Go und den Nutzern der Gep\u00e4ckaufbewahrung anwendbar. <\/p>\n<p>2. Die Preise f\u00fcr die Nutzung der Gep\u00e4ckaufbewahrung sind pro 24 Stunden festgelegt und basieren auf der Gr\u00f6\u00dfe jedes Gegenstands. Zus\u00e4tzliche Geb\u00fchren k\u00f6nnen f\u00fcr sehr schwere Gegenst\u00e4nde anfallen, um schweres Heben durch unsere Mitarbeiter zu vermeiden. Gegenst\u00e4nde und deren Inhalt d\u00fcrfen einen Gesamtwert von \u20ac500 nicht \u00fcberschreiten. Drop&amp;Go ist nicht verantwortlich f\u00fcr besch\u00e4digte oder fehlende Gegenst\u00e4nde, die einen Wert von mehr als \u20ac500 haben.[\/et_pb_text][\/et_pb_column][et_pb_column type=&#8220;1_2&#8243; _builder_version=&#8220;4.23&#8243; _module_preset=&#8220;default&#8220; global_colors_info=&#8220;{}&#8220;][et_pb_image src=&#8220;https:\/\/dropandgo.nl\/wp-content\/uploads\/2023\/12\/amsterdam-luggage.jpeg&#8220; title_text=&#8220;Luggage&#8220; align=&#8220;center&#8220; force_fullwidth=&#8220;on&#8220; _builder_version=&#8220;4.23&#8243; _module_preset=&#8220;default&#8220; border_radii=&#8220;on|45px|45px|45px|45px&#8220; global_colors_info=&#8220;{}&#8220;][\/et_pb_image][\/et_pb_column][\/et_pb_row][et_pb_row _builder_version=&#8220;4.23&#8243; _module_preset=&#8220;default&#8220; global_colors_info=&#8220;{}&#8220;][et_pb_column type=&#8220;4_4&#8243; _builder_version=&#8220;4.23&#8243; _module_preset=&#8220;default&#8220; global_colors_info=&#8220;{}&#8220;][et_pb_text _builder_version=&#8220;4.25.1&#8243; _module_preset=&#8220;default&#8220; hover_enabled=&#8220;0&#8243; global_colors_info=&#8220;{}&#8220; sticky_enabled=&#8220;0&#8243;]3. Die Kunden m\u00fcssen sicherstellen, dass ihre Gegenst\u00e4nde sicher verpackt und verschlossen sind. Drop&amp;Go ist nicht verantwortlich f\u00fcr besch\u00e4digte oder fehlende Gegenst\u00e4nde aufgrund schlechter Verpackung. <\/p>\n<p>4. Drop&amp;Go akzeptiert Debitkarten, Kreditkarten und Bargeld. R\u00fcckerstattungen werden nach erfolgter Zahlung nicht gew\u00e4hrt, es sei denn, dies ist gesetzlich vorgeschrieben oder aus gutem Grund vereinbart. <\/p>\n<p>5. Drop&amp;Go beh\u00e4lt sich das Recht vor, den Inhalt der Gegenst\u00e4nde zu \u00fcberpr\u00fcfen. Kunden d\u00fcrfen keine illegalen, gef\u00e4hrlichen, verderblichen oder entz\u00fcndlichen Gegenst\u00e4nde lagern, einschlie\u00dflich Sprengstoffen, Feuerwaffen und gesetzlich verbotenen Substanzen. Drop&amp;Go kann Gegenst\u00e4nde ablehnen, die zu wertvoll, zu gro\u00df oder potenziell gef\u00e4hrlich sind. Jeder Kunde stellt Drop&amp;Go von Sch\u00e4den frei, die durch den Inhalt der eingelagerten Gegenst\u00e4nde verursacht werden.   <\/p>\n<p>6. Drop&amp;Go stellt f\u00fcr jeden Gegenstand eine Quittung aus. Alle Gegenst\u00e4nde m\u00fcssen separat gekennzeichnet sein. Die R\u00fcckgabe der Gegenst\u00e4nde erfolgt nur gegen Vorlage der Quittung an einen Mitarbeiter von Drop&amp;Go. Die gleichen Regeln gelten f\u00fcr die vor\u00fcbergehende R\u00fcckgabe von Gegenst\u00e4nden.   <\/p>\n<p>7. Drop&amp;Go beh\u00e4lt sich das Recht vor, die Identit\u00e4t jeder Person zu \u00fcberpr\u00fcfen, die Gegenst\u00e4nde beansprucht. Wenn ein Ticket verloren geht, werden die Kunden gebeten, drei spezifische Gegenst\u00e4nde in ihrem Gep\u00e4ck zur Identifizierung zu nennen. Wenn jemand anderes das Ticket findet, kann er den Gegenstand abholen. Wenn Drop&amp;Go Zweifel am rechtm\u00e4\u00dfigen Eigent\u00fcmer des Gep\u00e4cks hat, m\u00fcssen dennoch drei Gegenst\u00e4nde in der Tasche genannt werden.   <\/p>\n<p>8. Drop&amp;Go wird alle zumutbaren Ma\u00dfnahmen ergreifen, um f\u00fcr die gelagerten Gegenst\u00e4nde zu sorgen, sie zu sichern und in gutem Zustand zur\u00fcckzugeben. Drop&amp;Go kann jedoch nicht garantieren, dass alle Gegenst\u00e4nde immer unbesch\u00e4digt zur\u00fcckgegeben werden. <\/p>\n<p>9. Kunden k\u00f6nnen jederzeit auf ihr gelagertes Gep\u00e4ck zugreifen, um Gegenst\u00e4nde hinzuzuf\u00fcgen oder zu entnehmen, ohne zus\u00e4tzliche Geb\u00fchren f\u00fcr denselben gekennzeichneten Gegenstand. Der Zugang ist nur w\u00e4hrend der \u00d6ffnungszeiten gestattet und wenn die Lagergeb\u00fchren bis zu diesem Zeitpunkt bezahlt wurden. <\/p>\n<p>10. Drop&amp;Go ist nicht verantwortlich f\u00fcr Sch\u00e4den, die vom Kunden verursacht werden, au\u00dfer f\u00fcr Sch\u00e4den, die vors\u00e4tzlich oder grob fahrl\u00e4ssig von Drop&amp;Go oder seinen Mitarbeitern verursacht wurden. Die Haftung f\u00fcr Folgesch\u00e4den ist ausgeschlossen. Die Haftung von Drop&amp;Go ist jederzeit auf \u20ac500 pro Gegenstand (einschlie\u00dflich Inhalt) begrenzt.  <\/p>\n<p>11. Gep\u00e4ck wird maximal 1 Monat aufbewahrt, es sei denn, es wurde im Voraus etwas anderes vereinbart. Unbeanspruchte Gegenst\u00e4nde nach diesem Zeitraum k\u00f6nnen als aufgegeben betrachtet und nach eigenem Ermessen von Drop&amp;Go entsorgt werden. <\/p>\n<p>12. Schl\u00fcsseldienst: Es liegt in der Verantwortung des Gastgebers, die G\u00e4ste \u00fcber den Ort der Schl\u00fcsselabholung und die \u00d6ffnungszeiten des Ladens zu informieren. Der Schl\u00fcsseldienst von Drop&amp;Go wird nur w\u00e4hrend der \u00d6ffnungszeiten angeboten. G\u00e4ste m\u00fcssen einen g\u00fcltigen Ausweis vorlegen, wenn sie Schl\u00fcssel abholen.  <\/p>\n<p>13. Drop&amp;Go ist nicht verantwortlich f\u00fcr Kosten, die entstehen, wenn Kunden ihre Sachen nicht innerhalb der \u00d6ffnungszeiten abholen.<\/p>\n<p>14. Drop&amp;Go verpflichtet sich, die Privatsph\u00e4re seiner Kunden zu sch\u00fctzen. Erhobene personenbezogene Daten werden ausschlie\u00dflich zur Erbringung der Dienstleistungen verwendet und ohne Zustimmung nicht an Dritte weitergegeben, es sei denn, dies ist gesetzlich vorgeschrieben. <\/p>\n<p>15. Kunden m\u00fcssen sich auf dem Gel\u00e4nde von Drop&amp;Go respektvoll und gesetzeskonform verhalten. Unangemessenes Verhalten kann zur Verweigerung des Service f\u00fchren. <\/p>\n<p>16. Drop&amp;Go haftet nicht f\u00fcr die Nichterf\u00fcllung seiner Verpflichtungen aufgrund von Ereignissen, die au\u00dferhalb seiner zumutbaren Kontrolle liegen, einschlie\u00dflich Naturkatastrophen, Pandemien, Streiks oder beh\u00f6rdlichen Ma\u00dfnahmen.<\/p>\n<p>17. Drop&amp;Go beh\u00e4lt sich das Recht vor, diese Gesch\u00e4ftsbedingungen jederzeit zu \u00e4ndern.[\/et_pb_text][\/et_pb_column][\/et_pb_row][\/et_pb_section]<\/p>\n","protected":false},"excerpt":{"rendered":"<p>Allgemeine Gesch\u00e4ftsbedingungen1. Die Nutzung der Lagereinrichtung erfolgt auf eigenes Risiko des Nutzers. Titel 9 des Buchs 7 des niederl\u00e4ndischen B\u00fcrgerlichen Gesetzbuchs (Burgerlijk Wetboek) \u00fcber die \u201eVerwahrung\u201c (bewaarneming) ist nicht auf die Vereinbarung zwischen Drop&amp;Go und den Nutzern der Gep\u00e4ckaufbewahrung anwendbar. 2. Die Preise f\u00fcr die Nutzung der Gep\u00e4ckaufbewahrung sind pro 24 Stunden festgelegt und basieren [&hellip;]<\/p>\n","protected":false},"author":1,"featured_media":0,"parent":0,"menu_order":0,"comment_status":"closed","ping_status":"closed","template":"","meta":{"_seopress_robots_primary_cat":"","_seopress_titles_title":"Allgemeine Gesch\u00e4ftsbedingungen - Drop&Go ","_seopress_titles_desc":"Auf dieser Seite findest du die Allgemeinen Gesch\u00e4ftsbedingungen von Drop&Go Amsterdam.","_seopress_robots_index":"","_et_pb_use_builder":"on","_et_pb_old_content":"","_et_gb_content_width":"","footnotes":""},"class_list":["post-2603","page","type-page","status-publish","hentry"],"_links":{"self":[{"href":"https:\/\/dropandgo.nl\/de\/wp-json\/wp\/v2\/pages\/2603","targetHints":{"allow":["GET"]}}],"collection":[{"href":"https:\/\/dropandgo.nl\/de\/wp-json\/wp\/v2\/pages"}],"about":[{"href":"https:\/\/dropandgo.nl\/de\/wp-json\/wp\/v2\/types\/page"}],"author":[{"embeddable":true,"href":"https:\/\/dropandgo.nl\/de\/wp-json\/wp\/v2\/users\/1"}],"replies":[{"embeddable":true,"href":"https:\/\/dropandgo.nl\/de\/wp-json\/wp\/v2\/comments?post=2603"}],"version-history":[{"count":0,"href":"https:\/\/dropandgo.nl\/de\/wp-json\/wp\/v2\/pages\/2603\/revisions"}],"wp:attachment":[{"href":"https:\/\/dropandgo.nl\/de\/wp-json\/wp\/v2\/media?parent=2603"}],"curies":[{"name":"wp","href":"https:\/\/api.w.org\/{rel}","templated":true}]}}