{"id":3006,"date":"2023-12-01T01:18:02","date_gmt":"2023-12-01T00:18:02","guid":{"rendered":"https:\/\/dropandgo.nl\/cookie-richtlinie\/"},"modified":"2024-07-09T05:41:12","modified_gmt":"2024-07-09T03:41:12","slug":"cookie-richtlinie","status":"publish","type":"page","link":"https:\/\/dropandgo.nl\/de\/cookie-richtlinie\/","title":{"rendered":"Cookie-Richtlinie"},"content":{"rendered":"<p>[et_pb_section fb_built=&#8220;1&#8243; _builder_version=&#8220;4.23&#8243; _module_preset=&#8220;default&#8220; background_enable_color=&#8220;off&#8220; use_background_color_gradient=&#8220;on&#8220; background_color_gradient_direction=&#8220;90deg&#8220; background_color_gradient_stops=&#8220;rgba(0,0,0,0.46) 0%|rgba(0,0,0,0.31) 100%&#8220; background_color_gradient_overlays_image=&#8220;on&#8220; background_image=&#8220;https:\/\/dropandgo.nl\/wp-content\/uploads\/2023\/11\/78bae0af-d9d4-4015-ae11-458f0c9dd6f3_out-1920&#215;1200.jpg&#8220; background_enable_pattern_style=&#8220;on&#8220; background_pattern_style=&#8220;diagonal-stripes&#8220; background_pattern_color=&#8220;rgba(0,0,0,0.04)&#8220; background_pattern_size=&#8220;contain&#8220; custom_margin=&#8220;||||false|false&#8220; custom_padding=&#8220;40px||40px||true|false&#8220; global_colors_info=&#8220;{}&#8220;][et_pb_row _builder_version=&#8220;4.23&#8243; _module_preset=&#8220;default&#8220; background_enable_color=&#8220;off&#8220; custom_padding=&#8220;||||false|false&#8220; global_colors_info=&#8220;{}&#8220;][et_pb_column type=&#8220;4_4&#8243; _builder_version=&#8220;4.23&#8243; _module_preset=&#8220;default&#8220; global_colors_info=&#8220;{}&#8220;][et_pb_text _builder_version=&#8220;4.23&#8243; _module_preset=&#8220;default&#8220; text_text_color=&#8220;#FFFFFF&#8220; text_font_size=&#8220;23px&#8220; text_line_height=&#8220;1.5em&#8220; header_font=&#8220;|700|||||||&#8220; header_text_color=&#8220;#FFFFFF&#8220; header_font_size=&#8220;40px&#8220; header_line_height=&#8220;1.3em&#8220; header_2_text_align=&#8220;center&#8220; text_orientation=&#8220;center&#8220; global_colors_info=&#8220;{}&#8220;]<\/p>\n<h1>Cookies<\/h1>\n<p>[\/et_pb_text][et_pb_text _builder_version=&#8220;4.23&#8243; _module_preset=&#8220;default&#8220; text_text_color=&#8220;#FFFFFF&#8220; text_font_size=&#8220;23px&#8220; text_line_height=&#8220;1.5em&#8220; header_font=&#8220;|700|||||||&#8220; header_text_color=&#8220;#FFFFFF&#8220; header_font_size=&#8220;40px&#8220; header_line_height=&#8220;1.3em&#8220; header_2_text_align=&#8220;center&#8220; text_orientation=&#8220;center&#8220; global_colors_info=&#8220;{}&#8220;]<\/p>\n<p>K\u00f6stlich.<\/p>\n<p>[\/et_pb_text][\/et_pb_column][\/et_pb_row][\/et_pb_section][et_pb_section fb_built=&#8220;1&#8243; _builder_version=&#8220;4.23&#8243; _module_preset=&#8220;default&#8220; custom_padding=&#8220;80px||80px||true|false&#8220; global_colors_info=&#8220;{}&#8220;][et_pb_row _builder_version=&#8220;4.23&#8243; _module_preset=&#8220;default&#8220; global_colors_info=&#8220;{}&#8220;][et_pb_column type=&#8220;4_4&#8243; _builder_version=&#8220;4.23&#8243; _module_preset=&#8220;default&#8220; global_colors_info=&#8220;{}&#8220;][et_pb_text _builder_version=&#8220;4.25.2&#8243; _module_preset=&#8220;default&#8220; hover_enabled=&#8220;0&#8243; global_colors_info=&#8220;{}&#8220; sticky_enabled=&#8220;0&#8243;]<\/p>\n<p><strong>Aktualisiert am:<\/strong> 02.07.2024<\/p>\n<p>&nbsp;<\/p>\n<h3>Was sind Cookies?<\/h3>\n<p>Cookies und \u00e4hnliche Technologien sind sehr kleine Textdokumente oder Codest\u00fccke, die oft einen eindeutigen Identifikationscode enthalten. Wenn du eine Website besuchst oder eine mobile Anwendung verwendest, bittet ein Computer deinen Computer oder dein mobiles Ger\u00e4t um die Erlaubnis, diese Datei auf deinem Computer oder mobilen Ger\u00e4t zu speichern und Zugang zu Informationen zu erhalten. Zu den Informationen, die durch Cookies und \u00e4hnliche Technologien gesammelt werden, geh\u00f6ren das Datum und die Uhrzeit des Besuchs und die Art und Weise, wie du eine bestimmte Website oder mobile Anwendung nutzt.<\/p>\n<p>&nbsp;<\/p>\n<h3>Warum wir Cookies verwenden<\/h3>\n<p>Cookies sorgen daf\u00fcr, dass du w\u00e4hrend deines Besuchs in unserem Online-Shop eingeloggt bleibst, alle Artikel in deinem Warenkorb gespeichert bleiben, du sicher einkaufen kannst und die Website reibungslos funktioniert. Die Cookies sorgen auch daf\u00fcr, dass wir sehen k\u00f6nnen, wie unsere Website genutzt wird und wie wir sie verbessern k\u00f6nnen. Au\u00dferdem k\u00f6nnen unsere eigenen Cookies je nach deinen Vorlieben verwendet werden, um dir gezielte Werbung zu pr\u00e4sentieren, die deinen pers\u00f6nlichen Interessen entspricht.<\/p>\n<p>&nbsp;<\/p>\n<h3>Welche Art von Cookies verwenden wir?<\/h3>\n<p><strong><\/strong><\/p>\n<p><strong>Erforderliche Cookies<\/strong><br \/>Diese Cookies sind notwendig, damit die Website ordnungsgem\u00e4\u00df funktioniert. Einige der folgenden Aktionen k\u00f6nnen mit Hilfe dieser Cookies durchgef\u00fchrt werden.<\/p>\n<table>\n<thead>\n<tr>\n<th>Cookie<\/th>\n<th>Domain<\/th>\n<th>Verfall<\/th>\n<th>Beschreibung<\/th>\n<\/tr>\n<\/thead>\n<tbody>\n<tr>\n<td>wordpress_test_cookie<\/td>\n<td>dropandgo.nl<\/td>\n<td>Sitzung<\/td>\n<td>Wird auf Websites verwendet, die mit WordPress erstellt wurden. Pr\u00fcft, ob der Browser Cookies aktiviert hat oder nicht<\/td>\n<\/tr>\n<\/tbody>\n<\/table>\n<p><strong><\/strong><\/p>\n<p><strong>Performance Cookies<\/strong><br \/>Diese Cookies werden verwendet, um statistische Informationen \u00fcber die Nutzung unserer Website zu sammeln, auch Analyse-Cookies genannt. Wir nutzen diese Daten zur Leistungs- und Website-Optimierung.<\/p>\n<table>\n<thead>\n<tr>\n<th>Cookie<\/th>\n<th>Domain<\/th>\n<th>Verfall<\/th>\n<th>Beschreibung<\/th>\n<\/tr>\n<\/thead>\n<tbody>\n<tr>\n<td>_ga_<\/td>\n<td>.dropandgo.nl<\/td>\n<td>1 Jahr 1 Monat<\/td>\n<td>Dieses Cookie wird von Google Analytics verwendet, um den Sitzungsstatus zu erhalten.<\/td>\n<\/tr>\n<tr>\n<td>_ga<\/td>\n<td>.dropandgo.nl<\/td>\n<td>1 Jahr 1 Monat<\/td>\n<td>Dieser Cookie-Name steht in Verbindung mit Google Universal Analytics &#8211; einer bedeutenden Aktualisierung des h\u00e4ufiger genutzten Analysedienstes von Google. Dieses Cookie wird verwendet, um eindeutige Nutzerinnen und Nutzer zu unterscheiden, indem eine zuf\u00e4llig generierte Nummer als Kundenkennung zugewiesen wird. Sie ist in jeder Seitenanforderung auf einer Website enthalten und wird zur Berechnung von Besucher-, Sitzungs- und Kampagnendaten f\u00fcr die Analyseberichte der Website verwendet.<\/td>\n<\/tr>\n<\/tbody>\n<\/table>\n<p><strong><\/strong><\/p>\n<p><strong>Funktionale Cookies<\/strong><br \/>Diese Cookies erm\u00f6glichen mehr Funktionalit\u00e4t f\u00fcr unsere Website-Besucher.<\/p>\n<table>\n<thead>\n<tr>\n<th>Cookie<\/th>\n<th>Domain<\/th>\n<th>Verfall<\/th>\n<th>Beschreibung<\/th>\n<\/tr>\n<\/thead>\n<tbody>\n<tr>\n<td>wp-wpml_current_language<\/td>\n<td>dropandgo.nl<\/td>\n<td>Sitzung<\/td>\n<td>Speichert die aktuelle Sprache. Standardm\u00e4\u00dfig wird dieses Cookie nur f\u00fcr eingeloggte Nutzer gesetzt. Wenn du das Sprach-Cookie aktivierst, um die AJAX-Filterung zu unterst\u00fctzen, wird dieses Cookie auch f\u00fcr nicht eingeloggte Nutzer\/innen gesetzt.<\/td>\n<\/tr>\n<\/tbody>\n<\/table>\n<p><strong><\/strong><\/p>\n<p><strong>Werbung \/ Tracking-Cookies<\/strong><br \/>Diese Cookies werden von externen Werbepartnern gesetzt und dienen der Profilerstellung und dem Tracking von Daten \u00fcber mehrere Websites hinweg. Wenn du diese Cookies akzeptierst, k\u00f6nnen wir auf der Grundlage deines Nutzerprofils und deiner Pr\u00e4ferenzen unsere Werbung auf anderen Websites anzeigen. Diese Cookies speichern auch Daten dar\u00fcber, wie viele Besucher unsere Werbung gesehen oder angeklickt haben, um Werbekampagnen zu optimieren.<\/p>\n<table>\n<thead>\n<tr>\n<th>Cookie<\/th>\n<th>Domain<\/th>\n<th>Verfall<\/th>\n<th>Beschreibung<\/th>\n<\/tr>\n<\/thead>\n<tbody>\n<tr>\n<td>_gcl_au<\/td>\n<td>.dropandgo.nl<\/td>\n<td>3 Monate<\/td>\n<td>Wird von Google AdSense verwendet, um die Effizienz von Werbung auf Websites zu testen, die deren Dienste nutzen.<\/td>\n<\/tr>\n<\/tbody>\n<\/table>\n<p>[\/et_pb_text][\/et_pb_column][\/et_pb_row][\/et_pb_section]<\/p>\n","protected":false},"excerpt":{"rendered":"<p>CookiesK\u00f6stlich.Aktualisiert am: 02.07.2024 &nbsp; Was sind Cookies? Cookies und \u00e4hnliche Technologien sind sehr kleine Textdokumente oder Codest\u00fccke, die oft einen eindeutigen Identifikationscode enthalten. Wenn du eine Website besuchst oder eine mobile Anwendung verwendest, bittet ein Computer deinen Computer oder dein mobiles Ger\u00e4t um die Erlaubnis, diese Datei auf deinem Computer oder mobilen Ger\u00e4t zu speichern [&hellip;]<\/p>\n","protected":false},"author":1,"featured_media":0,"parent":0,"menu_order":0,"comment_status":"closed","ping_status":"closed","template":"","meta":{"_seopress_robots_primary_cat":"","_seopress_titles_title":"","_seopress_titles_desc":"","_seopress_robots_index":"","_et_pb_use_builder":"on","_et_pb_old_content":"","_et_gb_content_width":"","footnotes":""},"class_list":["post-3006","page","type-page","status-publish","hentry"],"_links":{"self":[{"href":"https:\/\/dropandgo.nl\/de\/wp-json\/wp\/v2\/pages\/3006","targetHints":{"allow":["GET"]}}],"collection":[{"href":"https:\/\/dropandgo.nl\/de\/wp-json\/wp\/v2\/pages"}],"about":[{"href":"https:\/\/dropandgo.nl\/de\/wp-json\/wp\/v2\/types\/page"}],"author":[{"embeddable":true,"href":"https:\/\/dropandgo.nl\/de\/wp-json\/wp\/v2\/users\/1"}],"replies":[{"embeddable":true,"href":"https:\/\/dropandgo.nl\/de\/wp-json\/wp\/v2\/comments?post=3006"}],"version-history":[{"count":0,"href":"https:\/\/dropandgo.nl\/de\/wp-json\/wp\/v2\/pages\/3006\/revisions"}],"wp:attachment":[{"href":"https:\/\/dropandgo.nl\/de\/wp-json\/wp\/v2\/media?parent=3006"}],"curies":[{"name":"wp","href":"https:\/\/api.w.org\/{rel}","templated":true}]}}