{"id":4423,"date":"2023-12-31T19:33:58","date_gmt":"2023-12-31T18:33:58","guid":{"rendered":"https:\/\/dropandgo.nl\/datenschutz\/"},"modified":"2024-09-11T23:54:59","modified_gmt":"2024-09-11T21:54:59","slug":"datenschutz","status":"publish","type":"page","link":"https:\/\/dropandgo.nl\/de\/datenschutz\/","title":{"rendered":"Datenschutz"},"content":{"rendered":"<p>[et_pb_section fb_built=&#8220;1&#8243; admin_label=&#8220;Call to Action&#8220; _builder_version=&#8220;4.23&#8243; _module_preset=&#8220;default&#8220; background_image=&#8220;https:\/\/dropandgo.nl\/wp-content\/uploads\/2023\/12\/2-7a26e80d-b857-4a06-ba00-f7b6073f211a-824&#215;512.jpg&#8220; background_size=&#8220;custom&#8220; background_image_width=&#8220;50%&#8220; background_position=&#8220;center_right&#8220; custom_padding=&#8220;0px||0px||true|false&#8220; background_color_tablet=&#8220;#0099BE&#8220; background_last_edited=&#8220;on|desktop&#8220; background_enable_color_tablet=&#8220;on&#8220; background_enable_image_tablet=&#8220;off&#8220; collapsed=&#8220;on&#8220; global_colors_info=&#8220;{}&#8220;][et_pb_row column_structure=&#8220;1_2,1_2&#8243; use_custom_gutter=&#8220;on&#8220; gutter_width=&#8220;1&#8243; make_equal=&#8220;on&#8220; _builder_version=&#8220;4.23&#8243; _module_preset=&#8220;default&#8220; custom_padding=&#8220;0px||0px||true|false&#8220; box_shadow_style=&#8220;preset4&#8243; box_shadow_horizontal=&#8220;-30vw&#8220; box_shadow_vertical=&#8220;0px&#8220; box_shadow_color=&#8220;#0099BE&#8220; global_colors_info=&#8220;{}&#8220;][et_pb_column type=&#8220;1_2&#8243; _builder_version=&#8220;4.23&#8243; _module_preset=&#8220;default&#8220; background_color=&#8220;#0099BE&#8220; z_index=&#8220;10&#8243; custom_padding=&#8220;6vw|40px|6vw||true|false&#8220; custom_padding_tablet=&#8220;|0px|||true|false&#8220; custom_padding_phone=&#8220;40px|0px|40px||true|false&#8220; custom_padding_last_edited=&#8220;on|desktop&#8220; global_colors_info=&#8220;{%22gcid-34807b40-f97e-428a-90f8-6d5ad2ecd8cd%22:%91%22background_color%22%93}&#8220;][et_pb_text _builder_version=&#8220;4.23&#8243; _module_preset=&#8220;default&#8220; header_2_text_color=&#8220;#FFFFFF&#8220; background_layout=&#8220;dark&#8220; custom_margin=&#8220;||10px||false|false&#8220; global_colors_info=&#8220;{}&#8220;]<\/p>\n<h2><strong>Datenschutz<\/strong><\/h2>\n<h3>Deine Daten sind bei uns sicher.<\/h3>\n<p>[\/et_pb_text][et_pb_text _builder_version=&#8220;4.23&#8243; _module_preset=&#8220;default&#8220; background_layout=&#8220;dark&#8220; custom_margin=&#8220;||30px||false|false&#8220; global_colors_info=&#8220;{}&#8220;]Drop and Go, gelegen an der Prins Hendrikkade 86 in Amsterdam, ist f\u00fcr die Verarbeitung personenbezogener Daten verantwortlich, wie in dieser Datenschutzerkl\u00e4rung angegeben.[\/et_pb_text][\/et_pb_column][et_pb_column type=&#8220;1_2&#8243; _builder_version=&#8220;4.23&#8243; _module_preset=&#8220;default&#8220; background_image=&#8220;https:\/\/dropandgo.nl\/wp-content\/uploads\/2023\/12\/bg-sep-dblue.png&#8220; background_size=&#8220;contain&#8220; background_position=&#8220;center_left&#8220; background_last_edited=&#8220;off|tablet&#8220; global_colors_info=&#8220;{%22gcid-34807b40-f97e-428a-90f8-6d5ad2ecd8cd%22:%91%22background_color_gradient_stops%22%93}&#8220;][\/et_pb_column][\/et_pb_row][\/et_pb_section][et_pb_section fb_built=&#8220;1&#8243; _builder_version=&#8220;4.23&#8243; _module_preset=&#8220;default&#8220; custom_padding=&#8220;80px||80px||true|false&#8220; locked=&#8220;off&#8220; global_colors_info=&#8220;{}&#8220;][et_pb_row column_structure=&#8220;1_2,1_2&#8243; _builder_version=&#8220;4.23&#8243; _module_preset=&#8220;default&#8220; custom_padding=&#8220;60px||||false|false&#8220; global_colors_info=&#8220;{}&#8220;][et_pb_column type=&#8220;1_2&#8243; _builder_version=&#8220;4.23&#8243; _module_preset=&#8220;default&#8220; global_colors_info=&#8220;{}&#8220;][et_pb_text _builder_version=&#8220;4.23&#8243; _module_preset=&#8220;default&#8220; header_2_text_align=&#8220;left&#8220; custom_margin=&#8220;||40px||false|false&#8220; global_colors_info=&#8220;{}&#8220;]<\/p>\n<h3>Ziele und Grundlagen<\/strong><\/h3>\n<p> Drop and Go verarbeitet deine personenbezogenen Daten f\u00fcr folgende Zwecke: \u2013 Abwicklung von Zahlungen. \u2013 Um dich bei Bedarf anrufen oder per E-Mail kontaktieren zu k\u00f6nnen, um die Dienstleistungen zu erbringen. \u2013 Um dich \u00fcber \u00c4nderungen an Dienstleistungen und Produkten zu informieren. \u2013 Gesetzliche Verpflichtungen, wie z. B. Informationen, die wir f\u00fcr Steuererkl\u00e4rungen ben\u00f6tigen.[\/et_pb_text][et_pb_text _builder_version=&#8220;4.23&#8243; _module_preset=&#8220;default&#8220; header_2_text_align=&#8220;left&#8220; custom_margin=&#8220;||40px||false|false&#8220; custom_padding=&#8220;||0px|||&#8220; global_colors_info=&#8220;{}&#8220;]<\/p>\n<h3>Weitergabe an Dritte<\/strong><\/h3>\n<p> Drop and Go teilt deine personenbezogenen Daten mit verschiedenen Dritten, wenn dies f\u00fcr die Ausf\u00fchrung des Vertrags und zur Erf\u00fcllung gesetzlicher Verpflichtungen erforderlich ist. Wir schlie\u00dfen eine Auftragsverarbeitungsvereinbarung mit Unternehmen ab, die deine Daten in unserem Auftrag verarbeiten, um das gleiche Ma\u00df an Sicherheit und Vertraulichkeit dieser Daten zu gew\u00e4hrleisten. Drop and Go bleibt f\u00fcr diese Prozesse verantwortlich. Drop and Go gibt deine personenbezogenen Daten auch an andere Dritte weiter. Dies erfolgt jedoch nur mit deiner ausdr\u00fccklichen Zustimmung.[\/et_pb_text][et_pb_text _builder_version=&#8220;4.23&#8243; _module_preset=&#8220;default&#8220; header_2_text_align=&#8220;left&#8220; custom_margin=&#8220;||40px||false|false&#8220; global_colors_info=&#8220;{}&#8220;]<\/p>\n<h3>Besondere personenbezogene Daten<\/strong><\/h3>\n<p> Unsere Website und\/oder Dienstleistung beabsichtigt nicht, Daten \u00fcber Website-Besucher zu sammeln, die j\u00fcnger als 16 Jahre sind. Wir k\u00f6nnen jedoch nicht \u00fcberpr\u00fcfen, ob ein Besucher \u00e4lter als 16 ist. Daher raten wir Eltern, sich an den Online-Aktivit\u00e4ten ihrer Kinder zu beteiligen, um zu verhindern, dass Daten \u00fcber Kinder ohne elterliche Zustimmung gesammelt werden. Wenn du \u00fcberzeugt bist, dass wir personenbezogene Daten eines Minderj\u00e4hrigen ohne diese Zustimmung gesammelt haben, kontaktiere uns bitte unter info@dropandgo.nl, und wir werden diese Informationen l\u00f6schen.[\/et_pb_text][\/et_pb_column][et_pb_column type=&#8220;1_2&#8243; admin_label=&#8220;Column&#8220; _builder_version=&#8220;4.23&#8243; _module_preset=&#8220;default&#8220; global_colors_info=&#8220;{}&#8220;][et_pb_text _builder_version=&#8220;4.23&#8243; _module_preset=&#8220;default&#8220; header_2_text_align=&#8220;left&#8220; custom_margin=&#8220;||40px||false|false&#8220; global_colors_info=&#8220;{}&#8220;]<\/p>\n<h3>Verarbeitete personenbezogene Daten<\/strong><\/h3>\n<p> Drop and Go verarbeitet deine personenbezogenen Daten, weil du unsere Dienstleistungen nutzt und\/oder weil du uns diese Daten selbst zur Verf\u00fcgung stellst. Im Folgenden findest du eine \u00dcbersicht \u00fcber die von uns verarbeiteten personenbezogenen Daten.[\/et_pb_text][et_pb_blurb title=&#8220;Vor- und Nachname&#8220; use_icon=&#8220;on&#8220; font_icon=&#8220;&#x4e;||divi||400&#8243; icon_placement=&#8220;left&#8220; _builder_version=&#8220;4.23&#8243; _module_preset=&#8220;default&#8220; header_line_height=&#8220;1.7em&#8220; global_colors_info=&#8220;{}&#8220;][\/et_pb_blurb][et_pb_blurb title=&#8220;Telefonnummer&#8220; use_icon=&#8220;on&#8220; font_icon=&#8220;&#x4e;||divi||400&#8243; icon_placement=&#8220;left&#8220; _builder_version=&#8220;4.23&#8243; _module_preset=&#8220;default&#8220; header_line_height=&#8220;1.7em&#8220; global_colors_info=&#8220;{}&#8220;][\/et_pb_blurb][et_pb_blurb title=&#8220;E-Mail&#8220; use_icon=&#8220;on&#8220; font_icon=&#8220;&#x4e;||divi||400&#8243; icon_placement=&#8220;left&#8220; _builder_version=&#8220;4.23&#8243; _module_preset=&#8220;default&#8220; header_line_height=&#8220;1.7em&#8220; global_colors_info=&#8220;{}&#8220;][\/et_pb_blurb][et_pb_blurb title=&#8220;Firmenname&#8220; use_icon=&#8220;on&#8220; font_icon=&#8220;&#x4e;||divi||400&#8243; icon_placement=&#8220;left&#8220; _builder_version=&#8220;4.23&#8243; _module_preset=&#8220;default&#8220; header_line_height=&#8220;1.7em&#8220; global_colors_info=&#8220;{}&#8220;][\/et_pb_blurb][et_pb_blurb title=&#8220;IP-Adresse&#8220; use_icon=&#8220;on&#8220; font_icon=&#8220;&#x4e;||divi||400&#8243; icon_placement=&#8220;left&#8220; _builder_version=&#8220;4.23&#8243; _module_preset=&#8220;default&#8220; header_line_height=&#8220;1.7em&#8220; global_colors_info=&#8220;{}&#8220;][\/et_pb_blurb][et_pb_blurb title=&#8220;Browser und Ger\u00e4tetyp&#8220; use_icon=&#8220;on&#8220; font_icon=&#8220;&#x4e;||divi||400&#8243; icon_placement=&#8220;left&#8220; _builder_version=&#8220;4.23&#8243; _module_preset=&#8220;default&#8220; header_line_height=&#8220;1.7em&#8220; global_colors_info=&#8220;{}&#8220;][\/et_pb_blurb][et_pb_blurb title=&#8220;Andere personenbezogene Daten, die du aktiv bereitstellst, zum Beispiel in der Korrespondenz oder per Telefon&#8220; use_icon=&#8220;on&#8220; font_icon=&#8220;&#x4e;||divi||400&#8243; icon_placement=&#8220;left&#8220; _builder_version=&#8220;4.23&#8243; _module_preset=&#8220;default&#8220; header_line_height=&#8220;1.7em&#8220; global_colors_info=&#8220;{}&#8220;][\/et_pb_blurb][\/et_pb_column][\/et_pb_row][\/et_pb_section][et_pb_section fb_built=&#8220;1&#8243; admin_label=&#8220;Team&#8220; module_id=&#8220;team&#8220; _builder_version=&#8220;4.23&#8243; _module_preset=&#8220;default&#8220; background_color=&#8220;#0099BE&#8220; global_colors_info=&#8220;{}&#8220;][et_pb_row _builder_version=&#8220;4.23&#8243; _module_preset=&#8220;default&#8220; global_colors_info=&#8220;{}&#8220;][et_pb_column type=&#8220;4_4&#8243; _builder_version=&#8220;4.23&#8243; _module_preset=&#8220;default&#8220; global_colors_info=&#8220;{}&#8220;][et_pb_text _builder_version=&#8220;4.23&#8243; _module_preset=&#8220;default&#8220; header_2_text_align=&#8220;center&#8220; header_2_text_color=&#8220;#FFFFFF&#8220; text_orientation=&#8220;center&#8220; background_layout=&#8220;dark&#8220; global_colors_info=&#8220;{}&#8220;]<\/p>\n<h3>Verarbeitung personenbezogener Daten<\/h3>\n<p>Drop and Go speichert deine personenbezogenen Daten nicht l\u00e4nger als unbedingt erforderlich, um die Zwecke zu erf\u00fcllen, f\u00fcr die deine Daten erhoben wurden. Die folgenden Aufbewahrungsfristen gelten f\u00fcr die folgenden (Kategorien) von personenbezogenen Daten: <\/p>\n<p>[\/et_pb_text][et_pb_text _builder_version=&#8220;4.23&#8243; _module_preset=&#8220;default&#8220; background_layout=&#8220;dark&#8220; global_colors_info=&#8220;{}&#8220;]<\/p>\n<table>\n<tbody>\n<tr>\n<th style=\"color:#fff;\">Daten<\/th>\n<th style=\"color:#fff;\">Speicher<\/th>\n<th style=\"color:#fff;\">Grund<\/th>\n<\/tr>\n<tr>\n<td>Name, Telefonnummer, E-Mail-Adresse, Firmenname, Nachrichteninhalt<\/td>\n<td>Unbegrenzt, fr\u00fchere L\u00f6schung auf Anfrage (Recht auf Vergessenwerden)<\/td>\n<td>Kontakt, Versicherung, Verwaltung<\/td>\n<\/tr>\n<\/tbody>\n<\/table>\n<p>&nbsp;[\/et_pb_text][\/et_pb_column][\/et_pb_row][\/et_pb_section][et_pb_section fb_built=&#8220;1&#8243; _builder_version=&#8220;4.23&#8243; _module_preset=&#8220;default&#8220; custom_padding=&#8220;80px||80px||true|false&#8220; locked=&#8220;off&#8220; global_colors_info=&#8220;{}&#8220;][et_pb_row column_structure=&#8220;1_2,1_2&#8243; _builder_version=&#8220;4.23&#8243; _module_preset=&#8220;default&#8220; custom_padding=&#8220;60px||||false|false&#8220; global_colors_info=&#8220;{}&#8220;][et_pb_column type=&#8220;1_2&#8243; _builder_version=&#8220;4.23&#8243; _module_preset=&#8220;default&#8220; global_colors_info=&#8220;{}&#8220;][et_pb_text _builder_version=&#8220;4.23&#8243; _module_preset=&#8220;default&#8220; header_2_text_align=&#8220;left&#8220; custom_margin=&#8220;||40px||false|false&#8220; global_colors_info=&#8220;{}&#8220;]<\/p>\n<h3>Daten einsehen, anpassen oder l\u00f6schen<\/h3>\n<p> Du hast das Recht, deine personenbezogenen Daten einzusehen, zu korrigieren oder zu l\u00f6schen. Dar\u00fcber hinaus hast du das Recht, deine Einwilligung zur Datenverarbeitung zu widerrufen oder der Verarbeitung deiner personenbezogenen Daten durch Drop and Go zu widersprechen, und du hast das Recht auf Daten\u00fcbertragbarkeit. Das bedeutet, dass du uns eine Anfrage stellen kannst, um die von uns gespeicherten personenbezogenen Daten in einer Computerdatei an dich oder eine andere von dir genannte Organisation zu \u00fcbermitteln. Du kannst eine Anfrage auf Zugriff, Berichtigung, L\u00f6schung oder Daten\u00fcbertragung deiner pers\u00f6nlichen Daten oder eine Anfrage zum Widerruf deiner Einwilligung oder zum Widerspruch gegen die Verarbeitung deiner personenbezogenen Daten an info@dropandgo.nl senden. Um sicherzustellen, dass der Antrag auf Zugang von dir gestellt wurde, bitten wir dich, der Anfrage eine Kopie deines Identit\u00e4tsnachweises beizuf\u00fcgen. Schw\u00e4rze auf dieser Kopie dein Passfoto, die MRZ (maschinenlesbare Zone, der Streifen mit den Nummern unten im Pass), die Passnummer und die B\u00fcrger-Service-Nummer (BSN). Dies dient dem Schutz deiner Privatsph\u00e4re. Wir werden auf deine Anfrage so schnell wie m\u00f6glich, jedoch innerhalb von vier Wochen, antworten. Drop and Go m\u00f6chte dich auch darauf hinweisen, dass du die M\u00f6glichkeit hast, bei der nationalen Aufsichtsbeh\u00f6rde, der niederl\u00e4ndischen Datenschutzbeh\u00f6rde, eine Beschwerde einzureichen.[\/et_pb_text][\/et_pb_column][et_pb_column type=&#8220;1_2&#8243; admin_label=&#8220;Column&#8220; _builder_version=&#8220;4.23&#8243; _module_preset=&#8220;default&#8220; global_colors_info=&#8220;{}&#8220;][et_pb_text _builder_version=&#8220;4.23&#8243; _module_preset=&#8220;default&#8220; header_2_text_align=&#8220;left&#8220; custom_margin=&#8220;||40px||false|false&#8220; global_colors_info=&#8220;{}&#8220;]<\/p>\n<h3>Sicherheit<\/strong><\/h3>\n<p> Drop and Go nimmt den Schutz deiner Daten ernst und ergreift geeignete Ma\u00dfnahmen, um Missbrauch, Verlust, unbefugten Zugriff, unerw\u00fcnschte Offenlegung und unbefugte \u00c4nderungen zu verhindern. Wenn du das Gef\u00fchl hast, dass deine Daten nicht ausreichend gesichert sind oder es Hinweise auf Missbrauch gibt, kontaktiere uns bitte unter info@dropandgo.nl. Drop and Go hat die unten aufgef\u00fchrten Ma\u00dfnahmen zum Schutz deiner pers\u00f6nlichen Daten ergriffen.[\/et_pb_text][et_pb_blurb title=&#8220;Sicherheitssoftware, wie ein aktueller Virenscanner und eine Firewall.&#8220; use_icon=&#8220;on&#8220; font_icon=&#8220;&#x4e;||divi||400&#8243; icon_placement=&#8220;left&#8220; _builder_version=&#8220;4.23&#8243; _module_preset=&#8220;default&#8220; header_line_height=&#8220;1.7em&#8220; global_colors_info=&#8220;{}&#8220;][\/et_pb_blurb][et_pb_blurb title=&#8220;Kamerasystem\u00fcberwachung&#8220; use_icon=&#8220;on&#8220; font_icon=&#8220;&#x4e;||divi||400&#8243; icon_placement=&#8220;left&#8220; _builder_version=&#8220;4.23&#8243; _module_preset=&#8220;default&#8220; header_line_height=&#8220;1.7em&#8220; global_colors_info=&#8220;{}&#8220;][\/et_pb_blurb][et_pb_blurb title=&#8220;SSL. Wir senden deine ausgef\u00fcllten Informationen \u00fcber eine sichere Internetverbindung. &#8220; use_icon=&#8220;on&#8220; font_icon=&#8220;&#x4e;||divi||400&#8243; icon_placement=&#8220;left&#8220; _builder_version=&#8220;4.23&#8243; _module_preset=&#8220;default&#8220; header_line_height=&#8220;1.7em&#8220; global_colors_info=&#8220;{}&#8220;][\/et_pb_blurb][et_pb_blurb title=&#8220;Eingereichte Kontaktformulare werden nach 90 Tagen vom Webserver gel\u00f6scht.&#8220; use_icon=&#8220;on&#8220; font_icon=&#8220;&#x4e;||divi||400&#8243; icon_placement=&#8220;left&#8220; _builder_version=&#8220;4.23&#8243; _module_preset=&#8220;default&#8220; header_line_height=&#8220;1.7em&#8220; global_colors_info=&#8220;{}&#8220;][\/et_pb_blurb][et_pb_blurb title=&#8220;Sicherheit aller Ger\u00e4te und Online-L\u00f6sungen mit Zugang zu den bereitgestellten Daten.&#8220; use_icon=&#8220;on&#8220; font_icon=&#8220;&#x4e;||divi||400&#8243; icon_placement=&#8220;left&#8220; _builder_version=&#8220;4.23&#8243; _module_preset=&#8220;default&#8220; header_line_height=&#8220;1.7em&#8220; global_colors_info=&#8220;{}&#8220;][\/et_pb_blurb][\/et_pb_column][\/et_pb_row][\/et_pb_section]<\/p>\n","protected":false},"excerpt":{"rendered":"<p>Datenschutz Deine Daten sind bei uns sicher.Drop and Go, gelegen an der Prins Hendrikkade 86 in Amsterdam, ist f\u00fcr die Verarbeitung personenbezogener Daten verantwortlich, wie in dieser Datenschutzerkl\u00e4rung angegeben.Ziele und Grundlagen Drop and Go verarbeitet deine personenbezogenen Daten f\u00fcr folgende Zwecke: \u2013 Abwicklung von Zahlungen. \u2013 Um dich bei Bedarf anrufen oder per E-Mail kontaktieren [&hellip;]<\/p>\n","protected":false},"author":1,"featured_media":0,"parent":0,"menu_order":0,"comment_status":"closed","ping_status":"closed","template":"","meta":{"_seopress_robots_primary_cat":"","_seopress_titles_title":"","_seopress_titles_desc":"DropGo nimmt den Schutz deiner Daten ernst und ergreift Ma\u00dfnahmen, um Missbrauch, Verlust, unbefugten Zugriff, \u00c4nderungen und unerw\u00fcnschte Offenlegung zu verhindern.","_seopress_robots_index":"","_et_pb_use_builder":"on","_et_pb_old_content":"","_et_gb_content_width":"","footnotes":""},"class_list":["post-4423","page","type-page","status-publish","hentry"],"_links":{"self":[{"href":"https:\/\/dropandgo.nl\/de\/wp-json\/wp\/v2\/pages\/4423","targetHints":{"allow":["GET"]}}],"collection":[{"href":"https:\/\/dropandgo.nl\/de\/wp-json\/wp\/v2\/pages"}],"about":[{"href":"https:\/\/dropandgo.nl\/de\/wp-json\/wp\/v2\/types\/page"}],"author":[{"embeddable":true,"href":"https:\/\/dropandgo.nl\/de\/wp-json\/wp\/v2\/users\/1"}],"replies":[{"embeddable":true,"href":"https:\/\/dropandgo.nl\/de\/wp-json\/wp\/v2\/comments?post=4423"}],"version-history":[{"count":0,"href":"https:\/\/dropandgo.nl\/de\/wp-json\/wp\/v2\/pages\/4423\/revisions"}],"wp:attachment":[{"href":"https:\/\/dropandgo.nl\/de\/wp-json\/wp\/v2\/media?parent=4423"}],"curies":[{"name":"wp","href":"https:\/\/api.w.org\/{rel}","templated":true}]}}