{"id":2609,"date":"2023-12-01T00:53:49","date_gmt":"2023-11-30T23:53:49","guid":{"rendered":"https:\/\/dropandgo.nl\/terminos-y-condiciones\/"},"modified":"2024-07-09T06:00:44","modified_gmt":"2024-07-09T04:00:44","slug":"terminos-y-condiciones","status":"publish","type":"page","link":"https:\/\/dropandgo.nl\/es\/terminos-y-condiciones\/","title":{"rendered":"T\u00e9rminos y condiciones"},"content":{"rendered":"<p>[et_pb_section fb_built=\u00bb1&#8243; _builder_version=\u00bb4.23&#8243; _module_preset=\u00bbdefault\u00bb background_enable_color=\u00bboff\u00bb use_background_color_gradient=\u00bbon\u00bb background_color_gradient_direction=\u00bb90deg\u00bb background_color_gradient_stops=\u00bbrgba(0,0,0,0.46) 0%|rgba(0,0,0,0.31) 100%\u00bb background_color_gradient_overlays_image=\u00bbon\u00bb background_image=\u00bbhttps:\/\/dropandgo.nl\/wp-content\/uploads\/2023\/11\/78bae0af-d9d4-4015-ae11-458f0c9dd6f3_out-1920&#215;1200.jpg\u00bb background_enable_pattern_style=\u00bbon\u00bb background_pattern_style=\u00bbdiagonal-stripes\u00bb background_pattern_color=\u00bbrgba(0,0,0,0.04)\u00bb background_pattern_size=\u00bbcontain\u00bb custom_margin=\u00bb||||false|false\u00bb custom_padding=\u00bb40px||40px||true|false\u00bb global_colors_info=\u00bb{}\u00bb][et_pb_row _builder_version=\u00bb4.23&#8243; _module_preset=\u00bbdefault\u00bb background_enable_color=\u00bboff\u00bb custom_padding=\u00bb||||false|false\u00bb global_colors_info=\u00bb{}\u00bb][et_pb_column type=\u00bb4_4&#8243; _builder_version=\u00bb4.23&#8243; _module_preset=\u00bbdefault\u00bb global_colors_info=\u00bb{}\u00bb][et_pb_text _builder_version=\u00bb4.23&#8243; _module_preset=\u00bbdefault\u00bb text_text_color=\u00bb#FFFFFF\u00bb text_font_size=\u00bb23px\u00bb text_line_height=\u00bb1.5em\u00bb header_font=\u00bb|700|||||||\u00bb header_text_color=\u00bb#FFFFFF\u00bb header_font_size=\u00bb40px\u00bb header_line_height=\u00bb1.3em\u00bb header_2_text_align=\u00bbcenter\u00bb text_orientation=\u00bbcenter\u00bb global_colors_info=\u00bb{}\u00bb]<\/p>\n<h1>T\u00e9rminos y condiciones<\/h1>\n<p>[\/et_pb_text][\/et_pb_column][\/et_pb_row][\/et_pb_section][et_pb_section fb_built=\u00bb1&#8243; _builder_version=\u00bb4.23&#8243; _module_preset=\u00bbdefault\u00bb custom_padding=\u00bb80px||80px||true|false\u00bb global_colors_info=\u00bb{}\u00bb][et_pb_row column_structure=\u00bb1_2,1_2&#8243; _builder_version=\u00bb4.23&#8243; _module_preset=\u00bbdefault\u00bb global_colors_info=\u00bb{}\u00bb][et_pb_column type=\u00bb1_2&#8243; _builder_version=\u00bb4.23&#8243; _module_preset=\u00bbdefault\u00bb global_colors_info=\u00bb{}\u00bb][et_pb_text _builder_version=\u00bb4.25.1&#8243; _module_preset=\u00bbdefault\u00bb hover_enabled=\u00bb0&#8243; global_colors_info=\u00bb{}\u00bb sticky_enabled=\u00bb0&#8243;]1. El uso de la instalaci\u00f3n de almacenamiento es bajo el riesgo del usuario. El T\u00edtulo 9 del Libro 7 del C\u00f3digo Civil neerland\u00e9s sobre la \u201ccustodia\u201d (bewaarneming) no se aplica al acuerdo entre Drop&amp;Go y los usuarios del almacenamiento de equipaje. <\/p>\n<p>2. Los precios por el uso del almacenamiento de equipaje son fijos por cada 24 horas y se basan en el tama\u00f1o de cada art\u00edculo. Pueden aplicarse tarifas adicionales para art\u00edculos muy pesados para evitar levantar objetos pesados por parte de nuestros empleados. Los art\u00edculos y su contenido no deben exceder un valor total de 500 \u20ac. Drop&amp;Go no se hace responsable de los art\u00edculos da\u00f1ados o faltantes valorados en m\u00e1s de 500 \u20ac.[\/et_pb_text][\/et_pb_column][et_pb_column type=\u00bb1_2&#8243; _builder_version=\u00bb4.23&#8243; _module_preset=\u00bbdefault\u00bb global_colors_info=\u00bb{}\u00bb][et_pb_image src=\u00bbhttps:\/\/dropandgo.nl\/wp-content\/uploads\/2023\/12\/amsterdam-luggage.jpeg\u00bb title_text=\u00bbGuarda equipajes Amsterdam\u00bb align=\u00bbcenter\u00bb force_fullwidth=\u00bbon\u00bb _builder_version=\u00bb4.23&#8243; _module_preset=\u00bbdefault\u00bb border_radii=\u00bbon|45px|45px|45px|45px\u00bb global_colors_info=\u00bb{}\u00bb][\/et_pb_image][\/et_pb_column][\/et_pb_row][et_pb_row _builder_version=\u00bb4.23&#8243; _module_preset=\u00bbdefault\u00bb global_colors_info=\u00bb{}\u00bb][et_pb_column type=\u00bb4_4&#8243; _builder_version=\u00bb4.23&#8243; _module_preset=\u00bbdefault\u00bb global_colors_info=\u00bb{}\u00bb][et_pb_text _builder_version=\u00bb4.25.1&#8243; _module_preset=\u00bbdefault\u00bb hover_enabled=\u00bb0&#8243; global_colors_info=\u00bb{}\u00bb sticky_enabled=\u00bb0&#8243;]3. Los clientes deben asegurarse de que sus art\u00edculos est\u00e9n empaquetados y cerrados de manera segura. Drop&amp;Go no se hace responsable de los art\u00edculos que se da\u00f1en o falten debido a un mal embalaje. <\/p>\n<p>4. Drop&amp;Go acepta tarjetas de d\u00e9bito, tarjetas de cr\u00e9dito y efectivo. No se proporcionar\u00e1n reembolsos una vez realizado el pago, excepto seg\u00fan lo exija la ley o se acuerde por una raz\u00f3n v\u00e1lida. <\/p>\n<p>5. Drop&amp;Go se reserva el derecho de inspeccionar el contenido de los art\u00edculos. Los clientes tienen prohibido almacenar art\u00edculos ilegales, peligrosos, perecederos o inflamables, incluidos explosivos, armas de fuego y sustancias prohibidas por la ley. Drop&amp;Go puede rechazar art\u00edculos que sean demasiado valiosos, demasiado grandes o que tengan contenidos potencialmente peligrosos. Cada cliente indemniza a Drop&amp;Go contra da\u00f1os causados por el contenido de los art\u00edculos puestos en almacenamiento.   <\/p>\n<p>6. Drop&amp;Go proporcionar\u00e1 un recibo por art\u00edculo. Todos los art\u00edculos deben estar etiquetados por separado. La devoluci\u00f3n de los art\u00edculos solo se realizar\u00e1 tras la presentaci\u00f3n del recibo a un empleado de Drop&amp;Go. Las mismas reglas se aplican para la devoluci\u00f3n temporal de art\u00edculos.   <\/p>\n<p>7. Drop&amp;Go se reserva el derecho de verificar la identidad de cualquier persona que reclame art\u00edculos. Si se pierde un ticket, se pedir\u00e1 a los clientes que nombren tres art\u00edculos espec\u00edficos en su equipaje para su identificaci\u00f3n. Si alguien m\u00e1s encuentra el ticket, puede recoger el art\u00edculo. Sin embargo, si Drop&amp;Go duda sobre el leg\u00edtimo propietario del equipaje, a\u00fan se deber\u00e1n nombrar tres art\u00edculos en el bolso.   <\/p>\n<p>8. Drop&amp;Go tomar\u00e1 todas las medidas razonables para cuidar los art\u00edculos almacenados, protegerlos y devolverlos en buen estado. Sin embargo, Drop&amp;Go no puede garantizar que todos los art\u00edculos siempre se devolver\u00e1n sin da\u00f1os. <\/p>\n<p>9. Los clientes pueden acceder a su equipaje almacenado para agregar o retirar art\u00edculos del mismo art\u00edculo etiquetado sin costo adicional. Este acceso est\u00e1 permitido solo durante el horario de apertura y si se han pagado las tarifas de almacenamiento hasta ese momento. <\/p>\n<p>10. Drop&amp;Go no es responsable de los da\u00f1os causados por el cliente, excepto por los da\u00f1os causados intencionalmente o por negligencia grave por parte de Drop&amp;Go o sus empleados. La responsabilidad por da\u00f1os indirectos est\u00e1 excluida. La responsabilidad de Drop&amp;Go est\u00e1 limitada a 500 \u20ac por art\u00edculo (incluidos los contenidos) en cualquier momento.  <\/p>\n<p>11. El equipaje se conservar\u00e1 durante un m\u00e1ximo de 1 mes, a menos que se acuerde lo contrario por adelantado. Los art\u00edculos no reclamados despu\u00e9s de este per\u00edodo pueden considerarse abandonados y ser desechados a discreci\u00f3n de Drop&amp;Go. <\/p>\n<p>12. Servicio de llaves: es responsabilidad del anfitri\u00f3n informar a los hu\u00e9spedes sobre la ubicaci\u00f3n de recogida de las llaves y el horario de apertura de la tienda. El servicio de llaves de Drop&amp;Go se ofrece solo durante el horario de apertura. Los hu\u00e9spedes deben proporcionar una identificaci\u00f3n v\u00e1lida al recoger las llaves.  <\/p>\n<p>13. Drop&amp;Go no es responsable de los costos incurridos si los clientes no recogen sus pertenencias dentro del horario de apertura.<\/p>\n<p>14. rop&amp;Go se compromete a proteger la privacidad de sus clientes. La informaci\u00f3n personal recopilada se utilizar\u00e1 \u00fanicamente para proporcionar servicios y no se compartir\u00e1 con terceros sin consentimiento, excepto seg\u00fan lo exija la ley. <\/p>\n<p>15. Los clientes deben comportarse de manera respetuosa y legal en las instalaciones de Drop&amp;Go. Un comportamiento inapropiado puede resultar en la denegaci\u00f3n del servicio. <\/p>\n<p>16. Drop&amp;Go no es responsable de ning\u00fan incumplimiento de sus obligaciones debido a eventos que est\u00e9n fuera de su control razonable, incluidos, entre otros, desastres naturales, pandemias, huelgas o acciones gubernamentales.<\/p>\n<p>17. Drop&amp;Go se reserva el derecho de modificar estos t\u00e9rminos y condiciones en cualquier momento.[\/et_pb_text][\/et_pb_column][\/et_pb_row][\/et_pb_section]<\/p>\n","protected":false},"excerpt":{"rendered":"<p>T\u00e9rminos y condiciones1. El uso de la instalaci\u00f3n de almacenamiento es bajo el riesgo del usuario. El T\u00edtulo 9 del Libro 7 del C\u00f3digo Civil neerland\u00e9s sobre la \u201ccustodia\u201d (bewaarneming) no se aplica al acuerdo entre Drop&amp;Go y los usuarios del almacenamiento de equipaje. 2. Los precios por el uso del almacenamiento de equipaje son [&hellip;]<\/p>\n","protected":false},"author":1,"featured_media":0,"parent":0,"menu_order":0,"comment_status":"closed","ping_status":"closed","template":"","meta":{"_seopress_robots_primary_cat":"","_seopress_titles_title":"T\u00e9rminos y condiciones - Drop&Go ","_seopress_titles_desc":"En esta p\u00e1gina encontrar\u00e1s las condiciones de Drop&Go Amsterdam.","_seopress_robots_index":"","_et_pb_use_builder":"on","_et_pb_old_content":"","_et_gb_content_width":"","footnotes":""},"class_list":["post-2609","page","type-page","status-publish","hentry"],"_links":{"self":[{"href":"https:\/\/dropandgo.nl\/es\/wp-json\/wp\/v2\/pages\/2609","targetHints":{"allow":["GET"]}}],"collection":[{"href":"https:\/\/dropandgo.nl\/es\/wp-json\/wp\/v2\/pages"}],"about":[{"href":"https:\/\/dropandgo.nl\/es\/wp-json\/wp\/v2\/types\/page"}],"author":[{"embeddable":true,"href":"https:\/\/dropandgo.nl\/es\/wp-json\/wp\/v2\/users\/1"}],"replies":[{"embeddable":true,"href":"https:\/\/dropandgo.nl\/es\/wp-json\/wp\/v2\/comments?post=2609"}],"version-history":[{"count":0,"href":"https:\/\/dropandgo.nl\/es\/wp-json\/wp\/v2\/pages\/2609\/revisions"}],"wp:attachment":[{"href":"https:\/\/dropandgo.nl\/es\/wp-json\/wp\/v2\/media?parent=2609"}],"curies":[{"name":"wp","href":"https:\/\/api.w.org\/{rel}","templated":true}]}}