{"id":3009,"date":"2023-12-01T01:18:02","date_gmt":"2023-12-01T00:18:02","guid":{"rendered":"https:\/\/dropandgo.nl\/politica-de-cookies\/"},"modified":"2024-07-09T05:42:32","modified_gmt":"2024-07-09T03:42:32","slug":"politica-de-cookies","status":"publish","type":"page","link":"https:\/\/dropandgo.nl\/es\/politica-de-cookies\/","title":{"rendered":"Pol\u00edtica de cookies"},"content":{"rendered":"<p>[et_pb_section fb_built=\u00bb1&#8243; _builder_version=\u00bb4.23&#8243; _module_preset=\u00bbdefault\u00bb background_enable_color=\u00bboff\u00bb use_background_color_gradient=\u00bbon\u00bb background_color_gradient_direction=\u00bb90deg\u00bb background_color_gradient_stops=\u00bbrgba(0,0,0,0.46) 0%|rgba(0,0,0,0.31) 100%\u00bb background_color_gradient_overlays_image=\u00bbon\u00bb background_image=\u00bbhttps:\/\/dropandgo.nl\/wp-content\/uploads\/2023\/11\/78bae0af-d9d4-4015-ae11-458f0c9dd6f3_out-1920&#215;1200.jpg\u00bb background_enable_pattern_style=\u00bbon\u00bb background_pattern_style=\u00bbdiagonal-stripes\u00bb background_pattern_color=\u00bbrgba(0,0,0,0.04)\u00bb background_pattern_size=\u00bbcontain\u00bb custom_margin=\u00bb||||false|false\u00bb custom_padding=\u00bb40px||40px||true|false\u00bb global_colors_info=\u00bb{}\u00bb][et_pb_row _builder_version=\u00bb4.23&#8243; _module_preset=\u00bbdefault\u00bb background_enable_color=\u00bboff\u00bb custom_padding=\u00bb||||false|false\u00bb global_colors_info=\u00bb{}\u00bb][et_pb_column type=\u00bb4_4&#8243; _builder_version=\u00bb4.23&#8243; _module_preset=\u00bbdefault\u00bb global_colors_info=\u00bb{}\u00bb][et_pb_text _builder_version=\u00bb4.23&#8243; _module_preset=\u00bbdefault\u00bb text_text_color=\u00bb#FFFFFF\u00bb text_font_size=\u00bb23px\u00bb text_line_height=\u00bb1.5em\u00bb header_font=\u00bb|700|||||||\u00bb header_text_color=\u00bb#FFFFFF\u00bb header_font_size=\u00bb40px\u00bb header_line_height=\u00bb1.3em\u00bb header_2_text_align=\u00bbcenter\u00bb text_orientation=\u00bbcenter\u00bb global_colors_info=\u00bb{}\u00bb]<\/p>\n<h1>Cookies<\/h1>\n<p>[\/et_pb_text][et_pb_text _builder_version=\u00bb4.23&#8243; _module_preset=\u00bbdefault\u00bb text_text_color=\u00bb#FFFFFF\u00bb text_font_size=\u00bb23px\u00bb text_line_height=\u00bb1.5em\u00bb header_font=\u00bb|700|||||||\u00bb header_text_color=\u00bb#FFFFFF\u00bb header_font_size=\u00bb40px\u00bb header_line_height=\u00bb1.3em\u00bb header_2_text_align=\u00bbcenter\u00bb text_orientation=\u00bbcenter\u00bb global_colors_info=\u00bb{}\u00bb]<\/p>\n<p>Delicioso.<\/p>\n<p>[\/et_pb_text][\/et_pb_column][\/et_pb_row][\/et_pb_section][et_pb_section fb_built=\u00bb1&#8243; _builder_version=\u00bb4.23&#8243; _module_preset=\u00bbdefault\u00bb custom_padding=\u00bb80px||80px||true|false\u00bb global_colors_info=\u00bb{}\u00bb][et_pb_row _builder_version=\u00bb4.23&#8243; _module_preset=\u00bbdefault\u00bb global_colors_info=\u00bb{}\u00bb][et_pb_column type=\u00bb4_4&#8243; _builder_version=\u00bb4.23&#8243; _module_preset=\u00bbdefault\u00bb global_colors_info=\u00bb{}\u00bb][et_pb_text _builder_version=\u00bb4.25.2&#8243; _module_preset=\u00bbdefault\u00bb hover_enabled=\u00bb0&#8243; global_colors_info=\u00bb{}\u00bb sticky_enabled=\u00bb0&#8243;]<\/p>\n<p><strong>Actualizado:<\/strong> 02.07.2024<\/p>\n<p>&nbsp;<\/p>\n<h3>\u00bfQu\u00e9 son las cookies?<\/h3>\n<p>Las cookies y tecnolog\u00edas similares son documentos de texto o fragmentos de c\u00f3digo muy peque\u00f1os que a menudo contienen un c\u00f3digo de identificaci\u00f3n \u00fanico. Cuando visitas un sitio web o utilizas una aplicaci\u00f3n m\u00f3vil, un ordenador pide permiso a tu ordenador o dispositivo m\u00f3vil para guardar este archivo en tu ordenador o dispositivo m\u00f3vil y acceder a la informaci\u00f3n. La informaci\u00f3n recopilada a trav\u00e9s de cookies y tecnolog\u00edas similares puede incluir la fecha y hora de la visita y c\u00f3mo utilizas un sitio web o una aplicaci\u00f3n m\u00f3vil concretos.<\/p>\n<p>&nbsp;<\/p>\n<h3>Por qu\u00e9 utilizamos cookies<\/h3>\n<p>Las cookies garantizan que durante tu visita a nuestra tienda online permanezcas conectado, que todos los art\u00edculos permanezcan almacenados en tu cesta de la compra, que puedas comprar con seguridad y que el sitio web siga funcionando sin problemas. Las cookies tambi\u00e9n garantizan que podamos ver c\u00f3mo se utiliza nuestro sitio web y c\u00f3mo podemos mejorarlo. Adem\u00e1s, en funci\u00f3n de tus preferencias, se pueden utilizar nuestras propias cookies para presentarte anuncios espec\u00edficos que coincidan con tus intereses personales.<\/p>\n<p>&nbsp;<\/p>\n<h3>\u00bfQu\u00e9 tipo de cookies utilizamos?<\/h3>\n<p><strong><\/strong><\/p>\n<p><strong>Cookies necesarias<\/strong><br \/>Estas cookies son necesarias para que el sitio web funcione correctamente. Algunas de las siguientes acciones se pueden realizar utilizando estas cookies.<\/p>\n<table>\n<thead>\n<tr>\n<th>Cookie<\/th>\n<th>Dominio<\/th>\n<th>Vigencia<\/th>\n<th>Descripci\u00f3n<\/th>\n<\/tr>\n<\/thead>\n<tbody>\n<tr>\n<td>wordpress_test_cookie<\/td>\n<td>dropandgo.nl<\/td>\n<td>Sesi\u00f3n<\/td>\n<td>Se utiliza en sitios creados con WordPress. Comprueba si el navegador tiene activadas las cookies<\/td>\n<\/tr>\n<\/tbody>\n<\/table>\n<p><strong><\/strong><\/p>\n<p><strong>Cookies de rendimiento<\/strong><br \/>Estas cookies se utilizan para recopilar informaci\u00f3n estad\u00edstica sobre el uso de nuestro sitio web, tambi\u00e9n llamadas cookies anal\u00edticas. Utilizamos estos datos para el rendimiento y la optimizaci\u00f3n del sitio web.<\/p>\n<table>\n<thead>\n<tr>\n<th>Cookie<\/th>\n<th>Dominio<\/th>\n<th>Vigencia<\/th>\n<th>Descripci\u00f3n<\/th>\n<\/tr>\n<\/thead>\n<tbody>\n<tr>\n<td>_ga_<\/td>\n<td>.dropandgo.nl<\/td>\n<td>1 a\u00f1o 1 mes<\/td>\n<td>Esta cookie es utilizada por Google Analytics para mantener el estado de la sesi\u00f3n.<\/td>\n<\/tr>\n<tr>\n<td>_ga<\/td>\n<td>.dropandgo.nl<\/td>\n<td>1 a\u00f1o 1 mes<\/td>\n<td>Este nombre de cookie est\u00e1 asociado a Google Universal Analytics, que es una actualizaci\u00f3n significativa del servicio de an\u00e1lisis m\u00e1s utilizado de Google. Esta cookie se utiliza para distinguir usuarios \u00fanicos asign\u00e1ndoles un n\u00famero generado aleatoriamente como identificador de cliente. Se incluye en cada solicitud de p\u00e1gina de un sitio y se utiliza para calcular los datos de visitantes, sesiones y campa\u00f1as para los informes anal\u00edticos de los sitios.<\/td>\n<\/tr>\n<\/tbody>\n<\/table>\n<p><strong><\/strong><\/p>\n<p><strong>Cookies funcionales<\/strong><br \/>Estas cookies permiten una mayor funcionalidad para los visitantes de nuestro sitio web.<\/p>\n<table>\n<thead>\n<tr>\n<th>Cookie<\/th>\n<th>Dominio<\/th>\n<th>Vigencia<\/th>\n<th>Descripci\u00f3n<\/th>\n<\/tr>\n<\/thead>\n<tbody>\n<tr>\n<td>wp-wpml_current_language<\/td>\n<td>dropandgo.nl<\/td>\n<td>Sesi\u00f3n<\/td>\n<td>Almacena el idioma actual. Por defecto, esta cookie s\u00f3lo se establece para los usuarios registrados. Si activas la cookie de idioma para admitir el filtrado AJAX, esta cookie tambi\u00e9n se establecer\u00e1 para los usuarios que no hayan iniciado sesi\u00f3n.<\/td>\n<\/tr>\n<\/tbody>\n<\/table>\n<p><strong><\/strong><\/p>\n<p><strong>Publicidad \/ cookies de seguimiento<\/strong><br \/>Estas cookies son instaladas por socios publicitarios externos y se utilizan para elaborar perfiles y rastrear datos en varios sitios web. Si aceptas estas cookies, podemos mostrar nuestros anuncios en otros sitios web bas\u00e1ndonos en tu perfil de usuario y tus preferencias. Estas cookies tambi\u00e9n guardan datos sobre cu\u00e1ntos visitantes han visto o han hecho clic en nuestros anuncios para optimizar las campa\u00f1as publicitarias.<\/p>\n<table>\n<thead>\n<tr>\n<th>Cookie<\/th>\n<th>Dominio<\/th>\n<th>Vigencia<\/th>\n<th>Descripci\u00f3n<\/th>\n<\/tr>\n<\/thead>\n<tbody>\n<tr>\n<td>_gcl_au<\/td>\n<td>.dropandgo.nl<\/td>\n<td>3 meses<\/td>\n<td>Utilizado por Google AdSense para experimentar con la eficacia de los anuncios en los sitios web que utilizan sus servicios<\/td>\n<\/tr>\n<\/tbody>\n<\/table>\n<p>[\/et_pb_text][\/et_pb_column][\/et_pb_row][\/et_pb_section]<\/p>\n","protected":false},"excerpt":{"rendered":"<p>CookiesDelicioso.Actualizado: 02.07.2024 &nbsp; \u00bfQu\u00e9 son las cookies? Las cookies y tecnolog\u00edas similares son documentos de texto o fragmentos de c\u00f3digo muy peque\u00f1os que a menudo contienen un c\u00f3digo de identificaci\u00f3n \u00fanico. Cuando visitas un sitio web o utilizas una aplicaci\u00f3n m\u00f3vil, un ordenador pide permiso a tu ordenador o dispositivo m\u00f3vil para guardar este archivo [&hellip;]<\/p>\n","protected":false},"author":1,"featured_media":0,"parent":0,"menu_order":0,"comment_status":"closed","ping_status":"closed","template":"","meta":{"_seopress_robots_primary_cat":"","_seopress_titles_title":"","_seopress_titles_desc":"","_seopress_robots_index":"","_et_pb_use_builder":"on","_et_pb_old_content":"","_et_gb_content_width":"","footnotes":""},"class_list":["post-3009","page","type-page","status-publish","hentry"],"_links":{"self":[{"href":"https:\/\/dropandgo.nl\/es\/wp-json\/wp\/v2\/pages\/3009","targetHints":{"allow":["GET"]}}],"collection":[{"href":"https:\/\/dropandgo.nl\/es\/wp-json\/wp\/v2\/pages"}],"about":[{"href":"https:\/\/dropandgo.nl\/es\/wp-json\/wp\/v2\/types\/page"}],"author":[{"embeddable":true,"href":"https:\/\/dropandgo.nl\/es\/wp-json\/wp\/v2\/users\/1"}],"replies":[{"embeddable":true,"href":"https:\/\/dropandgo.nl\/es\/wp-json\/wp\/v2\/comments?post=3009"}],"version-history":[{"count":0,"href":"https:\/\/dropandgo.nl\/es\/wp-json\/wp\/v2\/pages\/3009\/revisions"}],"wp:attachment":[{"href":"https:\/\/dropandgo.nl\/es\/wp-json\/wp\/v2\/media?parent=3009"}],"curies":[{"name":"wp","href":"https:\/\/api.w.org\/{rel}","templated":true}]}}