{"id":3152,"date":"2023-12-15T22:40:22","date_gmt":"2023-12-15T21:40:22","guid":{"rendered":"https:\/\/dropandgo.nl\/sobre-dropgo-amsterdam\/"},"modified":"2025-06-05T16:17:39","modified_gmt":"2025-06-05T14:17:39","slug":"sobre-dropgo-amsterdam","status":"publish","type":"page","link":"https:\/\/dropandgo.nl\/es\/sobre-dropgo-amsterdam\/","title":{"rendered":"Sobre Drop&amp;Go Amsterdam"},"content":{"rendered":"<p>[et_pb_section fb_built=\u00bb1&#8243; admin_label=\u00bbCall to Action\u00bb _builder_version=\u00bb4.23&#8243; _module_preset=\u00bbdefault\u00bb background_image=\u00bbhttps:\/\/dropandgo.nl\/wp-content\/uploads\/2023\/12\/dg-team-kimmy.jpeg\u00bb background_size=\u00bbcustom\u00bb background_image_width=\u00bb50%\u00bb background_position=\u00bbcenter_right\u00bb custom_padding=\u00bb0px||0px||true|false\u00bb background_color_tablet=\u00bb#0099BE\u00bb background_last_edited=\u00bbon|desktop\u00bb background_enable_color_tablet=\u00bbon\u00bb background_enable_image_tablet=\u00bboff\u00bb collapsed=\u00bbon\u00bb global_colors_info=\u00bb{}\u00bb][et_pb_row column_structure=\u00bb1_2,1_2&#8243; use_custom_gutter=\u00bbon\u00bb gutter_width=\u00bb1&#8243; make_equal=\u00bbon\u00bb _builder_version=\u00bb4.23&#8243; _module_preset=\u00bbdefault\u00bb custom_padding=\u00bb0px||0px||true|false\u00bb box_shadow_style=\u00bbpreset4&#8243; box_shadow_horizontal=\u00bb-30vw\u00bb box_shadow_vertical=\u00bb0px\u00bb box_shadow_color=\u00bb#0099BE\u00bb global_colors_info=\u00bb{}\u00bb][et_pb_column type=\u00bb1_2&#8243; _builder_version=\u00bb4.23&#8243; _module_preset=\u00bbdefault\u00bb background_color=\u00bb#0099BE\u00bb z_index=\u00bb10&#8243; custom_padding=\u00bb6vw|40px|6vw||true|false\u00bb custom_padding_tablet=\u00bb|0px|||true|false\u00bb custom_padding_phone=\u00bb40px|0px|40px||true|false\u00bb custom_padding_last_edited=\u00bbon|desktop\u00bb global_colors_info=\u00bb{%22gcid-34807b40-f97e-428a-90f8-6d5ad2ecd8cd%22:%91%22background_color%22%93}\u00bb][et_pb_text _builder_version=\u00bb4.23&#8243; _module_preset=\u00bbdefault\u00bb header_2_text_color=\u00bb#FFFFFF\u00bb background_layout=\u00bbdark\u00bb custom_margin=\u00bb||10px||false|false\u00bb global_colors_info=\u00bb{}\u00bb]<\/p>\n<h2><strong>Sobre Drop&amp;Go<\/strong><\/h2>\n<h3>Por supuesto, quieres saber con qui\u00e9n est\u00e1s dejando tus valiosas pertenencias.<\/h3>\n<p>[\/et_pb_text][et_pb_text _builder_version=\u00bb4.23&#8243; _module_preset=\u00bbdefault\u00bb background_layout=\u00bbdark\u00bb custom_margin=\u00bb||30px||false|false\u00bb global_colors_info=\u00bb{}\u00bb]<\/p>\n<p>Conozca al equipo de Drop&amp;Go: \u00a1sus amigables expertos locales en \u00c1msterdam! Nos dedicamos a proporcionar un lugar seguro para su equipaje mientras a\u00f1adimos un toque personal a su d\u00eda. Pase por aqu\u00ed y perm\u00edtanos quitarle el peso de encima con una sonrisa y algunos consejos de expertos sobre las joyas ocultas de \u00c1msterdam.  <\/p>\n<p>[\/et_pb_text][et_pb_button button_url=\u00bb#team\u00bb button_text=\u00bbConoce al equipo de Drop&amp;Go\u00bb _builder_version=\u00bb4.23&#8243; _module_preset=\u00bbdefault\u00bb global_colors_info=\u00bb{}\u00bb][\/et_pb_button][\/et_pb_column][et_pb_column type=\u00bb1_2&#8243; _builder_version=\u00bb4.23&#8243; _module_preset=\u00bbdefault\u00bb background_image=\u00bbhttps:\/\/dropandgo.nl\/wp-content\/uploads\/2023\/12\/bg-sep-dblue.png\u00bb background_size=\u00bbcontain\u00bb background_position=\u00bbcenter_left\u00bb background_last_edited=\u00bboff|tablet\u00bb global_colors_info=\u00bb{%22gcid-34807b40-f97e-428a-90f8-6d5ad2ecd8cd%22:%91%22background_color_gradient_stops%22%93}\u00bb][\/et_pb_column][\/et_pb_row][\/et_pb_section][et_pb_section fb_built=\u00bb1&#8243; _builder_version=\u00bb4.23&#8243; _module_preset=\u00bbdefault\u00bb custom_padding=\u00bb80px||80px||true|false\u00bb locked=\u00bboff\u00bb global_colors_info=\u00bb{}\u00bb][et_pb_row column_structure=\u00bb1_5,3_5,1_5&#8243; _builder_version=\u00bb4.23&#8243; _module_preset=\u00bbdefault\u00bb custom_padding=\u00bb60px||||false|false\u00bb global_colors_info=\u00bb{}\u00bb][et_pb_column type=\u00bb1_5&#8243; _builder_version=\u00bb4.23&#8243; _module_preset=\u00bbdefault\u00bb global_colors_info=\u00bb{}\u00bb][\/et_pb_column][et_pb_column type=\u00bb3_5&#8243; admin_label=\u00bbColumna\u00bb _builder_version=\u00bb4.23&#8243; _module_preset=\u00bbdefault\u00bb global_colors_info=\u00bb{}\u00bb][et_pb_text _builder_version=\u00bb4.23&#8243; _module_preset=\u00bbdefault\u00bb header_2_text_align=\u00bbleft\u00bb global_colors_info=\u00bb{}\u00bb]<\/p>\n<h2>La \u00fanica instalaci\u00f3n de almacenamiento con un <strong>toque personal<\/strong>.<\/h2>\n<p>[\/et_pb_text][et_pb_text _builder_version=\u00bb4.23&#8243; _module_preset=\u00bbdefault\u00bb global_colors_info=\u00bb{}\u00bb]<\/p>\n<p>En Drop&amp;Go, estamos orgullosos de nuestro viaje, que comenz\u00f3 en 2014. Fundamos esta empresa con la visi\u00f3n de <strong>revolucionar el almacenamiento de equipaje<\/strong> en \u00c1msterdam y asegurarnos de que la experiencia de cada viajero sea sin preocupaciones e inolvidable. A lo largo de los a\u00f1os, hemos tenido el privilegio de almacenar de forma segura m\u00e1s de 350,000 piezas de equipaje de visitantes de todo el mundo.  <\/p>\n<p>Nuestra historia comenz\u00f3 con una idea simple: ofrecer un almacenamiento de equipaje cerca de la estaci\u00f3n central que no solo proporcionara un puerto seguro para tus pertenencias, sino que tambi\u00e9n agregara un <strong>toque personal para enriquecer tu aventura en \u00c1msterdam<\/strong>. Entendemos que llegar a una nueva ciudad, especialmente para los visitantes por primera vez, puede ser emocionante y abrumador al mismo tiempo. Por eso siempre creemos en ir m\u00e1s all\u00e1 del simple almacenamiento de equipaje. Estamos aqu\u00ed para ayudarte a explorar \u00c1msterdam, compartir nuestras perspectivas locales, hacer recomendaciones y hacer que tu estancia en \u00c1msterdam sea memorable.   <\/p>\n<p>Desde nuestros fundadores hasta cada miembro de nuestro dedicado equipo, nos esforzamos por asegurarnos de que tu experiencia con nosotros sea excepcional. Entonces, ya sea que est\u00e9s explorando las animadas calles de \u00c1msterdam por primera vez o regresando a esta hermosa ciudad, estamos listos para simplificar tu viaje paso a paso.  <br \/><strong>Bienvenido a Drop&amp;Go, donde tu viaje es nuestra prioridad.<\/strong><\/p>\n<p>[\/et_pb_text][\/et_pb_column][et_pb_column type=\u00bb1_5&#8243; admin_label=\u00bbColumna\u00bb _builder_version=\u00bb4.23&#8243; _module_preset=\u00bbdefault\u00bb global_colors_info=\u00bb{}\u00bb][\/et_pb_column][\/et_pb_row][\/et_pb_section][et_pb_section fb_built=\u00bb1&#8243; admin_label=\u00bbTeam\u00bb module_id=\u00bbteam\u00bb _builder_version=\u00bb4.23&#8243; _module_preset=\u00bbdefault\u00bb background_color=\u00bb#0099BE\u00bb global_colors_info=\u00bb{}\u00bb][et_pb_row _builder_version=\u00bb4.23&#8243; _module_preset=\u00bbdefault\u00bb global_colors_info=\u00bb{}\u00bb][et_pb_column type=\u00bb4_4&#8243; _builder_version=\u00bb4.23&#8243; _module_preset=\u00bbdefault\u00bb global_colors_info=\u00bb{}\u00bb][et_pb_text _builder_version=\u00bb4.23&#8243; _module_preset=\u00bbdefault\u00bb header_2_text_align=\u00bbcenter\u00bb header_2_text_color=\u00bb#FFFFFF\u00bb text_orientation=\u00bbcenter\u00bb global_colors_info=\u00bb{}\u00bb]<\/p>\n<h2>Nuestro <strong>dedicado<\/strong> equipo de expertos locales.<\/h2>\n<p>[\/et_pb_text][\/et_pb_column][\/et_pb_row][et_pb_row column_structure=\u00bb1_4,1_4,1_4,1_4&#8243; _builder_version=\u00bb4.23&#8243; _module_preset=\u00bbdefault\u00bb global_colors_info=\u00bb{}\u00bb][et_pb_column type=\u00bb1_4&#8243; _builder_version=\u00bb4.23&#8243; _module_preset=\u00bbdefault\u00bb global_colors_info=\u00bb{}\u00bb][et_pb_team_member name=\u00bbOscar\u00bb position=\u00bbDue\u00f1o\u00bb image_url=\u00bbhttps:\/\/dropandgo.nl\/wp-content\/uploads\/2024\/02\/dg-team-oscar2.jpg\u00bb _builder_version=\u00bb4.24.2&#8243; _module_preset=\u00bbdefault\u00bb body_text_align=\u00bbcenter\u00bb body_text_color=\u00bb#F2F9FC\u00bb position_font=\u00bb|700|||||||\u00bb position_text_align=\u00bbcenter\u00bb position_text_color=\u00bb#F2F9FC\u00bb text_orientation=\u00bbcenter\u00bb background_layout=\u00bbdark\u00bb custom_padding=\u00bb|40px||40px|false|true\u00bb custom_css_member_image=\u00bbmargin: 0 auto 40px;\u00bb custom_css_member_description=\u00bbmin-height:240px\u00bb custom_css_member_position=\u00bbmargin-bottom:20px;\u00bb border_radii_image=\u00bbon|25px|25px|25px|25px\u00bb global_colors_info=\u00bb{}\u00bb min_height=\u00bb526.2px\u00bb]<\/p>\n<p>\u00a1Hola! Mi nombre es Oscar y soy el due\u00f1o de Drop&amp;Go. Estoy conectado con Drop&amp;Go desde hace 5 a\u00f1os.   <span>Siempre es un gran placer y muy gratificante ver a los hu\u00e9spedes de diferentes culturas de todo el mundo entrar en un nuevo mundo y hacerlos sentir bienvenidos.<\/span><\/p>\n<p>[\/et_pb_team_member][et_pb_button button_url=\u00bbhttps:\/\/dropandgo.nl\/author\/oscar\/\u00bb button_text=\u00bbM\u00e1s sobre Oscar\u00bb button_alignment=\u00bbcenter\u00bb _builder_version=\u00bb4.24.2&#8243; _module_preset=\u00bbdefault\u00bb custom_margin=\u00bb30px||||false|false\u00bb global_colors_info=\u00bb{}\u00bb][\/et_pb_button][\/et_pb_column][et_pb_column type=\u00bb1_4&#8243; _builder_version=\u00bb4.27.4&#8243; _module_preset=\u00bbdefault\u00bb global_colors_info=\u00bb{}\u00bb][et_pb_team_member name=\u00bbKimberley\u00bb position=\u00bbGerente\u00bb image_url=\u00bbhttps:\/\/dropandgo.nl\/wp-content\/uploads\/2024\/01\/dg-team-kimberley.jpg\u00bb _builder_version=\u00bb4.24.2&#8243; _module_preset=\u00bbdefault\u00bb body_text_align=\u00bbcenter\u00bb body_text_color=\u00bb#F2F9FC\u00bb position_font=\u00bb|700|||||||\u00bb position_text_align=\u00bbcenter\u00bb position_text_color=\u00bb#F2F9FC\u00bb text_orientation=\u00bbcenter\u00bb background_layout=\u00bbdark\u00bb custom_padding=\u00bb|40px||40px|false|true\u00bb custom_css_member_image=\u00bbmargin: 0 auto 40px;\u00bb custom_css_member_description=\u00bbmin-height:240px\u00bb custom_css_member_position=\u00bbmargin-bottom:20px;\u00bb border_radii_image=\u00bbon|25px|25px|25px|25px\u00bb global_colors_info=\u00bb{}\u00bb min_height=\u00bb543.4px\u00bb custom_margin=\u00bb||39px|||\u00bb]<\/p>\n<p>\u00a1Saludos! Soy Kimberley, aunque Kim tambi\u00e9n es aceptable. Amsterdam no es solamente mi lugar de nacimiento, sino que ha sido mi hogar durante toda mi vida. Mi trayectoria con Drop&amp;Go comenz\u00f3 en 2018, y desde entonces ha sido una monta\u00f1a rusa de experiencias.   <\/p>\n<p>[\/et_pb_team_member][et_pb_button button_url=\u00bbhttps:\/\/dropandgo.nl\/author\/kimberley\/\u00bb button_text=\u00bbM\u00e1s sobre Kimberley\u00bb button_alignment=\u00bbcenter\u00bb _builder_version=\u00bb4.24.2&#8243; _module_preset=\u00bbdefault\u00bb custom_margin=\u00bb30px||||false|false\u00bb global_colors_info=\u00bb{}\u00bb][\/et_pb_button][\/et_pb_column][et_pb_column type=\u00bb1_4&#8243; _builder_version=\u00bb4.23&#8243; _module_preset=\u00bbdefault\u00bb global_colors_info=\u00bb{}\u00bb][et_pb_team_member name=\u00bbKhaddisha\u00bb position=\u00bbSubgerente\u00bb image_url=\u00bbhttps:\/\/dropandgo.nl\/wp-content\/uploads\/2024\/01\/dg-team-khaddisha.jpg\u00bb _builder_version=\u00bb4.24.2&#8243; _module_preset=\u00bbdefault\u00bb body_text_align=\u00bbcenter\u00bb body_text_color=\u00bb#F2F9FC\u00bb position_font=\u00bb|700|||||||\u00bb position_text_align=\u00bbcenter\u00bb position_text_color=\u00bb#F2F9FC\u00bb text_orientation=\u00bbcenter\u00bb background_layout=\u00bbdark\u00bb custom_padding=\u00bb|40px||40px|false|true\u00bb custom_css_member_image=\u00bbmargin: 0 auto 40px;\u00bb custom_css_member_description=\u00bbmin-height:240px\u00bb custom_css_member_position=\u00bbmargin-bottom:20px;\u00bb border_radii_image=\u00bbon|25px|25px|25px|25px\u00bb global_colors_info=\u00bb{}\u00bb min_height=\u00bb555.4px\u00bb]<\/p>\n<p>\u00a1Hola! Soy Khaddisha y comenc\u00e9 a trabajar en Drop&amp;Go en abril de 2023. \u00bfQu\u00e9 es lo que m\u00e1s me gusta hacer aqu\u00ed? Todas las encantadoras conversaciones que mantengo con personas provenientes de todas partes del mundo. <\/p>\n<p>&nbsp;<\/p>\n<p>[\/et_pb_team_member][et_pb_button button_url=\u00bbhttps:\/\/dropandgo.nl\/author\/khaddisha\/\u00bb button_text=\u00bbM\u00e1s sobre Khaddisha\u00bb button_alignment=\u00bbcenter\u00bb _builder_version=\u00bb4.24.2&#8243; _module_preset=\u00bbdefault\u00bb custom_margin=\u00bb30px||||false|false\u00bb global_colors_info=\u00bb{}\u00bb][\/et_pb_button][\/et_pb_column][et_pb_column type=\u00bb1_4&#8243; _builder_version=\u00bb4.23&#8243; _module_preset=\u00bbdefault\u00bb global_colors_info=\u00bb{}\u00bb][et_pb_team_member name=\u00bbDavey\u00bb position=\u00bbGerente de Marketing Online\u00bb image_url=\u00bbhttps:\/\/dropandgo.nl\/wp-content\/uploads\/2024\/02\/dg-team-davey.jpg\u00bb _builder_version=\u00bb4.24.2&#8243; _module_preset=\u00bbdefault\u00bb body_text_align=\u00bbcenter\u00bb body_text_color=\u00bb#F2F9FC\u00bb position_font=\u00bb|700|||||||\u00bb position_text_align=\u00bbcenter\u00bb position_text_color=\u00bb#F2F9FC\u00bb text_orientation=\u00bbcenter\u00bb background_layout=\u00bbdark\u00bb custom_padding=\u00bb|40px|21px|40px|false|true\u00bb custom_css_member_image=\u00bbmargin: 0 auto 40px;\u00bb custom_css_member_description=\u00bbmin-height:240px\u00bb custom_css_member_position=\u00bbmargin-bottom:20px;\u00bb border_radii_image=\u00bbon|25px|25px|25px|25px\u00bb global_colors_info=\u00bb{}\u00bb min_height=\u00bb556.4px\u00bb]<\/p>\n<p>\u00a1Ja! Mi nombre es Davey y soy responsable de asegurarme de que m\u00e1s personas puedan encontrar Drop&amp;Go.  Como viajero yo mismo, mi objetivo es hacer que Drop&amp;Go crezca en todas las grandes ciudades del mundo.<\/p>\n<p>[\/et_pb_team_member][et_pb_button button_url=\u00bbhttps:\/\/dropandgo.nl\/author\/davey\/\u00bb button_text=\u00bbM\u00e1s sobre Davey\u00bb button_alignment=\u00bbcenter\u00bb _builder_version=\u00bb4.24.2&#8243; _module_preset=\u00bbdefault\u00bb custom_margin=\u00bb30px||||false|false\u00bb global_colors_info=\u00bb{}\u00bb][\/et_pb_button][\/et_pb_column][\/et_pb_row][et_pb_row column_structure=\u00bb1_4,1_4,1_4,1_4&#8243; _builder_version=\u00bb4.23&#8243; _module_preset=\u00bbdefault\u00bb global_colors_info=\u00bb{}\u00bb][et_pb_column type=\u00bb1_4&#8243; _builder_version=\u00bb4.23&#8243; _module_preset=\u00bbdefault\u00bb global_colors_info=\u00bb{}\u00bb][et_pb_team_member name=\u00bbEldo\u00bb position=\u00bbEmpleado\u00bb image_url=\u00bbhttps:\/\/dropandgo.nl\/wp-content\/uploads\/2025\/01\/dg-team-eldo.jpg\u00bb _builder_version=\u00bb4.27.4&#8243; _module_preset=\u00bbdefault\u00bb body_text_align=\u00bbcenter\u00bb body_text_color=\u00bb#F2F9FC\u00bb position_font=\u00bb|700|||||||\u00bb position_text_align=\u00bbcenter\u00bb position_text_color=\u00bb#F2F9FC\u00bb text_orientation=\u00bbcenter\u00bb background_layout=\u00bbdark\u00bb min_height=\u00bb460.1px\u00bb custom_margin=\u00bb||3px|||\u00bb custom_padding=\u00bb|40px|7px|40px|false|true\u00bb custom_css_member_image=\u00bbmargin: 0 auto 40px;\u00bb custom_css_member_description=\u00bbmin-height:240px\u00bb custom_css_member_position=\u00bbmargin-bottom:20px;\u00bb border_radii_image=\u00bbon|25px|25px|25px|25px\u00bb global_colors_info=\u00bb{}\u00bb]<\/p>\n<p><span>\u00a1Hola! Soy Eldo y he estado trabajando para Drop&amp;Go desde 2023. He vivido en \u00c1msterdam toda mi vida y me encanta ayudar a las personas a conocer la ciudad.  <\/span><\/p>\n<p><span><\/span><\/p>\n<p><span><\/span><\/p>\n<p><span><\/span><\/p>\n<p><span><\/span><\/p>\n<p><span><\/span><\/p>\n<p>[\/et_pb_team_member][et_pb_button button_url=\u00bbhttps:\/\/dropandgo.nl\/author\/eldo\/\u00bb button_text=\u00bbM\u00e1s sobre Eldo\u00bb button_alignment=\u00bbcenter\u00bb _builder_version=\u00bb4.27.4&#8243; _module_preset=\u00bbdefault\u00bb custom_margin=\u00bb30px||||false|false\u00bb global_colors_info=\u00bb{}\u00bb][\/et_pb_button][\/et_pb_column][et_pb_column type=\u00bb1_4&#8243; _builder_version=\u00bb4.23&#8243; _module_preset=\u00bbdefault\u00bb global_colors_info=\u00bb{}\u00bb][et_pb_team_member name=\u00bbMilan\u00bb position=\u00bbEmpleado\u00bb image_url=\u00bbhttps:\/\/dropandgo.nl\/wp-content\/uploads\/2025\/04\/dropandgo-milan-blue.jpg\u00bb _builder_version=\u00bb4.27.4&#8243; _module_preset=\u00bbdefault\u00bb body_text_align=\u00bbcenter\u00bb body_text_color=\u00bb#F2F9FC\u00bb position_font=\u00bb|700|||||||\u00bb position_text_align=\u00bbcenter\u00bb position_text_color=\u00bb#F2F9FC\u00bb text_orientation=\u00bbcenter\u00bb background_layout=\u00bbdark\u00bb min_height=\u00bb447.1px\u00bb custom_margin=\u00bb||3px|||\u00bb custom_padding=\u00bb|40px|18px|40px|false|true\u00bb custom_css_member_image=\u00bbmargin: 0 auto 40px;\u00bb custom_css_member_description=\u00bbmin-height:240px\u00bb custom_css_member_position=\u00bbmargin-bottom:20px;\u00bb border_radii_image=\u00bbon|25px|25px|25px|25px\u00bb locked=\u00bboff\u00bb global_colors_info=\u00bb{}\u00bb]<\/p>\n<p>\u00a1Buenos d\u00edas! Soy Milan y he estado laborando para Drop&amp;Go desde 2024. Nac\u00ed en Amsterdam, pero he residido la mayor parte de mi vida en una localidad a escasos minutos de distancia. No obstante, la ciudad posee un ambiente m\u00e1gico que me impulsa a regresar constantemente.   <\/p>\n<p>[\/et_pb_team_member][et_pb_button button_url=\u00bbhttps:\/\/dropandgo.nl\/author\/milan\/\u00bb button_text=\u00bbM\u00e1s informaci\u00f3n sobre Milan\u00bb button_alignment=\u00bbcenter\u00bb _builder_version=\u00bb4.27.4&#8243; _module_preset=\u00bbdefault\u00bb custom_margin=\u00bb30px||||false|false\u00bb locked=\u00bboff\u00bb global_colors_info=\u00bb{}\u00bb][\/et_pb_button][\/et_pb_column][et_pb_column type=\u00bb1_4&#8243; _builder_version=\u00bb4.27.4&#8243; _module_preset=\u00bbdefault\u00bb global_colors_info=\u00bb{}\u00bb][et_pb_team_member name=\u00bbAbhinav\u00bb position=\u00bbEmpleado\u00bb image_url=\u00bbhttps:\/\/dropandgo.nl\/wp-content\/uploads\/2025\/06\/dg-team-abhinav-1.jpg\u00bb _builder_version=\u00bb4.27.4&#8243; _module_preset=\u00bbdefault\u00bb body_text_align=\u00bbcenter\u00bb body_text_color=\u00bb#F2F9FC\u00bb position_font=\u00bb|700|||||||\u00bb position_text_align=\u00bbcenter\u00bb position_text_color=\u00bb#F2F9FC\u00bb text_orientation=\u00bbcenter\u00bb background_layout=\u00bbdark\u00bb min_height=\u00bb447.1px\u00bb custom_margin=\u00bb||3px|||\u00bb custom_padding=\u00bb|40px|18px|40px|false|true\u00bb hover_enabled=\u00bb0&#8243; custom_css_member_image=\u00bbmargin: 0 auto 40px;\u00bb custom_css_member_description=\u00bbmin-height:240px\u00bb custom_css_member_position=\u00bbmargin-bottom:20px;\u00bb border_radii_image=\u00bbon|25px|25px|25px|25px\u00bb locked=\u00bboff\u00bb global_colors_info=\u00bb{}\u00bb sticky_enabled=\u00bb0&#8243; alt=\u00bbdg team abhinav\u00bb title_text=\u00bbdg team abhinav\u00bb]<\/p>\n<p><span>\u00a1Saludos! Soy Abhinav y he estado trabajando para Drop&amp;Go desde 2024. Originario de la India, me traslad\u00e9 a Utrecht en 2024. Aunque ahora considero Utrecht mi hogar, trabajar en \u00c1msterdam me brinda la oportunidad de disfrutar de la vibrante energ\u00eda de la ciudad.   <\/span><\/p>\n<p>[\/et_pb_team_member][et_pb_button button_url=\u00bbhttps:\/\/dropandgo.nl\/author\/abhinav\/\u00bb button_text=\u00bbM\u00e1s informaci\u00f3n sobre Abhinav\u00bb button_alignment=\u00bbcenter\u00bb _builder_version=\u00bb4.27.4&#8243; _module_preset=\u00bbdefault\u00bb custom_margin=\u00bb30px||||false|false\u00bb hover_enabled=\u00bb0&#8243; locked=\u00bboff\u00bb global_colors_info=\u00bb{}\u00bb sticky_enabled=\u00bb0&#8243;][\/et_pb_button][\/et_pb_column][et_pb_column type=\u00bb1_4&#8243; _builder_version=\u00bb4.23&#8243; _module_preset=\u00bbdefault\u00bb global_colors_info=\u00bb{}\u00bb][\/et_pb_column][\/et_pb_row][\/et_pb_section][et_pb_section fb_built=\u00bb1&#8243; _builder_version=\u00bb4.23&#8243; _module_preset=\u00bbdefault\u00bb global_colors_info=\u00bb{}\u00bb][et_pb_row _builder_version=\u00bb4.23&#8243; _module_preset=\u00bbdefault\u00bb global_colors_info=\u00bb{}\u00bb][et_pb_column type=\u00bb4_4&#8243; _builder_version=\u00bb4.23&#8243; _module_preset=\u00bbdefault\u00bb global_colors_info=\u00bb{}\u00bb][et_pb_text _builder_version=\u00bb4.23&#8243; _module_preset=\u00bbdefault\u00bb header_2_text_align=\u00bbcenter\u00bb module_alignment=\u00bbcenter\u00bb custom_margin=\u00bb||80px||false|false\u00bb global_colors_info=\u00bb{}\u00bb]<\/p>\n<h2><strong>Recomendaciones<\/strong> <br \/>de nuestro equipo local<\/h2>\n<p>[\/et_pb_text][et_pb_blog include_categories=\u00bb11&#8243; _builder_version=\u00bb4.23&#8243; _module_preset=\u00bbdefault\u00bb global_colors_info=\u00bb{}\u00bb][\/et_pb_blog][et_pb_button button_url=\u00bb@ET-DC@eyJkeW5hbWljIjp0cnVlLCJjb250ZW50IjoicG9zdF9saW5rX3VybF9wYWdlIiwic2V0dGluZ3MiOnsicG9zdF9pZCI6IjM0MCIsImVuYWJsZV9odG1sIjoib2ZmIn19@\u00bb button_text=\u00bbDescubre Amsterdam\u00bb button_alignment=\u00bbcenter\u00bb _builder_version=\u00bb4.23&#8243; _dynamic_attributes=\u00bbbutton_url\u00bb _module_preset=\u00bbdefault\u00bb global_colors_info=\u00bb{}\u00bb][\/et_pb_button][\/et_pb_column][\/et_pb_row][\/et_pb_section]<\/p>\n","protected":false},"excerpt":{"rendered":"<p>Sobre Drop&amp;Go Por supuesto, quieres saber con qui\u00e9n est\u00e1s dejando tus valiosas pertenencias.Conozca al equipo de Drop&amp;Go: \u00a1sus amigables expertos locales en \u00c1msterdam! Nos dedicamos a proporcionar un lugar seguro para su equipaje mientras a\u00f1adimos un toque personal a su d\u00eda. Pase por aqu\u00ed y perm\u00edtanos quitarle el peso de encima con una sonrisa y [&hellip;]<\/p>\n","protected":false},"author":1,"featured_media":0,"parent":0,"menu_order":0,"comment_status":"closed","ping_status":"closed","template":"","meta":{"_seopress_robots_primary_cat":"","_seopress_titles_title":"Acerca de la consigna Drop&Go Amsterdam","_seopress_titles_desc":"Consigna de equipajes segura a s\u00f3lo 100 metros de la Estaci\u00f3n Central de \u00c1msterdam. Deja tu equipaje, recoge tu llave o p\u00e1sate para recibir consejos locales. ","_seopress_robots_index":"","_et_pb_use_builder":"on","_et_pb_old_content":"","_et_gb_content_width":"","footnotes":""},"class_list":["post-3152","page","type-page","status-publish","hentry"],"_links":{"self":[{"href":"https:\/\/dropandgo.nl\/es\/wp-json\/wp\/v2\/pages\/3152","targetHints":{"allow":["GET"]}}],"collection":[{"href":"https:\/\/dropandgo.nl\/es\/wp-json\/wp\/v2\/pages"}],"about":[{"href":"https:\/\/dropandgo.nl\/es\/wp-json\/wp\/v2\/types\/page"}],"author":[{"embeddable":true,"href":"https:\/\/dropandgo.nl\/es\/wp-json\/wp\/v2\/users\/1"}],"replies":[{"embeddable":true,"href":"https:\/\/dropandgo.nl\/es\/wp-json\/wp\/v2\/comments?post=3152"}],"version-history":[{"count":0,"href":"https:\/\/dropandgo.nl\/es\/wp-json\/wp\/v2\/pages\/3152\/revisions"}],"wp:attachment":[{"href":"https:\/\/dropandgo.nl\/es\/wp-json\/wp\/v2\/media?parent=3152"}],"curies":[{"name":"wp","href":"https:\/\/api.w.org\/{rel}","templated":true}]}}