{"id":3176,"date":"2024-02-09T22:14:13","date_gmt":"2024-02-09T21:14:13","guid":{"rendered":"https:\/\/dropandgo.nl\/reservar-consigna-de-equipaje\/reserva-fallida\/"},"modified":"2024-07-09T05:41:12","modified_gmt":"2024-07-09T03:41:12","slug":"reserva-fallida","status":"publish","type":"page","link":"https:\/\/dropandgo.nl\/es\/reservar-consigna-de-equipaje\/reserva-fallida\/","title":{"rendered":"Reserva fallida"},"content":{"rendered":"<p>[et_pb_section fb_built=\u00bb1&#8243; custom_padding_last_edited=\u00bbon|phone\u00bb _builder_version=\u00bb4.23&#8243; _module_preset=\u00bbdefault\u00bb background_enable_color=\u00bboff\u00bb use_background_color_gradient=\u00bbon\u00bb background_color_gradient_direction=\u00bb90deg\u00bb background_color_gradient_stops=\u00bbrgba(0,0,0,0.46) 0%|rgba(0,0,0,0.31) 100%\u00bb background_color_gradient_overlays_image=\u00bbon\u00bb background_image=\u00bbhttps:\/\/dropandgo.nl\/wp-content\/uploads\/2023\/11\/78bae0af-d9d4-4015-ae11-458f0c9dd6f3_out-1920&#215;1200.jpg\u00bb background_enable_pattern_style=\u00bbon\u00bb background_pattern_style=\u00bbdiagonal-stripes\u00bb background_pattern_color=\u00bbrgba(0,0,0,0.04)\u00bb background_pattern_size=\u00bbcontain\u00bb custom_margin=\u00bb||-120px||false|false\u00bb custom_padding=\u00bb120px||0px||false|false\u00bb custom_padding_tablet=\u00bb120px||0px||false|false\u00bb custom_padding_phone=\u00bb60px||||false|false\u00bb locked=\u00bboff\u00bb global_colors_info=\u00bb{}\u00bb][et_pb_row _builder_version=\u00bb4.23&#8243; _module_preset=\u00bbdefault\u00bb background_enable_color=\u00bboff\u00bb width_tablet=\u00bb\u00bb width_phone=\u00bb100%\u00bb width_last_edited=\u00bbon|phone\u00bb custom_padding=\u00bb||0px||false|false\u00bb global_colors_info=\u00bb{}\u00bb][et_pb_column type=\u00bb4_4&#8243; _builder_version=\u00bb4.23&#8243; _module_preset=\u00bbdefault\u00bb background_color=\u00bb#FFFFFF\u00bb custom_padding=\u00bb5%|10%|5%|10%|true|true\u00bb border_radii=\u00bbon|75px|75px|75px|75px\u00bb global_colors_info=\u00bb{}\u00bb][et_pb_text _builder_version=\u00bb4.23.4&#8243; _module_preset=\u00bbdefault\u00bb header_2_text_align=\u00bbcenter\u00bb custom_margin=\u00bb||40px||false|false\u00bb custom_margin_tablet=\u00bb||40px||false|false\u00bb custom_margin_phone=\u00bb40px||||false|false\u00bb custom_margin_last_edited=\u00bbon|phone\u00bb hover_enabled=\u00bb0&#8243; global_colors_info=\u00bb{}\u00bb sticky_enabled=\u00bb0&#8243;]<\/p>\n<h2>Pago fallido \ud83d\ude41<\/h2>\n<p>[\/et_pb_text][et_pb_text _builder_version=\u00bb4.23.4&#8243; _module_preset=\u00bbdefault\u00bb text_orientation=\u00bbcenter\u00bb global_colors_info=\u00bb{}\u00bb]<\/p>\n<p>Parece que algo ha ido mal con tu pago. Te hemos enviado un correo electr\u00f3nico con m\u00e1s informaci\u00f3n.<br \/>Vuelve a intentarlo a trav\u00e9s de nuestra <a href=\"https:\/\/dropandgo.nl\/es\/reservar-consigna-de-equipaje\/\">p\u00e1gina de reservas<\/a> o ponte en contacto con nosotros en <a href=\"mailto:info@dropandgo.nl\">info@dropandgo.nl<\/a>. <\/p>\n<p>[\/et_pb_text][\/et_pb_column][\/et_pb_row][\/et_pb_section][et_pb_section fb_built=\u00bb1&#8243; _builder_version=\u00bb4.23&#8243; _module_preset=\u00bbdefault\u00bb background_enable_color=\u00bboff\u00bb use_background_color_gradient=\u00bbon\u00bb background_color_gradient_stops=\u00bb#f2f9fc 0%|#ffffff 100%\u00bb min_height_last_edited=\u00bboff|desktop\u00bb custom_margin=\u00bb||||false|false\u00bb custom_padding=\u00bb||40px||false|false\u00bb locked=\u00bboff\u00bb global_colors_info=\u00bb{}\u00bb][et_pb_row admin_label=\u00bbRow\u00bb _builder_version=\u00bb4.23&#8243; _module_preset=\u00bbdefault\u00bb global_colors_info=\u00bb{}\u00bb][et_pb_column type=\u00bb4_4&#8243; _builder_version=\u00bb4.23&#8243; _module_preset=\u00bbdefault\u00bb global_colors_info=\u00bb{}\u00bb][et_pb_text _builder_version=\u00bb4.23&#8243; _module_preset=\u00bbdefault\u00bb text_orientation=\u00bbcenter\u00bb custom_padding=\u00bb30px||||false|false\u00bb global_colors_info=\u00bb{}\u00bb]<\/p>\n<p><strong>\u00bfNecesitas ayuda?<\/strong> <br \/>Siempre puedes llamar al <a href=\"tel:+31202233648\">+31 20 22 33 648<\/a><\/p>\n<p>[\/et_pb_text][\/et_pb_column][\/et_pb_row][\/et_pb_section]<\/p>\n","protected":false},"excerpt":{"rendered":"<p>Pago fallido :-(Parece que algo ha ido mal con tu pago. Te hemos enviado un correo electr\u00f3nico con m\u00e1s informaci\u00f3n.Vuelve a intentarlo a trav\u00e9s de nuestra p\u00e1gina de reservas o ponte en contacto con nosotros en info@dropandgo.nl. \u00bfNecesitas ayuda? Siempre puedes llamar al +31 20 22 33 648<\/p>\n","protected":false},"author":1,"featured_media":0,"parent":3173,"menu_order":0,"comment_status":"closed","ping_status":"closed","template":"","meta":{"_seopress_robots_primary_cat":"","_seopress_titles_title":"","_seopress_titles_desc":"","_seopress_robots_index":"yes","_et_pb_use_builder":"on","_et_pb_old_content":"","_et_gb_content_width":"","footnotes":""},"class_list":["post-3176","page","type-page","status-publish","hentry"],"_links":{"self":[{"href":"https:\/\/dropandgo.nl\/es\/wp-json\/wp\/v2\/pages\/3176","targetHints":{"allow":["GET"]}}],"collection":[{"href":"https:\/\/dropandgo.nl\/es\/wp-json\/wp\/v2\/pages"}],"about":[{"href":"https:\/\/dropandgo.nl\/es\/wp-json\/wp\/v2\/types\/page"}],"author":[{"embeddable":true,"href":"https:\/\/dropandgo.nl\/es\/wp-json\/wp\/v2\/users\/1"}],"replies":[{"embeddable":true,"href":"https:\/\/dropandgo.nl\/es\/wp-json\/wp\/v2\/comments?post=3176"}],"version-history":[{"count":0,"href":"https:\/\/dropandgo.nl\/es\/wp-json\/wp\/v2\/pages\/3176\/revisions"}],"up":[{"embeddable":true,"href":"https:\/\/dropandgo.nl\/es\/wp-json\/wp\/v2\/pages\/3173"}],"wp:attachment":[{"href":"https:\/\/dropandgo.nl\/es\/wp-json\/wp\/v2\/media?parent=3176"}],"curies":[{"name":"wp","href":"https:\/\/api.w.org\/{rel}","templated":true}]}}