{"id":3185,"date":"2023-11-21T05:21:15","date_gmt":"2023-11-21T04:21:15","guid":{"rendered":"https:\/\/dropandgo.nl\/iniciar-sesion\/"},"modified":"2025-08-05T22:38:17","modified_gmt":"2025-08-05T20:38:17","slug":"iniciar-sesion","status":"publish","type":"page","link":"https:\/\/dropandgo.nl\/es\/iniciar-sesion\/","title":{"rendered":"Iniciar sesi\u00f3n"},"content":{"rendered":"<p>[et_pb_section fb_built=\u00bb1&#8243; _builder_version=\u00bb4.23&#8243; _module_preset=\u00bbdefault\u00bb background_enable_color=\u00bboff\u00bb use_background_color_gradient=\u00bbon\u00bb background_color_gradient_direction=\u00bb90deg\u00bb background_color_gradient_stops=\u00bbrgba(0,0,0,0.46) 0%|rgba(0,0,0,0.31) 100%\u00bb background_color_gradient_overlays_image=\u00bbon\u00bb background_image=\u00bbhttps:\/\/dropandgo.nl\/wp-content\/uploads\/2023\/11\/78bae0af-d9d4-4015-ae11-458f0c9dd6f3_out-1920&#215;1200.jpg\u00bb background_enable_pattern_style=\u00bbon\u00bb background_pattern_style=\u00bbdiagonal-stripes\u00bb background_pattern_color=\u00bbrgba(0,0,0,0.04)\u00bb background_pattern_size=\u00bbcontain\u00bb custom_margin=\u00bb||-120px||false|false\u00bb custom_padding=\u00bb120px||0px||false|false\u00bb global_colors_info=\u00bb{}\u00bb][et_pb_row _builder_version=\u00bb4.23&#8243; _module_preset=\u00bbdefault\u00bb background_enable_color=\u00bboff\u00bb custom_padding=\u00bb||0px||false|false\u00bb global_colors_info=\u00bb{}\u00bb][et_pb_column type=\u00bb4_4&#8243; _builder_version=\u00bb4.23&#8243; _module_preset=\u00bbdefault\u00bb background_color=\u00bb#FFFFFF\u00bb custom_padding=\u00bb5%|10%|5%|10%|true|true\u00bb border_radii=\u00bbon|75px|75px|75px|75px\u00bb global_colors_info=\u00bb{}\u00bb][et_pb_text _builder_version=\u00bb4.23&#8243; _module_preset=\u00bbdefault\u00bb header_2_text_align=\u00bbcenter\u00bb custom_margin=\u00bb||40px||false|false\u00bb global_colors_info=\u00bb{}\u00bb]<\/p>\n<h2>Iniciar sesi\u00f3n<\/h2>\n<p>[\/et_pb_text][et_pb_login title=\u00bbServicio de llaves\u00bb current_page_redirect=\u00bbon\u00bb _builder_version=\u00bb4.27.4&#8243; _module_preset=\u00bbdefault\u00bb form_field_background_color=\u00bb#f2f2f2&#8243; background_enable_color=\u00bboff\u00bb use_background_color=\u00bboff\u00bb background_layout=\u00bblight\u00bb display_conditions=\u00bbW3siaWQiOiIwYTZiMmVmZS00YzRjLTRlM2UtODM2My1mYjc1NmEyNGU0MTgiLCJjb25kaXRpb24iOiJsb2dnZWRJblN0YXR1cyIsImNvbmRpdGlvblNldHRpbmdzIjp7ImRpc3BsYXlSdWxlIjoibG9nZ2VkT3V0IiwiYWRtaW5MYWJlbCI6Ikd1ZXN0cyBvbmx5IiwiZW5hYmxlQ29uZGl0aW9uIjoib24ifSwib3BlcmF0b3IiOiJPUiJ9XQ==\u00bb hover_enabled=\u00bb0&#8243; global_colors_info=\u00bb{}\u00bb sticky_enabled=\u00bb0&#8243;]<\/p>\n<p>Si est\u00e1s registrado en el servicio Drop&amp;Go Key, s\u00f3lo tienes que acceder a tu cuenta para acceder a tus reservas y actualizar tu informaci\u00f3n de contacto. Estamos aqu\u00ed para asegurarnos de que tu pr\u00f3xima experiencia de servicio de llaves sea tan tranquila como la \u00faltima. <\/p>\n<p>[\/et_pb_login][et_pb_text _builder_version=\u00bb4.23&#8243; _module_preset=\u00bbdefault\u00bb text_orientation=\u00bbcenter\u00bb display_conditions=\u00bbW3siaWQiOiJhMTMzZDI3ZS1jMjc3LTQzOGUtODM4OC05ZDczNTU4NzlkNjUiLCJjb25kaXRpb24iOiJsb2dnZWRJblN0YXR1cyIsImNvbmRpdGlvblNldHRpbmdzIjp7ImRpc3BsYXlSdWxlIjoibG9nZ2VkSW4iLCJhZG1pbkxhYmVsIjoiTG9nZ2VkIEluIFN0YXR1cyIsImVuYWJsZUNvbmRpdGlvbiI6Im9uIn0sIm9wZXJhdG9yIjoiT1IifV0=\u00bb global_colors_info=\u00bb{}\u00bb]<\/p>\n<p>Ya has iniciado sesi\u00f3n en nuestro Keyservice. No dudes en <a href=\"https:\/\/dropandgo.nl\/es\/cuenta\/\">actualizar tu cuenta<\/a> o <a href=\"https:\/\/dropandgo.nl\/es\/servicio-de-llaves\/gestion-de-servicios-llave\/\">registrar nuevas claves<\/a>. <\/p>\n<p>[\/et_pb_text][\/et_pb_column][\/et_pb_row][\/et_pb_section][et_pb_section fb_built=\u00bb1&#8243; _builder_version=\u00bb4.23&#8243; _module_preset=\u00bbdefault\u00bb background_color=\u00bb#f0f9fc\u00bb min_height=\u00bb400px\u00bb custom_margin=\u00bb||||false|false\u00bb custom_padding=\u00bb||40px||false|false\u00bb global_colors_info=\u00bb{}\u00bb][et_pb_row _builder_version=\u00bb4.23&#8243; _module_preset=\u00bbdefault\u00bb global_colors_info=\u00bb{}\u00bb][et_pb_column type=\u00bb4_4&#8243; _builder_version=\u00bb4.23&#8243; _module_preset=\u00bbdefault\u00bb global_colors_info=\u00bb{}\u00bb][et_pb_text _builder_version=\u00bb4.23&#8243; _module_preset=\u00bbdefault\u00bb text_orientation=\u00bbcenter\u00bb custom_padding=\u00bb30px||||false|false\u00bb global_colors_info=\u00bb{}\u00bb]\u00bfNecesitas ayuda? Siempre puedes llamar al <a href=\"tel:+31202233648\">+31 20 22 33 648<\/a>[\/et_pb_text][\/et_pb_column][\/et_pb_row][\/et_pb_section]<\/p>\n","protected":false},"excerpt":{"rendered":"<p>Iniciar sesi\u00f3nSi est\u00e1s registrado en el servicio Drop&amp;Go Key, s\u00f3lo tienes que acceder a tu cuenta para acceder a tus reservas y actualizar tu informaci\u00f3n de contacto. Estamos aqu\u00ed para asegurarnos de que tu pr\u00f3xima experiencia de servicio de llaves sea tan tranquila como la \u00faltima. Ya has iniciado sesi\u00f3n en nuestro Keyservice. No dudes [&hellip;]<\/p>\n","protected":false},"author":1,"featured_media":0,"parent":0,"menu_order":0,"comment_status":"closed","ping_status":"closed","template":"","meta":{"_seopress_robots_primary_cat":"","_seopress_titles_title":"","_seopress_titles_desc":"","_seopress_robots_index":"yes","_et_pb_use_builder":"on","_et_pb_old_content":"","_et_gb_content_width":"","footnotes":""},"class_list":["post-3185","page","type-page","status-publish","hentry"],"_links":{"self":[{"href":"https:\/\/dropandgo.nl\/es\/wp-json\/wp\/v2\/pages\/3185","targetHints":{"allow":["GET"]}}],"collection":[{"href":"https:\/\/dropandgo.nl\/es\/wp-json\/wp\/v2\/pages"}],"about":[{"href":"https:\/\/dropandgo.nl\/es\/wp-json\/wp\/v2\/types\/page"}],"author":[{"embeddable":true,"href":"https:\/\/dropandgo.nl\/es\/wp-json\/wp\/v2\/users\/1"}],"replies":[{"embeddable":true,"href":"https:\/\/dropandgo.nl\/es\/wp-json\/wp\/v2\/comments?post=3185"}],"version-history":[{"count":0,"href":"https:\/\/dropandgo.nl\/es\/wp-json\/wp\/v2\/pages\/3185\/revisions"}],"wp:attachment":[{"href":"https:\/\/dropandgo.nl\/es\/wp-json\/wp\/v2\/media?parent=3185"}],"curies":[{"name":"wp","href":"https:\/\/api.w.org\/{rel}","templated":true}]}}