{"id":4427,"date":"2023-12-31T19:33:58","date_gmt":"2023-12-31T18:33:58","guid":{"rendered":"https:\/\/dropandgo.nl\/privacidad\/"},"modified":"2024-09-12T00:46:29","modified_gmt":"2024-09-11T22:46:29","slug":"privacidad","status":"publish","type":"page","link":"https:\/\/dropandgo.nl\/es\/privacidad\/","title":{"rendered":"Privacidad"},"content":{"rendered":"<p>[et_pb_section fb_built=\u00bb1&#8243; admin_label=\u00bbCall to Action\u00bb _builder_version=\u00bb4.23&#8243; _module_preset=\u00bbdefault\u00bb background_image=\u00bbhttps:\/\/dropandgo.nl\/wp-content\/uploads\/2023\/12\/2-7a26e80d-b857-4a06-ba00-f7b6073f211a-824&#215;512.jpg\u00bb background_size=\u00bbcustom\u00bb background_image_width=\u00bb50%\u00bb background_position=\u00bbcenter_right\u00bb custom_padding=\u00bb0px||0px||true|false\u00bb background_color_tablet=\u00bb#0099BE\u00bb background_last_edited=\u00bbon|desktop\u00bb background_enable_color_tablet=\u00bbon\u00bb background_enable_image_tablet=\u00bboff\u00bb collapsed=\u00bbon\u00bb global_colors_info=\u00bb{}\u00bb][et_pb_row column_structure=\u00bb1_2,1_2&#8243; use_custom_gutter=\u00bbon\u00bb gutter_width=\u00bb1&#8243; make_equal=\u00bbon\u00bb _builder_version=\u00bb4.23&#8243; _module_preset=\u00bbdefault\u00bb custom_padding=\u00bb0px||0px||true|false\u00bb box_shadow_style=\u00bbpreset4&#8243; box_shadow_horizontal=\u00bb-30vw\u00bb box_shadow_vertical=\u00bb0px\u00bb box_shadow_color=\u00bb#0099BE\u00bb global_colors_info=\u00bb{}\u00bb][et_pb_column type=\u00bb1_2&#8243; _builder_version=\u00bb4.23&#8243; _module_preset=\u00bbdefault\u00bb background_color=\u00bb#0099BE\u00bb z_index=\u00bb10&#8243; custom_padding=\u00bb6vw|40px|6vw||true|false\u00bb custom_padding_tablet=\u00bb|0px|||true|false\u00bb custom_padding_phone=\u00bb40px|0px|40px||true|false\u00bb custom_padding_last_edited=\u00bbon|desktop\u00bb global_colors_info=\u00bb{%22gcid-34807b40-f97e-428a-90f8-6d5ad2ecd8cd%22:%91%22background_color%22%93}\u00bb][et_pb_text _builder_version=\u00bb4.23&#8243; _module_preset=\u00bbdefault\u00bb header_2_text_color=\u00bb#FFFFFF\u00bb background_layout=\u00bbdark\u00bb custom_margin=\u00bb||10px||false|false\u00bb global_colors_info=\u00bb{}\u00bb]<\/p>\n<h2><strong>Privacidad<\/strong><\/h2>\n<h3>Tus datos est\u00e1n seguros con nosotros.<\/h3>\n<p>[\/et_pb_text][et_pb_text _builder_version=\u00bb4.23&#8243; _module_preset=\u00bbdefault\u00bb background_layout=\u00bbdark\u00bb custom_margin=\u00bb||30px||false|false\u00bb global_colors_info=\u00bb{}\u00bb]Drop and Go, ubicado en Prins Hendrikkade 86 en \u00c1msterdam, es responsable del procesamiento de datos personales como se indica en esta declaraci\u00f3n de privacidad.[\/et_pb_text][\/et_pb_column][et_pb_column type=\u00bb1_2&#8243; _builder_version=\u00bb4.23&#8243; _module_preset=\u00bbdefault\u00bb background_image=\u00bbhttps:\/\/dropandgo.nl\/wp-content\/uploads\/2023\/12\/bg-sep-dblue.png\u00bb background_size=\u00bbcontain\u00bb background_position=\u00bbcenter_left\u00bb background_last_edited=\u00bboff|tablet\u00bb global_colors_info=\u00bb{%22gcid-34807b40-f97e-428a-90f8-6d5ad2ecd8cd%22:%91%22background_color_gradient_stops%22%93}\u00bb][\/et_pb_column][\/et_pb_row][\/et_pb_section][et_pb_section fb_built=\u00bb1&#8243; _builder_version=\u00bb4.23&#8243; _module_preset=\u00bbdefault\u00bb custom_padding=\u00bb80px||80px||true|false\u00bb locked=\u00bboff\u00bb global_colors_info=\u00bb{}\u00bb][et_pb_row column_structure=\u00bb1_2,1_2&#8243; _builder_version=\u00bb4.23&#8243; _module_preset=\u00bbdefault\u00bb custom_padding=\u00bb60px||||false|false\u00bb global_colors_info=\u00bb{}\u00bb][et_pb_column type=\u00bb1_2&#8243; _builder_version=\u00bb4.23&#8243; _module_preset=\u00bbdefault\u00bb global_colors_info=\u00bb{}\u00bb][et_pb_text _builder_version=\u00bb4.23&#8243; _module_preset=\u00bbdefault\u00bb header_2_text_align=\u00bbleft\u00bb custom_margin=\u00bb||40px||false|false\u00bb global_colors_info=\u00bb{}\u00bb]<\/p>\n<h3>Objetivos y fundamento<\/strong><\/h3>\n<p> Drop and Go procesa tus datos personales para los siguientes prop\u00f3sitos: \u2013 Gesti\u00f3n de pagos. \u2013 Para poder llamarte o enviarte un correo electr\u00f3nico si es necesario para proporcionar los servicios. \u2013 Para informarte sobre cambios en servicios y productos. \u2013 Obligaciones legales, como la informaci\u00f3n que necesitamos para declaraciones fiscales.[\/et_pb_text][et_pb_text _builder_version=\u00bb4.23&#8243; _module_preset=\u00bbdefault\u00bb header_2_text_align=\u00bbleft\u00bb custom_margin=\u00bb||40px||false|false\u00bb custom_padding=\u00bb||0px|||\u00bb global_colors_info=\u00bb{}\u00bb]<\/p>\n<h3>Compartir con terceros<\/strong><\/h3>\n<p> Drop and Go comparte tus datos personales con varios terceros si esto es necesario para la ejecuci\u00f3n del acuerdo y para cumplir con cualquier obligaci\u00f3n legal. Celebramos un acuerdo de procesamiento con las empresas que procesan tus datos en nuestro nombre para garantizar el mismo nivel de seguridad y confidencialidad de estos datos. Drop and Go sigue siendo responsable de estos procesos. Drop and Go tambi\u00e9n proporciona tus datos personales a otros terceros. Solo lo hacemos con tu permiso expreso.[\/et_pb_text][et_pb_text _builder_version=\u00bb4.23&#8243; _module_preset=\u00bbdefault\u00bb header_2_text_align=\u00bbleft\u00bb custom_margin=\u00bb||40px||false|false\u00bb global_colors_info=\u00bb{}\u00bb]<\/p>\n<h3>Datos personales especiales<\/strong><\/h3>\n<p> Nuestro sitio web y\/o servicio no tiene la intenci\u00f3n de recopilar datos sobre visitantes del sitio web que sean menores de 16 a\u00f1os. Sin embargo, no podemos verificar si un visitante tiene m\u00e1s de 16 a\u00f1os. Por lo tanto, recomendamos a los padres que se involucren en las actividades en l\u00ednea de sus hijos, para evitar que se recopilen datos sobre ni\u00f1os sin el consentimiento de los padres. Si est\u00e1s convencido de que hemos recopilado informaci\u00f3n personal sobre un menor sin este consentimiento, comun\u00edcate conmigo a info@dropandgo.nl y eliminaremos esta informaci\u00f3n.[\/et_pb_text][\/et_pb_column][et_pb_column type=\u00bb1_2&#8243; admin_label=\u00bbColumn\u00bb _builder_version=\u00bb4.23&#8243; _module_preset=\u00bbdefault\u00bb global_colors_info=\u00bb{}\u00bb][et_pb_text _builder_version=\u00bb4.23&#8243; _module_preset=\u00bbdefault\u00bb header_2_text_align=\u00bbleft\u00bb custom_margin=\u00bb||40px||false|false\u00bb global_colors_info=\u00bb{}\u00bb]<\/p>\n<h3>Datos personales que se procesan<\/strong><\/h3>\n<p> Drop and Go procesa tus datos personales porque usas nuestros servicios y\/o porque nos proporcionas estos datos t\u00fa mismo. A continuaci\u00f3n, encontrar\u00e1s un resumen de los datos personales que procesamos.[\/et_pb_text][et_pb_blurb title=\u00bbNombre y apellido\u00bb use_icon=\u00bbon\u00bb font_icon=\u00bb&#x4e;||divi||400&#8243; icon_placement=\u00bbleft\u00bb _builder_version=\u00bb4.23&#8243; _module_preset=\u00bbdefault\u00bb header_line_height=\u00bb1.7em\u00bb global_colors_info=\u00bb{}\u00bb][\/et_pb_blurb][et_pb_blurb title=\u00bbN\u00famero de tel\u00e9fono\u00bb use_icon=\u00bbon\u00bb font_icon=\u00bb&#x4e;||divi||400&#8243; icon_placement=\u00bbleft\u00bb _builder_version=\u00bb4.23&#8243; _module_preset=\u00bbdefault\u00bb header_line_height=\u00bb1.7em\u00bb global_colors_info=\u00bb{}\u00bb][\/et_pb_blurb][et_pb_blurb title=\u00bbEnv\u00eda un correo electr\u00f3nico a\u00bb use_icon=\u00bbon\u00bb font_icon=\u00bb&#x4e;||divi||400&#8243; icon_placement=\u00bbleft\u00bb _builder_version=\u00bb4.23&#8243; _module_preset=\u00bbdefault\u00bb header_line_height=\u00bb1.7em\u00bb global_colors_info=\u00bb{}\u00bb][\/et_pb_blurb][et_pb_blurb title=\u00bbNombre de la empresa\u00bb use_icon=\u00bbon\u00bb font_icon=\u00bb&#x4e;||divi||400&#8243; icon_placement=\u00bbleft\u00bb _builder_version=\u00bb4.23&#8243; _module_preset=\u00bbdefault\u00bb header_line_height=\u00bb1.7em\u00bb global_colors_info=\u00bb{}\u00bb][\/et_pb_blurb][et_pb_blurb title=\u00bbDirecci\u00f3n IP\u00bb use_icon=\u00bbon\u00bb font_icon=\u00bb&#x4e;||divi||400&#8243; icon_placement=\u00bbleft\u00bb _builder_version=\u00bb4.23&#8243; _module_preset=\u00bbdefault\u00bb header_line_height=\u00bb1.7em\u00bb global_colors_info=\u00bb{}\u00bb][\/et_pb_blurb][et_pb_blurb title=\u00bbNavegador y tipo de dispositivo\u00bb use_icon=\u00bbon\u00bb font_icon=\u00bb&#x4e;||divi||400&#8243; icon_placement=\u00bbleft\u00bb _builder_version=\u00bb4.23&#8243; _module_preset=\u00bbdefault\u00bb header_line_height=\u00bb1.7em\u00bb global_colors_info=\u00bb{}\u00bb][\/et_pb_blurb][et_pb_blurb title=\u00bbOtros datos personales que proporcionas activamente, por ejemplo, en correspondencia o por tel\u00e9fono\u00bb use_icon=\u00bbon\u00bb font_icon=\u00bb&#x4e;||divi||400&#8243; icon_placement=\u00bbleft\u00bb _builder_version=\u00bb4.23&#8243; _module_preset=\u00bbdefault\u00bb header_line_height=\u00bb1.7em\u00bb global_colors_info=\u00bb{}\u00bb][\/et_pb_blurb][\/et_pb_column][\/et_pb_row][\/et_pb_section][et_pb_section fb_built=\u00bb1&#8243; admin_label=\u00bbTeam\u00bb module_id=\u00bbteam\u00bb _builder_version=\u00bb4.23&#8243; _module_preset=\u00bbdefault\u00bb background_color=\u00bb#0099BE\u00bb global_colors_info=\u00bb{}\u00bb][et_pb_row _builder_version=\u00bb4.23&#8243; _module_preset=\u00bbdefault\u00bb global_colors_info=\u00bb{}\u00bb][et_pb_column type=\u00bb4_4&#8243; _builder_version=\u00bb4.23&#8243; _module_preset=\u00bbdefault\u00bb global_colors_info=\u00bb{}\u00bb][et_pb_text _builder_version=\u00bb4.23&#8243; _module_preset=\u00bbdefault\u00bb header_2_text_align=\u00bbcenter\u00bb header_2_text_color=\u00bb#FFFFFF\u00bb text_orientation=\u00bbcenter\u00bb background_layout=\u00bbdark\u00bb global_colors_info=\u00bb{}\u00bb]<\/p>\n<h3>Procesamiento de datos personales<\/h3>\n<p>Drop and Go no almacena tus datos personales por m\u00e1s tiempo del estrictamente necesario para lograr los prop\u00f3sitos para los cuales se recopilan tus datos. Los siguientes per\u00edodos de retenci\u00f3n se utilizan para las siguientes (categor\u00edas) de datos personales: <\/p>\n<p>[\/et_pb_text][et_pb_text _builder_version=\u00bb4.23&#8243; _module_preset=\u00bbdefault\u00bb background_layout=\u00bbdark\u00bb global_colors_info=\u00bb{}\u00bb]<\/p>\n<table>\n<tbody>\n<tr>\n<th style=\"color:#fff;\">Datos<\/th>\n<th style=\"color:#fff;\">Almacenamiento<\/th>\n<th style=\"color:#fff;\">Raz\u00f3n<\/th>\n<\/tr>\n<tr>\n<td>Nombre, n\u00famero de tel\u00e9fono, direcci\u00f3n de correo electr\u00f3nico, nombre de la empresa, contenido del mensaje<\/td>\n<td>Ilimitado, eliminaci\u00f3n anticipada a solicitud (derecho al olvido)<\/td>\n<td>Contacto, seguro, administraci\u00f3n<\/td>\n<\/tr>\n<\/tbody>\n<\/table>\n<p>&nbsp;[\/et_pb_text][\/et_pb_column][\/et_pb_row][\/et_pb_section][et_pb_section fb_built=\u00bb1&#8243; _builder_version=\u00bb4.23&#8243; _module_preset=\u00bbdefault\u00bb custom_padding=\u00bb80px||80px||true|false\u00bb locked=\u00bboff\u00bb global_colors_info=\u00bb{}\u00bb][et_pb_row column_structure=\u00bb1_2,1_2&#8243; _builder_version=\u00bb4.23&#8243; _module_preset=\u00bbdefault\u00bb custom_padding=\u00bb60px||||false|false\u00bb global_colors_info=\u00bb{}\u00bb][et_pb_column type=\u00bb1_2&#8243; _builder_version=\u00bb4.23&#8243; _module_preset=\u00bbdefault\u00bb global_colors_info=\u00bb{}\u00bb][et_pb_text _builder_version=\u00bb4.23&#8243; _module_preset=\u00bbdefault\u00bb header_2_text_align=\u00bbleft\u00bb custom_margin=\u00bb||40px||false|false\u00bb global_colors_info=\u00bb{}\u00bb]<\/p>\n<h3>Ver, ajustar o eliminar datos<\/h3>\n<p> Tienes derecho a ver, corregir o eliminar tus datos personales. Adem\u00e1s, tienes derecho a retirar tu consentimiento para el procesamiento de datos o a oponerte al procesamiento de tus datos personales por parte de Drop and Go, y tienes derecho a la portabilidad de los datos. Esto significa que puedes enviarnos una solicitud para que te enviemos los datos personales que tenemos sobre ti en un archivo inform\u00e1tico a ti o a otra organizaci\u00f3n que menciones. Puedes enviar una solicitud de acceso, correcci\u00f3n, eliminaci\u00f3n, transferencia de datos personales o solicitud de retiro de tu consentimiento o de objeci\u00f3n al procesamiento de tus datos personales a info@dropandgo.nl. Para garantizar que la solicitud de acceso fue realizada por ti, te pedimos que incluyas una copia de tu prueba de identidad con la solicitud. En esta copia, haz que la foto de tu pasaporte, la MRZ (zona legible por m\u00e1quina, la franja con n\u00fameros en la parte inferior del pasaporte), el n\u00famero de pasaporte y el n\u00famero de servicio ciudadano (BSN) est\u00e9n en negro. Esto es para proteger tu privacidad. Responderemos a tu solicitud lo antes posible, pero dentro de cuatro semanas. Drop and Go tambi\u00e9n quisiera se\u00f1alar que tienes la opci\u00f3n de presentar una queja ante la autoridad de supervisi\u00f3n nacional, la Autoridad Holandesa de Protecci\u00f3n de Datos.[\/et_pb_text][\/et_pb_column][et_pb_column type=\u00bb1_2&#8243; admin_label=\u00bbColumn\u00bb _builder_version=\u00bb4.23&#8243; _module_preset=\u00bbdefault\u00bb global_colors_info=\u00bb{}\u00bb][et_pb_text _builder_version=\u00bb4.23&#8243; _module_preset=\u00bbdefault\u00bb header_2_text_align=\u00bbleft\u00bb custom_margin=\u00bb||40px||false|false\u00bb global_colors_info=\u00bb{}\u00bb]<\/p>\n<h3>Seguridad<\/strong><\/h3>\n<p> Drop and Go toma muy en serio la protecci\u00f3n de tus datos y adopta medidas apropiadas para prevenir el mal uso, la p\u00e9rdida, el acceso no autorizado, la divulgaci\u00f3n no deseada y la modificaci\u00f3n no autorizada. Si consideras que tus datos no est\u00e1n debidamente protegidos o hay indicios de uso indebido, por favor, cont\u00e1ctanos en info@dropandgo.nl. Drop and Go ha tomado las medidas mencionadas a continuaci\u00f3n para proteger tus datos personales.[\/et_pb_text][et_pb_blurb title=\u00bbSoftware de seguridad, como un esc\u00e1ner de virus actualizado y un firewall.\u00bb use_icon=\u00bbon\u00bb font_icon=\u00bb&#x4e;||divi||400&#8243; icon_placement=\u00bbleft\u00bb _builder_version=\u00bb4.23&#8243; _module_preset=\u00bbdefault\u00bb header_line_height=\u00bb1.7em\u00bb global_colors_info=\u00bb{}\u00bb][\/et_pb_blurb][et_pb_blurb title=\u00bbMonitoreo por c\u00e1mara\u00bb use_icon=\u00bbon\u00bb font_icon=\u00bb&#x4e;||divi||400&#8243; icon_placement=\u00bbleft\u00bb _builder_version=\u00bb4.23&#8243; _module_preset=\u00bbdefault\u00bb header_line_height=\u00bb1.7em\u00bb global_colors_info=\u00bb{}\u00bb][\/et_pb_blurb][et_pb_blurb title=\u00bbSSL. Enviamos tu informaci\u00f3n completada a trav\u00e9s de una conexi\u00f3n segura de internet. \u00bb use_icon=\u00bbon\u00bb font_icon=\u00bb&#x4e;||divi||400&#8243; icon_placement=\u00bbleft\u00bb _builder_version=\u00bb4.23&#8243; _module_preset=\u00bbdefault\u00bb header_line_height=\u00bb1.7em\u00bb global_colors_info=\u00bb{}\u00bb][\/et_pb_blurb][et_pb_blurb title=\u00bbLos formularios de contacto enviados se eliminan del servidor web despu\u00e9s de 90 d\u00edas.\u00bb use_icon=\u00bbon\u00bb font_icon=\u00bb&#x4e;||divi||400&#8243; icon_placement=\u00bbleft\u00bb _builder_version=\u00bb4.23&#8243; _module_preset=\u00bbdefault\u00bb header_line_height=\u00bb1.7em\u00bb global_colors_info=\u00bb{}\u00bb][\/et_pb_blurb][et_pb_blurb title=\u00bbSeguridad de todos los dispositivos y soluciones en l\u00ednea con acceso a los datos proporcionados.\u00bb use_icon=\u00bbon\u00bb font_icon=\u00bb&#x4e;||divi||400&#8243; icon_placement=\u00bbleft\u00bb _builder_version=\u00bb4.23&#8243; _module_preset=\u00bbdefault\u00bb header_line_height=\u00bb1.7em\u00bb global_colors_info=\u00bb{}\u00bb][\/et_pb_blurb][\/et_pb_column][\/et_pb_row][\/et_pb_section]<\/p>\n","protected":false},"excerpt":{"rendered":"<p>Privacidad Tus datos est\u00e1n seguros con nosotros.Drop and Go, ubicado en Prins Hendrikkade 86 en \u00c1msterdam, es responsable del procesamiento de datos personales como se indica en esta declaraci\u00f3n de privacidad.Objetivos y fundamento Drop and Go procesa tus datos personales para los siguientes prop\u00f3sitos: \u2013 Gesti\u00f3n de pagos. \u2013 Para poder llamarte o enviarte un [&hellip;]<\/p>\n","protected":false},"author":1,"featured_media":0,"parent":0,"menu_order":0,"comment_status":"closed","ping_status":"closed","template":"","meta":{"_seopress_robots_primary_cat":"","_seopress_titles_title":"","_seopress_titles_desc":"DropGo toma la protecci\u00f3n de tus datos en serio y toma medidas para evitar el mal uso, la p\u00e9rdida, el acceso no autorizado, la modificaci\u00f3n no autorizada y la divulgaci\u00f3n no deseada.","_seopress_robots_index":"","_et_pb_use_builder":"on","_et_pb_old_content":"","_et_gb_content_width":"","footnotes":""},"class_list":["post-4427","page","type-page","status-publish","hentry"],"_links":{"self":[{"href":"https:\/\/dropandgo.nl\/es\/wp-json\/wp\/v2\/pages\/4427","targetHints":{"allow":["GET"]}}],"collection":[{"href":"https:\/\/dropandgo.nl\/es\/wp-json\/wp\/v2\/pages"}],"about":[{"href":"https:\/\/dropandgo.nl\/es\/wp-json\/wp\/v2\/types\/page"}],"author":[{"embeddable":true,"href":"https:\/\/dropandgo.nl\/es\/wp-json\/wp\/v2\/users\/1"}],"replies":[{"embeddable":true,"href":"https:\/\/dropandgo.nl\/es\/wp-json\/wp\/v2\/comments?post=4427"}],"version-history":[{"count":0,"href":"https:\/\/dropandgo.nl\/es\/wp-json\/wp\/v2\/pages\/4427\/revisions"}],"wp:attachment":[{"href":"https:\/\/dropandgo.nl\/es\/wp-json\/wp\/v2\/media?parent=4427"}],"curies":[{"name":"wp","href":"https:\/\/api.w.org\/{rel}","templated":true}]}}