{"id":2421,"date":"2023-11-21T05:05:42","date_gmt":"2023-11-21T04:05:42","guid":{"rendered":"https:\/\/dropandgo.nl\/service-de-cles\/gestion-des-services-cles\/"},"modified":"2024-07-09T05:44:02","modified_gmt":"2024-07-09T03:44:02","slug":"gestion-des-services-cles","status":"publish","type":"page","link":"https:\/\/dropandgo.nl\/fr\/service-de-cles\/gestion-des-services-cles\/","title":{"rendered":"Gestion des services cl\u00e9s"},"content":{"rendered":"","protected":false},"excerpt":{"rendered":"","protected":false},"author":1,"featured_media":0,"parent":2336,"menu_order":0,"comment_status":"closed","ping_status":"closed","template":"","meta":{"_seopress_robots_primary_cat":"","_seopress_titles_title":"Gestion des services cl\u00e9s Amsterdam - Drop&Go","_seopress_titles_desc":"Vous manquez de temps en tant qu'h\u00f4te Airbnb \u00e0 Amsterdam ? Besoin d'un coup de main ? Nous offrons un service de cl\u00e9s et aidons tes invit\u00e9s \u00e0 r\u00e9pondre \u00e0 tous leurs besoins pendant leur s\u00e9jour.","_seopress_robots_index":"","_et_pb_use_builder":"on","_et_pb_old_content":"","_et_gb_content_width":"","footnotes":""},"class_list":["post-2421","page","type-page","status-publish","hentry"],"_links":{"self":[{"href":"https:\/\/dropandgo.nl\/fr\/wp-json\/wp\/v2\/pages\/2421","targetHints":{"allow":["GET"]}}],"collection":[{"href":"https:\/\/dropandgo.nl\/fr\/wp-json\/wp\/v2\/pages"}],"about":[{"href":"https:\/\/dropandgo.nl\/fr\/wp-json\/wp\/v2\/types\/page"}],"author":[{"embeddable":true,"href":"https:\/\/dropandgo.nl\/fr\/wp-json\/wp\/v2\/users\/1"}],"replies":[{"embeddable":true,"href":"https:\/\/dropandgo.nl\/fr\/wp-json\/wp\/v2\/comments?post=2421"}],"version-history":[{"count":0,"href":"https:\/\/dropandgo.nl\/fr\/wp-json\/wp\/v2\/pages\/2421\/revisions"}],"up":[{"embeddable":true,"href":"https:\/\/dropandgo.nl\/fr\/wp-json\/wp\/v2\/pages\/2336"}],"wp:attachment":[{"href":"https:\/\/dropandgo.nl\/fr\/wp-json\/wp\/v2\/media?parent=2421"}],"curies":[{"name":"wp","href":"https:\/\/api.w.org\/{rel}","templated":true}]}}