{"id":2606,"date":"2023-12-01T00:53:49","date_gmt":"2023-11-30T23:53:49","guid":{"rendered":"https:\/\/dropandgo.nl\/conditions-generales\/"},"modified":"2024-07-09T06:00:44","modified_gmt":"2024-07-09T04:00:44","slug":"conditions-generales","status":"publish","type":"page","link":"https:\/\/dropandgo.nl\/fr\/conditions-generales\/","title":{"rendered":"Conditions g\u00e9n\u00e9rales"},"content":{"rendered":"<p>[et_pb_section fb_built=\u00a0\u00bb1&Prime; _builder_version=\u00a0\u00bb4.23&Prime; _module_preset=\u00a0\u00bbdefault\u00a0\u00bb background_enable_color=\u00a0\u00bboff\u00a0\u00bb use_background_color_gradient=\u00a0\u00bbon\u00a0\u00bb background_color_gradient_direction=\u00a0\u00bb90deg\u00a0\u00bb background_color_gradient_stops=\u00a0\u00bbrgba(0,0,0,0.46) 0%|rgba(0,0,0,0.31) 100%\u00a0\u00bb background_color_gradient_overlays_image=\u00a0\u00bbon\u00a0\u00bb background_image=\u00a0\u00bbhttps:\/\/dropandgo.nl\/wp-content\/uploads\/2023\/11\/78bae0af-d9d4-4015-ae11-458f0c9dd6f3_out-1920&#215;1200.jpg\u00a0\u00bb background_enable_pattern_style=\u00a0\u00bbon\u00a0\u00bb background_pattern_style=\u00a0\u00bbdiagonal-stripes\u00a0\u00bb background_pattern_color=\u00a0\u00bbrgba(0,0,0,0.04)\u00a0\u00bb background_pattern_size=\u00a0\u00bbcontain\u00a0\u00bb custom_margin=\u00a0\u00bb||||false|false\u00a0\u00bb custom_padding=\u00a0\u00bb40px||40px||true|false\u00a0\u00bb global_colors_info=\u00a0\u00bb{}\u00a0\u00bb][et_pb_row _builder_version=\u00a0\u00bb4.23&Prime; _module_preset=\u00a0\u00bbdefault\u00a0\u00bb background_enable_color=\u00a0\u00bboff\u00a0\u00bb custom_padding=\u00a0\u00bb||||false|false\u00a0\u00bb global_colors_info=\u00a0\u00bb{}\u00a0\u00bb][et_pb_column type=\u00a0\u00bb4_4&Prime; _builder_version=\u00a0\u00bb4.23&Prime; _module_preset=\u00a0\u00bbdefault\u00a0\u00bb global_colors_info=\u00a0\u00bb{}\u00a0\u00bb][et_pb_text _builder_version=\u00a0\u00bb4.23&Prime; _module_preset=\u00a0\u00bbdefault\u00a0\u00bb text_text_color=\u00a0\u00bb#FFFFFF\u00a0\u00bb text_font_size=\u00a0\u00bb23px\u00a0\u00bb text_line_height=\u00a0\u00bb1.5em\u00a0\u00bb header_font=\u00a0\u00bb|700|||||||\u00a0\u00bb header_text_color=\u00a0\u00bb#FFFFFF\u00a0\u00bb header_font_size=\u00a0\u00bb40px\u00a0\u00bb header_line_height=\u00a0\u00bb1.3em\u00a0\u00bb header_2_text_align=\u00a0\u00bbcenter\u00a0\u00bb text_orientation=\u00a0\u00bbcenter\u00a0\u00bb global_colors_info=\u00a0\u00bb{}\u00a0\u00bb]<\/p>\n<h1>Conditions g\u00e9n\u00e9rales<\/h1>\n<p>[\/et_pb_text][\/et_pb_column][\/et_pb_row][\/et_pb_section][et_pb_section fb_built=\u00a0\u00bb1&Prime; _builder_version=\u00a0\u00bb4.23&Prime; _module_preset=\u00a0\u00bbdefault\u00a0\u00bb custom_padding=\u00a0\u00bb80px||80px||true|false\u00a0\u00bb global_colors_info=\u00a0\u00bb{}\u00a0\u00bb][et_pb_row column_structure=\u00a0\u00bb1_2,1_2&Prime; _builder_version=\u00a0\u00bb4.23&Prime; _module_preset=\u00a0\u00bbdefault\u00a0\u00bb global_colors_info=\u00a0\u00bb{}\u00a0\u00bb][et_pb_column type=\u00a0\u00bb1_2&Prime; _builder_version=\u00a0\u00bb4.23&Prime; _module_preset=\u00a0\u00bbdefault\u00a0\u00bb global_colors_info=\u00a0\u00bb{}\u00a0\u00bb][et_pb_text _builder_version=\u00a0\u00bb4.25.1&Prime; _module_preset=\u00a0\u00bbdefault\u00a0\u00bb hover_enabled=\u00a0\u00bb0&Prime; global_colors_info=\u00a0\u00bb{}\u00a0\u00bb sticky_enabled=\u00a0\u00bb0&Prime;]1. L&rsquo;utilisation de l&rsquo;installation de stockage se fait aux risques de l&rsquo;utilisateur. Le titre 9 du livre 7 du Code civil n\u00e9erlandais concernant la \u00ab garde \u00bb (bewaarneming) ne s&rsquo;applique pas \u00e0 l&rsquo;accord entre Drop&amp;Go et les utilisateurs du service de consigne. <\/p>\n<p>2. Les prix pour l&rsquo;utilisation de la consigne sont fix\u00e9s par tranche de 24 heures et bas\u00e9s sur la taille de chaque article. Des frais suppl\u00e9mentaires peuvent s&rsquo;appliquer pour les articles tr\u00e8s lourds afin d&rsquo;\u00e9viter de soulever des charges lourdes par nos employ\u00e9s. Les articles et leur contenu ne doivent pas d\u00e9passer une valeur totale de 500 \u20ac. Drop&amp;Go n&rsquo;est pas responsable des articles endommag\u00e9s ou manquants d&rsquo;une valeur sup\u00e9rieure \u00e0 500 \u20ac.[\/et_pb_text][\/et_pb_column][et_pb_column type=\u00a0\u00bb1_2&Prime; _builder_version=\u00a0\u00bb4.23&Prime; _module_preset=\u00a0\u00bbdefault\u00a0\u00bb global_colors_info=\u00a0\u00bb{}\u00a0\u00bb][et_pb_image src=\u00a0\u00bbhttps:\/\/dropandgo.nl\/wp-content\/uploads\/2023\/12\/amsterdam-luggage.jpeg\u00a0\u00bb title_text=\u00a0\u00bbAmsterdam bagages\u00a0\u00bb align=\u00a0\u00bbcenter\u00a0\u00bb force_fullwidth=\u00a0\u00bbon\u00a0\u00bb _builder_version=\u00a0\u00bb4.23&Prime; _module_preset=\u00a0\u00bbdefault\u00a0\u00bb border_radii=\u00a0\u00bbon|45px|45px|45px|45px\u00a0\u00bb global_colors_info=\u00a0\u00bb{}\u00a0\u00bb][\/et_pb_image][\/et_pb_column][\/et_pb_row][et_pb_row _builder_version=\u00a0\u00bb4.23&Prime; _module_preset=\u00a0\u00bbdefault\u00a0\u00bb global_colors_info=\u00a0\u00bb{}\u00a0\u00bb][et_pb_column type=\u00a0\u00bb4_4&Prime; _builder_version=\u00a0\u00bb4.23&Prime; _module_preset=\u00a0\u00bbdefault\u00a0\u00bb global_colors_info=\u00a0\u00bb{}\u00a0\u00bb][et_pb_text _builder_version=\u00a0\u00bb4.25.1&Prime; _module_preset=\u00a0\u00bbdefault\u00a0\u00bb hover_enabled=\u00a0\u00bb0&Prime; global_colors_info=\u00a0\u00bb{}\u00a0\u00bb sticky_enabled=\u00a0\u00bb0&Prime;]3. Les clients doivent s&rsquo;assurer que leurs articles sont correctement emball\u00e9s et ferm\u00e9s. Drop&amp;Go n&rsquo;est pas responsable des articles endommag\u00e9s ou manquants en raison d&rsquo;un mauvais emballage. <\/p>\n<p>4. Drop&amp;Go accepte les cartes de d\u00e9bit, les cartes de cr\u00e9dit et les esp\u00e8ces. Aucun remboursement ne sera effectu\u00e9 une fois le paiement effectu\u00e9, sauf si la loi l&rsquo;exige ou si cela est convenu pour une raison valable. <\/p>\n<p>5. Drop&amp;Go se r\u00e9serve le droit d&rsquo;inspecter le contenu des articles. Les clients ne sont pas autoris\u00e9s \u00e0 stocker des articles ill\u00e9gaux, dangereux, p\u00e9rissables ou inflammables, y compris les explosifs, les armes \u00e0 feu et les substances interdites par la loi. Drop&amp;Go peut refuser des articles trop pr\u00e9cieux, trop volumineux ou ayant un contenu potentiellement dangereux. Chaque client indemnise Drop&amp;Go contre les dommages caus\u00e9s par le contenu des articles mis en consigne.   <\/p>\n<p>6. Drop&amp;Go fournira un re\u00e7u par article. Tous les articles doivent \u00eatre \u00e9tiquet\u00e9s s\u00e9par\u00e9ment. La restitution des articles ne se fera que sur pr\u00e9sentation du re\u00e7u \u00e0 un employ\u00e9 de Drop&amp;Go. Les m\u00eames r\u00e8gles s&rsquo;appliquent pour la restitution temporaire des articles.   <\/p>\n<p>7. Drop&amp;Go se r\u00e9serve le droit de v\u00e9rifier l&rsquo;identit\u00e9 de toute personne r\u00e9clamant des articles. Si un ticket est perdu, les clients seront invit\u00e9s \u00e0 nommer trois articles sp\u00e9cifiques dans leurs bagages pour identification. Si quelqu&rsquo;un d&rsquo;autre trouve le ticket, il peut r\u00e9cup\u00e9rer l&rsquo;article. Toutefois, si Drop&amp;Go a des doutes sur le propri\u00e9taire l\u00e9gitime des bagages, trois articles dans le sac doivent encore \u00eatre nomm\u00e9s.   <\/p>\n<p>8. Drop&amp;Go prendra toutes les mesures raisonnables pour prendre soin des articles stock\u00e9s, les prot\u00e9ger et les restituer en bon \u00e9tat. Cependant, Drop&amp;Go ne peut garantir que tous les articles seront toujours restitu\u00e9s non endommag\u00e9s. <\/p>\n<p>9. Les clients peuvent acc\u00e9der \u00e0 leurs bagages stock\u00e9s pour ajouter ou retirer des articles du m\u00eame article \u00e9tiquet\u00e9 sans frais suppl\u00e9mentaires. Cet acc\u00e8s est permis uniquement pendant les heures d&rsquo;ouverture et si les frais de stockage ont \u00e9t\u00e9 pay\u00e9s jusqu&rsquo;\u00e0 ce point. <\/p>\n<p>10. Drop&amp;Go n&rsquo;est pas responsable des dommages caus\u00e9s par le client, sauf pour les dommages caus\u00e9s intentionnellement ou par n\u00e9gligence grave de la part de Drop&amp;Go ou de ses employ\u00e9s. La responsabilit\u00e9 pour les dommages indirects est exclue. La responsabilit\u00e9 de Drop&amp;Go est limit\u00e9e \u00e0 500 \u20ac par article (y compris le contenu) \u00e0 tout moment.  <\/p>\n<p>11. Les bagages seront conserv\u00e9s pendant un maximum de 1 mois, sauf accord pr\u00e9alable contraire. Les articles non r\u00e9clam\u00e9s apr\u00e8s cette p\u00e9riode peuvent \u00eatre consid\u00e9r\u00e9s comme abandonn\u00e9s et \u00e9limin\u00e9s \u00e0 la discr\u00e9tion de Drop&amp;Go. <\/p>\n<p>12. Service de cl\u00e9s : Il est de la responsabilit\u00e9 de l&rsquo;h\u00f4te d&rsquo;informer les invit\u00e9s de l&#8217;emplacement de la collecte des cl\u00e9s et des heures d&rsquo;ouverture du magasin. Le service de cl\u00e9s de Drop&amp;Go est offert uniquement pendant les heures d&rsquo;ouverture. Les invit\u00e9s doivent fournir une pi\u00e8ce d&rsquo;identit\u00e9 valide lors de la collecte des cl\u00e9s.  <\/p>\n<p>13. Drop&amp;Go n&rsquo;est pas responsable des co\u00fbts engag\u00e9s si les clients ne r\u00e9cup\u00e8rent pas leurs effets personnels pendant les heures d&rsquo;ouverture.<\/p>\n<p>14. Drop&amp;Go s&rsquo;engage \u00e0 prot\u00e9ger la vie priv\u00e9e de ses clients. Les informations personnelles collect\u00e9es seront utilis\u00e9es uniquement pour fournir les services et ne seront pas partag\u00e9es avec des tiers sans consentement, sauf si la loi l&rsquo;exige. <\/p>\n<p>15. Les clients doivent se comporter de mani\u00e8re respectueuse et l\u00e9gale dans les locaux de Drop&amp;Go. Un comportement inappropri\u00e9 peut entra\u00eener le refus de service. <\/p>\n<p>16. Drop&amp;Go n&rsquo;est pas responsable de tout manquement \u00e0 ses obligations en raison d&rsquo;\u00e9v\u00e9nements \u00e9chappant \u00e0 son contr\u00f4le raisonnable, y compris mais sans s&rsquo;y limiter les catastrophes naturelles, les pand\u00e9mies, les gr\u00e8ves ou les actions gouvernementales.<\/p>\n<p>17. Drop&amp;Go se r\u00e9serve le droit de modifier ces conditions g\u00e9n\u00e9rales \u00e0 tout moment.[\/et_pb_text][\/et_pb_column][\/et_pb_row][\/et_pb_section]<\/p>\n","protected":false},"excerpt":{"rendered":"<p>Conditions g\u00e9n\u00e9rales1. L&rsquo;utilisation de l&rsquo;installation de stockage se fait aux risques de l&rsquo;utilisateur. Le titre 9 du livre 7 du Code civil n\u00e9erlandais concernant la \u00ab garde \u00bb (bewaarneming) ne s&rsquo;applique pas \u00e0 l&rsquo;accord entre Drop&amp;Go et les utilisateurs du service de consigne. 2. Les prix pour l&rsquo;utilisation de la consigne sont fix\u00e9s par tranche [&hellip;]<\/p>\n","protected":false},"author":1,"featured_media":0,"parent":0,"menu_order":0,"comment_status":"closed","ping_status":"closed","template":"","meta":{"_seopress_robots_primary_cat":"","_seopress_titles_title":"Conditions g\u00e9n\u00e9rales - Drop&Go ","_seopress_titles_desc":"Sur cette page, tu trouveras les conditions g\u00e9n\u00e9rales de Drop&Go Amsterdam.","_seopress_robots_index":"","_et_pb_use_builder":"on","_et_pb_old_content":"","_et_gb_content_width":"","footnotes":""},"class_list":["post-2606","page","type-page","status-publish","hentry"],"_links":{"self":[{"href":"https:\/\/dropandgo.nl\/fr\/wp-json\/wp\/v2\/pages\/2606","targetHints":{"allow":["GET"]}}],"collection":[{"href":"https:\/\/dropandgo.nl\/fr\/wp-json\/wp\/v2\/pages"}],"about":[{"href":"https:\/\/dropandgo.nl\/fr\/wp-json\/wp\/v2\/types\/page"}],"author":[{"embeddable":true,"href":"https:\/\/dropandgo.nl\/fr\/wp-json\/wp\/v2\/users\/1"}],"replies":[{"embeddable":true,"href":"https:\/\/dropandgo.nl\/fr\/wp-json\/wp\/v2\/comments?post=2606"}],"version-history":[{"count":0,"href":"https:\/\/dropandgo.nl\/fr\/wp-json\/wp\/v2\/pages\/2606\/revisions"}],"wp:attachment":[{"href":"https:\/\/dropandgo.nl\/fr\/wp-json\/wp\/v2\/media?parent=2606"}],"curies":[{"name":"wp","href":"https:\/\/api.w.org\/{rel}","templated":true}]}}