{"id":3003,"date":"2023-12-01T01:18:02","date_gmt":"2023-12-01T00:18:02","guid":{"rendered":"https:\/\/dropandgo.nl\/politique-en-matiere-de-cookies\/"},"modified":"2024-07-09T05:42:29","modified_gmt":"2024-07-09T03:42:29","slug":"politique-en-matiere-de-cookies","status":"publish","type":"page","link":"https:\/\/dropandgo.nl\/fr\/politique-en-matiere-de-cookies\/","title":{"rendered":"Politique en mati\u00e8re de cookies"},"content":{"rendered":"<p>[et_pb_section fb_built=\u00a0\u00bb1&Prime; _builder_version=\u00a0\u00bb4.23&Prime; _module_preset=\u00a0\u00bbdefault\u00a0\u00bb background_enable_color=\u00a0\u00bboff\u00a0\u00bb use_background_color_gradient=\u00a0\u00bbon\u00a0\u00bb background_color_gradient_direction=\u00a0\u00bb90deg\u00a0\u00bb background_color_gradient_stops=\u00a0\u00bbrgba(0,0,0,0.46) 0%|rgba(0,0,0,0.31) 100%\u00a0\u00bb background_color_gradient_overlays_image=\u00a0\u00bbon\u00a0\u00bb background_image=\u00a0\u00bbhttps:\/\/dropandgo.nl\/wp-content\/uploads\/2023\/11\/78bae0af-d9d4-4015-ae11-458f0c9dd6f3_out-1920&#215;1200.jpg\u00a0\u00bb background_enable_pattern_style=\u00a0\u00bbon\u00a0\u00bb background_pattern_style=\u00a0\u00bbdiagonal-stripes\u00a0\u00bb background_pattern_color=\u00a0\u00bbrgba(0,0,0,0.04)\u00a0\u00bb background_pattern_size=\u00a0\u00bbcontain\u00a0\u00bb custom_margin=\u00a0\u00bb||||false|false\u00a0\u00bb custom_padding=\u00a0\u00bb40px||40px||true|false\u00a0\u00bb global_colors_info=\u00a0\u00bb{}\u00a0\u00bb][et_pb_row _builder_version=\u00a0\u00bb4.23&Prime; _module_preset=\u00a0\u00bbdefault\u00a0\u00bb background_enable_color=\u00a0\u00bboff\u00a0\u00bb custom_padding=\u00a0\u00bb||||false|false\u00a0\u00bb global_colors_info=\u00a0\u00bb{}\u00a0\u00bb][et_pb_column type=\u00a0\u00bb4_4&Prime; _builder_version=\u00a0\u00bb4.23&Prime; _module_preset=\u00a0\u00bbdefault\u00a0\u00bb global_colors_info=\u00a0\u00bb{}\u00a0\u00bb][et_pb_text _builder_version=\u00a0\u00bb4.23&Prime; _module_preset=\u00a0\u00bbdefault\u00a0\u00bb text_text_color=\u00a0\u00bb#FFFFFF\u00a0\u00bb text_font_size=\u00a0\u00bb23px\u00a0\u00bb text_line_height=\u00a0\u00bb1.5em\u00a0\u00bb header_font=\u00a0\u00bb|700|||||||\u00a0\u00bb header_text_color=\u00a0\u00bb#FFFFFF\u00a0\u00bb header_font_size=\u00a0\u00bb40px\u00a0\u00bb header_line_height=\u00a0\u00bb1.3em\u00a0\u00bb header_2_text_align=\u00a0\u00bbcenter\u00a0\u00bb text_orientation=\u00a0\u00bbcenter\u00a0\u00bb global_colors_info=\u00a0\u00bb{}\u00a0\u00bb]<\/p>\n<h1>Cookies<\/h1>\n<p>[\/et_pb_text][et_pb_text _builder_version=\u00a0\u00bb4.23&Prime; _module_preset=\u00a0\u00bbdefault\u00a0\u00bb text_text_color=\u00a0\u00bb#FFFFFF\u00a0\u00bb text_font_size=\u00a0\u00bb23px\u00a0\u00bb text_line_height=\u00a0\u00bb1.5em\u00a0\u00bb header_font=\u00a0\u00bb|700|||||||\u00a0\u00bb header_text_color=\u00a0\u00bb#FFFFFF\u00a0\u00bb header_font_size=\u00a0\u00bb40px\u00a0\u00bb header_line_height=\u00a0\u00bb1.3em\u00a0\u00bb header_2_text_align=\u00a0\u00bbcenter\u00a0\u00bb text_orientation=\u00a0\u00bbcenter\u00a0\u00bb global_colors_info=\u00a0\u00bb{}\u00a0\u00bb]<\/p>\n<p>D\u00e9licieux.<\/p>\n<p>[\/et_pb_text][\/et_pb_column][\/et_pb_row][\/et_pb_section][et_pb_section fb_built=\u00a0\u00bb1&Prime; _builder_version=\u00a0\u00bb4.23&Prime; _module_preset=\u00a0\u00bbdefault\u00a0\u00bb custom_padding=\u00a0\u00bb80px||80px||true|false\u00a0\u00bb global_colors_info=\u00a0\u00bb{}\u00a0\u00bb][et_pb_row _builder_version=\u00a0\u00bb4.23&Prime; _module_preset=\u00a0\u00bbdefault\u00a0\u00bb global_colors_info=\u00a0\u00bb{}\u00a0\u00bb][et_pb_column type=\u00a0\u00bb4_4&Prime; _builder_version=\u00a0\u00bb4.23&Prime; _module_preset=\u00a0\u00bbdefault\u00a0\u00bb global_colors_info=\u00a0\u00bb{}\u00a0\u00bb][et_pb_text _builder_version=\u00a0\u00bb4.25.2&Prime; _module_preset=\u00a0\u00bbdefault\u00a0\u00bb hover_enabled=\u00a0\u00bb0&Prime; global_colors_info=\u00a0\u00bb{}\u00a0\u00bb sticky_enabled=\u00a0\u00bb0&Prime;]<\/p>\n<p><strong>Mise \u00e0 jour :<\/strong> 02.07.2024<\/p>\n<p>&nbsp;<\/p>\n<h3>Qu&rsquo;est-ce qu&rsquo;un cookie ?<\/h3>\n<p>Les cookies et les technologies similaires sont de tr\u00e8s petits documents textuels ou des morceaux de code qui contiennent souvent un code d&rsquo;identification unique. Lorsque tu visites un site Internet ou que tu utilises une application mobile, un ordinateur te demande la permission d&rsquo;enregistrer ce fichier sur ton ordinateur ou ton appareil mobile et d&rsquo;avoir acc\u00e8s aux informations. Les informations collect\u00e9es par le biais des cookies et des technologies similaires peuvent inclure la date et l&rsquo;heure de la visite et la fa\u00e7on dont tu utilises un site Web ou une application mobile en particulier.<\/p>\n<p>&nbsp;<\/p>\n<h3>Pourquoi utilisons-nous des cookies ?<\/h3>\n<p>Les cookies veillent \u00e0 ce que, pendant ta visite de notre boutique en ligne, tu restes connect\u00e9, que tous les articles restent stock\u00e9s dans ton panier, que tu puisses faire tes achats en toute s\u00e9curit\u00e9 et que le site Web continue de fonctionner sans probl\u00e8me. Les cookies veillent \u00e9galement \u00e0 ce que nous puissions voir comment notre site Web est utilis\u00e9 et comment nous pouvons l&rsquo;am\u00e9liorer. De plus, selon tes pr\u00e9f\u00e9rences, nos propres cookies peuvent \u00eatre utilis\u00e9s pour te pr\u00e9senter des publicit\u00e9s cibl\u00e9es qui correspondent \u00e0 tes int\u00e9r\u00eats personnels.<\/p>\n<p>&nbsp;<\/p>\n<h3>Quel type de cookies utilisons-nous ?<\/h3>\n<p><strong><\/strong><\/p>\n<p><strong>Cookies n\u00e9cessaires<\/strong><br \/>Ces cookies sont n\u00e9cessaires au bon fonctionnement du site web. Certaines des actions suivantes peuvent \u00eatre effectu\u00e9es en utilisant ces cookies.<\/p>\n<table>\n<thead>\n<tr>\n<th>Cookie<\/th>\n<th>Domaine<\/th>\n<th>Expiration<\/th>\n<th>Description<\/th>\n<\/tr>\n<\/thead>\n<tbody>\n<tr>\n<td>wordpress_test_cookie<\/td>\n<td>dropandgo.nl<\/td>\n<td>Session<\/td>\n<td>Utilis\u00e9 sur les sites construits avec WordPress. Teste si le navigateur a activ\u00e9 les cookies ou non.<\/td>\n<\/tr>\n<\/tbody>\n<\/table>\n<p><strong><\/strong><\/p>\n<p><strong>Cookies de performance<\/strong><br \/>Ces cookies sont utilis\u00e9s pour recueillir des informations statistiques sur l&rsquo;utilisation de notre site Web, \u00e9galement appel\u00e9s cookies analytiques. Nous utilisons ces donn\u00e9es \u00e0 des fins de performance et d&rsquo;optimisation du site Web.<\/p>\n<table>\n<thead>\n<tr>\n<th>Cookie<\/th>\n<th>Domaine<\/th>\n<th>Expiration<\/th>\n<th>Description<\/th>\n<\/tr>\n<\/thead>\n<tbody>\n<tr>\n<td>_ga_<\/td>\n<td>.dropandgo.nl<\/td>\n<td>1 an 1 mois<\/td>\n<td>Ce cookie est utilis\u00e9 par Google Analytics pour conserver l&rsquo;\u00e9tat de la session.<\/td>\n<\/tr>\n<tr>\n<td>_ga<\/td>\n<td>.dropandgo.nl<\/td>\n<td>1 an 1 mois<\/td>\n<td>Ce nom de cookie est associ\u00e9 \u00e0 Google Universal Analytics &#8211; qui est une mise \u00e0 jour importante du service d&rsquo;analyse de Google plus couramment utilis\u00e9. Ce cookie est utilis\u00e9 pour distinguer les utilisateurs uniques en attribuant un num\u00e9ro g\u00e9n\u00e9r\u00e9 au hasard comme identifiant du client. Il est inclus dans chaque demande de page d&rsquo;un site et utilis\u00e9 pour calculer les donn\u00e9es relatives aux visiteurs, aux sessions et aux campagnes pour les rapports d&rsquo;analyse des sites.<\/td>\n<\/tr>\n<\/tbody>\n<\/table>\n<p><strong><\/strong><\/p>\n<p><strong>Cookies fonctionnels<\/strong><br \/>Ces cookies permettent d&rsquo;offrir plus de fonctionnalit\u00e9s aux visiteurs de notre site web.<\/p>\n<table>\n<thead>\n<tr>\n<th>Cookie<\/th>\n<th>Domaine<\/th>\n<th>Expiration<\/th>\n<th>Description<\/th>\n<\/tr>\n<\/thead>\n<tbody>\n<tr>\n<td>wp-wpml_current_language<\/td>\n<td>dropandgo.nl<\/td>\n<td>Session<\/td>\n<td>Enregistre la langue actuelle. Par d\u00e9faut, ce cookie n&rsquo;est d\u00e9fini que pour les utilisateurs connect\u00e9s. Si tu actives le cookie de langue pour prendre en charge le filtrage AJAX, ce cookie sera \u00e9galement d\u00e9fini pour les utilisateurs qui ne sont pas connect\u00e9s.<\/td>\n<\/tr>\n<\/tbody>\n<\/table>\n<p><strong><\/strong><\/p>\n<p><strong>Cookies publicitaires \/ de suivi<\/strong><br \/>Ces cookies sont mis en place par des partenaires publicitaires externes et sont utilis\u00e9s pour le profilage et le suivi des donn\u00e9es sur plusieurs sites Web. Si tu acceptes ces cookies, nous pouvons montrer nos publicit\u00e9s sur d&rsquo;autres sites Web en fonction de ton profil d&rsquo;utilisateur et de tes pr\u00e9f\u00e9rences. Ces cookies enregistrent \u00e9galement des donn\u00e9es sur le nombre de visiteurs qui ont vu ou cliqu\u00e9 sur nos publicit\u00e9s afin d&rsquo;optimiser les campagnes publicitaires.<\/p>\n<table>\n<thead>\n<tr>\n<th>Cookie<\/th>\n<th>Domaine<\/th>\n<th>Expiration<\/th>\n<th>Description<\/th>\n<\/tr>\n<\/thead>\n<tbody>\n<tr>\n<td>_gcl_au<\/td>\n<td>.dropandgo.nl<\/td>\n<td>3 mois<\/td>\n<td>Utilis\u00e9 par Google AdSense pour exp\u00e9rimenter l&rsquo;efficacit\u00e9 des publicit\u00e9s sur les sites Web utilisant leurs services.<\/td>\n<\/tr>\n<\/tbody>\n<\/table>\n<p>[\/et_pb_text][\/et_pb_column][\/et_pb_row][\/et_pb_section]<\/p>\n","protected":false},"excerpt":{"rendered":"<p>CookiesD\u00e9licieux.Mise \u00e0 jour : 02.07.2024 &nbsp; Qu&rsquo;est-ce qu&rsquo;un cookie ? Les cookies et les technologies similaires sont de tr\u00e8s petits documents textuels ou des morceaux de code qui contiennent souvent un code d&rsquo;identification unique. Lorsque tu visites un site Internet ou que tu utilises une application mobile, un ordinateur te demande la permission d&rsquo;enregistrer ce [&hellip;]<\/p>\n","protected":false},"author":1,"featured_media":0,"parent":0,"menu_order":0,"comment_status":"closed","ping_status":"closed","template":"","meta":{"_seopress_robots_primary_cat":"","_seopress_titles_title":"","_seopress_titles_desc":"","_seopress_robots_index":"","_et_pb_use_builder":"on","_et_pb_old_content":"","_et_gb_content_width":"","footnotes":""},"class_list":["post-3003","page","type-page","status-publish","hentry"],"_links":{"self":[{"href":"https:\/\/dropandgo.nl\/fr\/wp-json\/wp\/v2\/pages\/3003","targetHints":{"allow":["GET"]}}],"collection":[{"href":"https:\/\/dropandgo.nl\/fr\/wp-json\/wp\/v2\/pages"}],"about":[{"href":"https:\/\/dropandgo.nl\/fr\/wp-json\/wp\/v2\/types\/page"}],"author":[{"embeddable":true,"href":"https:\/\/dropandgo.nl\/fr\/wp-json\/wp\/v2\/users\/1"}],"replies":[{"embeddable":true,"href":"https:\/\/dropandgo.nl\/fr\/wp-json\/wp\/v2\/comments?post=3003"}],"version-history":[{"count":0,"href":"https:\/\/dropandgo.nl\/fr\/wp-json\/wp\/v2\/pages\/3003\/revisions"}],"wp:attachment":[{"href":"https:\/\/dropandgo.nl\/fr\/wp-json\/wp\/v2\/media?parent=3003"}],"curies":[{"name":"wp","href":"https:\/\/api.w.org\/{rel}","templated":true}]}}