{"id":9665,"date":"2023-12-15T22:40:22","date_gmt":"2023-12-15T21:40:22","guid":{"rendered":"https:\/\/dropandgo.nl\/su-dropgo-amsterdam\/"},"modified":"2025-08-06T18:01:41","modified_gmt":"2025-08-06T16:01:41","slug":"su-dropgo-amsterdam","status":"publish","type":"page","link":"https:\/\/dropandgo.nl\/it\/su-dropgo-amsterdam\/","title":{"rendered":"Su drop&amp;go Amsterdam"},"content":{"rendered":"<p>[et_pb_section fb_built=&#8221;1&#8243; admin_label=&#8221;Call to Action&#8221; _builder_version=&#8221;4.23&#8243; _module_preset=&#8221;default&#8221; background_image=&#8221;https:\/\/dropandgo.nl\/wp-content\/uploads\/2023\/12\/dg-team-kimmy.jpeg&#8221; background_size=&#8221;custom&#8221; background_image_width=&#8221;50%&#8221; background_position=&#8221;center_right&#8221; custom_padding=&#8221;0px||0px||true|false&#8221; background_color_tablet=&#8221;#0099BE&#8221; background_last_edited=&#8221;on|desktop&#8221; background_enable_color_tablet=&#8221;on&#8221; background_enable_image_tablet=&#8221;off&#8221; collapsed=&#8221;on&#8221; global_colors_info=&#8221;{}&#8221;][et_pb_row column_structure=&#8221;1_2,1_2&#8243; use_custom_gutter=&#8221;on&#8221; gutter_width=&#8221;1&#8243; make_equal=&#8221;on&#8221; _builder_version=&#8221;4.23&#8243; _module_preset=&#8221;default&#8221; custom_padding=&#8221;0px||0px||true|false&#8221; box_shadow_style=&#8221;preset4&#8243; box_shadow_horizontal=&#8221;-30vw&#8221; box_shadow_vertical=&#8221;0px&#8221; box_shadow_color=&#8221;#0099BE&#8221; global_colors_info=&#8221;{}&#8221;][et_pb_column type=&#8221;1_2&#8243; _builder_version=&#8221;4.23&#8243; _module_preset=&#8221;default&#8221; background_color=&#8221;#0099BE&#8221; z_index=&#8221;10&#8243; custom_padding=&#8221;6vw|40px|6vw||true|false&#8221; custom_padding_tablet=&#8221;|0px|||true|false&#8221; custom_padding_phone=&#8221;40px|0px|40px||true|false&#8221; custom_padding_last_edited=&#8221;on|desktop&#8221; global_colors_info=&#8221;{%22gcid-34807b40-f97e-428a-90f8-6d5ad2ecd8cd%22:%91%22background_color%22%93}&#8221;][et_pb_text _builder_version=&#8221;4.23&#8243; _module_preset=&#8221;default&#8221; header_2_text_color=&#8221;#FFFFFF&#8221; background_layout=&#8221;dark&#8221; custom_margin=&#8221;||10px||false|false&#8221; global_colors_info=&#8221;{}&#8221;]<\/p>\n<h2><strong>Su drop&amp;go<\/strong><\/h2>\n<h3>Solo nel caso tu voglia sapere a chi affidi i tuoi oggetti di valore.<\/h3>\n<p>[\/et_pb_text][et_pb_text _builder_version=&#8221;4.23&#8243; _module_preset=&#8221;default&#8221; background_layout=&#8221;dark&#8221; custom_margin=&#8221;||30px||false|false&#8221; global_colors_info=&#8221;{}&#8221;]<\/p>\n<p>Incontra la squadra di Drop&amp;Go \u2013 i tuoi esperti locali amichevoli ad Amsterdam! Ci occupiamo di dare un posto sicuro ai tuoi bagagli, aggiungendo un tocco personale alla tua giornata. Passa a trovarci e lasciaci alleggerire il tuo carico con un sorriso e alcuni consigli da insider sui tesori nascosti di Amsterdam!  <\/p>\n<p>[\/et_pb_text][et_pb_button button_url=&#8221;#team&#8221; button_text=&#8221;Conosci il team&#8221; _builder_version=&#8221;4.23&#8243; _module_preset=&#8221;default&#8221; global_colors_info=&#8221;{}&#8221;][\/et_pb_button][\/et_pb_column][et_pb_column type=&#8221;1_2&#8243; _builder_version=&#8221;4.23&#8243; _module_preset=&#8221;default&#8221; background_image=&#8221;https:\/\/dropandgo.nl\/wp-content\/uploads\/2023\/12\/bg-sep-dblue.png&#8221; background_size=&#8221;contain&#8221; background_position=&#8221;center_left&#8221; background_last_edited=&#8221;off|tablet&#8221; global_colors_info=&#8221;{%22gcid-34807b40-f97e-428a-90f8-6d5ad2ecd8cd%22:%91%22background_color_gradient_stops%22%93}&#8221;][\/et_pb_column][\/et_pb_row][\/et_pb_section][et_pb_section fb_built=&#8221;1&#8243; _builder_version=&#8221;4.23&#8243; _module_preset=&#8221;default&#8221; custom_padding=&#8221;80px||80px||true|false&#8221; locked=&#8221;off&#8221; global_colors_info=&#8221;{}&#8221;][et_pb_row column_structure=&#8221;1_5,3_5,1_5&#8243; _builder_version=&#8221;4.23&#8243; _module_preset=&#8221;default&#8221; custom_padding=&#8221;60px||||false|false&#8221; global_colors_info=&#8221;{}&#8221;][et_pb_column type=&#8221;1_5&#8243; _builder_version=&#8221;4.23&#8243; _module_preset=&#8221;default&#8221; global_colors_info=&#8221;{}&#8221;][\/et_pb_column][et_pb_column type=&#8221;3_5&#8243; admin_label=&#8221;Colonna&#8221; _builder_version=&#8221;4.23&#8243; _module_preset=&#8221;default&#8221; global_colors_info=&#8221;{}&#8221;][et_pb_text _builder_version=&#8221;4.23&#8243; _module_preset=&#8221;default&#8221; header_2_text_align=&#8221;left&#8221; global_colors_info=&#8221;{}&#8221;]<\/p>\n<h2>L&#8217;unico deposito con un tocco <strong>personale<\/strong>.<\/h2>\n<p>[\/et_pb_text][et_pb_text _builder_version=&#8221;4.23&#8243; _module_preset=&#8221;default&#8221; global_colors_info=&#8221;{}&#8221;]<\/p>\n<p>Noi di Drop&amp;Go siamo orgogliosi del nostro percorso iniziato nel 2014. Abbiamo fondato questa azienda con la visione di <strong>rivoluzionare il deposito bagagli ad Amsterdam<\/strong>, assicurando che l&#8217;esperienza di ogni viaggiatore sia fluida e memorabile. Nel corso degli anni, abbiamo avuto il privilegio di custodire in sicurezza oltre 350.000 bagagli per visitatori da tutto il mondo.  <\/p>\n<p>La nostra storia \u00e8 iniziata con un&#8217;idea semplice ma profonda: offrire un deposito bagagli vicino alla Stazione Centrale che non solo fornisce un rifugio sicuro per i tuoi effetti personali, ma offre anche un <strong>tocco personale per migliorare la tua avventura ad Amsterdam<\/strong>. Comprendiamo che arrivare in una nuova citt\u00e0, specialmente per i visitatori per la prima volta, pu\u00f2 essere sia emozionante che travolgente. Ecco perch\u00e9 abbiamo sempre creduto nell&#8217;andare oltre il semplice deposito bagagli. Siamo qui per condividere le nostre conoscenze locali, offrire consigli e rendere il tuo soggiorno ad Amsterdam indimenticabile.   <\/p>\n<p>Dai nostri fondatori a ogni membro del nostro team dedicato, ci impegniamo a garantire che la tua esperienza con noi sia eccezionale. Quindi, sia che tu stia esplorando le vivaci strade di Amsterdam per la prima volta o tornando in questa bellissima citt\u00e0, siamo qui per semplificare il tuo viaggio, un bagaglio alla volta.  <br \/><strong>Benvenuti a Drop&amp;Go, dove il tuo viaggio \u00e8 la nostra priorit\u00e0.<\/strong><\/p>\n<p>[\/et_pb_text][\/et_pb_column][et_pb_column type=&#8221;1_5&#8243; admin_label=&#8221;Colonna&#8221; _builder_version=&#8221;4.23&#8243; _module_preset=&#8221;default&#8221; global_colors_info=&#8221;{}&#8221;][\/et_pb_column][\/et_pb_row][\/et_pb_section][et_pb_section fb_built=&#8221;1&#8243; admin_label=&#8221;Team&#8221; module_id=&#8221;Team&#8221; _builder_version=&#8221;4.23&#8243; _module_preset=&#8221;default&#8221; background_color=&#8221;#0099BE&#8221; global_colors_info=&#8221;{}&#8221;][et_pb_row _builder_version=&#8221;4.23&#8243; _module_preset=&#8221;default&#8221; global_colors_info=&#8221;{}&#8221;][et_pb_column type=&#8221;4_4&#8243; _builder_version=&#8221;4.23&#8243; _module_preset=&#8221;default&#8221; global_colors_info=&#8221;{}&#8221;][et_pb_text _builder_version=&#8221;4.23&#8243; _module_preset=&#8221;default&#8221; header_2_text_align=&#8221;center&#8221; header_2_text_color=&#8221;#FFFFFF&#8221; text_orientation=&#8221;center&#8221; global_colors_info=&#8221;{}&#8221;]<\/p>\n<h2>Il nostro <strong>team dedicato<\/strong> di gente del posto.<\/h2>\n<p>[\/et_pb_text][\/et_pb_column][\/et_pb_row][et_pb_row column_structure=&#8221;1_4,1_4,1_4,1_4&#8243; _builder_version=&#8221;4.23&#8243; _module_preset=&#8221;default&#8221; global_colors_info=&#8221;{}&#8221;][et_pb_column type=&#8221;1_4&#8243; _builder_version=&#8221;4.23&#8243; _module_preset=&#8221;default&#8221; global_colors_info=&#8221;{}&#8221;][et_pb_team_member name=&#8221;Oscar&#8221; position=&#8221;Proprietario&#8221; image_url=&#8221;https:\/\/dropandgo.nl\/wp-content\/uploads\/2024\/02\/dg-team-oscar2.jpg&#8221; _builder_version=&#8221;4.24.2&#8243; _module_preset=&#8221;default&#8221; body_text_align=&#8221;center&#8221; body_text_color=&#8221;#F2F9FC&#8221; position_font=&#8221;|700|||||||&#8221; position_text_align=&#8221;center&#8221; position_text_color=&#8221;#F2F9FC&#8221; text_orientation=&#8221;center&#8221; background_layout=&#8221;dark&#8221; custom_padding=&#8221;|40px||40px|false|true&#8221; custom_css_member_image=&#8221;margin: 0 auto 40px;&#8221; custom_css_member_description=&#8221;min-height:240px&#8221; custom_css_member_position=&#8221;margin-bottom:20px;&#8221; border_radii_image=&#8221;on|25px|25px|25px|25px&#8221; global_colors_info=&#8221;{}&#8221; min_height=&#8221;526.2px&#8221;]<\/p>\n<p>Ciao! Mi chiamo Oscar e sono il proprietario di Drop&amp;Go. Sono legato a Drop&amp;Go da 5 anni.   <span>Vedere ospiti di diverse culture da tutto il mondo entrare in un nuovo mondo e farli sentire i benvenuti \u00e8 sempre un grande piacere e molto divertente.<\/span><\/p>\n<p>[\/et_pb_team_member][et_pb_button button_url=&#8221;https:\/\/dropandgo.nl\/author\/oscar\/&#8221; button_text=&#8221;Maggiori informazioni su Oscar&#8221; button_alignment=&#8221;center&#8221; _builder_version=&#8221;4.24.2&#8243; _module_preset=&#8221;default&#8221; custom_margin=&#8221;30px||||false|false&#8221; global_colors_info=&#8221;{}&#8221;][\/et_pb_button][\/et_pb_column][et_pb_column type=&#8221;1_4&#8243; _builder_version=&#8221;4.27.4&#8243; _module_preset=&#8221;default&#8221; global_colors_info=&#8221;{}&#8221;][et_pb_team_member name=&#8221;Kimberley&#8221; position=&#8221;Manager&#8221; image_url=&#8221;https:\/\/dropandgo.nl\/wp-content\/uploads\/2024\/01\/dg-team-kimberley.jpg&#8221; _builder_version=&#8221;4.24.2&#8243; _module_preset=&#8221;default&#8221; body_text_align=&#8221;center&#8221; body_text_color=&#8221;#F2F9FC&#8221; position_font=&#8221;|700|||||||&#8221; position_text_align=&#8221;center&#8221; position_text_color=&#8221;#F2F9FC&#8221; text_orientation=&#8221;center&#8221; background_layout=&#8221;dark&#8221; custom_padding=&#8221;|40px||40px|false|true&#8221; custom_css_member_image=&#8221;margin: 0 auto 40px;&#8221; custom_css_member_description=&#8221;min-height:240px&#8221; custom_css_member_position=&#8221;margin-bottom:20px;&#8221; border_radii_image=&#8221;on|25px|25px|25px|25px&#8221; global_colors_info=&#8221;{}&#8221; min_height=&#8221;543.4px&#8221; custom_margin=&#8221;||39px|||&#8221;]<\/p>\n<p>Ciao! Sono Kimberley, ma Kim va benissimo \ud83d\ude09 Amsterdam non \u00e8 solo il mio luogo di nascita, \u00e8 la mia casa da quando ho memoria. Il mio percorso con Drop&amp;Go \u00e8 iniziato nel 2018, ed \u00e8 stato un&#8217;altalena di esperienze da allora.   <\/p>\n<p>[\/et_pb_team_member][et_pb_button button_url=&#8221;https:\/\/dropandgo.nl\/author\/kimberley\/&#8221; button_text=&#8221;Maggiori informazioni su Kimberley&#8221; button_alignment=&#8221;center&#8221; _builder_version=&#8221;4.24.2&#8243; _module_preset=&#8221;default&#8221; custom_margin=&#8221;30px||||false|false&#8221; global_colors_info=&#8221;{}&#8221;][\/et_pb_button][\/et_pb_column][et_pb_column type=&#8221;1_4&#8243; _builder_version=&#8221;4.23&#8243; _module_preset=&#8221;default&#8221; global_colors_info=&#8221;{}&#8221;][et_pb_team_member name=&#8221;Khaddisha&#8221; position=&#8221;Assistente Manager&#8221; image_url=&#8221;https:\/\/dropandgo.nl\/wp-content\/uploads\/2024\/01\/dg-team-khaddisha.jpg&#8221; _builder_version=&#8221;4.24.2&#8243; _module_preset=&#8221;default&#8221; body_text_align=&#8221;center&#8221; body_text_color=&#8221;#F2F9FC&#8221; position_font=&#8221;|700|||||||&#8221; position_text_align=&#8221;center&#8221; position_text_color=&#8221;#F2F9FC&#8221; text_orientation=&#8221;center&#8221; background_layout=&#8221;dark&#8221; custom_padding=&#8221;|40px||40px|false|true&#8221; custom_css_member_image=&#8221;margin: 0 auto 40px;&#8221; custom_css_member_description=&#8221;min-height:240px&#8221; custom_css_member_position=&#8221;margin-bottom:20px;&#8221; border_radii_image=&#8221;on|25px|25px|25px|25px&#8221; global_colors_info=&#8221;{}&#8221; min_height=&#8221;555.4px&#8221;]<\/p>\n<p>Ciao! Sono Khaddisha e ho iniziato a lavorare a Drop&amp;Go nell&#8217;aprile 2023. Cosa mi piace di pi\u00f9 di lavorare qui? Tutte le belle conversazioni che ho con persone da tutto il mondo.    <\/p>\n<p>&nbsp;<\/p>\n<p>[\/et_pb_team_member][et_pb_button button_url=&#8221;https:\/\/dropandgo.nl\/author\/khaddisha\/&#8221; button_text=&#8221;Maggiori informazioni su Khaddisha&#8221; button_alignment=&#8221;center&#8221; _builder_version=&#8221;4.24.2&#8243; _module_preset=&#8221;default&#8221; custom_margin=&#8221;30px||||false|false&#8221; global_colors_info=&#8221;{}&#8221;][\/et_pb_button][\/et_pb_column][et_pb_column type=&#8221;1_4&#8243; _builder_version=&#8221;4.23&#8243; _module_preset=&#8221;default&#8221; global_colors_info=&#8221;{}&#8221;][et_pb_team_member name=&#8221;Davey&#8221; position=&#8221;Responsabile Marketing Online&#8221; image_url=&#8221;https:\/\/dropandgo.nl\/wp-content\/uploads\/2024\/02\/dg-team-davey.jpg&#8221; _builder_version=&#8221;4.24.2&#8243; _module_preset=&#8221;default&#8221; body_text_align=&#8221;center&#8221; body_text_color=&#8221;#F2F9FC&#8221; position_font=&#8221;|700|||||||&#8221; position_text_align=&#8221;center&#8221; position_text_color=&#8221;#F2F9FC&#8221; text_orientation=&#8221;center&#8221; background_layout=&#8221;dark&#8221; custom_padding=&#8221;|40px|21px|40px|false|true&#8221; custom_css_member_image=&#8221;margin: 0 auto 40px;&#8221; custom_css_member_description=&#8221;min-height:240px&#8221; custom_css_member_position=&#8221;margin-bottom:20px;&#8221; border_radii_image=&#8221;on|25px|25px|25px|25px&#8221; global_colors_info=&#8221;{}&#8221; min_height=&#8221;556.4px&#8221;]<\/p>\n<p>Ciao! Mi chiamo Davey e sono responsabile di far s\u00ec che pi\u00f9 persone possano trovare Drop&amp;Go.  Essendo io stesso un viaggiatore, il mio obiettivo \u00e8 che Drop&amp;Go cresca in ogni grande citt\u00e0 del mondo.<\/p>\n<p>[\/et_pb_team_member][et_pb_button button_url=&#8221;https:\/\/dropandgo.nl\/author\/davey\/&#8221; button_text=&#8221;Maggiori informazioni su Davey&#8221; button_alignment=&#8221;center&#8221; _builder_version=&#8221;4.24.2&#8243; _module_preset=&#8221;default&#8221; custom_margin=&#8221;30px||||false|false&#8221; global_colors_info=&#8221;{}&#8221;][\/et_pb_button][\/et_pb_column][\/et_pb_row][et_pb_row column_structure=&#8221;1_4,1_4,1_4,1_4&#8243; _builder_version=&#8221;4.23&#8243; _module_preset=&#8221;default&#8221; global_colors_info=&#8221;{}&#8221;][et_pb_column type=&#8221;1_4&#8243; _builder_version=&#8221;4.23&#8243; _module_preset=&#8221;default&#8221; global_colors_info=&#8221;{}&#8221;][et_pb_team_member name=&#8221;Eldo&#8221; position=&#8221;Staff&#8221; image_url=&#8221;https:\/\/dropandgo.nl\/wp-content\/uploads\/2025\/01\/dg-team-eldo.jpg&#8221; _builder_version=&#8221;4.27.4&#8243; _module_preset=&#8221;default&#8221; body_text_align=&#8221;center&#8221; body_text_color=&#8221;#F2F9FC&#8221; position_font=&#8221;|700|||||||&#8221; position_text_align=&#8221;center&#8221; position_text_color=&#8221;#F2F9FC&#8221; text_orientation=&#8221;center&#8221; background_layout=&#8221;dark&#8221; min_height=&#8221;460.1px&#8221; custom_margin=&#8221;||3px|||&#8221; custom_padding=&#8221;|40px|7px|40px|false|true&#8221; custom_css_member_image=&#8221;margin: 0 auto 40px;&#8221; custom_css_member_description=&#8221;min-height:240px&#8221; custom_css_member_position=&#8221;margin-bottom:20px;&#8221; border_radii_image=&#8221;on|25px|25px|25px|25px&#8221; global_colors_info=&#8221;{}&#8221;]<\/p>\n<p><span>Ciao! Sono Eldo e lavoro per Drop&amp;Go dal 2023. Ho vissuto ad Amsterdam per tutta la vita e amo aiutare le persone a scoprire la citt\u00e0.  <\/span><\/p>\n<p><span><\/span><\/p>\n<p><span><\/span><\/p>\n<p><span><\/span><\/p>\n<p><span><\/span><\/p>\n<p><span><\/span><\/p>\n<p>[\/et_pb_team_member][et_pb_button button_url=&#8221;https:\/\/dropandgo.nl\/author\/eldo\/&#8221; button_text=&#8221;Maggiori informazioni su Eldo&#8221; button_alignment=&#8221;center&#8221; _builder_version=&#8221;4.27.4&#8243; _module_preset=&#8221;default&#8221; custom_margin=&#8221;30px||||false|false&#8221; global_colors_info=&#8221;{}&#8221;][\/et_pb_button][\/et_pb_column][et_pb_column type=&#8221;1_4&#8243; _builder_version=&#8221;4.23&#8243; _module_preset=&#8221;default&#8221; global_colors_info=&#8221;{}&#8221;][et_pb_team_member name=&#8221;Milan&#8221; position=&#8221;Staff&#8221; image_url=&#8221;https:\/\/dropandgo.nl\/wp-content\/uploads\/2025\/04\/dropandgo-milan-blue.jpg&#8221; _builder_version=&#8221;4.27.4&#8243; _module_preset=&#8221;default&#8221; body_text_align=&#8221;center&#8221; body_text_color=&#8221;#F2F9FC&#8221; position_font=&#8221;|700|||||||&#8221; position_text_align=&#8221;center&#8221; position_text_color=&#8221;#F2F9FC&#8221; text_orientation=&#8221;center&#8221; background_layout=&#8221;dark&#8221; min_height=&#8221;447.1px&#8221; custom_margin=&#8221;||3px|||&#8221; custom_padding=&#8221;|40px|18px|40px|false|true&#8221; custom_css_member_image=&#8221;margin: 0 auto 40px;&#8221; custom_css_member_description=&#8221;min-height:240px&#8221; custom_css_member_position=&#8221;margin-bottom:20px;&#8221; border_radii_image=&#8221;on|25px|25px|25px|25px&#8221; locked=&#8221;off&#8221; global_colors_info=&#8221;{}&#8221;]<\/p>\n<p>Ciao! Sono Milan e lavoro per Drop&amp;Go dal 2024. Sono nato ad Amsterdam, ma ho vissuto la maggior parte della mia vita in una citt\u00e0 a pochi minuti di distanza. Tuttavia, la citt\u00e0 ha un&#8217;atmosfera magica che mi fa sempre desiderare di tornare.   <\/p>\n<p>[\/et_pb_team_member][et_pb_button button_url=&#8221;https:\/\/dropandgo.nl\/author\/milan\/&#8221; button_text=&#8221;Maggiori informazioni su Milan&#8221; button_alignment=&#8221;center&#8221; _builder_version=&#8221;4.27.4&#8243; _module_preset=&#8221;default&#8221; custom_margin=&#8221;30px||||false|false&#8221; locked=&#8221;off&#8221; global_colors_info=&#8221;{}&#8221;][\/et_pb_button][\/et_pb_column][et_pb_column type=&#8221;1_4&#8243; _builder_version=&#8221;4.27.4&#8243; _module_preset=&#8221;default&#8221; global_colors_info=&#8221;{}&#8221;][et_pb_team_member name=&#8221;Abhinav&#8221; position=&#8221;Staff&#8221; image_url=&#8221;https:\/\/dropandgo.nl\/wp-content\/uploads\/2025\/06\/dg-team-abhinav-1.jpg&#8221; _builder_version=&#8221;4.27.4&#8243; _module_preset=&#8221;default&#8221; body_text_align=&#8221;center&#8221; body_text_color=&#8221;#F2F9FC&#8221; position_font=&#8221;|700|||||||&#8221; position_text_align=&#8221;center&#8221; position_text_color=&#8221;#F2F9FC&#8221; text_orientation=&#8221;center&#8221; background_layout=&#8221;dark&#8221; min_height=&#8221;447.1px&#8221; custom_margin=&#8221;||3px|||&#8221; custom_padding=&#8221;|40px|18px|40px|false|true&#8221; hover_enabled=&#8221;0&#8243; custom_css_member_image=&#8221;margin: 0 auto 40px;&#8221; custom_css_member_description=&#8221;min-height:240px&#8221; custom_css_member_position=&#8221;margin-bottom:20px;&#8221; border_radii_image=&#8221;on|25px|25px|25px|25px&#8221; locked=&#8221;off&#8221; global_colors_info=&#8221;{}&#8221; sticky_enabled=&#8221;0&#8243; alt=&#8221;dg team abhinav&#8221; title_text=&#8221;dg team abhinav&#8221;]<\/p>\n<p><span>Ciao! Sono Abhinav e lavoro per Drop&amp;Go dal 2024. Originario dell&#8217;India, mi sono trasferito a Utrecht nel 2024. Anche se ora chiamo Utrecht casa, lavorare ad Amsterdam mi d\u00e0 la possibilit\u00e0 di godere dell&#8217;energia vibrante della citt\u00e0.   <\/span><\/p>\n<p>[\/et_pb_team_member][et_pb_button button_url=&#8221;https:\/\/dropandgo.nl\/author\/abhinav\/&#8221; button_text=&#8221;Maggiori informazioni su Abhinav&#8221; button_alignment=&#8221;center&#8221; _builder_version=&#8221;4.27.4&#8243; _module_preset=&#8221;default&#8221; custom_margin=&#8221;30px||||false|false&#8221; hover_enabled=&#8221;0&#8243; locked=&#8221;off&#8221; global_colors_info=&#8221;{}&#8221; sticky_enabled=&#8221;0&#8243;][\/et_pb_button][\/et_pb_column][et_pb_column type=&#8221;1_4&#8243; _builder_version=&#8221;4.23&#8243; _module_preset=&#8221;default&#8221; global_colors_info=&#8221;{}&#8221;][\/et_pb_column][\/et_pb_row][\/et_pb_section][et_pb_section fb_built=&#8221;1&#8243; _builder_version=&#8221;4.23&#8243; _module_preset=&#8221;default&#8221; global_colors_info=&#8221;{}&#8221;][et_pb_row _builder_version=&#8221;4.23&#8243; _module_preset=&#8221;default&#8221; global_colors_info=&#8221;{}&#8221;][et_pb_column type=&#8221;4_4&#8243; _builder_version=&#8221;4.23&#8243; _module_preset=&#8221;default&#8221; global_colors_info=&#8221;{}&#8221;][et_pb_text _builder_version=&#8221;4.23&#8243; _module_preset=&#8221;default&#8221; header_2_text_align=&#8221;center&#8221; module_alignment=&#8221;center&#8221; custom_margin=&#8221;||80px||false|false&#8221; global_colors_info=&#8221;{}&#8221;]<\/p>\n<h2><strong>Consigli<\/strong> <br \/>dal nostro team locale<\/h2>\n<p>[\/et_pb_text][et_pb_blog include_categories=&#8221;11&#8243; _builder_version=&#8221;4.23&#8243; _module_preset=&#8221;default&#8221; global_colors_info=&#8221;{}&#8221;][\/et_pb_blog][et_pb_button button_url=&#8221;@ET-DC@eyJkeW5hbWljIjp0cnVlLCJjb250ZW50IjoicG9zdF9saW5rX3VybF9wYWdlIiwic2V0dGluZ3MiOnsicG9zdF9pZCI6IjM0MCIsImVuYWJsZV9odG1sIjoib2ZmIn19@&#8221; button_text=&#8221;Scopri Amsterdam&#8221; button_alignment=&#8221;center&#8221; _builder_version=&#8221;4.23&#8243; _dynamic_attributes=&#8221;button_url&#8221; _module_preset=&#8221;default&#8221; global_colors_info=&#8221;{}&#8221;][\/et_pb_button][\/et_pb_column][\/et_pb_row][\/et_pb_section]<\/p>\n","protected":false},"excerpt":{"rendered":"<p>Su drop&amp;go Solo nel caso tu voglia sapere a chi affidi i tuoi oggetti di valore.Incontra la squadra di Drop&amp;Go \u2013 i tuoi esperti locali amichevoli ad Amsterdam! Ci occupiamo di dare un posto sicuro ai tuoi bagagli, aggiungendo un tocco personale alla tua giornata. Passa a trovarci e lasciaci alleggerire il tuo carico con [&hellip;]<\/p>\n","protected":false},"author":1,"featured_media":0,"parent":0,"menu_order":0,"comment_status":"closed","ping_status":"closed","template":"","meta":{"_seopress_robots_primary_cat":"","_seopress_titles_title":"Su drop&go deposito bagagli Amsterdam","_seopress_titles_desc":"Deposito bagagli sicuro a 100m dalla stazione centrale di Amsterdam. Lascia i bagagli, ritira la chiave o chiedi consigli. ","_seopress_robots_index":"","_et_pb_use_builder":"on","_et_pb_old_content":"","_et_gb_content_width":"","footnotes":""},"class_list":["post-9665","page","type-page","status-publish","hentry"],"_links":{"self":[{"href":"https:\/\/dropandgo.nl\/it\/wp-json\/wp\/v2\/pages\/9665","targetHints":{"allow":["GET"]}}],"collection":[{"href":"https:\/\/dropandgo.nl\/it\/wp-json\/wp\/v2\/pages"}],"about":[{"href":"https:\/\/dropandgo.nl\/it\/wp-json\/wp\/v2\/types\/page"}],"author":[{"embeddable":true,"href":"https:\/\/dropandgo.nl\/it\/wp-json\/wp\/v2\/users\/1"}],"replies":[{"embeddable":true,"href":"https:\/\/dropandgo.nl\/it\/wp-json\/wp\/v2\/comments?post=9665"}],"version-history":[{"count":0,"href":"https:\/\/dropandgo.nl\/it\/wp-json\/wp\/v2\/pages\/9665\/revisions"}],"wp:attachment":[{"href":"https:\/\/dropandgo.nl\/it\/wp-json\/wp\/v2\/media?parent=9665"}],"curies":[{"name":"wp","href":"https:\/\/api.w.org\/{rel}","templated":true}]}}