{"id":8926,"date":"2024-02-09T22:14:13","date_gmt":"2024-02-09T21:14:13","guid":{"rendered":"https:\/\/dropandgo.nl\/bestilling-mislyktes\/"},"modified":"2025-08-05T22:42:00","modified_gmt":"2025-08-05T20:42:00","slug":"bestilling-mislyktes","status":"publish","type":"page","link":"https:\/\/dropandgo.nl\/no\/bestill-bagasjeoppbevaring\/bestilling-mislyktes\/","title":{"rendered":"Bestilling mislyktes"},"content":{"rendered":"<p>[et_pb_section fb_built=&raquo;1&#8243; custom_padding_last_edited=&raquo;on|phone&raquo; _builder_version=&raquo;4.23&#8243; _module_preset=&raquo;default&raquo; background_enable_color=&raquo;off&raquo; use_background_color_gradient=&raquo;on&raquo; background_color_gradient_direction=&raquo;90deg&raquo; background_color_gradient_stops=&raquo;rgba(0,0,0,0.46) 0%|rgba(0,0,0,0.31) 100%&raquo; background_color_gradient_overlays_image=&raquo;on&raquo; background_image=&raquo;https:\/\/dropandgo.nl\/wp-content\/uploads\/2023\/11\/78bae0af-d9d4-4015-ae11-458f0c9dd6f3_out-1920&#215;1200.jpg&raquo; background_enable_pattern_style=&raquo;on&raquo; background_pattern_style=&raquo;diagonal-stripes&raquo; background_pattern_color=&raquo;rgba(0,0,0,0.04)&raquo; background_pattern_size=&raquo;contain&raquo; custom_margin=&raquo;||-120px||false|false&raquo; custom_padding=&raquo;120px||0px||false|false&raquo; custom_padding_tablet=&raquo;120px||0px||false|false&raquo; custom_padding_phone=&raquo;60px||||false|false&raquo; locked=&raquo;off&raquo; global_colors_info=&raquo;{}&raquo;][et_pb_row _builder_version=&raquo;4.23&#8243; _module_preset=&raquo;default&raquo; background_enable_color=&raquo;off&raquo; width_tablet=&raquo;&raquo; width_phone=&raquo;100%&raquo; width_last_edited=&raquo;on|phone&raquo; custom_padding=&raquo;||0px||false|false&raquo; global_colors_info=&raquo;{}&raquo;][et_pb_column type=&raquo;4_4&#8243; _builder_version=&raquo;4.23&#8243; _module_preset=&raquo;default&raquo; background_color=&raquo;#FFFFFF&raquo; custom_padding=&raquo;5%|10%|5%|10%|true|true&raquo; border_radii=&raquo;on|75px|75px|75px|75px&raquo; global_colors_info=&raquo;{}&raquo;][et_pb_text _builder_version=&raquo;4.23.4&#8243; _module_preset=&raquo;default&raquo; header_2_text_align=&raquo;center&raquo; custom_margin=&raquo;||40px||false|false&raquo; custom_margin_tablet=&raquo;||40px||false|false&raquo; custom_margin_phone=&raquo;40px||||false|false&raquo; custom_margin_last_edited=&raquo;on|phone&raquo; hover_enabled=&raquo;0&#8243; global_colors_info=&raquo;{}&raquo; sticky_enabled=&raquo;0&#8243;]<\/p>\n<h2>Betaling mislyktes \ud83d\ude41<\/h2>\n<p>[\/et_pb_text][et_pb_text _builder_version=&raquo;4.23.4&#8243; _module_preset=&raquo;default&raquo; text_orientation=&raquo;center&raquo; global_colors_info=&raquo;{}&raquo;]<\/p>\n<p>Det ser ut til at noe gikk galt med betalingen din. Vi har sendt deg en e-post med mer informasjon.<br \/>Vennligst pr\u00f8v igjen via v\u00e5r <a href=\"https:\/\/dropandgo.nl\/book-luggage-storage\/\">bestillingsside<\/a> eller kontakt oss p\u00e5 <a href=\"mailto:info@dropandgo.nl\">info@dropandgo.nl<\/a>.  <\/p>\n<p>[\/et_pb_text][\/et_pb_column][\/et_pb_row][\/et_pb_section][et_pb_section fb_built=&raquo;1&#8243; _builder_version=&raquo;4.23&#8243; _module_preset=&raquo;default&raquo; background_enable_color=&raquo;off&raquo; use_background_color_gradient=&raquo;on&raquo; background_color_gradient_stops=&raquo;#f2f9fc 0%|#ffffff 100%&raquo; min_height_last_edited=&raquo;off|desktop&raquo; custom_margin=&raquo;||||false|false&raquo; custom_padding=&raquo;||40px||false|false&raquo; locked=&raquo;off&raquo; global_colors_info=&raquo;{}&raquo;][et_pb_row admin_label=&raquo;Rad&raquo; _builder_version=&raquo;4.23&#8243; _module_preset=&raquo;default&raquo; global_colors_info=&raquo;{}&raquo;][et_pb_column type=&raquo;4_4&#8243; _builder_version=&raquo;4.23&#8243; _module_preset=&raquo;default&raquo; global_colors_info=&raquo;{}&raquo;][et_pb_text _builder_version=&raquo;4.23&#8243; _module_preset=&raquo;default&raquo; text_orientation=&raquo;center&raquo; custom_padding=&raquo;30px||||false|false&raquo; global_colors_info=&raquo;{}&raquo;]<\/p>\n<p><strong>Trenger du hjelp?<\/strong> <br \/>Du kan alltid ringe <a href=\"tel:+31202233648\">+31 20 22 33 648<\/a><\/p>\n<p>[\/et_pb_text][\/et_pb_column][\/et_pb_row][\/et_pb_section]<\/p>\n","protected":false},"excerpt":{"rendered":"<p>Betaling mislyktes :-(Det ser ut til at noe gikk galt med betalingen din. Vi har sendt deg en e-post med mer informasjon.Vennligst pr\u00f8v igjen via v\u00e5r bestillingsside eller kontakt oss p\u00e5 info@dropandgo.nl. Trenger du hjelp? Du kan alltid ringe +31 20 22 33 648<\/p>\n","protected":false},"author":1,"featured_media":0,"parent":9280,"menu_order":0,"comment_status":"closed","ping_status":"closed","template":"","meta":{"_seopress_robots_primary_cat":"","_seopress_titles_title":"","_seopress_titles_desc":"","_seopress_robots_index":"ja","_et_pb_use_builder":"on","_et_pb_old_content":"","_et_gb_content_width":"","footnotes":""},"class_list":["post-8926","page","type-page","status-publish","hentry"],"_links":{"self":[{"href":"https:\/\/dropandgo.nl\/no\/wp-json\/wp\/v2\/pages\/8926","targetHints":{"allow":["GET"]}}],"collection":[{"href":"https:\/\/dropandgo.nl\/no\/wp-json\/wp\/v2\/pages"}],"about":[{"href":"https:\/\/dropandgo.nl\/no\/wp-json\/wp\/v2\/types\/page"}],"author":[{"embeddable":true,"href":"https:\/\/dropandgo.nl\/no\/wp-json\/wp\/v2\/users\/1"}],"replies":[{"embeddable":true,"href":"https:\/\/dropandgo.nl\/no\/wp-json\/wp\/v2\/comments?post=8926"}],"version-history":[{"count":0,"href":"https:\/\/dropandgo.nl\/no\/wp-json\/wp\/v2\/pages\/8926\/revisions"}],"up":[{"embeddable":true,"href":"https:\/\/dropandgo.nl\/no\/wp-json\/wp\/v2\/pages\/9280"}],"wp:attachment":[{"href":"https:\/\/dropandgo.nl\/no\/wp-json\/wp\/v2\/media?parent=8926"}],"curies":[{"name":"wp","href":"https:\/\/api.w.org\/{rel}","templated":true}]}}