{"id":8989,"date":"2023-12-15T22:40:22","date_gmt":"2023-12-15T21:40:22","guid":{"rendered":"https:\/\/dropandgo.nl\/om-drop-amsterdam\/"},"modified":"2025-08-05T22:39:49","modified_gmt":"2025-08-05T20:39:49","slug":"om-drop-amsterdam","status":"publish","type":"page","link":"https:\/\/dropandgo.nl\/no\/om-drop-amsterdam\/","title":{"rendered":"Om drop Amsterdam"},"content":{"rendered":"<p>[et_pb_section fb_built=&raquo;1&#8243; admin_label=&raquo;Call to Action&raquo; _builder_version=&raquo;4.23&#8243; _module_preset=&raquo;default&raquo; background_image=&raquo;https:\/\/dropandgo.nl\/wp-content\/uploads\/2023\/12\/dg-team-kimmy.jpeg&raquo; background_size=&raquo;custom&raquo; background_image_width=&raquo;50%&raquo; background_position=&raquo;center_right&raquo; custom_padding=&raquo;0px||0px||true|false&raquo; background_color_tablet=&raquo;#0099BE&raquo; background_last_edited=&raquo;on|desktop&raquo; background_enable_color_tablet=&raquo;on&raquo; background_enable_image_tablet=&raquo;off&raquo; collapsed=&raquo;on&raquo; global_colors_info=&raquo;{}&raquo;][et_pb_row column_structure=&raquo;1_2,1_2&#8243; use_custom_gutter=&raquo;on&raquo; gutter_width=&raquo;1&#8243; make_equal=&raquo;on&raquo; _builder_version=&raquo;4.23&#8243; _module_preset=&raquo;default&raquo; custom_padding=&raquo;0px||0px||true|false&raquo; box_shadow_style=&raquo;preset4&#8243; box_shadow_horizontal=&raquo;-30vw&raquo; box_shadow_vertical=&raquo;0px&raquo; box_shadow_color=&raquo;#0099BE&raquo; global_colors_info=&raquo;{}&raquo;][et_pb_column type=&raquo;1_2&#8243; _builder_version=&raquo;4.23&#8243; _module_preset=&raquo;default&raquo; background_color=&raquo;#0099BE&raquo; z_index=&raquo;10&#8243; custom_padding=&raquo;6vw|40px|6vw||true|false&raquo; custom_padding_tablet=&raquo;|0px|||true|false&raquo; custom_padding_phone=&raquo;40px|0px|40px||true|false&raquo; custom_padding_last_edited=&raquo;on|desktop&raquo; global_colors_info=&raquo;{%22gcid-34807b40-f97e-428a-90f8-6d5ad2ecd8cd%22:%91%22background_color%22%93}&raquo;][et_pb_text _builder_version=&raquo;4.23&#8243; _module_preset=&raquo;default&raquo; header_2_text_color=&raquo;#FFFFFF&raquo; background_layout=&raquo;dark&raquo; custom_margin=&raquo;||10px||false|false&raquo; global_colors_info=&raquo;{}&raquo;]<\/p>\n<h2><strong>Om drop<\/strong><\/h2>\n<h3>Hvis du vil vite hvem du overlater verdisaker til.<\/h3>\n<p>[\/et_pb_text][et_pb_text _builder_version=&raquo;4.23&#8243; _module_preset=&raquo;default&raquo; background_layout=&raquo;dark&raquo; custom_margin=&raquo;||30px||false|false&raquo; global_colors_info=&raquo;{}&raquo;]<\/p>\n<p>M\u00f8t DropGo-teamet \u2013 dine vennlige lokale eksperter i Amsterdam! Vi er opptatt av \u00e5 gi bagasjen din et trygt sted samtidig som vi gir et personlig preg p\u00e5 dagen din. Stikk innom, og la oss lette byrden fra skuldrene dine med et smil og noen innsidertips om Amsterdams skjulte perler!  <\/p>\n<p>[\/et_pb_text][et_pb_button button_url=&raquo;#team&raquo; button_text=&raquo;M\u00f8t teamet&raquo; _builder_version=&raquo;4.23&#8243; _module_preset=&raquo;default&raquo; global_colors_info=&raquo;{}&raquo;][\/et_pb_button][\/et_pb_column][et_pb_column type=&raquo;1_2&#8243; _builder_version=&raquo;4.23&#8243; _module_preset=&raquo;default&raquo; background_image=&raquo;https:\/\/dropandgo.nl\/wp-content\/uploads\/2023\/12\/bg-sep-dblue.png&raquo; background_size=&raquo;contain&raquo; background_position=&raquo;center_left&raquo; background_last_edited=&raquo;off|tablet&raquo; global_colors_info=&raquo;{%22gcid-34807b40-f97e-428a-90f8-6d5ad2ecd8cd%22:%91%22background_color_gradient_stops%22%93}&raquo;][\/et_pb_column][\/et_pb_row][\/et_pb_section][et_pb_section fb_built=&raquo;1&#8243; _builder_version=&raquo;4.23&#8243; _module_preset=&raquo;default&raquo; custom_padding=&raquo;80px||80px||true|false&raquo; locked=&raquo;off&raquo; global_colors_info=&raquo;{}&raquo;][et_pb_row column_structure=&raquo;1_5,3_5,1_5&#8243; _builder_version=&raquo;4.23&#8243; _module_preset=&raquo;default&raquo; custom_padding=&raquo;60px||||false|false&raquo; global_colors_info=&raquo;{}&raquo;][et_pb_column type=&raquo;1_5&#8243; _builder_version=&raquo;4.23&#8243; _module_preset=&raquo;default&raquo; global_colors_info=&raquo;{}&raquo;][\/et_pb_column][et_pb_column type=&raquo;3_5&#8243; admin_label=&raquo;Kolonne&raquo; _builder_version=&raquo;4.23&#8243; _module_preset=&raquo;default&raquo; global_colors_info=&raquo;{}&raquo;][et_pb_text _builder_version=&raquo;4.23&#8243; _module_preset=&raquo;default&raquo; header_2_text_align=&raquo;left&raquo; global_colors_info=&raquo;{}&raquo;]<\/p>\n<h2>Den eneste oppbevaringsfasiliteten med <strong>personlig preg<\/strong>.<\/h2>\n<p>[\/et_pb_text][et_pb_text _builder_version=&raquo;4.23&#8243; _module_preset=&raquo;default&raquo; global_colors_info=&raquo;{}&raquo;]<\/p>\n<p>Hos DropGo er vi stolte av v\u00e5r reise som startet i 2014. Vi grunnla dette selskapet med en visjon om \u00e5 <strong>revolusjonere bagasjeoppbevaring i Amsterdam<\/strong>, og sikre at hver reisendes opplevelse er s\u00f8ml\u00f8s og minneverdig. Gjennom \u00e5rene har vi hatt privilegiet av \u00e5 trygt oppbevare mer enn 350 000 bagasjeenheter for bes\u00f8kende fra hele verden.  <\/p>\n<p>V\u00e5r historie begynte med en enkel, men betydningsfull id\u00e9 \u2013 \u00e5 tilby en bagasjeoppbevaringsfasilitet n\u00e6r sentralstasjonen som ikke bare gir et trygt sted for eiendelene dine, men ogs\u00e5 tilbyr en <strong>personlig tiln\u00e6rming for \u00e5 berike ditt Amsterdam-eventyr<\/strong>. Vi forst\u00e5r at det \u00e5 ankomme en ny by, spesielt for f\u00f8rstegangsbes\u00f8kende, kan v\u00e6re b\u00e5de spennende og overveldende. Derfor har vi alltid trodd p\u00e5 \u00e5 gj\u00f8re mer enn bare \u00e5 oppbevare bagasje. Vi er her for \u00e5 dele v\u00e5re lokale innsikter, gi anbefalinger og gj\u00f8re ditt opphold i Amsterdam uforglemmelig.   <\/p>\n<p>Fra v\u00e5re grunnleggere til hvert medlem av v\u00e5rt dedikerte team, er vi forpliktet til \u00e5 sikre at din opplevelse hos oss er eksepsjonell. S\u00e5 enten du utforsker de livlige gatene i Amsterdam for f\u00f8rste gang eller vender tilbake til denne vakre byen, er vi her for \u00e5 forenkle reisen din, \u00e9n bagasjeenhet om gangen.  <br \/><strong>Velkommen til Drop, der din reise er v\u00e5r prioritet.<\/strong><\/p>\n<p>[\/et_pb_text][\/et_pb_column][et_pb_column type=&raquo;1_5&#8243; admin_label=&raquo;Kolonne&raquo; _builder_version=&raquo;4.23&#8243; _module_preset=&raquo;default&raquo; global_colors_info=&raquo;{}&raquo;][\/et_pb_column][\/et_pb_row][\/et_pb_section][et_pb_section fb_built=&raquo;1&#8243; admin_label=&raquo;Team&raquo; module_id=&raquo;team&raquo; _builder_version=&raquo;4.23&#8243; _module_preset=&raquo;default&raquo; background_color=&raquo;#0099BE&raquo; global_colors_info=&raquo;{}&raquo;][et_pb_row _builder_version=&raquo;4.23&#8243; _module_preset=&raquo;default&raquo; global_colors_info=&raquo;{}&raquo;][et_pb_column type=&raquo;4_4&#8243; _builder_version=&raquo;4.23&#8243; _module_preset=&raquo;default&raquo; global_colors_info=&raquo;{}&raquo;][et_pb_text _builder_version=&raquo;4.23&#8243; _module_preset=&raquo;default&raquo; header_2_text_align=&raquo;center&raquo; header_2_text_color=&raquo;#FFFFFF&raquo; text_orientation=&raquo;center&raquo; global_colors_info=&raquo;{}&raquo;]<\/p>\n<h2>V\u00e5rt <strong>dedikerte team<\/strong> av lokalkjente.<\/h2>\n<p>[\/et_pb_text][\/et_pb_column][\/et_pb_row][et_pb_row column_structure=&raquo;1_4,1_4,1_4,1_4&#8243; _builder_version=&raquo;4.23&#8243; _module_preset=&raquo;default&raquo; global_colors_info=&raquo;{}&raquo;][et_pb_column type=&raquo;1_4&#8243; _builder_version=&raquo;4.23&#8243; _module_preset=&raquo;default&raquo; global_colors_info=&raquo;{}&raquo;][et_pb_team_member name=&raquo;Oscar&raquo; position=&raquo;Eier&raquo; image_url=&raquo;https:\/\/dropandgo.nl\/wp-content\/uploads\/2024\/02\/dg-team-oscar2.jpg&raquo; _builder_version=&raquo;4.24.2&#8243; _module_preset=&raquo;default&raquo; body_text_align=&raquo;center&raquo; body_text_color=&raquo;#F2F9FC&raquo; position_font=&raquo;|700|||||||&raquo; position_text_align=&raquo;center&raquo; position_text_color=&raquo;#F2F9FC&raquo; text_orientation=&raquo;center&raquo; background_layout=&raquo;dark&raquo; custom_padding=&raquo;|40px||40px|false|true&raquo; custom_css_member_image=&raquo;margin: 0 auto 40px;&raquo; custom_css_member_description=&raquo;min-height:240px&raquo; custom_css_member_position=&raquo;margin-bottom:20px;&raquo; border_radii_image=&raquo;on|25px|25px|25px|25px&raquo; global_colors_info=&raquo;{}&raquo; min_height=&raquo;526.2px&raquo;]<\/p>\n<p>Hei! Jeg heter Oscar og er eieren av Drop Jeg har v\u00e6rt tilknyttet Drop i 5 \u00e5r n\u00e5.   <span>\u00c5 se gjester fra ulike kulturer over hele verden komme inn i en ny verden og la dem f\u00f8le seg velkomne er alltid en stor glede og veldig g\u00f8y.<\/span><\/p>\n<p>[\/et_pb_team_member][et_pb_button button_url=&raquo;https:\/\/dropandgo.nl\/author\/oscar\/&raquo; button_text=&raquo;Mer om Oscar&raquo; button_alignment=&raquo;center&raquo; _builder_version=&raquo;4.24.2&#8243; _module_preset=&raquo;default&raquo; custom_margin=&raquo;30px||||false|false&raquo; global_colors_info=&raquo;{}&raquo;][\/et_pb_button][\/et_pb_column][et_pb_column type=&raquo;1_4&#8243; _builder_version=&raquo;4.27.4&#8243; _module_preset=&raquo;default&raquo; global_colors_info=&raquo;{}&raquo;][et_pb_team_member name=&raquo;Kimberley&raquo; position=&raquo;Leder&raquo; image_url=&raquo;https:\/\/dropandgo.nl\/wp-content\/uploads\/2024\/01\/dg-team-kimberley.jpg&raquo; _builder_version=&raquo;4.24.2&#8243; _module_preset=&raquo;default&raquo; body_text_align=&raquo;center&raquo; body_text_color=&raquo;#F2F9FC&raquo; position_font=&raquo;|700|||||||&raquo; position_text_align=&raquo;center&raquo; position_text_color=&raquo;#F2F9FC&raquo; text_orientation=&raquo;center&raquo; background_layout=&raquo;dark&raquo; custom_padding=&raquo;|40px||40px|false|true&raquo; custom_css_member_image=&raquo;margin: 0 auto 40px;&raquo; custom_css_member_description=&raquo;min-height:240px&raquo; custom_css_member_position=&raquo;margin-bottom:20px;&raquo; border_radii_image=&raquo;on|25px|25px|25px|25px&raquo; global_colors_info=&raquo;{}&raquo; min_height=&raquo;543.4px&raquo; custom_margin=&raquo;||39px|||&raquo;]<\/p>\n<p>Hei der! Jeg er Kimberley, men Kim fungerer ogs\u00e5 fint \ud83d\ude09 Amsterdam er ikke bare mitt f\u00f8dested \u2013 det har v\u00e6rt mitt hjem s\u00e5 lenge jeg kan huske. Min reise med Drop begynte i 2018, og det har v\u00e6rt en berg-og-dalbane av opplevelser siden den gang.   <\/p>\n<p>[\/et_pb_team_member][et_pb_button button_url=&raquo;https:\/\/dropandgo.nl\/author\/kimberley\/&raquo; button_text=&raquo;Mer om Kimberley&raquo; button_alignment=&raquo;center&raquo; _builder_version=&raquo;4.24.2&#8243; _module_preset=&raquo;default&raquo; custom_margin=&raquo;30px||||false|false&raquo; global_colors_info=&raquo;{}&raquo;][\/et_pb_button][\/et_pb_column][et_pb_column type=&raquo;1_4&#8243; _builder_version=&raquo;4.23&#8243; _module_preset=&raquo;default&raquo; global_colors_info=&raquo;{}&raquo;][et_pb_team_member name=&raquo;Khaddisha&raquo; position=&raquo;Assisterende leder&raquo; image_url=&raquo;https:\/\/dropandgo.nl\/wp-content\/uploads\/2024\/01\/dg-team-khaddisha.jpg&raquo; _builder_version=&raquo;4.24.2&#8243; _module_preset=&raquo;default&raquo; body_text_align=&raquo;center&raquo; body_text_color=&raquo;#F2F9FC&raquo; position_font=&raquo;|700|||||||&raquo; position_text_align=&raquo;center&raquo; position_text_color=&raquo;#F2F9FC&raquo; text_orientation=&raquo;center&raquo; background_layout=&raquo;dark&raquo; custom_padding=&raquo;|40px||40px|false|true&raquo; custom_css_member_image=&raquo;margin: 0 auto 40px;&raquo; custom_css_member_description=&raquo;min-height:240px&raquo; custom_css_member_position=&raquo;margin-bottom:20px;&raquo; border_radii_image=&raquo;on|25px|25px|25px|25px&raquo; global_colors_info=&raquo;{}&raquo; min_height=&raquo;555.4px&raquo;]<\/p>\n<p>Hei! Jeg er Khaddisha og jeg begynte \u00e5 jobbe hos Drop i april 2023. Hva liker jeg best med \u00e5 jobbe her? Alle de hyggelige samtalene jeg har med mennesker fra hele verden.    <\/p>\n<p>&nbsp;<\/p>\n<p>[\/et_pb_team_member][et_pb_button button_url=&raquo;https:\/\/dropandgo.nl\/author\/khaddisha\/&raquo; button_text=&raquo;Mer om Khaddisha&raquo; button_alignment=&raquo;center&raquo; _builder_version=&raquo;4.24.2&#8243; _module_preset=&raquo;default&raquo; custom_margin=&raquo;30px||||false|false&raquo; global_colors_info=&raquo;{}&raquo;][\/et_pb_button][\/et_pb_column][et_pb_column type=&raquo;1_4&#8243; _builder_version=&raquo;4.23&#8243; _module_preset=&raquo;default&raquo; global_colors_info=&raquo;{}&raquo;][et_pb_team_member name=&raquo;Davey&raquo; position=&raquo;Digital markedsf\u00f8ringssjef&raquo; image_url=&raquo;https:\/\/dropandgo.nl\/wp-content\/uploads\/2024\/02\/dg-team-davey.jpg&raquo; _builder_version=&raquo;4.24.2&#8243; _module_preset=&raquo;default&raquo; body_text_align=&raquo;center&raquo; body_text_color=&raquo;#F2F9FC&raquo; position_font=&raquo;|700|||||||&raquo; position_text_align=&raquo;center&raquo; position_text_color=&raquo;#F2F9FC&raquo; text_orientation=&raquo;center&raquo; background_layout=&raquo;dark&raquo; custom_padding=&raquo;|40px|21px|40px|false|true&raquo; custom_css_member_image=&raquo;margin: 0 auto 40px;&raquo; custom_css_member_description=&raquo;min-height:240px&raquo; custom_css_member_position=&raquo;margin-bottom:20px;&raquo; border_radii_image=&raquo;on|25px|25px|25px|25px&raquo; global_colors_info=&raquo;{}&raquo; min_height=&raquo;556.4px&raquo;]<\/p>\n<p>Ha! Jeg heter Davey og jeg er ansvarlig for \u00e5 s\u00f8rge for at flere mennesker kan finne Drop  Som reisende selv er mitt m\u00e5l at Drop skal vokse til hver storby i verden.<\/p>\n<p>[\/et_pb_team_member][et_pb_button button_url=&raquo;https:\/\/dropandgo.nl\/author\/davey\/&raquo; button_text=&raquo;Mer om Davey&raquo; button_alignment=&raquo;center&raquo; _builder_version=&raquo;4.24.2&#8243; _module_preset=&raquo;default&raquo; custom_margin=&raquo;30px||||false|false&raquo; global_colors_info=&raquo;{}&raquo;][\/et_pb_button][\/et_pb_column][\/et_pb_row][et_pb_row column_structure=&raquo;1_4,1_4,1_4,1_4&#8243; _builder_version=&raquo;4.23&#8243; _module_preset=&raquo;default&raquo; global_colors_info=&raquo;{}&raquo;][et_pb_column type=&raquo;1_4&#8243; _builder_version=&raquo;4.23&#8243; _module_preset=&raquo;default&raquo; global_colors_info=&raquo;{}&raquo;][et_pb_team_member name=&raquo;Eldo&raquo; position=&raquo;Ansatt&raquo; image_url=&raquo;https:\/\/dropandgo.nl\/wp-content\/uploads\/2025\/01\/dg-team-eldo.jpg&raquo; _builder_version=&raquo;4.27.4&#8243; _module_preset=&raquo;default&raquo; body_text_align=&raquo;center&raquo; body_text_color=&raquo;#F2F9FC&raquo; position_font=&raquo;|700|||||||&raquo; position_text_align=&raquo;center&raquo; position_text_color=&raquo;#F2F9FC&raquo; text_orientation=&raquo;center&raquo; background_layout=&raquo;dark&raquo; min_height=&raquo;460.1px&raquo; custom_margin=&raquo;||3px|||&raquo; custom_padding=&raquo;|40px|7px|40px|false|true&raquo; custom_css_member_image=&raquo;margin: 0 auto 40px;&raquo; custom_css_member_description=&raquo;min-height:240px&raquo; custom_css_member_position=&raquo;margin-bottom:20px;&raquo; border_radii_image=&raquo;on|25px|25px|25px|25px&raquo; global_colors_info=&raquo;{}&raquo;]<\/p>\n<p><span>Hallo! Jeg er Eldo og jeg har jobbet for Drop siden 2023. Jeg har bodd i Amsterdam hele livet mitt og elsker \u00e5 hjelpe folk med \u00e5 se byen.  <\/span><\/p>\n<p><span><\/span><\/p>\n<p><span><\/span><\/p>\n<p><span><\/span><\/p>\n<p><span><\/span><\/p>\n<p><span><\/span><\/p>\n<p>[\/et_pb_team_member][et_pb_button button_url=&raquo;https:\/\/dropandgo.nl\/author\/eldo\/&raquo; button_text=&raquo;Mer om Eldo&raquo; button_alignment=&raquo;center&raquo; _builder_version=&raquo;4.27.4&#8243; _module_preset=&raquo;default&raquo; custom_margin=&raquo;30px||||false|false&raquo; global_colors_info=&raquo;{}&raquo;][\/et_pb_button][\/et_pb_column][et_pb_column type=&raquo;1_4&#8243; _builder_version=&raquo;4.23&#8243; _module_preset=&raquo;default&raquo; global_colors_info=&raquo;{}&raquo;][et_pb_team_member name=&raquo;Milan&raquo; position=&raquo;Ansatt&raquo; image_url=&raquo;https:\/\/dropandgo.nl\/wp-content\/uploads\/2025\/04\/dropandgo-milan-blue.jpg&raquo; _builder_version=&raquo;4.27.4&#8243; _module_preset=&raquo;default&raquo; body_text_align=&raquo;center&raquo; body_text_color=&raquo;#F2F9FC&raquo; position_font=&raquo;|700|||||||&raquo; position_text_align=&raquo;center&raquo; position_text_color=&raquo;#F2F9FC&raquo; text_orientation=&raquo;center&raquo; background_layout=&raquo;dark&raquo; min_height=&raquo;447.1px&raquo; custom_margin=&raquo;||3px|||&raquo; custom_padding=&raquo;|40px|18px|40px|false|true&raquo; custom_css_member_image=&raquo;margin: 0 auto 40px;&raquo; custom_css_member_description=&raquo;min-height:240px&raquo; custom_css_member_position=&raquo;margin-bottom:20px;&raquo; border_radii_image=&raquo;on|25px|25px|25px|25px&raquo; locked=&raquo;off&raquo; global_colors_info=&raquo;{}&raquo;]<\/p>\n<p>Hallo! Jeg er Milan og jeg har jobbet for Drop siden 2024. Jeg ble f\u00f8dt i Amsterdam, men jeg har bodd det meste av livet mitt i en by bare noen minutter unna. Likevel har byen en magisk atmosf\u00e6re som gj\u00f8r at jeg alltid \u00f8nsker \u00e5 komme tilbake.   <\/p>\n<p>[\/et_pb_team_member][et_pb_button button_url=&raquo;https:\/\/dropandgo.nl\/author\/milan\/&raquo; button_text=&raquo;Mer om Milan&raquo; button_alignment=&raquo;center&raquo; _builder_version=&raquo;4.27.4&#8243; _module_preset=&raquo;default&raquo; custom_margin=&raquo;30px||||false|false&raquo; locked=&raquo;off&raquo; global_colors_info=&raquo;{}&raquo;][\/et_pb_button][\/et_pb_column][et_pb_column type=&raquo;1_4&#8243; _builder_version=&raquo;4.27.4&#8243; _module_preset=&raquo;default&raquo; global_colors_info=&raquo;{}&raquo;][et_pb_team_member name=&raquo;Abhinav&raquo; position=&raquo;Ansatt&raquo; image_url=&raquo;https:\/\/dropandgo.nl\/wp-content\/uploads\/2025\/06\/dg-team-abhinav-1.jpg&raquo; _builder_version=&raquo;4.27.4&#8243; _module_preset=&raquo;default&raquo; body_text_align=&raquo;center&raquo; body_text_color=&raquo;#F2F9FC&raquo; position_font=&raquo;|700|||||||&raquo; position_text_align=&raquo;center&raquo; position_text_color=&raquo;#F2F9FC&raquo; text_orientation=&raquo;center&raquo; background_layout=&raquo;dark&raquo; min_height=&raquo;447.1px&raquo; custom_margin=&raquo;||3px|||&raquo; custom_padding=&raquo;|40px|18px|40px|false|true&raquo; hover_enabled=&raquo;0&#8243; custom_css_member_image=&raquo;margin: 0 auto 40px;&raquo; custom_css_member_description=&raquo;min-height:240px&raquo; custom_css_member_position=&raquo;margin-bottom:20px;&raquo; border_radii_image=&raquo;on|25px|25px|25px|25px&raquo; locked=&raquo;off&raquo; global_colors_info=&raquo;{}&raquo; sticky_enabled=&raquo;0&#8243; alt=&raquo;dg team abhinav&raquo; title_text=&raquo;dg team abhinav&raquo;]<\/p>\n<p><span>Hallo! Jeg er Abhinav og jeg har jobbet for Drop siden 2024. Jeg er opprinnelig fra India og flyttet til Utrecht i 2024. Selv om jeg n\u00e5 kaller Utrecht hjemme, gir det \u00e5 jobbe i Amsterdam meg muligheten til \u00e5 nyte byens livlige energi.   <\/span><\/p>\n<p>[\/et_pb_team_member][et_pb_button button_url=&raquo;https:\/\/dropandgo.nl\/author\/abhinav\/&raquo; button_text=&raquo;Mer om Abhinav&raquo; button_alignment=&raquo;center&raquo; _builder_version=&raquo;4.27.4&#8243; _module_preset=&raquo;default&raquo; custom_margin=&raquo;30px||||false|false&raquo; hover_enabled=&raquo;0&#8243; locked=&raquo;off&raquo; global_colors_info=&raquo;{}&raquo; sticky_enabled=&raquo;0&#8243;][\/et_pb_button][\/et_pb_column][et_pb_column type=&raquo;1_4&#8243; _builder_version=&raquo;4.23&#8243; _module_preset=&raquo;default&raquo; global_colors_info=&raquo;{}&raquo;][\/et_pb_column][\/et_pb_row][\/et_pb_section][et_pb_section fb_built=&raquo;1&#8243; _builder_version=&raquo;4.23&#8243; _module_preset=&raquo;default&raquo; global_colors_info=&raquo;{}&raquo;][et_pb_row _builder_version=&raquo;4.23&#8243; _module_preset=&raquo;default&raquo; global_colors_info=&raquo;{}&raquo;][et_pb_column type=&raquo;4_4&#8243; _builder_version=&raquo;4.23&#8243; _module_preset=&raquo;default&raquo; global_colors_info=&raquo;{}&raquo;][et_pb_text _builder_version=&raquo;4.23&#8243; _module_preset=&raquo;default&raquo; header_2_text_align=&raquo;center&raquo; module_alignment=&raquo;center&raquo; custom_margin=&raquo;||80px||false|false&raquo; global_colors_info=&raquo;{}&raquo;]<\/p>\n<h2><strong>Anbefalinger<\/strong> <br \/>fra v\u00e5rt lokale team<\/h2>\n<p>[\/et_pb_text][et_pb_blog include_categories=&raquo;11&#8243; _builder_version=&raquo;4.23&#8243; _module_preset=&raquo;default&raquo; global_colors_info=&raquo;{}&raquo;][\/et_pb_blog][et_pb_button button_url=&raquo;@ET-DC@eyJkeW5hbWljIjp0cnVlLCJjb250ZW50IjoicG9zdF9saW5rX3VybF9wYWdlIiwic2V0dGluZ3MiOnsicG9zdF9pZCI6IjM0MCIsImVuYWJsZV9odG1sIjoib2ZmIn19@&raquo; button_text=&raquo;Utforsk Amsterdam&raquo; button_alignment=&raquo;center&raquo; _builder_version=&raquo;4.23&#8243; _dynamic_attributes=&raquo;button_url&raquo; _module_preset=&raquo;default&raquo; global_colors_info=&raquo;{}&raquo;][\/et_pb_button][\/et_pb_column][\/et_pb_row][\/et_pb_section]<\/p>\n","protected":false},"excerpt":{"rendered":"<p>Om drop Hvis du vil vite hvem du overlater verdisaker til.M\u00f8t DropGo-teamet \u2013 dine vennlige lokale eksperter i Amsterdam! Vi er opptatt av \u00e5 gi bagasjen din et trygt sted samtidig som vi gir et personlig preg p\u00e5 dagen din. Stikk innom, og la oss lette byrden fra skuldrene dine med et smil og noen [&hellip;]<\/p>\n","protected":false},"author":1,"featured_media":0,"parent":0,"menu_order":0,"comment_status":"closed","ping_status":"closed","template":"","meta":{"_seopress_robots_primary_cat":"","_seopress_titles_title":"Om drop Amsterdam bagasjeoppbevaring","_seopress_titles_desc":"Sikker bagasjeoppbevaring kun 100 meter fra Amsterdam sentralstasjon. Lever bagasjen din, hent n\u00f8kkelen eller kom innom for lokale tips. ","_seopress_robots_index":"","_et_pb_use_builder":"on","_et_pb_old_content":"","_et_gb_content_width":"","footnotes":""},"class_list":["post-8989","page","type-page","status-publish","hentry"],"_links":{"self":[{"href":"https:\/\/dropandgo.nl\/no\/wp-json\/wp\/v2\/pages\/8989","targetHints":{"allow":["GET"]}}],"collection":[{"href":"https:\/\/dropandgo.nl\/no\/wp-json\/wp\/v2\/pages"}],"about":[{"href":"https:\/\/dropandgo.nl\/no\/wp-json\/wp\/v2\/types\/page"}],"author":[{"embeddable":true,"href":"https:\/\/dropandgo.nl\/no\/wp-json\/wp\/v2\/users\/1"}],"replies":[{"embeddable":true,"href":"https:\/\/dropandgo.nl\/no\/wp-json\/wp\/v2\/comments?post=8989"}],"version-history":[{"count":0,"href":"https:\/\/dropandgo.nl\/no\/wp-json\/wp\/v2\/pages\/8989\/revisions"}],"wp:attachment":[{"href":"https:\/\/dropandgo.nl\/no\/wp-json\/wp\/v2\/media?parent=8989"}],"curies":[{"name":"wp","href":"https:\/\/api.w.org\/{rel}","templated":true}]}}