{"id":9257,"date":"2023-11-21T05:21:15","date_gmt":"2023-11-21T04:21:15","guid":{"rendered":"https:\/\/dropandgo.nl\/logg-inn\/"},"modified":"2025-08-05T22:42:07","modified_gmt":"2025-08-05T20:42:07","slug":"logg-inn","status":"publish","type":"page","link":"https:\/\/dropandgo.nl\/no\/logg-inn\/","title":{"rendered":"Logg inn"},"content":{"rendered":"<p>[et_pb_section fb_built=&raquo;1&#8243; _builder_version=&raquo;4.23&#8243; _module_preset=&raquo;default&raquo; background_enable_color=&raquo;off&raquo; use_background_color_gradient=&raquo;on&raquo; background_color_gradient_direction=&raquo;90deg&raquo; background_color_gradient_stops=&raquo;rgba(0,0,0,0.46) 0%|rgba(0,0,0,0.31) 100%&raquo; background_color_gradient_overlays_image=&raquo;on&raquo; background_image=&raquo;https:\/\/dropandgo.nl\/wp-content\/uploads\/2023\/11\/78bae0af-d9d4-4015-ae11-458f0c9dd6f3_out-1920&#215;1200.jpg&raquo; background_enable_pattern_style=&raquo;on&raquo; background_pattern_style=&raquo;diagonal-stripes&raquo; background_pattern_color=&raquo;rgba(0,0,0,0.04)&raquo; background_pattern_size=&raquo;contain&raquo; custom_margin=&raquo;||-120px||false|false&raquo; custom_padding=&raquo;120px||0px||false|false&raquo; global_colors_info=&raquo;{}&raquo;][et_pb_row _builder_version=&raquo;4.23&#8243; _module_preset=&raquo;default&raquo; background_enable_color=&raquo;off&raquo; custom_padding=&raquo;||0px||false|false&raquo; global_colors_info=&raquo;{}&raquo;][et_pb_column type=&raquo;4_4&#8243; _builder_version=&raquo;4.23&#8243; _module_preset=&raquo;default&raquo; background_color=&raquo;#FFFFFF&raquo; custom_padding=&raquo;5%|10%|5%|10%|true|true&raquo; border_radii=&raquo;on|75px|75px|75px|75px&raquo; global_colors_info=&raquo;{}&raquo;][et_pb_text _builder_version=&raquo;4.23&#8243; _module_preset=&raquo;default&raquo; header_2_text_align=&raquo;center&raquo; custom_margin=&raquo;||40px||false|false&raquo; global_colors_info=&raquo;{}&raquo;]<\/p>\n<h2>Logg inn<\/h2>\n<p>[\/et_pb_text][et_pb_login title=&raquo;N\u00f8kkeltjeneste&raquo; current_page_redirect=&raquo;on&raquo; _builder_version=&raquo;4.27.4&#8243; _module_preset=&raquo;default&raquo; form_field_background_color=&raquo;#f2f2f2&#8243; background_enable_color=&raquo;off&raquo; use_background_color=&raquo;off&raquo; background_layout=&raquo;light&raquo; display_conditions=&raquo;W3siaWQiOiIwYTZiMmVmZS00YzRjLTRlM2UtODM2My1mYjc1NmEyNGU0MTgiLCJjb25kaXRpb24iOiJsb2dnZWRJblN0YXR1cyIsImNvbmRpdGlvblNldHRpbmdzIjp7ImRpc3BsYXlSdWxlIjoibG9nZ2VkT3V0IiwiYWRtaW5MYWJlbCI6Ikd1ZXN0cyBvbmx5IiwiZW5hYmxlQ29uZGl0aW9uIjoib24ifSwib3BlcmF0b3IiOiJPUiJ9XQ==&raquo; hover_enabled=&raquo;0&#8243; global_colors_info=&raquo;{}&raquo; sticky_enabled=&raquo;0&#8243;]<\/p>\n<p>Hvis du er registrert for Drop&amp;Go n\u00f8kkeltjenesten, logg inn p\u00e5 kontoen din for \u00e5 f\u00e5 tilgang til reservasjonene dine og oppdatere kontaktinformasjonen din. Vi er her for \u00e5 sikre at din neste n\u00f8kkeltjeneste-opplevelse blir like smidig som den forrige. <\/p>\n<p>[\/et_pb_login][et_pb_text _builder_version=&raquo;4.23&#8243; _module_preset=&raquo;default&raquo; text_orientation=&raquo;center&raquo; display_conditions=&raquo;W3siaWQiOiJhMTMzZDI3ZS1jMjc3LTQzOGUtODM4OC05ZDczNTU4NzlkNjUiLCJjb25kaXRpb24iOiJsb2dnZWRJblN0YXR1cyIsImNvbmRpdGlvblNldHRpbmdzIjp7ImRpc3BsYXlSdWxlIjoibG9nZ2VkSW4iLCJhZG1pbkxhYmVsIjoiTG9nZ2VkIEluIFN0YXR1cyIsImVuYWJsZUNvbmRpdGlvbiI6Im9uIn0sIm9wZXJhdG9yIjoiT1IifV0=&raquo; global_colors_info=&raquo;{}&raquo;]<\/p>\n<p>Du er n\u00e5 logget inn p\u00e5 v\u00e5r n\u00f8kkeltjeneste. F\u00f8l deg fri til \u00e5 <a href=\"https:\/\/dropandgo.nl\/no\/konto\/\">oppdatere kontoen din<\/a> eller <a href=\"https:\/\/dropandgo.nl\/key-service-amsterdam\/management\/\">registrere nye n\u00f8kler<\/a>. <\/p>\n<p>[\/et_pb_text][\/et_pb_column][\/et_pb_row][\/et_pb_section][et_pb_section fb_built=&raquo;1&#8243; _builder_version=&raquo;4.23&#8243; _module_preset=&raquo;default&raquo; background_color=&raquo;#f0f9fc&raquo; min_height=&raquo;400px&raquo; custom_margin=&raquo;||||false|false&raquo; custom_padding=&raquo;||40px||false|false&raquo; global_colors_info=&raquo;{}&raquo;][et_pb_row _builder_version=&raquo;4.23&#8243; _module_preset=&raquo;default&raquo; global_colors_info=&raquo;{}&raquo;][et_pb_column type=&raquo;4_4&#8243; _builder_version=&raquo;4.23&#8243; _module_preset=&raquo;default&raquo; global_colors_info=&raquo;{}&raquo;][et_pb_text _builder_version=&raquo;4.23&#8243; _module_preset=&raquo;default&raquo; text_orientation=&raquo;center&raquo; custom_padding=&raquo;30px||||false|false&raquo; global_colors_info=&raquo;{}&raquo;]Trenger du hjelp? Du kan alltid ringe <a href=\"tel:+31202233648\">+31 20 22 33 648<\/a>[\/et_pb_text][\/et_pb_column][\/et_pb_row][\/et_pb_section]<\/p>\n","protected":false},"excerpt":{"rendered":"<p>Logg innHvis du er registrert for Drop&amp;Go n\u00f8kkeltjenesten, logg inn p\u00e5 kontoen din for \u00e5 f\u00e5 tilgang til reservasjonene dine og oppdatere kontaktinformasjonen din. Vi er her for \u00e5 sikre at din neste n\u00f8kkeltjeneste-opplevelse blir like smidig som den forrige. Du er n\u00e5 logget inn p\u00e5 v\u00e5r n\u00f8kkeltjeneste. F\u00f8l deg fri til \u00e5 oppdatere kontoen [&hellip;]<\/p>\n","protected":false},"author":1,"featured_media":0,"parent":0,"menu_order":0,"comment_status":"closed","ping_status":"closed","template":"","meta":{"_seopress_robots_primary_cat":"","_seopress_titles_title":"","_seopress_titles_desc":"","_seopress_robots_index":"ja","_et_pb_use_builder":"on","_et_pb_old_content":"","_et_gb_content_width":"","footnotes":""},"class_list":["post-9257","page","type-page","status-publish","hentry"],"_links":{"self":[{"href":"https:\/\/dropandgo.nl\/no\/wp-json\/wp\/v2\/pages\/9257","targetHints":{"allow":["GET"]}}],"collection":[{"href":"https:\/\/dropandgo.nl\/no\/wp-json\/wp\/v2\/pages"}],"about":[{"href":"https:\/\/dropandgo.nl\/no\/wp-json\/wp\/v2\/types\/page"}],"author":[{"embeddable":true,"href":"https:\/\/dropandgo.nl\/no\/wp-json\/wp\/v2\/users\/1"}],"replies":[{"embeddable":true,"href":"https:\/\/dropandgo.nl\/no\/wp-json\/wp\/v2\/comments?post=9257"}],"version-history":[{"count":0,"href":"https:\/\/dropandgo.nl\/no\/wp-json\/wp\/v2\/pages\/9257\/revisions"}],"wp:attachment":[{"href":"https:\/\/dropandgo.nl\/no\/wp-json\/wp\/v2\/media?parent=9257"}],"curies":[{"name":"wp","href":"https:\/\/api.w.org\/{rel}","templated":true}]}}