{"id":9297,"date":"2023-11-15T21:02:25","date_gmt":"2023-11-15T20:02:25","guid":{"rendered":"https:\/\/dropandgo.nl\/plassering\/"},"modified":"2025-08-05T22:42:06","modified_gmt":"2025-08-05T20:42:06","slug":"plassering","status":"publish","type":"page","link":"https:\/\/dropandgo.nl\/no\/plassering\/","title":{"rendered":"Plassering"},"content":{"rendered":"<p>[et_pb_section fb_built=&raquo;1&#8243; _builder_version=&raquo;4.23&#8243; _module_preset=&raquo;default&raquo; background_enable_color=&raquo;off&raquo; use_background_color_gradient=&raquo;on&raquo; background_color_gradient_direction=&raquo;90deg&raquo; background_color_gradient_stops=&raquo;rgba(0,0,0,0.46) 0%|rgba(0,0,0,0.31) 100%&raquo; background_color_gradient_overlays_image=&raquo;on&raquo; background_image=&raquo;https:\/\/dropandgo.nl\/wp-content\/uploads\/2023\/11\/78bae0af-d9d4-4015-ae11-458f0c9dd6f3_out-1920&#215;1200.jpg&raquo; background_enable_pattern_style=&raquo;on&raquo; background_pattern_style=&raquo;diagonal-stripes&raquo; background_pattern_color=&raquo;rgba(0,0,0,0.04)&raquo; background_pattern_size=&raquo;contain&raquo; custom_margin=&raquo;||||false|false&raquo; custom_padding=&raquo;40px||40px||true|false&raquo; global_colors_info=&raquo;{}&raquo;][et_pb_row _builder_version=&raquo;4.23&#8243; _module_preset=&raquo;default&raquo; background_enable_color=&raquo;off&raquo; custom_padding=&raquo;||||false|false&raquo; global_colors_info=&raquo;{}&raquo;][et_pb_column type=&raquo;4_4&#8243; _builder_version=&raquo;4.23&#8243; _module_preset=&raquo;default&raquo; global_colors_info=&raquo;{}&raquo;][et_pb_text _builder_version=&raquo;4.23&#8243; _module_preset=&raquo;default&raquo; text_text_color=&raquo;#FFFFFF&raquo; text_font_size=&raquo;23px&raquo; text_line_height=&raquo;1.5em&raquo; header_font=&raquo;|700|||||||&raquo; header_text_color=&raquo;#FFFFFF&raquo; header_font_size=&raquo;40px&raquo; header_line_height=&raquo;1.3em&raquo; header_2_text_align=&raquo;center&raquo; text_orientation=&raquo;center&raquo; global_colors_info=&raquo;{}&raquo;]<\/p>\n<h1>Plassering<\/h1>\n<p>[\/et_pb_text][et_pb_text _builder_version=&raquo;4.23&#8243; _module_preset=&raquo;default&raquo; text_text_color=&raquo;#FFFFFF&raquo; text_font_size=&raquo;23px&raquo; text_line_height=&raquo;1.5em&raquo; header_font=&raquo;|700|||||||&raquo; header_text_color=&raquo;#FFFFFF&raquo; header_font_size=&raquo;40px&raquo; header_line_height=&raquo;1.3em&raquo; header_2_text_align=&raquo;center&raquo; text_orientation=&raquo;center&raquo; global_colors_info=&raquo;{}&raquo;]<\/p>\n<p>Vi er enkle \u00e5 finne, bare ett minutts gange fra Amsterdam sentrum.<\/p>\n<p>[\/et_pb_text][\/et_pb_column][\/et_pb_row][\/et_pb_section][et_pb_section fb_built=&raquo;1&#8243; _builder_version=&raquo;4.23&#8243; _module_preset=&raquo;default&raquo; custom_padding=&raquo;80px||80px||true|false&raquo; global_colors_info=&raquo;{}&raquo;][et_pb_row column_structure=&raquo;1_2,1_2&#8243; _builder_version=&raquo;4.23&#8243; _module_preset=&raquo;default&raquo; global_colors_info=&raquo;{}&raquo;][et_pb_column type=&raquo;1_2&#8243; _builder_version=&raquo;4.23&#8243; _module_preset=&raquo;default&raquo; global_colors_info=&raquo;{}&raquo;][et_pb_image src=&raquo;https:\/\/dropandgo.nl\/wp-content\/uploads\/2023\/11\/map-dropgo-location.jpeg&raquo; title_text=&raquo;kart-dropgo-lokasjon&raquo; align=&raquo;center&raquo; force_fullwidth=&raquo;on&raquo; _builder_version=&raquo;4.23&#8243; _module_preset=&raquo;default&raquo; border_radii=&raquo;on|45px|45px|45px|45px&raquo; global_colors_info=&raquo;{}&raquo;][\/et_pb_image][\/et_pb_column][et_pb_column type=&raquo;1_2&#8243; _builder_version=&raquo;4.23&#8243; _module_preset=&raquo;default&raquo; global_colors_info=&raquo;{}&raquo;][et_pb_text _builder_version=&raquo;4.23&#8243; _module_preset=&raquo;default&raquo; header_2_text_align=&raquo;left&raquo; hover_enabled=&raquo;0&#8243; global_colors_info=&raquo;{}&raquo; sticky_enabled=&raquo;0&#8243;]<\/p>\n<h2>Ligger rett over fra Amsterdam sentralstasjon<\/h2>\n<p>[\/et_pb_text][et_pb_text _builder_version=&raquo;4.23&#8243; _module_preset=&raquo;default&raquo; global_colors_info=&raquo;{}&raquo;]<\/p>\n<p class=\"p1\">For \u00e5 sikre at vi \u00f8nsker deg velkommen p\u00e5 best mulig m\u00e5te, ligger vi praktisk til rett over fra Amsterdam sentralstasjon.<span class=\"Apple-converted-space\"> <\/span><\/p>\n<p class=\"p1\">Nettopp ankommet Amsterdam og pr\u00f8ver \u00e5 finne oss? Vi er bare 1 minutt unna! G\u00e5 ut av Amsterdam sentralstasjon p\u00e5 bysentrum-siden og sving til venstre, forbi trikkeplattformen. Kryss deretter broen til h\u00f8yre, mot trafikklysene. Etter trafikklysene, sving til h\u00f8yre og du vil se Drop  Go p\u00e5 venstre side etter 10 meter, til venstre ved siden av Caf\u00e9 Batavia. Butikken ligger i en souterrain, s\u00e5 pass p\u00e5 at du ikke g\u00e5r glipp av den.     <\/p>\n<p class=\"p1\">\u00c5 nei, har du g\u00e5tt deg vill? Bare ring <span> <\/span><a href=\"tel:+31202233648\"><span class=\"s1\">+31 20 22 33 648<\/span><\/a><span> <\/span>og vi vil hjelpe deg.<\/p>\n<p>[\/et_pb_text][et_pb_button button_url=&raquo;https:\/\/www.google.com\/maps\/place\/Drop+%26+Go+-+Luggage+Storage\/@52.3767399,4.9017312,15z\/data=!4m2!3m1!1s0x0:0xfd2d1c169cc8b63d?sa=X&amp;ved=2ahUKEwif45vh_-zzAhVD26QKHRdxBG4Q_BJ6BAhKEAU&raquo; url_new_window=&raquo;on&raquo; button_text=&raquo;Naviger med Google Maps&raquo; _builder_version=&raquo;4.23&#8243; _module_preset=&raquo;default&raquo; global_colors_info=&raquo;{}&raquo;][\/et_pb_button][\/et_pb_column][\/et_pb_row][\/et_pb_section][et_pb_section fb_built=&raquo;1&#8243; _builder_version=&raquo;4.23&#8243; _module_preset=&raquo;default&raquo; custom_padding=&raquo;80px||80px||true|false&raquo; global_colors_info=&raquo;{}&raquo;][et_pb_row _builder_version=&raquo;4.23&#8243; _module_preset=&raquo;default&raquo; global_colors_info=&raquo;{}&raquo;][et_pb_column type=&raquo;4_4&#8243; _builder_version=&raquo;4.23&#8243; _module_preset=&raquo;default&raquo; global_colors_info=&raquo;{}&raquo;][et_pb_video src=&raquo;https:\/\/www.youtube.com\/watch?v=lCj6I7612VQ&raquo; _builder_version=&raquo;4.23&#8243; _module_preset=&raquo;default&raquo; global_colors_info=&raquo;{}&raquo;][\/et_pb_video][\/et_pb_column][\/et_pb_row][\/et_pb_section]<\/p>\n","protected":false},"excerpt":{"rendered":"<p>PlasseringVi er enkle \u00e5 finne, bare ett minutts gange fra Amsterdam sentrum.Ligger rett over fra Amsterdam sentralstasjonFor \u00e5 sikre at vi \u00f8nsker deg velkommen p\u00e5 best mulig m\u00e5te, ligger vi praktisk til rett over fra Amsterdam sentralstasjon. Nettopp ankommet Amsterdam og pr\u00f8ver \u00e5 finne oss? Vi er bare 1 minutt unna! G\u00e5 ut av Amsterdam [&hellip;]<\/p>\n","protected":false},"author":1,"featured_media":0,"parent":0,"menu_order":0,"comment_status":"closed","ping_status":"closed","template":"","meta":{"_seopress_robots_primary_cat":"","_seopress_titles_title":"","_seopress_titles_desc":"For \u00e5 sikre at vi \u00f8nsker deg velkommen p\u00e5 best mulig m\u00e5te, ligger vi praktisk til rett over fra Amsterdam sentralstasjon.","_seopress_robots_index":"","_et_pb_use_builder":"on","_et_pb_old_content":"","_et_gb_content_width":"","footnotes":""},"class_list":["post-9297","page","type-page","status-publish","hentry"],"_links":{"self":[{"href":"https:\/\/dropandgo.nl\/no\/wp-json\/wp\/v2\/pages\/9297","targetHints":{"allow":["GET"]}}],"collection":[{"href":"https:\/\/dropandgo.nl\/no\/wp-json\/wp\/v2\/pages"}],"about":[{"href":"https:\/\/dropandgo.nl\/no\/wp-json\/wp\/v2\/types\/page"}],"author":[{"embeddable":true,"href":"https:\/\/dropandgo.nl\/no\/wp-json\/wp\/v2\/users\/1"}],"replies":[{"embeddable":true,"href":"https:\/\/dropandgo.nl\/no\/wp-json\/wp\/v2\/comments?post=9297"}],"version-history":[{"count":0,"href":"https:\/\/dropandgo.nl\/no\/wp-json\/wp\/v2\/pages\/9297\/revisions"}],"wp:attachment":[{"href":"https:\/\/dropandgo.nl\/no\/wp-json\/wp\/v2\/media?parent=9297"}],"curies":[{"name":"wp","href":"https:\/\/api.w.org\/{rel}","templated":true}]}}