{"id":7275,"date":"2023-12-15T22:40:22","date_gmt":"2023-12-15T21:40:22","guid":{"rendered":"https:\/\/dropandgo.nl\/sobre-o-dropgo-amsterdam\/"},"modified":"2025-06-05T16:17:37","modified_gmt":"2025-06-05T14:17:37","slug":"sobre-o-dropgo-amsterdam","status":"publish","type":"page","link":"https:\/\/dropandgo.nl\/pt-pt\/sobre-o-dropgo-amsterdam\/","title":{"rendered":"Sobre o Drop&amp;Go Amsterdam"},"content":{"rendered":"<p>[et_pb_section fb_built=&#8221;1&#8243; admin_label=&#8221;Call to Action&#8221; _builder_version=&#8221;4.23&#8243; _module_preset=&#8221;default&#8221; background_image=&#8221;https:\/\/dropandgo.nl\/wp-content\/uploads\/2023\/12\/dg-team-kimmy.jpeg&#8221; background_size=&#8221;custom&#8221; background_image_width=&#8221;50%&#8221; background_position=&#8221;center_right&#8221; custom_padding=&#8221;0px||0px||true|false&#8221; background_color_tablet=&#8221;#0099BE&#8221; background_last_edited=&#8221;on|desktop&#8221; background_enable_color_tablet=&#8221;on&#8221; background_enable_image_tablet=&#8221;off&#8221; collapsed=&#8221;on&#8221; global_colors_info=&#8221;{}&#8221;][et_pb_row column_structure=&#8221;1_2,1_2&#8243; use_custom_gutter=&#8221;on&#8221; gutter_width=&#8221;1&#8243; make_equal=&#8221;on&#8221; _builder_version=&#8221;4.23&#8243; _module_preset=&#8221;default&#8221; custom_padding=&#8221;0px||0px||true|false&#8221; box_shadow_style=&#8221;preset4&#8243; box_shadow_horizontal=&#8221;-30vw&#8221; box_shadow_vertical=&#8221;0px&#8221; box_shadow_color=&#8221;#0099BE&#8221; global_colors_info=&#8221;{}&#8221;][et_pb_column type=&#8221;1_2&#8243; _builder_version=&#8221;4.23&#8243; _module_preset=&#8221;default&#8221; background_color=&#8221;#0099BE&#8221; z_index=&#8221;10&#8243; custom_padding=&#8221;6vw|40px|6vw||true|false&#8221; custom_padding_tablet=&#8221;|0px|||true|false&#8221; custom_padding_phone=&#8221;40px|0px|40px||true|false&#8221; custom_padding_last_edited=&#8221;on|desktop&#8221; global_colors_info=&#8221;{%22gcid-34807b40-f97e-428a-90f8-6d5ad2ecd8cd%22:%91%22background_color%22%93}&#8221;][et_pb_text _builder_version=&#8221;4.23&#8243; _module_preset=&#8221;default&#8221; header_2_text_color=&#8221;#FFFFFF&#8221; background_layout=&#8221;dark&#8221; custom_margin=&#8221;||10px||false|false&#8221; global_colors_info=&#8221;{}&#8221;]<\/p>\n<h2><strong>Acerca do Drop&amp;Go<\/strong><\/h2>\n<h3>Para o caso de quereres saber com quem deixas os teus valores.<\/h3>\n<p>[\/et_pb_text][et_pb_text _builder_version=&#8221;4.23&#8243; _module_preset=&#8221;default&#8221; background_layout=&#8221;dark&#8221; custom_margin=&#8221;||30px||false|false&#8221; global_colors_info=&#8221;{}&#8221;]<\/p>\n<p>Conhece a equipa Drop&amp;Go &#8211; os teus simp\u00e1ticos especialistas locais em Amesterd\u00e3o! O nosso objetivo \u00e9 dar \u00e0 tua bagagem um lugar seguro e dar um toque pessoal ao teu dia. Passa por c\u00e1 e deixa-nos tirar-te o peso dos ombros com um sorriso e algumas dicas sobre as j\u00f3ias escondidas de Amesterd\u00e3o!  <\/p>\n<p>[\/et_pb_text][et_pb_button button_url=&#8221;#team&#8221; button_text=&#8221;Conhece a equipa&#8221; _builder_version=&#8221;4.23&#8243; _module_preset=&#8221;default&#8221; global_colors_info=&#8221;{}&#8221;][\/et_pb_button][\/et_pb_column][et_pb_column type=&#8221;1_2&#8243; _builder_version=&#8221;4.23&#8243; _module_preset=&#8221;default&#8221; background_image=&#8221;https:\/\/dropandgo.nl\/wp-content\/uploads\/2023\/12\/bg-sep-dblue.png&#8221; background_size=&#8221;contain&#8221; background_position=&#8221;center_left&#8221; background_last_edited=&#8221;off|tablet&#8221; global_colors_info=&#8221;{%22gcid-34807b40-f97e-428a-90f8-6d5ad2ecd8cd%22:%91%22background_color_gradient_stops%22%93}&#8221;][\/et_pb_column][\/et_pb_row][\/et_pb_section][et_pb_section fb_built=&#8221;1&#8243; _builder_version=&#8221;4.23&#8243; _module_preset=&#8221;default&#8221; custom_padding=&#8221;80px||80px||true|false&#8221; locked=&#8221;off&#8221; global_colors_info=&#8221;{}&#8221;][et_pb_row column_structure=&#8221;1_5,3_5,1_5&#8243; _builder_version=&#8221;4.23&#8243; _module_preset=&#8221;default&#8221; custom_padding=&#8221;60px||||false|false&#8221; global_colors_info=&#8221;{}&#8221;][et_pb_column type=&#8221;1_5&#8243; _builder_version=&#8221;4.23&#8243; _module_preset=&#8221;default&#8221; global_colors_info=&#8221;{}&#8221;][\/et_pb_column][et_pb_column type=&#8221;3_5&#8243; admin_label=&#8221;Coluna&#8221; _builder_version=&#8221;4.23&#8243; _module_preset=&#8221;default&#8221; global_colors_info=&#8221;{}&#8221;][et_pb_text _builder_version=&#8221;4.23&#8243; _module_preset=&#8221;default&#8221; header_2_text_align=&#8221;left&#8221; global_colors_info=&#8221;{}&#8221;]<\/p>\n<h2>O \u00fanico armaz\u00e9m com um <strong>toque pessoal<\/strong>.<\/h2>\n<p>[\/et_pb_text][et_pb_text _builder_version=&#8221;4.23&#8243; _module_preset=&#8221;default&#8221; global_colors_info=&#8221;{}&#8221;]<\/p>\n<p>Na Drop&amp;Go, orgulhamo-nos da nossa jornada que come\u00e7ou em 2014. Fund\u00e1mos esta empresa com a vis\u00e3o de <strong>revolucionar o armazenamento de bagagem em Amesterd\u00e3o<\/strong>, garantindo que a experi\u00eancia de cada viajante \u00e9 perfeita e memor\u00e1vel. Ao longo dos anos, tivemos o privil\u00e9gio de armazenar com seguran\u00e7a mais de 350.000 pe\u00e7as de bagagem para visitantes de todo o mundo.  <\/p>\n<p>A nossa hist\u00f3ria come\u00e7ou com uma ideia simples, mas profunda &#8211; oferecer um dep\u00f3sito de bagagem perto da Esta\u00e7\u00e3o Central que n\u00e3o s\u00f3 fornece um ref\u00fagio seguro para os teus pertences, mas tamb\u00e9m oferece um <strong>toque pessoal para melhorar a tua aventura em Amesterd\u00e3o<\/strong>. Entendemos que chegar a uma nova cidade, especialmente para os visitantes de primeira viagem, pode ser ao mesmo tempo emocionante e avassalador. \u00c9 por isso que sempre acredit\u00e1mos em ir al\u00e9m do simples armazenamento de bagagem. Estamos aqui para partilhar os nossos conhecimentos locais, oferecer recomenda\u00e7\u00f5es e tornar a tua estadia em Amesterd\u00e3o inesquec\u00edvel.   <\/p>\n<p>Desde os nossos fundadores at\u00e9 cada membro da nossa equipa dedicada, estamos empenhados em garantir que a tua experi\u00eancia connosco seja excecional. Por isso, quer estejas a explorar as vibrantes ruas de Amesterd\u00e3o pela primeira vez ou a regressar a esta bela cidade, estamos aqui para simplificar a tua viagem, uma pe\u00e7a de bagagem de cada vez.   <br \/><strong>Bem-vindo ao Drop&amp;Go, onde a tua viagem \u00e9 a nossa prioridade.<\/strong><\/p>\n<p>[\/et_pb_text][\/et_pb_column][et_pb_column type=&#8221;1_5&#8243; admin_label=&#8221;Coluna&#8221; _builder_version=&#8221;4.23&#8243; _module_preset=&#8221;default&#8221; global_colors_info=&#8221;{}&#8221;][\/et_pb_column][\/et_pb_row][\/et_pb_section][et_pb_section fb_built=&#8221;1&#8243; admin_label=&#8221;Team&#8221; module_id=&#8221;equipa&#8221; _builder_version=&#8221;4.23&#8243; _module_preset=&#8221;default&#8221; background_color=&#8221;#0099BE&#8221; global_colors_info=&#8221;{}&#8221;][et_pb_row _builder_version=&#8221;4.23&#8243; _module_preset=&#8221;default&#8221; global_colors_info=&#8221;{}&#8221;][et_pb_column type=&#8221;4_4&#8243; _builder_version=&#8221;4.23&#8243; _module_preset=&#8221;default&#8221; global_colors_info=&#8221;{}&#8221;][et_pb_text _builder_version=&#8221;4.23&#8243; _module_preset=&#8221;default&#8221; header_2_text_align=&#8221;center&#8221; header_2_text_color=&#8221;#FFFFFF&#8221; text_orientation=&#8221;center&#8221; global_colors_info=&#8221;{}&#8221;]<\/p>\n<h2>A nossa <strong>equipa dedicada<\/strong> de habitantes locais.<\/h2>\n<p>[\/et_pb_text][\/et_pb_column][\/et_pb_row][et_pb_row column_structure=&#8221;1_4,1_4,1_4,1_4&#8243; _builder_version=&#8221;4.23&#8243; _module_preset=&#8221;default&#8221; global_colors_info=&#8221;{}&#8221;][et_pb_column type=&#8221;1_4&#8243; _builder_version=&#8221;4.23&#8243; _module_preset=&#8221;default&#8221; global_colors_info=&#8221;{}&#8221;][et_pb_team_member name=&#8221;\u00d3scar&#8221; position=&#8221;Propriet\u00e1rio&#8221; image_url=&#8221;https:\/\/dropandgo.nl\/wp-content\/uploads\/2024\/02\/dg-team-oscar2.jpg&#8221; _builder_version=&#8221;4.24.2&#8243; _module_preset=&#8221;default&#8221; body_text_align=&#8221;center&#8221; body_text_color=&#8221;#F2F9FC&#8221; position_font=&#8221;|700|||||||&#8221; position_text_align=&#8221;center&#8221; position_text_color=&#8221;#F2F9FC&#8221; text_orientation=&#8221;center&#8221; background_layout=&#8221;dark&#8221; custom_padding=&#8221;|40px||40px|false|true&#8221; custom_css_member_image=&#8221;margin: 0 auto 40px;&#8221; custom_css_member_description=&#8221;min-height:240px&#8221; custom_css_member_position=&#8221;margin-bottom:20px;&#8221; border_radii_image=&#8221;on|25px|25px|25px|25px&#8221; global_colors_info=&#8221;{}&#8221; min_height=&#8221;526.2px&#8221;]<\/p>\n<p>Ol\u00e1! O meu nome \u00e9 Oscar e sou o propriet\u00e1rio do Drop&amp;Go. Estou ligado ao Drop&amp;Go h\u00e1 5 anos.    <span>Ver h\u00f3spedes de diferentes culturas de todo o mundo a entrar num novo mundo e fazer com que se sintam bem-vindos \u00e9 sempre um grande prazer e muito divertido.<\/span><\/p>\n<p>[\/et_pb_team_member][et_pb_button button_url=&#8221;https:\/\/dropandgo.nl\/author\/oscar\/&#8221; button_text=&#8221;Mais sobre o \u00d3scar&#8221; button_alignment=&#8221;center&#8221; _builder_version=&#8221;4.24.2&#8243; _module_preset=&#8221;default&#8221; custom_margin=&#8221;30px||||false|false&#8221; global_colors_info=&#8221;{}&#8221;][\/et_pb_button][\/et_pb_column][et_pb_column type=&#8221;1_4&#8243; _builder_version=&#8221;4.27.4&#8243; _module_preset=&#8221;default&#8221; global_colors_info=&#8221;{}&#8221;][et_pb_team_member name=&#8221;Kimberley&#8221; position=&#8221;Gerente&#8221; image_url=&#8221;https:\/\/dropandgo.nl\/wp-content\/uploads\/2024\/01\/dg-team-kimberley.jpg&#8221; _builder_version=&#8221;4.24.2&#8243; _module_preset=&#8221;default&#8221; body_text_align=&#8221;center&#8221; body_text_color=&#8221;#F2F9FC&#8221; position_font=&#8221;|700|||||||&#8221; position_text_align=&#8221;center&#8221; position_text_color=&#8221;#F2F9FC&#8221; text_orientation=&#8221;center&#8221; background_layout=&#8221;dark&#8221; custom_padding=&#8221;|40px||40px|false|true&#8221; custom_css_member_image=&#8221;margin: 0 auto 40px;&#8221; custom_css_member_description=&#8221;min-height:240px&#8221; custom_css_member_position=&#8221;margin-bottom:20px;&#8221; border_radii_image=&#8221;on|25px|25px|25px|25px&#8221; global_colors_info=&#8221;{}&#8221; min_height=&#8221;543.4px&#8221; custom_margin=&#8221;||39px|||&#8221;]<\/p>\n<p>Sauda\u00e7\u00f5es! Sou a Kimberley, embora Kim tamb\u00e9m seja perfeitamente aceit\u00e1vel \ud83d\ude09 Amesterd\u00e3o n\u00e3o \u00e9 apenas o meu local de nascimento &#8211; tem sido o meu lar desde que me lembro. A minha jornada com a Drop&amp;Go iniciou-se em 2018, e desde ent\u00e3o tem sido uma montanha-russa de experi\u00eancias.   <\/p>\n<p>[\/et_pb_team_member][et_pb_button button_url=&#8221;https:\/\/dropandgo.nl\/author\/kimberley\/&#8221; button_text=&#8221;Mais informa\u00e7\u00f5es sobre Kimberley&#8221; button_alignment=&#8221;center&#8221; _builder_version=&#8221;4.24.2&#8243; _module_preset=&#8221;default&#8221; custom_margin=&#8221;30px||||false|false&#8221; global_colors_info=&#8221;{}&#8221;][\/et_pb_button][\/et_pb_column][et_pb_column type=&#8221;1_4&#8243; _builder_version=&#8221;4.23&#8243; _module_preset=&#8221;default&#8221; global_colors_info=&#8221;{}&#8221;][et_pb_team_member name=&#8221;Khaddisha&#8221; position=&#8221;Assistente de dire\u00e7\u00e3o&#8221; image_url=&#8221;https:\/\/dropandgo.nl\/wp-content\/uploads\/2024\/01\/dg-team-khaddisha.jpg&#8221; _builder_version=&#8221;4.24.2&#8243; _module_preset=&#8221;default&#8221; body_text_align=&#8221;center&#8221; body_text_color=&#8221;#F2F9FC&#8221; position_font=&#8221;|700|||||||&#8221; position_text_align=&#8221;center&#8221; position_text_color=&#8221;#F2F9FC&#8221; text_orientation=&#8221;center&#8221; background_layout=&#8221;dark&#8221; custom_padding=&#8221;|40px||40px|false|true&#8221; custom_css_member_image=&#8221;margin: 0 auto 40px;&#8221; custom_css_member_description=&#8221;min-height:240px&#8221; custom_css_member_position=&#8221;margin-bottom:20px;&#8221; border_radii_image=&#8221;on|25px|25px|25px|25px&#8221; global_colors_info=&#8221;{}&#8221; min_height=&#8221;555.4px&#8221;]<\/p>\n<p>Sauda\u00e7\u00f5es! Sou a Khaddisha e comecei a trabalhar na Drop&amp;Go em abril de 2023. O que mais aprecio no meu trabalho aqui? Todas as encantadoras conversas que tenho com pessoas de todo o mundo.    <\/p>\n<p>&nbsp;<\/p>\n<p>[\/et_pb_team_member][et_pb_button button_url=&#8221;https:\/\/dropandgo.nl\/author\/khaddisha\/&#8221; button_text=&#8221;Mais sobre Khaddisha&#8221; button_alignment=&#8221;center&#8221; _builder_version=&#8221;4.24.2&#8243; _module_preset=&#8221;default&#8221; custom_margin=&#8221;30px||||false|false&#8221; global_colors_info=&#8221;{}&#8221;][\/et_pb_button][\/et_pb_column][et_pb_column type=&#8221;1_4&#8243; _builder_version=&#8221;4.23&#8243; _module_preset=&#8221;default&#8221; global_colors_info=&#8221;{}&#8221;][et_pb_team_member name=&#8221;Davey&#8221; position=&#8221;Gestor de marketing online&#8221; image_url=&#8221;https:\/\/dropandgo.nl\/wp-content\/uploads\/2024\/02\/dg-team-davey.jpg&#8221; _builder_version=&#8221;4.24.2&#8243; _module_preset=&#8221;default&#8221; body_text_align=&#8221;center&#8221; body_text_color=&#8221;#F2F9FC&#8221; position_font=&#8221;|700|||||||&#8221; position_text_align=&#8221;center&#8221; position_text_color=&#8221;#F2F9FC&#8221; text_orientation=&#8221;center&#8221; background_layout=&#8221;dark&#8221; custom_padding=&#8221;|40px|21px|40px|false|true&#8221; custom_css_member_image=&#8221;margin: 0 auto 40px;&#8221; custom_css_member_description=&#8221;min-height:240px&#8221; custom_css_member_position=&#8221;margin-bottom:20px;&#8221; border_radii_image=&#8221;on|25px|25px|25px|25px&#8221; global_colors_info=&#8221;{}&#8221; min_height=&#8221;556.4px&#8221;]<\/p>\n<p>Olha! O meu nome \u00e9 Davey e sou respons\u00e1vel por garantir que mais pessoas possam encontrar o Drop&amp;Go.  Como viajante, o meu objetivo \u00e9 que o Drop&amp;Go chegue a todas as grandes cidades do mundo.<\/p>\n<p>[\/et_pb_team_member][et_pb_button button_url=&#8221;https:\/\/dropandgo.nl\/author\/davey\/&#8221; button_text=&#8221;Mais sobre o Davey&#8221; button_alignment=&#8221;center&#8221; _builder_version=&#8221;4.24.2&#8243; _module_preset=&#8221;default&#8221; custom_margin=&#8221;30px||||false|false&#8221; global_colors_info=&#8221;{}&#8221;][\/et_pb_button][\/et_pb_column][\/et_pb_row][et_pb_row column_structure=&#8221;1_4,1_4,1_4,1_4&#8243; _builder_version=&#8221;4.23&#8243; _module_preset=&#8221;default&#8221; global_colors_info=&#8221;{}&#8221;][et_pb_column type=&#8221;1_4&#8243; _builder_version=&#8221;4.23&#8243; _module_preset=&#8221;default&#8221; global_colors_info=&#8221;{}&#8221;][et_pb_team_member name=&#8221;Eldo&#8221; position=&#8221;Pessoal&#8221; image_url=&#8221;https:\/\/dropandgo.nl\/wp-content\/uploads\/2025\/01\/dg-team-eldo.jpg&#8221; _builder_version=&#8221;4.27.4&#8243; _module_preset=&#8221;default&#8221; body_text_align=&#8221;center&#8221; body_text_color=&#8221;#F2F9FC&#8221; position_font=&#8221;|700|||||||&#8221; position_text_align=&#8221;center&#8221; position_text_color=&#8221;#F2F9FC&#8221; text_orientation=&#8221;center&#8221; background_layout=&#8221;dark&#8221; min_height=&#8221;460.1px&#8221; custom_margin=&#8221;||3px|||&#8221; custom_padding=&#8221;|40px|7px|40px|false|true&#8221; custom_css_member_image=&#8221;margin: 0 auto 40px;&#8221; custom_css_member_description=&#8221;min-height:240px&#8221; custom_css_member_position=&#8221;margin-bottom:20px;&#8221; border_radii_image=&#8221;on|25px|25px|25px|25px&#8221; global_colors_info=&#8221;{}&#8221;]<\/p>\n<p><span>Ol\u00e1! Chamo-me Eldo e trabalho para o Drop&amp;Go desde 2023. Vivi em Amesterd\u00e3o toda a minha vida e adoro ajudar as pessoas a conhecer a cidade.  <\/span><\/p>\n<p><span><\/span><\/p>\n<p><span><\/span><\/p>\n<p><span><\/span><\/p>\n<p><span><\/span><\/p>\n<p><span><\/span><\/p>\n<p>[\/et_pb_team_member][et_pb_button button_url=&#8221;https:\/\/dropandgo.nl\/author\/eldo\/&#8221; button_text=&#8221;Mais sobre Eldo&#8221; button_alignment=&#8221;center&#8221; _builder_version=&#8221;4.27.4&#8243; _module_preset=&#8221;default&#8221; custom_margin=&#8221;30px||||false|false&#8221; global_colors_info=&#8221;{}&#8221;][\/et_pb_button][\/et_pb_column][et_pb_column type=&#8221;1_4&#8243; _builder_version=&#8221;4.23&#8243; _module_preset=&#8221;default&#8221; global_colors_info=&#8221;{}&#8221;][et_pb_team_member name=&#8221;Milan&#8221; position=&#8221;Pessoal&#8221; image_url=&#8221;https:\/\/dropandgo.nl\/wp-content\/uploads\/2025\/04\/dropandgo-milan-blue.jpg&#8221; _builder_version=&#8221;4.27.4&#8243; _module_preset=&#8221;default&#8221; body_text_align=&#8221;center&#8221; body_text_color=&#8221;#F2F9FC&#8221; position_font=&#8221;|700|||||||&#8221; position_text_align=&#8221;center&#8221; position_text_color=&#8221;#F2F9FC&#8221; text_orientation=&#8221;center&#8221; background_layout=&#8221;dark&#8221; min_height=&#8221;447.1px&#8221; custom_margin=&#8221;||3px|||&#8221; custom_padding=&#8221;|40px|18px|40px|false|true&#8221; custom_css_member_image=&#8221;margin: 0 auto 40px;&#8221; custom_css_member_description=&#8221;min-height:240px&#8221; custom_css_member_position=&#8221;margin-bottom:20px;&#8221; border_radii_image=&#8221;on|25px|25px|25px|25px&#8221; locked=&#8221;off&#8221; global_colors_info=&#8221;{}&#8221;]<\/p>\n<p>Sauda\u00e7\u00f5es! Sou o Milan e trabalho para a Drop&amp;Go desde 2024. Nasci em Amesterd\u00e3o, mas vivi a maior parte da minha vida numa cidade a apenas alguns minutos de dist\u00e2ncia. N\u00e3o obstante, a cidade possui uma atmosfera m\u00e1gica que me impele constantemente a regressar.   <\/p>\n<p>[\/et_pb_team_member][et_pb_button button_url=&#8221;https:\/\/dropandgo.nl\/author\/milan\/&#8221; button_text=&#8221;Mais sobre Milan&#8221; button_alignment=&#8221;center&#8221; _builder_version=&#8221;4.27.4&#8243; _module_preset=&#8221;default&#8221; custom_margin=&#8221;30px||||false|false&#8221; locked=&#8221;off&#8221; global_colors_info=&#8221;{}&#8221;][\/et_pb_button][\/et_pb_column][et_pb_column type=&#8221;1_4&#8243; _builder_version=&#8221;4.27.4&#8243; _module_preset=&#8221;default&#8221; global_colors_info=&#8221;{}&#8221;][et_pb_team_member name=&#8221;Abhinav&#8221; position=&#8221;Pessoal&#8221; image_url=&#8221;https:\/\/dropandgo.nl\/wp-content\/uploads\/2025\/06\/dg-team-abhinav-1.jpg&#8221; _builder_version=&#8221;4.27.4&#8243; _module_preset=&#8221;default&#8221; body_text_align=&#8221;center&#8221; body_text_color=&#8221;#F2F9FC&#8221; position_font=&#8221;|700|||||||&#8221; position_text_align=&#8221;center&#8221; position_text_color=&#8221;#F2F9FC&#8221; text_orientation=&#8221;center&#8221; background_layout=&#8221;dark&#8221; min_height=&#8221;447.1px&#8221; custom_margin=&#8221;||3px|||&#8221; custom_padding=&#8221;|40px|18px|40px|false|true&#8221; hover_enabled=&#8221;0&#8243; custom_css_member_image=&#8221;margin: 0 auto 40px;&#8221; custom_css_member_description=&#8221;min-height:240px&#8221; custom_css_member_position=&#8221;margin-bottom:20px;&#8221; border_radii_image=&#8221;on|25px|25px|25px|25px&#8221; locked=&#8221;off&#8221; global_colors_info=&#8221;{}&#8221; sticky_enabled=&#8221;0&#8243; alt=&#8221;dg team abhinav&#8221; title_text=&#8221;dg team abhinav&#8221;]<\/p>\n<p><span>Bom dia! Sou o Abhinav e trabalho para a Drop&amp;Go desde 2024. Origin\u00e1rio da \u00cdndia, mudei-me para Utrecht em 2024. Embora agora considere Utrecht o meu lar, trabalhar em Amesterd\u00e3o proporciona-me a oportunidade de desfrutar da energia vibrante da cidade.   <\/span><\/p>\n<p>[\/et_pb_team_member][et_pb_button button_url=&#8221;https:\/\/dropandgo.nl\/author\/abhinav\/&#8221; button_text=&#8221;Mais sobre Abhinav&#8221; button_alignment=&#8221;center&#8221; _builder_version=&#8221;4.27.4&#8243; _module_preset=&#8221;default&#8221; custom_margin=&#8221;30px||||false|false&#8221; hover_enabled=&#8221;0&#8243; locked=&#8221;off&#8221; global_colors_info=&#8221;{}&#8221; sticky_enabled=&#8221;0&#8243;][\/et_pb_button][\/et_pb_column][et_pb_column type=&#8221;1_4&#8243; _builder_version=&#8221;4.23&#8243; _module_preset=&#8221;default&#8221; global_colors_info=&#8221;{}&#8221;][\/et_pb_column][\/et_pb_row][\/et_pb_section][et_pb_section fb_built=&#8221;1&#8243; _builder_version=&#8221;4.23&#8243; _module_preset=&#8221;default&#8221; global_colors_info=&#8221;{}&#8221;][et_pb_row _builder_version=&#8221;4.23&#8243; _module_preset=&#8221;default&#8221; global_colors_info=&#8221;{}&#8221;][et_pb_column type=&#8221;4_4&#8243; _builder_version=&#8221;4.23&#8243; _module_preset=&#8221;default&#8221; global_colors_info=&#8221;{}&#8221;][et_pb_text _builder_version=&#8221;4.23&#8243; _module_preset=&#8221;default&#8221; header_2_text_align=&#8221;center&#8221; module_alignment=&#8221;center&#8221; custom_margin=&#8221;||80px||false|false&#8221; global_colors_info=&#8221;{}&#8221;]<\/p>\n<h2><strong>Recomenda\u00e7\u00f5es<\/strong> <br \/>da nossa equipa local<\/h2>\n<p>[\/et_pb_text][et_pb_blog include_categories=&#8221;11&#8243; _builder_version=&#8221;4.23&#8243; _module_preset=&#8221;default&#8221; global_colors_info=&#8221;{}&#8221;][\/et_pb_blog][et_pb_button button_url=&#8221;@ET-DC@eyJkeW5hbWljIjp0cnVlLCJjb250ZW50IjoicG9zdF9saW5rX3VybF9wYWdlIiwic2V0dGluZ3MiOnsicG9zdF9pZCI6IjM0MCIsImVuYWJsZV9odG1sIjoib2ZmIn19@&#8221; button_text=&#8221;Descobre Amesterd\u00e3o&#8221; button_alignment=&#8221;center&#8221; _builder_version=&#8221;4.23&#8243; _dynamic_attributes=&#8221;button_url&#8221; _module_preset=&#8221;default&#8221; global_colors_info=&#8221;{}&#8221;][\/et_pb_button][\/et_pb_column][\/et_pb_row][\/et_pb_section]<\/p>\n","protected":false},"excerpt":{"rendered":"<p>Acerca do Drop&amp;Go Para o caso de quereres saber com quem deixas os teus valores.Conhece a equipa Drop&amp;Go &#8211; os teus simp\u00e1ticos especialistas locais em Amesterd\u00e3o! O nosso objetivo \u00e9 dar \u00e0 tua bagagem um lugar seguro e dar um toque pessoal ao teu dia. Passa por c\u00e1 e deixa-nos tirar-te o peso dos ombros [&hellip;]<\/p>\n","protected":false},"author":1,"featured_media":0,"parent":0,"menu_order":0,"comment_status":"closed","ping_status":"closed","template":"","meta":{"_seopress_robots_primary_cat":"","_seopress_titles_title":"Sobre Drop&Go Amsterdam Luggage Storage","_seopress_titles_desc":"Armazenamento de bagagem seguro e protegido apenas a 100 metros da Esta\u00e7\u00e3o Central de Amesterd\u00e3o. Deixa a tua bagagem, pega na tua chave ou passa por aqui para receberes dicas locais. ","_seopress_robots_index":"","_et_pb_use_builder":"on","_et_pb_old_content":"","_et_gb_content_width":"","footnotes":""},"class_list":["post-7275","page","type-page","status-publish","hentry"],"_links":{"self":[{"href":"https:\/\/dropandgo.nl\/pt-pt\/wp-json\/wp\/v2\/pages\/7275","targetHints":{"allow":["GET"]}}],"collection":[{"href":"https:\/\/dropandgo.nl\/pt-pt\/wp-json\/wp\/v2\/pages"}],"about":[{"href":"https:\/\/dropandgo.nl\/pt-pt\/wp-json\/wp\/v2\/types\/page"}],"author":[{"embeddable":true,"href":"https:\/\/dropandgo.nl\/pt-pt\/wp-json\/wp\/v2\/users\/1"}],"replies":[{"embeddable":true,"href":"https:\/\/dropandgo.nl\/pt-pt\/wp-json\/wp\/v2\/comments?post=7275"}],"version-history":[{"count":0,"href":"https:\/\/dropandgo.nl\/pt-pt\/wp-json\/wp\/v2\/pages\/7275\/revisions"}],"wp:attachment":[{"href":"https:\/\/dropandgo.nl\/pt-pt\/wp-json\/wp\/v2\/media?parent=7275"}],"curies":[{"name":"wp","href":"https:\/\/api.w.org\/{rel}","templated":true}]}}