{"id":7216,"date":"2023-11-21T05:21:15","date_gmt":"2023-11-21T04:21:15","guid":{"rendered":"https:\/\/dropandgo.nl\/logga-in\/"},"modified":"2025-08-05T22:39:25","modified_gmt":"2025-08-05T20:39:25","slug":"logga-in","status":"publish","type":"page","link":"https:\/\/dropandgo.nl\/sv\/logga-in\/","title":{"rendered":"Logga in"},"content":{"rendered":"<p>[et_pb_section fb_built=&#8221;1&#8243; _builder_version=&#8221;4.23&#8243; _module_preset=&#8221;default&#8221; background_enable_color=&#8221;off&#8221; use_background_color_gradient=&#8221;on&#8221; background_color_gradient_direction=&#8221;90deg&#8221; background_color_gradient_stops=&#8221;rgba(0,0,0,0.46) 0%|rgba(0,0,0,0.31) 100%&#8221; background_color_gradient_overlays_image=&#8221;on&#8221; background_image=&#8221;https:\/\/dropandgo.nl\/wp-content\/uploads\/2023\/11\/78bae0af-d9d4-4015-ae11-458f0c9dd6f3_out-1920&#215;1200.jpg&#8221; background_enable_pattern_style=&#8221;on&#8221; background_pattern_style=&#8221;diagonal-stripes&#8221; background_pattern_color=&#8221;rgba(0,0,0,0.04)&#8221; background_pattern_size=&#8221;contain&#8221; custom_margin=&#8221;||-120px||false|false&#8221; custom_padding=&#8221;120px||0px||false|false&#8221; global_colors_info=&#8221;{}&#8221;][et_pb_row _builder_version=&#8221;4.23&#8243; _module_preset=&#8221;default&#8221; background_enable_color=&#8221;off&#8221; custom_padding=&#8221;||0px||false|false&#8221; global_colors_info=&#8221;{}&#8221;][et_pb_column type=&#8221;4_4&#8243; _builder_version=&#8221;4.23&#8243; _module_preset=&#8221;default&#8221; background_color=&#8221;#FFFFFF&#8221; custom_padding=&#8221;5%|10%|5%|10%|true|true&#8221; border_radii=&#8221;on|75px|75px|75px|75px&#8221; global_colors_info=&#8221;{}&#8221;][et_pb_text _builder_version=&#8221;4.23&#8243; _module_preset=&#8221;default&#8221; header_2_text_align=&#8221;center&#8221; custom_margin=&#8221;||40px||false|false&#8221; global_colors_info=&#8221;{}&#8221;]<\/p>\n<h2>Logga in<\/h2>\n<p>[\/et_pb_text][et_pb_login title=&#8221;Nyckel Service&#8221; current_page_redirect=&#8221;on&#8221; _builder_version=&#8221;4.27.4&#8243; _module_preset=&#8221;default&#8221; form_field_background_color=&#8221;#f2f2f2&#8243; background_enable_color=&#8221;off&#8221; use_background_color=&#8221;off&#8221; background_layout=&#8221;light&#8221; display_conditions=&#8221;W3siaWQiOiIwYTZiMmVmZS00YzRjLTRlM2UtODM2My1mYjc1NmEyNGU0MTgiLCJjb25kaXRpb24iOiJsb2dnZWRJblN0YXR1cyIsImNvbmRpdGlvblNldHRpbmdzIjp7ImRpc3BsYXlSdWxlIjoibG9nZ2VkT3V0IiwiYWRtaW5MYWJlbCI6Ikd1ZXN0cyBvbmx5IiwiZW5hYmxlQ29uZGl0aW9uIjoib24ifSwib3BlcmF0b3IiOiJPUiJ9XQ==&#8221; hover_enabled=&#8221;0&#8243; global_colors_info=&#8221;{}&#8221; sticky_enabled=&#8221;0&#8243;]<\/p>\n<p>Om du har registrerat dig f\u00f6r Drop&amp;Go nyckeltj\u00e4nst loggar du bara in p\u00e5 ditt konto f\u00f6r att komma \u00e5t dina bokningar och uppdatera din kontaktinformation. Vi finns h\u00e4r f\u00f6r att se till att din n\u00e4sta nyckeltj\u00e4nstupplevelse blir lika smidig som din f\u00f6rra. <\/p>\n<p>[\/et_pb_login][et_pb_text _builder_version=&#8221;4.23&#8243; _module_preset=&#8221;default&#8221; text_orientation=&#8221;center&#8221; display_conditions=&#8221;W3siaWQiOiJhMTMzZDI3ZS1jMjc3LTQzOGUtODM4OC05ZDczNTU4NzlkNjUiLCJjb25kaXRpb24iOiJsb2dnZWRJblN0YXR1cyIsImNvbmRpdGlvblNldHRpbmdzIjp7ImRpc3BsYXlSdWxlIjoibG9nZ2VkSW4iLCJhZG1pbkxhYmVsIjoiTG9nZ2VkIEluIFN0YXR1cyIsImVuYWJsZUNvbmRpdGlvbiI6Im9uIn0sIm9wZXJhdG9yIjoiT1IifV0=&#8221; global_colors_info=&#8221;{}&#8221;]<\/p>\n<p>Du \u00e4r nu inloggad p\u00e5 v\u00e5r nyckeltj\u00e4nst. Du \u00e4r v\u00e4lkommen att <a href=\"https:\/\/dropandgo.nl\/sv\/konto\/\">uppdatera ditt konto<\/a> eller <a href=\"https:\/\/dropandgo.nl\/key-service-amsterdam\/management\/\">registrera nya nycklar<\/a>. <\/p>\n<p>[\/et_pb_text][\/et_pb_column][\/et_pb_row][\/et_pb_section][et_pb_section fb_built=&#8221;1&#8243; _builder_version=&#8221;4.23&#8243; _module_preset=&#8221;default&#8221; background_color=&#8221;#f0f9fc&#8221; min_height=&#8221;400px&#8221; custom_margin=&#8221;||||false|false&#8221; custom_padding=&#8221;||40px||false|false&#8221; global_colors_info=&#8221;{}&#8221;][et_pb_row _builder_version=&#8221;4.23&#8243; _module_preset=&#8221;default&#8221; global_colors_info=&#8221;{}&#8221;][et_pb_column type=&#8221;4_4&#8243; _builder_version=&#8221;4.23&#8243; _module_preset=&#8221;default&#8221; global_colors_info=&#8221;{}&#8221;][et_pb_text _builder_version=&#8221;4.23&#8243; _module_preset=&#8221;default&#8221; text_orientation=&#8221;center&#8221; custom_padding=&#8221;30px||||false|false&#8221; global_colors_info=&#8221;{}&#8221;]Beh\u00f6ver du hj\u00e4lp? Du kan alltid ringa <a href=\"tel:+31202233648\">+31 20 22 33 648<\/a>[\/et_pb_text][\/et_pb_column][\/et_pb_row][\/et_pb_section]<\/p>\n","protected":false},"excerpt":{"rendered":"<p>Logga inOm du har registrerat dig f\u00f6r Drop&amp;Go nyckeltj\u00e4nst loggar du bara in p\u00e5 ditt konto f\u00f6r att komma \u00e5t dina bokningar och uppdatera din kontaktinformation. Vi finns h\u00e4r f\u00f6r att se till att din n\u00e4sta nyckeltj\u00e4nstupplevelse blir lika smidig som din f\u00f6rra. Du \u00e4r nu inloggad p\u00e5 v\u00e5r nyckeltj\u00e4nst. Du \u00e4r v\u00e4lkommen att uppdatera [&hellip;]<\/p>\n","protected":false},"author":1,"featured_media":0,"parent":0,"menu_order":0,"comment_status":"closed","ping_status":"closed","template":"","meta":{"_seopress_robots_primary_cat":"","_seopress_titles_title":"","_seopress_titles_desc":"","_seopress_robots_index":"ja","_et_pb_use_builder":"on","_et_pb_old_content":"","_et_gb_content_width":"","footnotes":""},"class_list":["post-7216","page","type-page","status-publish","hentry"],"_links":{"self":[{"href":"https:\/\/dropandgo.nl\/sv\/wp-json\/wp\/v2\/pages\/7216","targetHints":{"allow":["GET"]}}],"collection":[{"href":"https:\/\/dropandgo.nl\/sv\/wp-json\/wp\/v2\/pages"}],"about":[{"href":"https:\/\/dropandgo.nl\/sv\/wp-json\/wp\/v2\/types\/page"}],"author":[{"embeddable":true,"href":"https:\/\/dropandgo.nl\/sv\/wp-json\/wp\/v2\/users\/1"}],"replies":[{"embeddable":true,"href":"https:\/\/dropandgo.nl\/sv\/wp-json\/wp\/v2\/comments?post=7216"}],"version-history":[{"count":0,"href":"https:\/\/dropandgo.nl\/sv\/wp-json\/wp\/v2\/pages\/7216\/revisions"}],"wp:attachment":[{"href":"https:\/\/dropandgo.nl\/sv\/wp-json\/wp\/v2\/media?parent=7216"}],"curies":[{"name":"wp","href":"https:\/\/api.w.org\/{rel}","templated":true}]}}