{"id":7265,"date":"2023-12-15T22:40:22","date_gmt":"2023-12-15T21:40:22","guid":{"rendered":"https:\/\/dropandgo.nl\/om-dropgo-amsterdam\/"},"modified":"2025-06-05T16:17:34","modified_gmt":"2025-06-05T14:17:34","slug":"om-dropgo-amsterdam","status":"publish","type":"page","link":"https:\/\/dropandgo.nl\/sv\/om-dropgo-amsterdam\/","title":{"rendered":"Om Drop&amp;Go Amsterdam"},"content":{"rendered":"<p>[et_pb_section fb_built=&#8221;1&#8243; admin_label=&#8221;Call to Action&#8221; _builder_version=&#8221;4.23&#8243; _module_preset=&#8221;default&#8221; background_image=&#8221;https:\/\/dropandgo.nl\/wp-content\/uploads\/2023\/12\/dg-team-kimmy.jpeg&#8221; background_size=&#8221;custom&#8221; background_image_width=&#8221;50%&#8221; background_position=&#8221;center_right&#8221; custom_padding=&#8221;0px||0px||true|false&#8221; background_color_tablet=&#8221;#0099BE&#8221; background_last_edited=&#8221;on|desktop&#8221; background_enable_color_tablet=&#8221;on&#8221; background_enable_image_tablet=&#8221;off&#8221; collapsed=&#8221;on&#8221; global_colors_info=&#8221;{}&#8221;][et_pb_row column_structure=&#8221;1_2,1_2&#8243; use_custom_gutter=&#8221;on&#8221; gutter_width=&#8221;1&#8243; make_equal=&#8221;on&#8221; _builder_version=&#8221;4.23&#8243; _module_preset=&#8221;default&#8221; custom_padding=&#8221;0px||0px||true|false&#8221; box_shadow_style=&#8221;preset4&#8243; box_shadow_horizontal=&#8221;-30vw&#8221; box_shadow_vertical=&#8221;0px&#8221; box_shadow_color=&#8221;#0099BE&#8221; global_colors_info=&#8221;{}&#8221;][et_pb_column type=&#8221;1_2&#8243; _builder_version=&#8221;4.23&#8243; _module_preset=&#8221;default&#8221; background_color=&#8221;#0099BE&#8221; z_index=&#8221;10&#8243; custom_padding=&#8221;6vw|40px|6vw||true|false&#8221; custom_padding_tablet=&#8221;|0px|||true|false&#8221; custom_padding_phone=&#8221;40px|0px|40px||true|false&#8221; custom_padding_last_edited=&#8221;on|desktop&#8221; global_colors_info=&#8221;{%22gcid-34807b40-f97e-428a-90f8-6d5ad2ecd8cd%22:%91%22background_color%22%93}&#8221;][et_pb_text _builder_version=&#8221;4.23&#8243; _module_preset=&#8221;default&#8221; header_2_text_color=&#8221;#FFFFFF&#8221; background_layout=&#8221;dark&#8221; custom_margin=&#8221;||10px||false|false&#8221; global_colors_info=&#8221;{}&#8221;]<\/p>\n<h2><strong>Om Drop&amp;Go<\/strong><\/h2>\n<h3>Bara ifall du vill veta vem du l\u00e4mnar dina v\u00e4rdesaker hos.<\/h3>\n<p>[\/et_pb_text][et_pb_text _builder_version=&#8221;4.23&#8243; _module_preset=&#8221;default&#8221; background_layout=&#8221;dark&#8221; custom_margin=&#8221;||30px||false|false&#8221; global_colors_info=&#8221;{}&#8221;]<\/p>\n<p>M\u00f6t Drop&amp;Go-g\u00e4nget &#8211; dina v\u00e4nliga lokala experter i Amsterdam! Vi vill ge ditt bagage en s\u00e4ker plats och samtidigt ge din dag en personlig touch. Kom f\u00f6rbi och l\u00e5t oss l\u00e4tta p\u00e5 dina axlar med ett leende och n\u00e5gra insidertips om Amsterdams dolda p\u00e4rlor!  <\/p>\n<p>[\/et_pb_text][et_pb_button button_url=&#8221;#team&#8221; button_text=&#8221;Tr\u00e4ffa teamet&#8221; _builder_version=&#8221;4.23&#8243; _module_preset=&#8221;default&#8221; global_colors_info=&#8221;{}&#8221;][\/et_pb_button][\/et_pb_column][et_pb_column type=&#8221;1_2&#8243; _builder_version=&#8221;4.23&#8243; _module_preset=&#8221;default&#8221; background_image=&#8221;https:\/\/dropandgo.nl\/wp-content\/uploads\/2023\/12\/bg-sep-dblue.png&#8221; background_size=&#8221;contain&#8221; background_position=&#8221;center_left&#8221; background_last_edited=&#8221;off|tablet&#8221; global_colors_info=&#8221;{%22gcid-34807b40-f97e-428a-90f8-6d5ad2ecd8cd%22:%91%22background_color_gradient_stops%22%93}&#8221;][\/et_pb_column][\/et_pb_row][\/et_pb_section][et_pb_section fb_built=&#8221;1&#8243; _builder_version=&#8221;4.23&#8243; _module_preset=&#8221;default&#8221; custom_padding=&#8221;80px||80px||true|false&#8221; locked=&#8221;off&#8221; global_colors_info=&#8221;{}&#8221;][et_pb_row column_structure=&#8221;1_5,3_5,1_5&#8243; _builder_version=&#8221;4.23&#8243; _module_preset=&#8221;default&#8221; custom_padding=&#8221;60px||||false|false&#8221; global_colors_info=&#8221;{}&#8221;][et_pb_column type=&#8221;1_5&#8243; _builder_version=&#8221;4.23&#8243; _module_preset=&#8221;default&#8221; global_colors_info=&#8221;{}&#8221;][\/et_pb_column][et_pb_column type=&#8221;3_5&#8243; admin_label=&#8221;Kolumn&#8221; _builder_version=&#8221;4.23&#8243; _module_preset=&#8221;default&#8221; global_colors_info=&#8221;{}&#8221;][et_pb_text _builder_version=&#8221;4.23&#8243; _module_preset=&#8221;default&#8221; header_2_text_align=&#8221;left&#8221; global_colors_info=&#8221;{}&#8221;]<\/p>\n<h2>Den enda f\u00f6rvaringsanl\u00e4ggningen med en <strong>personlig touch<\/strong>.<\/h2>\n<p>[\/et_pb_text][et_pb_text _builder_version=&#8221;4.23&#8243; _module_preset=&#8221;default&#8221; global_colors_info=&#8221;{}&#8221;]<\/p>\n<p>P\u00e5 Drop&amp;Go \u00e4r vi stolta \u00f6ver v\u00e5r resa som b\u00f6rjade 2014. Vi grundade det h\u00e4r f\u00f6retaget med en vision om att <strong>revolutionera bagagef\u00f6rvaringen i Amsterdam<\/strong> och se till att varje resen\u00e4rs upplevelse blir s\u00f6ml\u00f6s och minnesv\u00e4rd. Under \u00e5rens lopp har vi haft f\u00f6rm\u00e5nen att s\u00e4kert f\u00f6rvara mer \u00e4n 350 000 bagage \u00e5t bes\u00f6kare fr\u00e5n hela v\u00e4rlden.  <\/p>\n<p>V\u00e5r historia b\u00f6rjade med en enkel men djupg\u00e5ende id\u00e9 &#8211; att erbjuda en bagagef\u00f6rvaringsanl\u00e4ggning n\u00e4ra Centralstationen som inte bara ger en s\u00e4ker tillflyktsort f\u00f6r dina tillh\u00f6righeter utan ocks\u00e5 erbjuder <strong>en personlig touch f\u00f6r att f\u00f6rb\u00e4ttra ditt Amsterdam-\u00e4ventyr<\/strong>. Vi f\u00f6rst\u00e5r att det kan vara b\u00e5de sp\u00e4nnande och \u00f6verv\u00e4ldigande att anl\u00e4nda till en ny stad, s\u00e4rskilt f\u00f6r f\u00f6rstag\u00e5ngsbes\u00f6kare. Det \u00e4r d\u00e4rf\u00f6r vi alltid har trott p\u00e5 att g\u00e5 l\u00e4ngre \u00e4n att bara f\u00f6rvara bagage. Vi finns h\u00e4r f\u00f6r att dela med oss av v\u00e5ra lokala insikter, erbjuda rekommendationer och g\u00f6ra din vistelse i Amsterdam of\u00f6rgl\u00f6mlig.   <\/p>\n<p>Fr\u00e5n v\u00e5ra grundare till varje medlem i v\u00e5rt dedikerade team \u00e4r vi fast beslutna att se till att din upplevelse med oss \u00e4r exceptionell. S\u00e5 oavsett om du utforskar Amsterdams livliga gator f\u00f6r f\u00f6rsta g\u00e5ngen eller \u00e5terv\u00e4nder till denna vackra stad, \u00e4r vi h\u00e4r f\u00f6r att f\u00f6renkla ditt resande, ett bagage i taget.   <br \/><strong>V\u00e4lkommen till Drop&amp;Go, d\u00e4r din resa \u00e4r v\u00e5r prioritet.<\/strong><\/p>\n<p>[\/et_pb_text][\/et_pb_column][et_pb_column type=&#8221;1_5&#8243; admin_label=&#8221;Kolumn&#8221; _builder_version=&#8221;4.23&#8243; _module_preset=&#8221;default&#8221; global_colors_info=&#8221;{}&#8221;][\/et_pb_column][\/et_pb_row][\/et_pb_section][et_pb_section fb_built=&#8221;1&#8243; admin_label=&#8221;Team&#8221; module_id=&#8221;Team&#8221; _builder_version=&#8221;4.23&#8243; _module_preset=&#8221;default&#8221; background_color=&#8221;#0099BE&#8221; global_colors_info=&#8221;{}&#8221;][et_pb_row _builder_version=&#8221;4.23&#8243; _module_preset=&#8221;default&#8221; global_colors_info=&#8221;{}&#8221;][et_pb_column type=&#8221;4_4&#8243; _builder_version=&#8221;4.23&#8243; _module_preset=&#8221;default&#8221; global_colors_info=&#8221;{}&#8221;][et_pb_text _builder_version=&#8221;4.23&#8243; _module_preset=&#8221;default&#8221; header_2_text_align=&#8221;center&#8221; header_2_text_color=&#8221;#FFFFFF&#8221; text_orientation=&#8221;center&#8221; global_colors_info=&#8221;{}&#8221;]<\/p>\n<h2>V\u00e5rt <strong>h\u00e4ngivna team<\/strong> av lokalanst\u00e4llda.<\/h2>\n<p>[\/et_pb_text][\/et_pb_column][\/et_pb_row][et_pb_row column_structure=&#8221;1_4,1_4,1_4,1_4&#8243; _builder_version=&#8221;4.23&#8243; _module_preset=&#8221;default&#8221; global_colors_info=&#8221;{}&#8221;][et_pb_column type=&#8221;1_4&#8243; _builder_version=&#8221;4.23&#8243; _module_preset=&#8221;default&#8221; global_colors_info=&#8221;{}&#8221;][et_pb_team_member name=&#8221;Oscar&#8221; position=&#8221;\u00c4gare&#8221; image_url=&#8221;https:\/\/dropandgo.nl\/wp-content\/uploads\/2024\/02\/dg-team-oscar2.jpg&#8221; _builder_version=&#8221;4.24.2&#8243; _module_preset=&#8221;default&#8221; body_text_align=&#8221;center&#8221; body_text_color=&#8221;#F2F9FC&#8221; position_font=&#8221;|700|||||||&#8221; position_text_align=&#8221;center&#8221; position_text_color=&#8221;#F2F9FC&#8221; text_orientation=&#8221;center&#8221; background_layout=&#8221;dark&#8221; custom_padding=&#8221;|40px||40px|false|true&#8221; custom_css_member_image=&#8221;margin: 0 auto 40px;&#8221; custom_css_member_description=&#8221;min-height:240px&#8221; custom_css_member_position=&#8221;margin-bottom:20px;&#8221; border_radii_image=&#8221;on|25px|25px|25px|25px&#8221; global_colors_info=&#8221;{}&#8221; min_height=&#8221;526.2px&#8221;]<\/p>\n<p>Hej! Jag heter Oscar och jag \u00e4r \u00e4gare till Drop&amp;Go. Jag har varit kopplad till Drop&amp;Go i 5 \u00e5r nu.    <span>Att se g\u00e4ster fr\u00e5n olika kulturer runt om i v\u00e4rlden komma in i en ny v\u00e4rld och f\u00e5 dem att k\u00e4nna sig v\u00e4lkomna \u00e4r alltid ett stort n\u00f6je och mycket roligt.<\/span><\/p>\n<p>[\/et_pb_team_member][et_pb_button button_url=&#8221;https:\/\/dropandgo.nl\/author\/oscar\/&#8221; button_text=&#8221;Mer om Oscar&#8221; button_alignment=&#8221;center&#8221; _builder_version=&#8221;4.24.2&#8243; _module_preset=&#8221;default&#8221; custom_margin=&#8221;30px||||false|false&#8221; global_colors_info=&#8221;{}&#8221;][\/et_pb_button][\/et_pb_column][et_pb_column type=&#8221;1_4&#8243; _builder_version=&#8221;4.27.4&#8243; _module_preset=&#8221;default&#8221; global_colors_info=&#8221;{}&#8221;][et_pb_team_member name=&#8221;Kimberley&#8221; position=&#8221;Chef&#8221; image_url=&#8221;https:\/\/dropandgo.nl\/wp-content\/uploads\/2024\/01\/dg-team-kimberley.jpg&#8221; _builder_version=&#8221;4.24.2&#8243; _module_preset=&#8221;default&#8221; body_text_align=&#8221;center&#8221; body_text_color=&#8221;#F2F9FC&#8221; position_font=&#8221;|700|||||||&#8221; position_text_align=&#8221;center&#8221; position_text_color=&#8221;#F2F9FC&#8221; text_orientation=&#8221;center&#8221; background_layout=&#8221;dark&#8221; custom_padding=&#8221;|40px||40px|false|true&#8221; custom_css_member_image=&#8221;margin: 0 auto 40px;&#8221; custom_css_member_description=&#8221;min-height:240px&#8221; custom_css_member_position=&#8221;margin-bottom:20px;&#8221; border_radii_image=&#8221;on|25px|25px|25px|25px&#8221; global_colors_info=&#8221;{}&#8221; min_height=&#8221;543.4px&#8221; custom_margin=&#8221;||39px|||&#8221;]<\/p>\n<p>Hej d\u00e4r! Jag heter Kimberley, men Kim funkar alldeles utm\u00e4rkt \ud83d\ude09 Amsterdam \u00e4r inte bara min f\u00f6delseort \u2013 det har varit mitt hem s\u00e5 l\u00e4nge jag kan minnas. Min resa med Drop&amp;Go b\u00f6rjade 2018, och det har varit en berg- och dalbana av upplevelser sedan dess.   <\/p>\n<p>[\/et_pb_team_member][et_pb_button button_url=&#8221;https:\/\/dropandgo.nl\/author\/kimberley\/&#8221; button_text=&#8221;Mer om Kimberley&#8221; button_alignment=&#8221;center&#8221; _builder_version=&#8221;4.24.2&#8243; _module_preset=&#8221;default&#8221; custom_margin=&#8221;30px||||false|false&#8221; global_colors_info=&#8221;{}&#8221;][\/et_pb_button][\/et_pb_column][et_pb_column type=&#8221;1_4&#8243; _builder_version=&#8221;4.23&#8243; _module_preset=&#8221;default&#8221; global_colors_info=&#8221;{}&#8221;][et_pb_team_member name=&#8221;Khaddisha&#8221; position=&#8221;Bitr\u00e4dande chef&#8221; image_url=&#8221;https:\/\/dropandgo.nl\/wp-content\/uploads\/2024\/01\/dg-team-khaddisha.jpg&#8221; _builder_version=&#8221;4.24.2&#8243; _module_preset=&#8221;default&#8221; body_text_align=&#8221;center&#8221; body_text_color=&#8221;#F2F9FC&#8221; position_font=&#8221;|700|||||||&#8221; position_text_align=&#8221;center&#8221; position_text_color=&#8221;#F2F9FC&#8221; text_orientation=&#8221;center&#8221; background_layout=&#8221;dark&#8221; custom_padding=&#8221;|40px||40px|false|true&#8221; custom_css_member_image=&#8221;margin: 0 auto 40px;&#8221; custom_css_member_description=&#8221;min-height:240px&#8221; custom_css_member_position=&#8221;margin-bottom:20px;&#8221; border_radii_image=&#8221;on|25px|25px|25px|25px&#8221; global_colors_info=&#8221;{}&#8221; min_height=&#8221;555.4px&#8221;]<\/p>\n<p>Hej! Jag heter Khaddisha och jag b\u00f6rjade jobba p\u00e5 Drop&amp;Go i april 2023. Vad gillar jag mest med att arbeta h\u00e4r? Alla h\u00e4rliga samtal jag har med m\u00e4nniskor fr\u00e5n hela v\u00e4rlden!    <\/p>\n<p>&nbsp;<\/p>\n<p>[\/et_pb_team_member][et_pb_button button_url=&#8221;https:\/\/dropandgo.nl\/author\/khaddisha\/&#8221; button_text=&#8221;Mer om Khaddisha&#8221; button_alignment=&#8221;center&#8221; _builder_version=&#8221;4.24.2&#8243; _module_preset=&#8221;default&#8221; custom_margin=&#8221;30px||||false|false&#8221; global_colors_info=&#8221;{}&#8221;][\/et_pb_button][\/et_pb_column][et_pb_column type=&#8221;1_4&#8243; _builder_version=&#8221;4.23&#8243; _module_preset=&#8221;default&#8221; global_colors_info=&#8221;{}&#8221;][et_pb_team_member name=&#8221;Davey&#8221; position=&#8221;Online Marketing Manager&#8221; image_url=&#8221;https:\/\/dropandgo.nl\/wp-content\/uploads\/2024\/02\/dg-team-davey.jpg&#8221; _builder_version=&#8221;4.24.2&#8243; _module_preset=&#8221;default&#8221; body_text_align=&#8221;center&#8221; body_text_color=&#8221;#F2F9FC&#8221; position_font=&#8221;|700|||||||&#8221; position_text_align=&#8221;center&#8221; position_text_color=&#8221;#F2F9FC&#8221; text_orientation=&#8221;center&#8221; background_layout=&#8221;dark&#8221; custom_padding=&#8221;|40px|21px|40px|false|true&#8221; custom_css_member_image=&#8221;margin: 0 auto 40px;&#8221; custom_css_member_description=&#8221;min-height:240px&#8221; custom_css_member_position=&#8221;margin-bottom:20px;&#8221; border_radii_image=&#8221;on|25px|25px|25px|25px&#8221; global_colors_info=&#8221;{}&#8221; min_height=&#8221;556.4px&#8221;]<\/p>\n<p>Ha! Jag heter Davey och jag \u00e4r ansvarig f\u00f6r att se till att fler m\u00e4nniskor kan hitta Drop&amp;Go.  Eftersom jag sj\u00e4lv reser \u00e4r mitt m\u00e5l att Drop&amp;Go ska v\u00e4xa till alla storst\u00e4der i v\u00e4rlden.<\/p>\n<p>[\/et_pb_team_member][et_pb_button button_url=&#8221;https:\/\/dropandgo.nl\/author\/davey\/&#8221; button_text=&#8221;Mer om Davey&#8221; button_alignment=&#8221;center&#8221; _builder_version=&#8221;4.24.2&#8243; _module_preset=&#8221;default&#8221; custom_margin=&#8221;30px||||false|false&#8221; global_colors_info=&#8221;{}&#8221;][\/et_pb_button][\/et_pb_column][\/et_pb_row][et_pb_row column_structure=&#8221;1_4,1_4,1_4,1_4&#8243; _builder_version=&#8221;4.23&#8243; _module_preset=&#8221;default&#8221; global_colors_info=&#8221;{}&#8221;][et_pb_column type=&#8221;1_4&#8243; _builder_version=&#8221;4.23&#8243; _module_preset=&#8221;default&#8221; global_colors_info=&#8221;{}&#8221;][et_pb_team_member name=&#8221;Eldo&#8221; position=&#8221;Personal&#8221; image_url=&#8221;https:\/\/dropandgo.nl\/wp-content\/uploads\/2025\/01\/dg-team-eldo.jpg&#8221; _builder_version=&#8221;4.27.4&#8243; _module_preset=&#8221;default&#8221; body_text_align=&#8221;center&#8221; body_text_color=&#8221;#F2F9FC&#8221; position_font=&#8221;|700|||||||&#8221; position_text_align=&#8221;center&#8221; position_text_color=&#8221;#F2F9FC&#8221; text_orientation=&#8221;center&#8221; background_layout=&#8221;dark&#8221; min_height=&#8221;460.1px&#8221; custom_margin=&#8221;||3px|||&#8221; custom_padding=&#8221;|40px|7px|40px|false|true&#8221; custom_css_member_image=&#8221;margin: 0 auto 40px;&#8221; custom_css_member_description=&#8221;min-height:240px&#8221; custom_css_member_position=&#8221;margin-bottom:20px;&#8221; border_radii_image=&#8221;on|25px|25px|25px|25px&#8221; global_colors_info=&#8221;{}&#8221;]<\/p>\n<p><span>Hej! Jag heter Eldo. Jag heter Eldo och jag har arbetat f\u00f6r Drop&amp;Go sedan 2023. Jag har bott i Amsterdam i hela mitt liv och \u00e4lskar att hj\u00e4lpa m\u00e4nniskor att se staden.  <\/span><\/p>\n<p><span><\/span><\/p>\n<p><span><\/span><\/p>\n<p><span><\/span><\/p>\n<p><span><\/span><\/p>\n<p><span><\/span><\/p>\n<p>[\/et_pb_team_member][et_pb_button button_url=&#8221;https:\/\/dropandgo.nl\/author\/eldo\/&#8221; button_text=&#8221;Mer om Eldo&#8221; button_alignment=&#8221;center&#8221; _builder_version=&#8221;4.27.4&#8243; _module_preset=&#8221;default&#8221; custom_margin=&#8221;30px||||false|false&#8221; global_colors_info=&#8221;{}&#8221;][\/et_pb_button][\/et_pb_column][et_pb_column type=&#8221;1_4&#8243; _builder_version=&#8221;4.23&#8243; _module_preset=&#8221;default&#8221; global_colors_info=&#8221;{}&#8221;][et_pb_team_member name=&#8221;Milan&#8221; position=&#8221;Personal&#8221; image_url=&#8221;https:\/\/dropandgo.nl\/wp-content\/uploads\/2025\/04\/dropandgo-milan-blue.jpg&#8221; _builder_version=&#8221;4.27.4&#8243; _module_preset=&#8221;default&#8221; body_text_align=&#8221;center&#8221; body_text_color=&#8221;#F2F9FC&#8221; position_font=&#8221;|700|||||||&#8221; position_text_align=&#8221;center&#8221; position_text_color=&#8221;#F2F9FC&#8221; text_orientation=&#8221;center&#8221; background_layout=&#8221;dark&#8221; min_height=&#8221;447.1px&#8221; custom_margin=&#8221;||3px|||&#8221; custom_padding=&#8221;|40px|18px|40px|false|true&#8221; custom_css_member_image=&#8221;margin: 0 auto 40px;&#8221; custom_css_member_description=&#8221;min-height:240px&#8221; custom_css_member_position=&#8221;margin-bottom:20px;&#8221; border_radii_image=&#8221;on|25px|25px|25px|25px&#8221; locked=&#8221;off&#8221; global_colors_info=&#8221;{}&#8221;]<\/p>\n<p>Hej! Jag heter Milan och jag har jobbat p\u00e5 Drop&amp;Go sedan 2024. Jag \u00e4r f\u00f6dd i Amsterdam, men har bott st\u00f6rre delen av mitt liv i en stad bara n\u00e5gra minuter h\u00e4rifr\u00e5n. \u00c4nd\u00e5 har staden en magisk atmosf\u00e4r som alltid f\u00e5r mig att vilja komma tillbaka.   <\/p>\n<p>[\/et_pb_team_member][et_pb_button button_url=&#8221;https:\/\/dropandgo.nl\/author\/milan\/&#8221; button_text=&#8221;Mer om Milan&#8221; button_alignment=&#8221;center&#8221; _builder_version=&#8221;4.27.4&#8243; _module_preset=&#8221;default&#8221; custom_margin=&#8221;30px||||false|false&#8221; locked=&#8221;off&#8221; global_colors_info=&#8221;{}&#8221;][\/et_pb_button][\/et_pb_column][et_pb_column type=&#8221;1_4&#8243; _builder_version=&#8221;4.27.4&#8243; _module_preset=&#8221;default&#8221; global_colors_info=&#8221;{}&#8221;][et_pb_team_member name=&#8221;Abhinav&#8221; position=&#8221;Personal&#8221; image_url=&#8221;https:\/\/dropandgo.nl\/wp-content\/uploads\/2025\/06\/dg-team-abhinav-1.jpg&#8221; _builder_version=&#8221;4.27.4&#8243; _module_preset=&#8221;default&#8221; body_text_align=&#8221;center&#8221; body_text_color=&#8221;#F2F9FC&#8221; position_font=&#8221;|700|||||||&#8221; position_text_align=&#8221;center&#8221; position_text_color=&#8221;#F2F9FC&#8221; text_orientation=&#8221;center&#8221; background_layout=&#8221;dark&#8221; min_height=&#8221;447.1px&#8221; custom_margin=&#8221;||3px|||&#8221; custom_padding=&#8221;|40px|18px|40px|false|true&#8221; hover_enabled=&#8221;0&#8243; custom_css_member_image=&#8221;margin: 0 auto 40px;&#8221; custom_css_member_description=&#8221;min-height:240px&#8221; custom_css_member_position=&#8221;margin-bottom:20px;&#8221; border_radii_image=&#8221;on|25px|25px|25px|25px&#8221; locked=&#8221;off&#8221; global_colors_info=&#8221;{}&#8221; sticky_enabled=&#8221;0&#8243; alt=&#8221;dg team abhinav&#8221; title_text=&#8221;dg team abhinav&#8221;]<\/p>\n<p><span>Hej p\u00e5 er! Jag heter Abhinav och jag har arbetat f\u00f6r Drop&amp;Go sedan 2024. Jag kommer ursprungligen fr\u00e5n Indien och flyttade till Utrecht 2024. \u00c4ven om jag nu kallar Utrecht f\u00f6r mitt hem, ger arbetet i Amsterdam mig chansen att njuta av stadens livliga energi.   <\/span><\/p>\n<p>[\/et_pb_team_member][et_pb_button button_url=&#8221;https:\/\/dropandgo.nl\/author\/abhinav\/&#8221; button_text=&#8221;Mer om Abhinav&#8221; button_alignment=&#8221;center&#8221; _builder_version=&#8221;4.27.4&#8243; _module_preset=&#8221;default&#8221; custom_margin=&#8221;30px||||false|false&#8221; hover_enabled=&#8221;0&#8243; locked=&#8221;off&#8221; global_colors_info=&#8221;{}&#8221; sticky_enabled=&#8221;0&#8243;][\/et_pb_button][\/et_pb_column][et_pb_column type=&#8221;1_4&#8243; _builder_version=&#8221;4.23&#8243; _module_preset=&#8221;default&#8221; global_colors_info=&#8221;{}&#8221;][\/et_pb_column][\/et_pb_row][\/et_pb_section][et_pb_section fb_built=&#8221;1&#8243; _builder_version=&#8221;4.23&#8243; _module_preset=&#8221;default&#8221; global_colors_info=&#8221;{}&#8221;][et_pb_row _builder_version=&#8221;4.23&#8243; _module_preset=&#8221;default&#8221; global_colors_info=&#8221;{}&#8221;][et_pb_column type=&#8221;4_4&#8243; _builder_version=&#8221;4.23&#8243; _module_preset=&#8221;default&#8221; global_colors_info=&#8221;{}&#8221;][et_pb_text _builder_version=&#8221;4.23&#8243; _module_preset=&#8221;default&#8221; header_2_text_align=&#8221;center&#8221; module_alignment=&#8221;center&#8221; custom_margin=&#8221;||80px||false|false&#8221; global_colors_info=&#8221;{}&#8221;]<\/p>\n<h2><strong>Rekommendationer<\/strong> <br \/>fr\u00e5n v\u00e5rt lokala team<\/h2>\n<p>[\/et_pb_text][et_pb_blog include_categories=&#8221;11&#8243; _builder_version=&#8221;4.23&#8243; _module_preset=&#8221;default&#8221; global_colors_info=&#8221;{}&#8221;][\/et_pb_blog][et_pb_button button_url=&#8221;@ET-DC@eyJkeW5hbWljIjp0cnVlLCJjb250ZW50IjoicG9zdF9saW5rX3VybF9wYWdlIiwic2V0dGluZ3MiOnsicG9zdF9pZCI6IjM0MCIsImVuYWJsZV9odG1sIjoib2ZmIn19@&#8221; button_text=&#8221;Uppt\u00e4ck Amsterdam&#8221; button_alignment=&#8221;center&#8221; _builder_version=&#8221;4.23&#8243; _dynamic_attributes=&#8221;button_url&#8221; _module_preset=&#8221;default&#8221; global_colors_info=&#8221;{}&#8221;][\/et_pb_button][\/et_pb_column][\/et_pb_row][\/et_pb_section]<\/p>\n","protected":false},"excerpt":{"rendered":"<p>Om Drop&amp;Go Bara ifall du vill veta vem du l\u00e4mnar dina v\u00e4rdesaker hos.M\u00f6t Drop&amp;Go-g\u00e4nget &#8211; dina v\u00e4nliga lokala experter i Amsterdam! Vi vill ge ditt bagage en s\u00e4ker plats och samtidigt ge din dag en personlig touch. Kom f\u00f6rbi och l\u00e5t oss l\u00e4tta p\u00e5 dina axlar med ett leende och n\u00e5gra insidertips om Amsterdams dolda [&hellip;]<\/p>\n","protected":false},"author":1,"featured_media":0,"parent":0,"menu_order":0,"comment_status":"closed","ping_status":"closed","template":"","meta":{"_seopress_robots_primary_cat":"","_seopress_titles_title":"Om Drop&Go Amsterdam bagagef\u00f6rvaring","_seopress_titles_desc":"S\u00e4ker och trygg bagagef\u00f6rvaring bara 100 meter fr\u00e5n Amsterdams centralstation. L\u00e4mna ditt bagage, h\u00e4mta din nyckel eller kom f\u00f6rbi f\u00f6r att f\u00e5 lokala tips. ","_seopress_robots_index":"","_et_pb_use_builder":"on","_et_pb_old_content":"","_et_gb_content_width":"","footnotes":""},"class_list":["post-7265","page","type-page","status-publish","hentry"],"_links":{"self":[{"href":"https:\/\/dropandgo.nl\/sv\/wp-json\/wp\/v2\/pages\/7265","targetHints":{"allow":["GET"]}}],"collection":[{"href":"https:\/\/dropandgo.nl\/sv\/wp-json\/wp\/v2\/pages"}],"about":[{"href":"https:\/\/dropandgo.nl\/sv\/wp-json\/wp\/v2\/types\/page"}],"author":[{"embeddable":true,"href":"https:\/\/dropandgo.nl\/sv\/wp-json\/wp\/v2\/users\/1"}],"replies":[{"embeddable":true,"href":"https:\/\/dropandgo.nl\/sv\/wp-json\/wp\/v2\/comments?post=7265"}],"version-history":[{"count":0,"href":"https:\/\/dropandgo.nl\/sv\/wp-json\/wp\/v2\/pages\/7265\/revisions"}],"wp:attachment":[{"href":"https:\/\/dropandgo.nl\/sv\/wp-json\/wp\/v2\/media?parent=7265"}],"curies":[{"name":"wp","href":"https:\/\/api.w.org\/{rel}","templated":true}]}}