{"id":7295,"date":"2023-12-31T22:06:05","date_gmt":"2023-12-31T21:06:05","guid":{"rendered":"https:\/\/dropandgo.nl\/boka-bagageforvaring\/bokning-bekraftad\/"},"modified":"2025-04-15T11:19:51","modified_gmt":"2025-04-15T09:19:51","slug":"bokning-bekraftad","status":"publish","type":"page","link":"https:\/\/dropandgo.nl\/sv\/boka-bagageforvaring\/bokning-bekraftad\/","title":{"rendered":"Bokning bekr\u00e4ftad"},"content":{"rendered":"<p>[et_pb_section fb_built=&#8221;1&#8243; custom_padding_last_edited=&#8221;on|phone&#8221; _builder_version=&#8221;4.23&#8243; _module_preset=&#8221;default&#8221; background_enable_color=&#8221;off&#8221; use_background_color_gradient=&#8221;on&#8221; background_color_gradient_direction=&#8221;90deg&#8221; background_color_gradient_stops=&#8221;rgba(0,0,0,0.46) 0%|rgba(0,0,0,0.31) 100%&#8221; background_color_gradient_overlays_image=&#8221;on&#8221; background_image=&#8221;https:\/\/dropandgo.nl\/wp-content\/uploads\/2023\/11\/78bae0af-d9d4-4015-ae11-458f0c9dd6f3_out-1920&#215;1200.jpg&#8221; background_enable_pattern_style=&#8221;on&#8221; background_pattern_style=&#8221;diagonal-stripes&#8221; background_pattern_color=&#8221;rgba(0,0,0,0.04)&#8221; background_pattern_size=&#8221;contain&#8221; custom_margin=&#8221;||-120px||false|false&#8221; custom_padding=&#8221;120px||0px||false|false&#8221; custom_padding_tablet=&#8221;120px||0px||false|false&#8221; custom_padding_phone=&#8221;60px||||false|false&#8221; global_colors_info=&#8221;{}&#8221;][et_pb_row _builder_version=&#8221;4.23&#8243; _module_preset=&#8221;default&#8221; background_enable_color=&#8221;off&#8221; width_tablet=&#8221;&#8221; width_phone=&#8221;100%&#8221; width_last_edited=&#8221;on|phone&#8221; custom_padding=&#8221;||0px||false|false&#8221; global_colors_info=&#8221;{}&#8221;][et_pb_column type=&#8221;4_4&#8243; _builder_version=&#8221;4.23&#8243; _module_preset=&#8221;default&#8221; background_color=&#8221;#FFFFFF&#8221; custom_padding=&#8221;5%|10%|5%|10%|true|true&#8221; border_radii=&#8221;on|75px|75px|75px|75px&#8221; global_colors_info=&#8221;{}&#8221;][et_pb_text _builder_version=&#8221;4.23&#8243; _module_preset=&#8221;default&#8221; header_2_text_align=&#8221;center&#8221; custom_margin=&#8221;||40px||false|false&#8221; custom_margin_tablet=&#8221;||40px||false|false&#8221; custom_margin_phone=&#8221;40px||||false|false&#8221; custom_margin_last_edited=&#8221;on|phone&#8221; global_colors_info=&#8221;{}&#8221;]<\/p>\n<h2>Bokning bekr\u00e4ftad<\/h2>\n<p>[\/et_pb_text][et_pb_text _builder_version=&#8221;4.23&#8243; _module_preset=&#8221;default&#8221; text_orientation=&#8221;center&#8221; global_colors_info=&#8221;{}&#8221;]<\/p>\n<p>Tack f\u00f6r att du anf\u00f6rtror oss ditt bagage. Du har f\u00e5tt ett e-postmeddelande med all din information. <\/p>\n<p>[\/et_pb_text][\/et_pb_column][\/et_pb_row][\/et_pb_section][et_pb_section fb_built=&#8221;1&#8243; _builder_version=&#8221;4.23&#8243; _module_preset=&#8221;default&#8221; background_enable_color=&#8221;off&#8221; use_background_color_gradient=&#8221;on&#8221; background_color_gradient_stops=&#8221;#f2f9fc 0%|#ffffff 100%&#8221; min_height_last_edited=&#8221;off|desktop&#8221; custom_margin=&#8221;||||false|false&#8221; custom_padding=&#8221;||40px||false|false&#8221; global_colors_info=&#8221;{}&#8221;][et_pb_row admin_label=&#8221;Rad&#8221; _builder_version=&#8221;4.23&#8243; _module_preset=&#8221;default&#8221; global_colors_info=&#8221;{}&#8221;][et_pb_column type=&#8221;4_4&#8243; _builder_version=&#8221;4.23&#8243; _module_preset=&#8221;default&#8221; global_colors_info=&#8221;{}&#8221;][et_pb_text _builder_version=&#8221;4.23&#8243; _module_preset=&#8221;default&#8221; text_orientation=&#8221;center&#8221; custom_padding=&#8221;30px||||false|false&#8221; global_colors_info=&#8221;{}&#8221;]<\/p>\n<p><strong>Beh\u00f6ver du hj\u00e4lp?<\/strong> <br \/>Du kan alltid ringa <a href=\"tel:+31202233648\">+31 20 22 33 648<\/a><\/p>\n<p>[\/et_pb_text][\/et_pb_column][\/et_pb_row][\/et_pb_section]<\/p>\n","protected":false},"excerpt":{"rendered":"<p>Bokning bekr\u00e4ftadTack f\u00f6r att du anf\u00f6rtror oss ditt bagage. Du har f\u00e5tt ett e-postmeddelande med all din information. Beh\u00f6ver du hj\u00e4lp? Du kan alltid ringa +31 20 22 33 648<\/p>\n","protected":false},"author":1,"featured_media":0,"parent":7181,"menu_order":0,"comment_status":"closed","ping_status":"closed","template":"","meta":{"_seopress_robots_primary_cat":"","_seopress_titles_title":"Din bokning av v\u00e4skf\u00f6rvaring \u00e4r bekr\u00e4ftad!","_seopress_titles_desc":"Grattis, du har bokat din bagagef\u00f6rvaring hos Drop&Go! Vi \u00e4r glada att snart f\u00e5 v\u00e4lkomna dig och ditt bagage. Fr\u00e5ga oss g\u00e4rna om vad som helst!  ","_seopress_robots_index":"ja","_et_pb_use_builder":"on","_et_pb_old_content":"","_et_gb_content_width":"","footnotes":""},"class_list":["post-7295","page","type-page","status-publish","hentry"],"_links":{"self":[{"href":"https:\/\/dropandgo.nl\/sv\/wp-json\/wp\/v2\/pages\/7295","targetHints":{"allow":["GET"]}}],"collection":[{"href":"https:\/\/dropandgo.nl\/sv\/wp-json\/wp\/v2\/pages"}],"about":[{"href":"https:\/\/dropandgo.nl\/sv\/wp-json\/wp\/v2\/types\/page"}],"author":[{"embeddable":true,"href":"https:\/\/dropandgo.nl\/sv\/wp-json\/wp\/v2\/users\/1"}],"replies":[{"embeddable":true,"href":"https:\/\/dropandgo.nl\/sv\/wp-json\/wp\/v2\/comments?post=7295"}],"version-history":[{"count":0,"href":"https:\/\/dropandgo.nl\/sv\/wp-json\/wp\/v2\/pages\/7295\/revisions"}],"up":[{"embeddable":true,"href":"https:\/\/dropandgo.nl\/sv\/wp-json\/wp\/v2\/pages\/7181"}],"wp:attachment":[{"href":"https:\/\/dropandgo.nl\/sv\/wp-json\/wp\/v2\/media?parent=7295"}],"curies":[{"name":"wp","href":"https:\/\/api.w.org\/{rel}","templated":true}]}}